{"id":6278,"date":"2018-01-19T14:34:37","date_gmt":"2018-01-19T14:34:37","guid":{"rendered":"https:\/\/groupevolution.com\/?page_id=6278"},"modified":"2025-09-10T19:20:37","modified_gmt":"2025-09-10T18:20:37","slug":"locations","status":"publish","type":"page","link":"https:\/\/groupevolution.com\/fr\/performance\/locations\/","title":{"rendered":"Sites"},"content":{"rendered":"<h3>\r\n\t\t\tDES INSTALLATIONS EXCEPTIONNELLES DANS DES LIEUX DE PREMIER CHOIX\t<\/h3>\r\n<h3>\r\n\t\t\tVENEZ NOUS VOIR\t<\/h3>\r\n\t<p>Nos salles de spectacle sont modernes, accueillantes et bien situ\u00e9es. <br \/>Located in Kingston and Wimbledon in the UK and Arquenay in France, we provide stunning, well-equipped environments within which you can test yourself, improve your performance and rehabilitate from injury &#8230;<\/p>\r\n<p>Devenez le meilleur ! <\/p>\r\n<h3>\r\n\t\t\tEN T\u00caTE DE FILE\t<\/h3>\r\n<h2>\r\n\t\t\tAVEC LES MEILLEURES INSTALLATIONS\t<\/h2>\r\n\t<p>Nos praticiens dipl\u00f4m\u00e9s utilisent des \u00e9quipements de test sp\u00e9cialis\u00e9s et \u00e9prouv\u00e9s par la recherche, qui ne sont normalement fournis que dans les laboratoires de performance sportive d'\u00e9lite.<\/p>\r\n<p>Nos \u00e9quipements de soutien cardiovasculaire et de r\u00e9sistance sont s\u00e9lectionn\u00e9s pour leur fiabilit\u00e9, leur robustesse et leur souplesse d'exercice.<\/p>\r\n<h2>\r\n\t\t\tWimbledon\t<\/h2>\r\n\t<p>Le si\u00e8ge de Performance Evolution, nos installations de Wimbledon sont situ\u00e9es \u00e0 proximit\u00e9 du village de Wimbledon et \u00e0 une courte distance en bus ou \u00e0 pied de la gare de Wimbledon.<\/p>\r\n<p>Ce centre de performance et de r\u00e9habilitation de pointe comprend : un studio de course \u00e9quip\u00e9 de Life Fitness avec analyse vid\u00e9o, CardioCoach CO<sub>2<\/sub> and Tekscan pressure-mapping equipment; &#8216;endless&#8217; swim technique video analysis and training with Fastlane propulsion and rehabilitation treadmill; ICG and Wattbike equipped cycling technique studio; personal training gym for developing functional strength, explosive power and dynamic movement; and 2 assessment, therapy and treatment rooms.<\/p>\r\n<p>Des vestiaires et des douches sont pr\u00e9vus \u00e0 cet effet. Notre laboratoire est con\u00e7u pour des tests, des formations et des r\u00e9\u00e9ducations sp\u00e9cialis\u00e9s et sur mesure, individuels ou en petits groupes.\u00a0\u00a0<\/p>\r\n\t<a href=\"https:\/\/groupevolution.com\/fr\/performance-services\/\">Voir les services<\/a>\r\n<h2>\r\n\t\t\tKINGSTON\t<\/h2>\r\n\t<p>Id\u00e9alement situ\u00e9es pr\u00e8s de l'A3, nos installations \u00e0 domicile sont pratiques et luxueuses. Parfaites pour les tests initiaux, l'\u00e9valuation biom\u00e9canique et la formation technique, notre salle de sport de style studio est compl\u00e9t\u00e9e par une piscine int\u00e9rieure. La piscine est \u00e9quip\u00e9e d'un bassin Fastlane, facilitant l'analyse vid\u00e9o et l'entra\u00eenement \u00e0 la technique de natation.<\/p>\r\n<p>\u00c9valuation de la force et de la condition physique, y compris des tests physiologiques \u00e0 l'aide de la m\u00e9thode CardioCoach CO<sub>2<\/sub> est effectu\u00e9e dans le gymnase.<\/p>\r\n<p>Une analyse technique de la technique de cyclisme et de la d\u00e9marche de course et de marche est \u00e9galement disponible. Le gymnase est \u00e9quip\u00e9 d'un entra\u00eeneur cycliste Wattbike Pro, d'un tapis roulant Life Fitness et de poids libres \u00e0 ces fins.<\/p>\r\n<p>Des cours de yoga et de pilates en petits groupes (1-5 personnes) sont \u00e9galement disponibles.<\/p>\r\n\t<a href=\"https:\/\/groupevolution.com\/fr\/performance-services\/\">Voir les services<\/a>\r\n<h2>\r\n\t\t\tARQUENAY, FRANCE\t<\/h2>\r\n\t<p>Le Ch\u00e2teau de la Motte Henry, pr\u00e8s de Laval en France, est le lieu de nos luxueuses retraites sportives et, en saison, nous offrons nos services aux amateurs de sport locaux, aux expatri\u00e9s, aux vacanciers et aux personnes en retraite pendant et en dehors de nos semaines de retraite.<\/p>\r\n<p>Le ch\u00e2teau dispose d'une tour de 900 pieds<sup>2<\/sup> de performance, y compris des zones d'entra\u00eenement d\u00e9di\u00e9es \u00e0 la force, la puissance, la vitesse et l'endurance. Il y a \u00e9galement une piste de course de 1,5 km, une piscine de r\u00e9cup\u00e9ration, un lac de natation, une salle de traitement et une salle d'entra\u00eenement de 800 pieds.<sup>2<\/sup> studio de pilates et de yoga. Ces installations sont dot\u00e9es d'un \u00e9quipement de qualit\u00e9 sup\u00e9rieure : Life Fitness, ICG, Wattbike, HammerStrength et CardioCoach CO<sub>2<\/sub>.<\/p>\r\n<p>Nos autocars sont disponibles tout au long de la saison (de mars \u00e0 novembre). Le Ch\u00e2teau est id\u00e9alement situ\u00e9 pour Laval, Le Mans et Angers dans les Pays de la Loire.\u00a0\u00a0\u00a0<\/p>\r\n\t<a href=\"https:\/\/groupevolution.com\/fr\/performance-services\/\">Voir les services<\/a>\r\n\t<a href=\"https:\/\/groupevolution.com\/fr\/experiences\/\">Voir les retraites<\/a>","protected":false},"excerpt":{"rendered":"<p>STUNNING FACILITIES IN PRIME LOCATIONS COME AND SEE US Our performance facilities are modern, welcoming and conveniently located. Located in Kingston and Wimbledon in the UK and Arquenay in France, we provide stunning, well-equipped environments within which you can test yourself, improve your performance and rehabilitate from injury &#8230; Become your best! LEADING THE WAY&hellip;<\/p>","protected":false},"author":1,"featured_media":0,"parent":4427,"menu_order":0,"comment_status":"closed","ping_status":"closed","template":"","meta":{"_acf_changed":false,"footnotes":""},"categories":[],"retreat-category":[],"class_list":["post-6278","page","type-page","status-publish","hentry"],"acf":[],"yoast_head":"<!-- This site is optimized with the Yoast SEO Premium plugin v27.4 (Yoast SEO v27.4) - https:\/\/yoast.com\/product\/yoast-seo-premium-wordpress\/ -->\n<title>Locations - Group Evolution<\/title>\n<meta name=\"robots\" content=\"index, follow, max-snippet:-1, max-image-preview:large, max-video-preview:-1\" \/>\n<link rel=\"canonical\" href=\"https:\/\/groupevolution.com\/fr\/performance\/locations\/\" \/>\n<meta property=\"og:locale\" content=\"fr_FR\" \/>\n<meta property=\"og:type\" content=\"article\" \/>\n<meta property=\"og:title\" content=\"Locations\" \/>\n<meta property=\"og:description\" content=\"STUNNING FACILITIES IN PRIME LOCATIONS COME AND SEE US Our performance facilities are modern, welcoming and conveniently located. Located in Kingston and Wimbledon in the UK and Arquenay in France, we provide stunning, well-equipped environments within which you can test yourself, improve your performance and rehabilitate from injury &#8230; Become your best! LEADING THE WAY&hellip;\" \/>\n<meta property=\"og:url\" content=\"https:\/\/groupevolution.com\/fr\/performance\/locations\/\" \/>\n<meta property=\"og:site_name\" content=\"Group Evolution\" \/>\n<meta property=\"article:publisher\" content=\"https:\/\/www.facebook.com\/groupevolutionretreats\" \/>\n<meta property=\"article:modified_time\" content=\"2025-09-10T18:20:37+00:00\" \/>\n<meta name=\"twitter:card\" content=\"summary_large_image\" \/>\n<meta name=\"twitter:site\" content=\"@groupevolution_\" \/>\n<meta name=\"twitter:label1\" content=\"Dur\u00e9e de lecture estim\u00e9e\" \/>\n\t<meta name=\"twitter:data1\" content=\"2 minutes\" \/>\n<script type=\"application\/ld+json\" class=\"yoast-schema-graph\">{\"@context\":\"https:\\\/\\\/schema.org\",\"@graph\":[{\"@type\":\"WebPage\",\"@id\":\"https:\\\/\\\/groupevolution.com\\\/performance\\\/locations\\\/\",\"url\":\"https:\\\/\\\/groupevolution.com\\\/performance\\\/locations\\\/\",\"name\":\"Locations - Group Evolution\",\"isPartOf\":{\"@id\":\"https:\\\/\\\/groupevolution.com\\\/#website\"},\"datePublished\":\"2018-01-19T14:34:37+00:00\",\"dateModified\":\"2025-09-10T18:20:37+00:00\",\"breadcrumb\":{\"@id\":\"https:\\\/\\\/groupevolution.com\\\/performance\\\/locations\\\/#breadcrumb\"},\"inLanguage\":\"fr-FR\",\"potentialAction\":[{\"@type\":\"ReadAction\",\"target\":[\"https:\\\/\\\/groupevolution.com\\\/performance\\\/locations\\\/\"]}]},{\"@type\":\"BreadcrumbList\",\"@id\":\"https:\\\/\\\/groupevolution.com\\\/performance\\\/locations\\\/#breadcrumb\",\"itemListElement\":[{\"@type\":\"ListItem\",\"position\":1,\"name\":\"Home\",\"item\":\"https:\\\/\\\/groupevolution.com\\\/\"},{\"@type\":\"ListItem\",\"position\":2,\"name\":\"Performance\",\"item\":\"https:\\\/\\\/groupevolution.com\\\/performance\\\/\"},{\"@type\":\"ListItem\",\"position\":3,\"name\":\"Locations\"}]},{\"@type\":\"WebSite\",\"@id\":\"https:\\\/\\\/groupevolution.com\\\/#website\",\"url\":\"https:\\\/\\\/groupevolution.com\\\/\",\"name\":\"www.groupevolution.com\",\"description\":\"Luxury Retreats &amp; Performance Services\",\"publisher\":{\"@id\":\"https:\\\/\\\/groupevolution.com\\\/#organization\"},\"potentialAction\":[{\"@type\":\"SearchAction\",\"target\":{\"@type\":\"EntryPoint\",\"urlTemplate\":\"https:\\\/\\\/groupevolution.com\\\/?s={search_term_string}\"},\"query-input\":{\"@type\":\"PropertyValueSpecification\",\"valueRequired\":true,\"valueName\":\"search_term_string\"}}],\"inLanguage\":\"fr-FR\"},{\"@type\":\"Organization\",\"@id\":\"https:\\\/\\\/groupevolution.com\\\/#organization\",\"name\":\"Group Evolution\",\"url\":\"https:\\\/\\\/groupevolution.com\\\/\",\"logo\":{\"@type\":\"ImageObject\",\"inLanguage\":\"fr-FR\",\"@id\":\"https:\\\/\\\/groupevolution.com\\\/#\\\/schema\\\/logo\\\/image\\\/\",\"url\":\"https:\\\/\\\/groupevolution.com\\\/wp-content\\\/uploads\\\/2025\\\/09\\\/Group_Evolution_Retreats_Primary_Logo_RGB_GOLD_FA_HR-e1759242659989.png\",\"contentUrl\":\"https:\\\/\\\/groupevolution.com\\\/wp-content\\\/uploads\\\/2025\\\/09\\\/Group_Evolution_Retreats_Primary_Logo_RGB_GOLD_FA_HR-e1759242659989.png\",\"width\":182,\"height\":54,\"caption\":\"Group Evolution\"},\"image\":{\"@id\":\"https:\\\/\\\/groupevolution.com\\\/#\\\/schema\\\/logo\\\/image\\\/\"},\"sameAs\":[\"https:\\\/\\\/www.facebook.com\\\/groupevolutionretreats\",\"https:\\\/\\\/x.com\\\/groupevolution_\",\"https:\\\/\\\/www.instagram.com\\\/group_evolution\\\/\",\"https:\\\/\\\/www.tiktok.com\\\/@groupevolutionretreats\",\"https:\\\/\\\/www.youtube.com\\\/channel\\\/UCDsSBQ_yMhe5zjVp6AbpwzA\\\/featured?view_as=subscriber\"]}]}<\/script>\n<!-- \/ Yoast SEO Premium plugin. -->","yoast_head_json":{"title":"Lieux - \u00c9volution du groupe","robots":{"index":"index","follow":"follow","max-snippet":"max-snippet:-1","max-image-preview":"max-image-preview:large","max-video-preview":"max-video-preview:-1"},"canonical":"https:\/\/groupevolution.com\/fr\/performance\/locations\/","og_locale":"fr_FR","og_type":"article","og_title":"Locations","og_description":"STUNNING FACILITIES IN PRIME LOCATIONS COME AND SEE US Our performance facilities are modern, welcoming and conveniently located. Located in Kingston and Wimbledon in the UK and Arquenay in France, we provide stunning, well-equipped environments within which you can test yourself, improve your performance and rehabilitate from injury &#8230; Become your best! LEADING THE WAY&hellip;","og_url":"https:\/\/groupevolution.com\/fr\/performance\/locations\/","og_site_name":"Group Evolution","article_publisher":"https:\/\/www.facebook.com\/groupevolutionretreats","article_modified_time":"2025-09-10T18:20:37+00:00","twitter_card":"summary_large_image","twitter_site":"@groupevolution_","twitter_misc":{"Dur\u00e9e de lecture estim\u00e9e":"2 minutes"},"schema":{"@context":"https:\/\/schema.org","@graph":[{"@type":"WebPage","@id":"https:\/\/groupevolution.com\/performance\/locations\/","url":"https:\/\/groupevolution.com\/performance\/locations\/","name":"Lieux - \u00c9volution du groupe","isPartOf":{"@id":"https:\/\/groupevolution.com\/#website"},"datePublished":"2018-01-19T14:34:37+00:00","dateModified":"2025-09-10T18:20:37+00:00","breadcrumb":{"@id":"https:\/\/groupevolution.com\/performance\/locations\/#breadcrumb"},"inLanguage":"fr-FR","potentialAction":[{"@type":"ReadAction","target":["https:\/\/groupevolution.com\/performance\/locations\/"]}]},{"@type":"BreadcrumbList","@id":"https:\/\/groupevolution.com\/performance\/locations\/#breadcrumb","itemListElement":[{"@type":"ListItem","position":1,"name":"Home","item":"https:\/\/groupevolution.com\/"},{"@type":"ListItem","position":2,"name":"Performance","item":"https:\/\/groupevolution.com\/performance\/"},{"@type":"ListItem","position":3,"name":"Locations"}]},{"@type":"WebSite","@id":"https:\/\/groupevolution.com\/#website","url":"https:\/\/groupevolution.com\/","name":"www.groupevolution.com","description":"Luxury Retreats &amp; Performance Services","publisher":{"@id":"https:\/\/groupevolution.com\/#organization"},"potentialAction":[{"@type":"SearchAction","target":{"@type":"EntryPoint","urlTemplate":"https:\/\/groupevolution.com\/?s={search_term_string}"},"query-input":{"@type":"PropertyValueSpecification","valueRequired":true,"valueName":"search_term_string"}}],"inLanguage":"fr-FR"},{"@type":"Organization","@id":"https:\/\/groupevolution.com\/#organization","name":"\u00c9volution du groupe","url":"https:\/\/groupevolution.com\/","logo":{"@type":"ImageObject","inLanguage":"fr-FR","@id":"https:\/\/groupevolution.com\/#\/schema\/logo\/image\/","url":"https:\/\/groupevolution.com\/wp-content\/uploads\/2025\/09\/Group_Evolution_Retreats_Primary_Logo_RGB_GOLD_FA_HR-e1759242659989.png","contentUrl":"https:\/\/groupevolution.com\/wp-content\/uploads\/2025\/09\/Group_Evolution_Retreats_Primary_Logo_RGB_GOLD_FA_HR-e1759242659989.png","width":182,"height":54,"caption":"Group Evolution"},"image":{"@id":"https:\/\/groupevolution.com\/#\/schema\/logo\/image\/"},"sameAs":["https:\/\/www.facebook.com\/groupevolutionretreats","https:\/\/x.com\/groupevolution_","https:\/\/www.instagram.com\/group_evolution\/","https:\/\/www.tiktok.com\/@groupevolutionretreats","https:\/\/www.youtube.com\/channel\/UCDsSBQ_yMhe5zjVp6AbpwzA\/featured?view_as=subscriber"]}]}},"jetpack_sharing_enabled":true,"_links":{"self":[{"href":"https:\/\/groupevolution.com\/fr\/wp-json\/wp\/v2\/pages\/6278","targetHints":{"allow":["GET"]}}],"collection":[{"href":"https:\/\/groupevolution.com\/fr\/wp-json\/wp\/v2\/pages"}],"about":[{"href":"https:\/\/groupevolution.com\/fr\/wp-json\/wp\/v2\/types\/page"}],"author":[{"embeddable":true,"href":"https:\/\/groupevolution.com\/fr\/wp-json\/wp\/v2\/users\/1"}],"replies":[{"embeddable":true,"href":"https:\/\/groupevolution.com\/fr\/wp-json\/wp\/v2\/comments?post=6278"}],"version-history":[{"count":10,"href":"https:\/\/groupevolution.com\/fr\/wp-json\/wp\/v2\/pages\/6278\/revisions"}],"predecessor-version":[{"id":27159,"href":"https:\/\/groupevolution.com\/fr\/wp-json\/wp\/v2\/pages\/6278\/revisions\/27159"}],"up":[{"embeddable":true,"href":"https:\/\/groupevolution.com\/fr\/wp-json\/wp\/v2\/pages\/4427"}],"wp:attachment":[{"href":"https:\/\/groupevolution.com\/fr\/wp-json\/wp\/v2\/media?parent=6278"}],"wp:term":[{"taxonomy":"category","embeddable":true,"href":"https:\/\/groupevolution.com\/fr\/wp-json\/wp\/v2\/categories?post=6278"},{"taxonomy":"retreat-category","embeddable":true,"href":"https:\/\/groupevolution.com\/fr\/wp-json\/wp\/v2\/retreat-category?post=6278"}],"curies":[{"name":"wp","href":"https:\/\/api.w.org\/{rel}","templated":true}]}}