{"id":4427,"date":"2018-01-09T23:53:51","date_gmt":"2018-01-09T23:53:51","guid":{"rendered":"https:\/\/groupevolution.com\/?page_id=4427"},"modified":"2025-09-10T19:08:17","modified_gmt":"2025-09-10T18:08:17","slug":"performance","status":"publish","type":"page","link":"https:\/\/groupevolution.com\/fr\/performance\/","title":{"rendered":"Performance"},"content":{"rendered":"<h1>\r\n\t\t\t\u00c9volution des performances\t<\/h1>\r\n\t<p>Nous offrons un soutien de niveau \u00e9lite aux sportifs amateurs de tous \u00e2ges et de toutes capacit\u00e9s. Nos praticiens hautement exp\u00e9riment\u00e9s et dipl\u00f4m\u00e9s d\u00e9veloppent des solutions sur mesure pour vous aider \u00e0 am\u00e9liorer vos performances et \u00e0 r\u00e9duire vos risques de blessure. Nous apportons ces am\u00e9liorations \u00e0 partir de nos laboratoires de performance sportive dans le sud-ouest de Londres et de notre ch\u00e2teau dans les Pays de la Loire, tous deux \u00e9quip\u00e9s d'\u00e9quipements \u00e0 la pointe du march\u00e9 et ayant fait l'objet de recherches. Faites partie de notre communaut\u00e9.<\/p>\r\n<p>Lead, don&#8217;t follow.\u00a0\u00a0\u00a0<\/p>\r\n\t<p><a href=\"https:\/\/groupevolution.com\/fr\/performance-services\/\">R\u00e9servez maintenant<\/a><\/p>\r\n\t<p><a href=\"https:\/\/groupevolution.com\/fr\/performance\/locations\/\">View Our Locations<\/a><\/p>\r\n\t<p><a href=\"https:\/\/groupevolution.com\/fr\/performance\/services\/\">Voir les services<\/a><\/p>\r\n\t<p><a href=\"https:\/\/groupevolution.com\/fr\/performance\/packages\/\">Voir les paquets<\/a><\/p>\r\n\t<p><a href=\"https:\/\/groupevolution.com\/fr\/performance\/community\/\">View our Community<\/a><\/p>\r\n<h1>\r\n\t\t\tFormation sur mesure\t<\/h1>\r\n<h2>\r\n\t\t\tPour les athl\u00e8tes en herbe \t<\/h2>\r\n\t<p>Our training principles are grounded in the latest sports science research and founded on evolving the holistic athlete &#8211; improving every aspect of your performance. We focus on your mental, physical and technical performance and your nutritional habits. We leave no stone unturned when seeking areas for improvement and delivering these in a manner best suited to your life and the way you best learn.<\/p>\r\n<p>Pour les athl\u00e8tes qui s'entra\u00eenent eux-m\u00eames ou qui ont leur r\u00e9seau de soutien en place, nous offrons un soutien cibl\u00e9 par le biais de nos services de performance sportive. Une gamme compl\u00e8te de services d'\u00e9valuation, de planification et d'entra\u00eenement est disponible, couvrant la psychologie du sport, la physiologie, la biom\u00e9canique, l'acquisition de comp\u00e9tences et la nutrition.<\/p>\r\n<p>Pour les autres athl\u00e8tes, nous avons mis au point un certain nombre de formules de soutien pour vous aider \u00e0 atteindre vos objectifs sp\u00e9cifiques. Nous travaillons avec vous, par exemple, pour vous permettre de reprendre le sport, d'atteindre un PB ou de faire un podium. Quel que soit votre d\u00e9fi, nous pouvons vous aider \u00e0 \u00e9voluer pour l'atteindre.<\/p>\r\n<p>\u00a0Nous proposons \u00e9galement une gamme sp\u00e9cifique de services et de forfaits qui visent \u00e0 inspirer et \u00e0 encadrer les jeunes sportifs. Ces services sont dispens\u00e9s par des praticiens qualifi\u00e9s du CRB selon les m\u00eames normes professionnelles, dans les m\u00eames lieux.<\/p>\r\n\t<p><a href=\"#packages\">Paquets<\/a><\/p>\r\n\t<p><a href=\"#services\">Services<\/a><\/p>\r\n<h3>\r\n\t\t\tEsprit\t<\/h3>\r\n\t<p>Il est n\u00e9cessaire de favoriser le pouvoir de l'esprit <br \/> pour optimiser les performances. Il est important de g\u00e9rer les anxi\u00e9t\u00e9s, <br \/> maintenir la motivation, fixer les bons objectifs et maintenir un <br \/> quille \u00e9motionnelle. Sinon, l'\u00e9nergie est gaspill\u00e9e et la performance <br \/> souffre. Nos services vous aident \u00e0 d\u00e9velopper votre force mentale, <br \/> sont souvent essentiels pour atteindre un nouveau niveau de performance.<\/p>\r\n\t<p><a href=\"https:\/\/groupevolution.com\/fr\/performance-services\/\">Voir les services<\/a><\/p>\r\n<h3>\r\n\t\t\tCorps\t<\/h3>\r\n\t<p>La formation est ax\u00e9e sur la pr\u00e9paration du corps \u00e0 la performance. <br \/>Ces efforts doivent \u00eatre soigneusement cibl\u00e9s, leur efficacit\u00e9<br \/>test\u00e9e et la formation adapt\u00e9e pour favoriser l'am\u00e9lioration continue. <br \/>We conduct &#8216;gold standard&#8217; physiological assessments; design <br \/>\u00e0 la fois des programmes de conditionnement et des programmes sp\u00e9cifiques au sport qui <br \/>visent \u00e0 corriger les faiblesses et \u00e0 tirer parti des points forts <br \/>vous soutenir dans votre formation pour atteindre ces objectifs.<\/p>\r\n\t<p><a href=\"https:\/\/groupevolution.com\/fr\/performance-services\/\">Voir les services<\/a><\/p>\r\n<h3>\r\n\t\t\tTechnique\t<\/h3>\r\n\t<p>L'efficacit\u00e9 technique est essentielle pour tous les sports, et les<br \/> la comp\u00e9tence pour beaucoup. Nous \u00e9valuons la biom\u00e9canique du mouvement et <br \/>technique, dans un contexte sportif sp\u00e9cifique. Nous concevons des plans d'entra\u00eenement qui facilitent l'am\u00e9lioration. Et nous pouvons vous aider \u00e0 mettre en \u0153uvre <br \/>ces plans. En outre, nous proposons des cours de perfectionnement des comp\u00e9tences <br \/>pour aider les nouveaux venus dans un sport \u00e0 acqu\u00e9rir des comp\u00e9tences appropri\u00e9es, <br \/>qu'ils soient jeunes ou vieux. <\/p>\r\n\t<p><a href=\"https:\/\/groupevolution.com\/fr\/performance-services\/\">Voir les services<\/a><\/p>\r\n<h3>\r\n\t\t\tR\u00e9gime alimentaire\t<\/h3>\r\n\t<p>Ce que vous mangez a une incidence directe sur vos performances sportives. <br \/>Mais la simple diminution de la masse corporelle r\u00e9duit la capacit\u00e9 d'entra\u00eenement et augmente le risque de maladie et de blessure. Votre r\u00e9gime alimentaire doit s'adapter aux exigences de l'entra\u00eenement et aux objectifs de la course afin que votre corps utilise efficacement ses substrats, s'adapte efficacement et r\u00e9cup\u00e8re rapidement. Nous \u00e9valuons votre r\u00e9gime alimentaire <br \/>dans le cadre de votre formation et de votre concours. Nous pouvons vous fournir <br \/>un plan di\u00e9t\u00e9tique, des exemples de recettes, des recommandations de compl\u00e9ments et des strat\u00e9gies nutritionnelles sp\u00e9cifiques \u00e0 la comp\u00e9tition. <\/p>\r\n\t<p><a href=\"https:\/\/groupevolution.com\/fr\/performance-services\/\">Voir les services<\/a><\/p>\r\n<h2  id=\"services\">\r\n\t\t\tServices\t<\/h2>\r\n<h3>\r\n\t\t\tPour les athl\u00e8tes en herbe\t<\/h3>\r\n\t<p>Ax\u00e9s sur l'\u00e9volution de l'athl\u00e8te holistique, nous offrons une gamme compl\u00e8te de services pour am\u00e9liorer l'esprit, le corps, la technique et le r\u00e9gime alimentaire. Nos services aident \u00e0 \u00e9valuer le statu quo, \u00e0 identifier et \u00e0 planifier le chemin de l'am\u00e9lioration et \u00e0 soutenir les clients sur cette voie par un entra\u00eenement cibl\u00e9.  Tous nos services sont hautement adapt\u00e9s \u00e0 vos besoins et sont dispens\u00e9s par des praticiens qualifi\u00e9s. <\/p>\r\n\t<p><a href=\"https:\/\/groupevolution.com\/fr\/performance-services\/\">Book Services<\/a><\/p>\r\n<h2>\r\n\t\t\tPaquets\t<\/h2>\r\n\t<p>Nos forfaits sont pratiques et complets. Con\u00e7us pour vous aider \u00e0 atteindre vos objectifs, nous vous fournissons le soutien professionnel n\u00e9cessaire pour que vous puissiez donner le meilleur de vous-m\u00eame.  Centr\u00e9s sur l'athl\u00e8te holistique, nous visons l'am\u00e9lioration mentale, physique, technique et nutritionnelle.  Nous \u00e9valuons chaque attribut, planifions votre d\u00e9veloppement et vous soutenons tout au long de ce parcours.<\/p>\r\n<p>Lead, don&#8217;t follow.<\/p>\r\n<h3>\r\n\t\t\tAdultes\t<\/h3>\r\n\t<p>Que vous cherchiez \u00e0 relever un nouveau d\u00e9fi sportif,<br \/>reprendre le sport apr\u00e8s une blessure ou une p\u00e9riode d'inactivit\u00e9, obtenir un PB, ou<br \/>se qualifier pour les championnats du monde de votre groupe d'\u00e2ge ;<br \/>nous avons le paquet pour vous aider \u00e0 devenir le meilleur.<br \/>Les cours sont dispens\u00e9s par des praticiens exp\u00e9riment\u00e9s et dipl\u00f4m\u00e9s,<br \/>nous adaptons notre soutien pour exploiter les forces et minimiser les faiblesses,<br \/>afin que vous puissiez en profiter au maximum. <\/p>\r\n\t<p><a href=\"https:\/\/groupevolution.com\/fr\/performance-services\/\">Book Packages<\/a><\/p>\r\n<h3>\r\n\t\t\tJeunesse\t<\/h3>\r\n\t<p>Nos packages pour les jeunes athl\u00e8tes en herbe visent \u00e0 informer, motiver<br \/>et encourager leur d\u00e9veloppement pendant cette p\u00e9riode critique.<br \/>Nos praticiens contr\u00f4l\u00e9s par le CRB veillent \u00e0 ce que nous fournissions nos services<br \/>d'une mani\u00e8re attrayante et agr\u00e9able, tout en correspondant, voire en d\u00e9passant,<br \/>le niveau d'approfondissement, de recherche \u00e9prouv\u00e9e, d'\u00e9valuation, de planification<br \/>et le soutien \u00e0 la formation que nous offrons \u00e0 nos clients les plus \u00e2g\u00e9s.<\/p>\r\n\t<p><a href=\"https:\/\/groupevolution.com\/fr\/performance-services\/\">Book Packages<\/a><\/p>\r\n\t<p><a href=\"https:\/\/groupevolution.com\/fr\/performance-services\/\">R\u00e9servez maintenant<\/a><\/p>\r\n<h3>\r\n\t\t\tCommunaut\u00e9\t<\/h3>\r\n\t<p>Id\u00e9alement situ\u00e9 \u00e0 Kingston et \u00e0 Wimbledon, dans le sud-ouest de Londres <br \/>et dans le parc du magnifique Ch\u00e2teau de la Motte Henry, pr\u00e8s de Laval en France, nos installations sont modernes, bien \u00e9quip\u00e9es et dot\u00e9es d'un personnel professionnel. <br \/>Utilis\u00e9 pour fournir la majorit\u00e9 de nos services et forfaits<br \/> nous nous r\u00e9jouissons de vous accueillir dans notre communaut\u00e9.<\/p>\r\n\t<p><a href=\"https:\/\/groupevolution.com\/fr\/produit\/group-evolution-membership\/\">Rejoignez notre mouvement<\/a><\/p>\r\n\t<p><a href=\"\/fr\/community\/\">En savoir plus<\/a><\/p>\r\n<h3  id=\"retreats-contact\">\r\n\t\t\tFAIRE UNE DEMANDE\t<\/h3>\r\n\t\r\n\t\r\n\tAvis : JavaScript est requis pour ce contenu.\r\n        <!-- That data is being printed as a workaround to page builders reordering the order of the scripts loaded-->","protected":false},"excerpt":{"rendered":"<p>Performance Evolution We provide elite level support to amateur sportspeople of all ages and abilities. Our highly experienced, degree-qualified, practitioners develop bespoke solutions to help you improve your performance and reduce your risk of injury. We deliver these improvements from our sports performance laboratories in South West London and our Chateau in the Pays de&hellip;<\/p>","protected":false},"author":1,"featured_media":0,"parent":0,"menu_order":0,"comment_status":"closed","ping_status":"closed","template":"","meta":{"_acf_changed":false,"footnotes":""},"categories":[84],"retreat-category":[],"class_list":["post-4427","page","type-page","status-publish","hentry","category-performance"],"acf":[],"yoast_head":"<!-- This site is optimized with the Yoast SEO Premium plugin v27.4 (Yoast SEO v27.4) - https:\/\/yoast.com\/product\/yoast-seo-premium-wordpress\/ -->\n<title>Performance - Group Evolution<\/title>\n<meta name=\"robots\" content=\"index, follow, max-snippet:-1, max-image-preview:large, max-video-preview:-1\" \/>\n<link rel=\"canonical\" href=\"https:\/\/groupevolution.com\/fr\/performance\/\" \/>\n<meta property=\"og:locale\" content=\"fr_FR\" \/>\n<meta property=\"og:type\" content=\"article\" \/>\n<meta property=\"og:title\" content=\"Performance\" \/>\n<meta property=\"og:description\" content=\"Performance Evolution We provide elite level support to amateur sportspeople of all ages and abilities. Our highly experienced, degree-qualified, practitioners develop bespoke solutions to help you improve your performance and reduce your risk of injury. We deliver these improvements from our sports performance laboratories in South West London and our Chateau in the Pays de&hellip;\" \/>\n<meta property=\"og:url\" content=\"https:\/\/groupevolution.com\/fr\/performance\/\" \/>\n<meta property=\"og:site_name\" content=\"Group Evolution\" \/>\n<meta property=\"article:publisher\" content=\"https:\/\/www.facebook.com\/groupevolutionretreats\" \/>\n<meta property=\"article:modified_time\" content=\"2025-09-10T18:08:17+00:00\" \/>\n<meta name=\"twitter:card\" content=\"summary_large_image\" \/>\n<meta name=\"twitter:site\" content=\"@groupevolution_\" \/>\n<meta name=\"twitter:label1\" content=\"Dur\u00e9e de lecture estim\u00e9e\" \/>\n\t<meta name=\"twitter:data1\" content=\"4 minutes\" \/>\n<script type=\"application\/ld+json\" class=\"yoast-schema-graph\">{\"@context\":\"https:\\\/\\\/schema.org\",\"@graph\":[{\"@type\":\"WebPage\",\"@id\":\"https:\\\/\\\/groupevolution.com\\\/performance\\\/\",\"url\":\"https:\\\/\\\/groupevolution.com\\\/performance\\\/\",\"name\":\"Performance - Group Evolution\",\"isPartOf\":{\"@id\":\"https:\\\/\\\/groupevolution.com\\\/#website\"},\"datePublished\":\"2018-01-09T23:53:51+00:00\",\"dateModified\":\"2025-09-10T18:08:17+00:00\",\"breadcrumb\":{\"@id\":\"https:\\\/\\\/groupevolution.com\\\/performance\\\/#breadcrumb\"},\"inLanguage\":\"fr-FR\",\"potentialAction\":[{\"@type\":\"ReadAction\",\"target\":[\"https:\\\/\\\/groupevolution.com\\\/performance\\\/\"]}]},{\"@type\":\"BreadcrumbList\",\"@id\":\"https:\\\/\\\/groupevolution.com\\\/performance\\\/#breadcrumb\",\"itemListElement\":[{\"@type\":\"ListItem\",\"position\":1,\"name\":\"Home\",\"item\":\"https:\\\/\\\/groupevolution.com\\\/\"},{\"@type\":\"ListItem\",\"position\":2,\"name\":\"Performance\"}]},{\"@type\":\"WebSite\",\"@id\":\"https:\\\/\\\/groupevolution.com\\\/#website\",\"url\":\"https:\\\/\\\/groupevolution.com\\\/\",\"name\":\"www.groupevolution.com\",\"description\":\"Luxury Retreats &amp; Performance Services\",\"publisher\":{\"@id\":\"https:\\\/\\\/groupevolution.com\\\/#organization\"},\"potentialAction\":[{\"@type\":\"SearchAction\",\"target\":{\"@type\":\"EntryPoint\",\"urlTemplate\":\"https:\\\/\\\/groupevolution.com\\\/?s={search_term_string}\"},\"query-input\":{\"@type\":\"PropertyValueSpecification\",\"valueRequired\":true,\"valueName\":\"search_term_string\"}}],\"inLanguage\":\"fr-FR\"},{\"@type\":\"Organization\",\"@id\":\"https:\\\/\\\/groupevolution.com\\\/#organization\",\"name\":\"Group Evolution\",\"url\":\"https:\\\/\\\/groupevolution.com\\\/\",\"logo\":{\"@type\":\"ImageObject\",\"inLanguage\":\"fr-FR\",\"@id\":\"https:\\\/\\\/groupevolution.com\\\/#\\\/schema\\\/logo\\\/image\\\/\",\"url\":\"https:\\\/\\\/groupevolution.com\\\/wp-content\\\/uploads\\\/2025\\\/09\\\/Group_Evolution_Retreats_Primary_Logo_RGB_GOLD_FA_HR-e1759242659989.png\",\"contentUrl\":\"https:\\\/\\\/groupevolution.com\\\/wp-content\\\/uploads\\\/2025\\\/09\\\/Group_Evolution_Retreats_Primary_Logo_RGB_GOLD_FA_HR-e1759242659989.png\",\"width\":182,\"height\":54,\"caption\":\"Group Evolution\"},\"image\":{\"@id\":\"https:\\\/\\\/groupevolution.com\\\/#\\\/schema\\\/logo\\\/image\\\/\"},\"sameAs\":[\"https:\\\/\\\/www.facebook.com\\\/groupevolutionretreats\",\"https:\\\/\\\/x.com\\\/groupevolution_\",\"https:\\\/\\\/www.instagram.com\\\/group_evolution\\\/\",\"https:\\\/\\\/www.tiktok.com\\\/@groupevolutionretreats\",\"https:\\\/\\\/www.youtube.com\\\/channel\\\/UCDsSBQ_yMhe5zjVp6AbpwzA\\\/featured?view_as=subscriber\"]}]}<\/script>\n<!-- \/ Yoast SEO Premium plugin. -->","yoast_head_json":{"title":"Performance - \u00c9volution du groupe","robots":{"index":"index","follow":"follow","max-snippet":"max-snippet:-1","max-image-preview":"max-image-preview:large","max-video-preview":"max-video-preview:-1"},"canonical":"https:\/\/groupevolution.com\/fr\/performance\/","og_locale":"fr_FR","og_type":"article","og_title":"Performance","og_description":"Performance Evolution We provide elite level support to amateur sportspeople of all ages and abilities. Our highly experienced, degree-qualified, practitioners develop bespoke solutions to help you improve your performance and reduce your risk of injury. We deliver these improvements from our sports performance laboratories in South West London and our Chateau in the Pays de&hellip;","og_url":"https:\/\/groupevolution.com\/fr\/performance\/","og_site_name":"Group Evolution","article_publisher":"https:\/\/www.facebook.com\/groupevolutionretreats","article_modified_time":"2025-09-10T18:08:17+00:00","twitter_card":"summary_large_image","twitter_site":"@groupevolution_","twitter_misc":{"Dur\u00e9e de lecture estim\u00e9e":"4 minutes"},"schema":{"@context":"https:\/\/schema.org","@graph":[{"@type":"WebPage","@id":"https:\/\/groupevolution.com\/performance\/","url":"https:\/\/groupevolution.com\/performance\/","name":"Performance - \u00c9volution du groupe","isPartOf":{"@id":"https:\/\/groupevolution.com\/#website"},"datePublished":"2018-01-09T23:53:51+00:00","dateModified":"2025-09-10T18:08:17+00:00","breadcrumb":{"@id":"https:\/\/groupevolution.com\/performance\/#breadcrumb"},"inLanguage":"fr-FR","potentialAction":[{"@type":"ReadAction","target":["https:\/\/groupevolution.com\/performance\/"]}]},{"@type":"BreadcrumbList","@id":"https:\/\/groupevolution.com\/performance\/#breadcrumb","itemListElement":[{"@type":"ListItem","position":1,"name":"Home","item":"https:\/\/groupevolution.com\/"},{"@type":"ListItem","position":2,"name":"Performance"}]},{"@type":"WebSite","@id":"https:\/\/groupevolution.com\/#website","url":"https:\/\/groupevolution.com\/","name":"www.groupevolution.com","description":"Luxury Retreats &amp; Performance Services","publisher":{"@id":"https:\/\/groupevolution.com\/#organization"},"potentialAction":[{"@type":"SearchAction","target":{"@type":"EntryPoint","urlTemplate":"https:\/\/groupevolution.com\/?s={search_term_string}"},"query-input":{"@type":"PropertyValueSpecification","valueRequired":true,"valueName":"search_term_string"}}],"inLanguage":"fr-FR"},{"@type":"Organization","@id":"https:\/\/groupevolution.com\/#organization","name":"\u00c9volution du groupe","url":"https:\/\/groupevolution.com\/","logo":{"@type":"ImageObject","inLanguage":"fr-FR","@id":"https:\/\/groupevolution.com\/#\/schema\/logo\/image\/","url":"https:\/\/groupevolution.com\/wp-content\/uploads\/2025\/09\/Group_Evolution_Retreats_Primary_Logo_RGB_GOLD_FA_HR-e1759242659989.png","contentUrl":"https:\/\/groupevolution.com\/wp-content\/uploads\/2025\/09\/Group_Evolution_Retreats_Primary_Logo_RGB_GOLD_FA_HR-e1759242659989.png","width":182,"height":54,"caption":"Group Evolution"},"image":{"@id":"https:\/\/groupevolution.com\/#\/schema\/logo\/image\/"},"sameAs":["https:\/\/www.facebook.com\/groupevolutionretreats","https:\/\/x.com\/groupevolution_","https:\/\/www.instagram.com\/group_evolution\/","https:\/\/www.tiktok.com\/@groupevolutionretreats","https:\/\/www.youtube.com\/channel\/UCDsSBQ_yMhe5zjVp6AbpwzA\/featured?view_as=subscriber"]}]}},"jetpack_sharing_enabled":true,"_links":{"self":[{"href":"https:\/\/groupevolution.com\/fr\/wp-json\/wp\/v2\/pages\/4427","targetHints":{"allow":["GET"]}}],"collection":[{"href":"https:\/\/groupevolution.com\/fr\/wp-json\/wp\/v2\/pages"}],"about":[{"href":"https:\/\/groupevolution.com\/fr\/wp-json\/wp\/v2\/types\/page"}],"author":[{"embeddable":true,"href":"https:\/\/groupevolution.com\/fr\/wp-json\/wp\/v2\/users\/1"}],"replies":[{"embeddable":true,"href":"https:\/\/groupevolution.com\/fr\/wp-json\/wp\/v2\/comments?post=4427"}],"version-history":[{"count":47,"href":"https:\/\/groupevolution.com\/fr\/wp-json\/wp\/v2\/pages\/4427\/revisions"}],"predecessor-version":[{"id":27149,"href":"https:\/\/groupevolution.com\/fr\/wp-json\/wp\/v2\/pages\/4427\/revisions\/27149"}],"wp:attachment":[{"href":"https:\/\/groupevolution.com\/fr\/wp-json\/wp\/v2\/media?parent=4427"}],"wp:term":[{"taxonomy":"category","embeddable":true,"href":"https:\/\/groupevolution.com\/fr\/wp-json\/wp\/v2\/categories?post=4427"},{"taxonomy":"retreat-category","embeddable":true,"href":"https:\/\/groupevolution.com\/fr\/wp-json\/wp\/v2\/retreat-category?post=4427"}],"curies":[{"name":"wp","href":"https:\/\/api.w.org\/{rel}","templated":true}]}}