{"id":330,"date":"2017-11-28T12:36:36","date_gmt":"2017-11-28T12:36:36","guid":{"rendered":"https:\/\/groupevolution.com\/?page_id=330"},"modified":"2025-09-18T15:03:36","modified_gmt":"2025-09-18T14:03:36","slug":"values","status":"publish","type":"page","link":"https:\/\/groupevolution.com\/fr\/values\/","title":{"rendered":"Valeurs"},"content":{"rendered":"<h3>\n\t\t\tnous apprenons, nous \u00e9voluons, nous nous pr\u00e9occupons\t<\/h3>\n\t<h2>nos valeurs<\/h2>\n<h3>\n\t\t\tNotre Communaut\u00e9\t<\/h3>\n\t<p>We engage fully with each of our communities &#8211; our member community, client community and local community &#8211; both in the UK and France. We aim to facilitate the creation of thriving &#8216;collectives&#8217; that grow within each of their areas of interest, as they become better informed, more confident and purposefully active within these communities. We assist by helping to educate, facilitating participation and building lasting relationships.<\/p>\n<p>Devenez notre meilleur.<\/p>\n<p><a href=\"https:\/\/groupevolution.com\/fr\/performance-evolution\/community\/\">En savoir plus<\/a><\/p>\n<h3>\n\t\t\tdurabilit\u00e9\t<\/h3>\n\t<p>We were extremely proud to launch our &#8216;Healthier you, healthier planet&#8217; initiative early in 2020 which helps our guests minimise their carbon footprint.<\/p>\n<p>Nous ne nous contentons pas de compenser le co\u00fbt carbone des voyages de nos invit\u00e9s, mais nous leur offrons \u00e9galement des incitations financi\u00e8res pour qu'ils voyagent de mani\u00e8re durable. Tout cela s'ajoute \u00e0 nos propres initiatives de durabilit\u00e9 qui r\u00e9duisent, de mani\u00e8re significative, l'impact carbone de nos retraites.<\/p>\n<p><a href=\"https:\/\/groupevolution.com\/fr\/healthier-you-healthier-planet\/\">En savoir plus<\/a><\/p>\n<h3>\n\t\t\tnotre PERSONNE\t<\/h3>\n\t<p>Notre \u00e9quipe partage une approche commune, qu'elle soit fond\u00e9e sur l'amour du sport, du bien-\u00eatre ou de la cr\u00e9ativit\u00e9 personnelle. Nous pensons tous qu'il est essentiel de conna\u00eetre l'individu pour l'aider \u00e0 r\u00e9aliser son potentiel et promouvoir son \u00e9panouissement et son bien-\u00eatre.<\/p>\n<p>Chacun apporte son expertise et son sens de l'humour \u00e0 notre \u00e9quipe, cr\u00e9ant ainsi une atmosph\u00e8re agr\u00e9able, \u00e9nergique et stimulante.<\/p>\n<p><a href=\"https:\/\/groupevolution.com\/fr\/people\/\">En savoir plus<\/a><\/p>\n<h3>\n\t\t\tnos partenaires\t<\/h3>\n\t<p>Nous travaillons avec des entreprises socialement responsables qui sont des leaders \u00e9tablis du march\u00e9 dans leurs domaines respectifs. Nos partenaires produits sont \u00e0 la pointe du design et de l'innovation. Et nos partenaires de livraison offrent une qualit\u00e9 de service in\u00e9gal\u00e9e \u00e0 leurs clients.<\/p>\n<p>Tous nos partenariats s'articulent autour du respect mutuel, de perspectives cliniques communes et de valeurs partag\u00e9es.<\/p>\n<p><a href=\"https:\/\/groupevolution.com\/fr\/partners\/\">En savoir plus<\/a><\/p>\n<h3>\n\t\t\tProfessionnalisme\t<\/h3>\n\n\n\t\t\t\tMission\n\t\t\t\tPromise\n\t\t\t\tSuccess\n\t\t\t\t\t\t\tMission\n\t\t\t\t<h1>Devenez le meilleur<\/h1>\n<p>Notre mission est de donner \u00e0 nos clients les moyens de r\u00e9aliser leur potentiel. Tout ce que nous faisons est bas\u00e9 sur les derni\u00e8res recherches et adapt\u00e9 \u00e0 chaque client. Nous accompagnons nos clients tout au long de leur parcours, en leur fournissant un cocon de soutien bien inform\u00e9 et encourageant, au sein duquel ils peuvent s'\u00e9panouir.<\/p>\n\t\t\t\t\t\t\tPromesse\n\t\t\t\t<h1>Positif<\/h1>\n<p>Nous vous aidons \u00e0 atteindre vos objectifs avec enthousiasme et nous vous encourageons et vous donnons les moyens de profiter de votre voyage.<\/p>\n<h1>Pr\u00e9senter<\/h1>\n<p>Nous offrons des services \u00e0 la pointe du progr\u00e8s, fond\u00e9s sur la recherche actuelle et sur nos solides connaissances fondamentales.<\/p>\n<h1>Pratique<\/h1>\n<p>\u00c0 chaque \u00e9tape, nous prenons en compte vos besoins, votre environnement, les ressources dont vous disposez et votre emploi du temps personnel.<\/p>\n<h1>Premium<\/h1>\n<p>Nous utilisons des techniques de haute qualit\u00e9, \u00e9prouv\u00e9es par la recherche, dans des environnements accueillants et luxueux. Le tout est assur\u00e9 par des praticiens hautement qualifi\u00e9s et exp\u00e9riment\u00e9s.<\/p>\n<h1>Prouv\u00e9<\/h1>\n<p>Notre approche personnalis\u00e9e permet d'obtenir syst\u00e9matiquement les r\u00e9sultats que nos clients recherchent, quels que soient leurs objectifs et leur motivation<\/p>\n\t\t\t\t\t\t\tSucc\u00e8s\n\t\t\t\t<h1>Proud of our Clients&#8217; Evolution<\/h1>\n<p>Nous sommes extr\u00eamement fiers des r\u00e9sultats obtenus par nos clients. Il faut du d\u00e9vouement pour atteindre les sommets que certains de nos clients ont atteints, mais nous aimons les aider \u00e0 \u00e9voluer et \u00e0 cueillir le fruit de leur travail.<\/p>\n<ul>\n<li>Adrian, qui approche de la cinquantaine, veut franchir la barri\u00e8re des 3 heures de marathon depuis plus de 10 ans. En octobre, il a atteint son objectif avec notre aide.<\/li>\n<li>Marty, la quarantaine, s'est mis au cyclisme avec notre aide et son d\u00e9vouement et sa concentration presque zen lui ont permis de se qualifier pour les championnats du monde des cat\u00e9gories d'\u00e2ge en 2017.<\/li>\n<li>Rebecca, d\u00e9but de la quarantaine, a couru son premier marathon avec nos conseils et notre aide. Elle s'est entra\u00een\u00e9e sans blessure, profitant de son voyage et de la course \u00e0 Londres. C'\u00e9tait si agr\u00e9able qu'elle a r\u00e9p\u00e9t\u00e9 l'exploit six mois plus tard \u00e0 York.<\/li>\n<li>L'un de nos clients de longue date est pass\u00e9 de professionnel s\u00e9dentaire de la ville \u00e0 triathl\u00e8te de l'Ironman en un peu plus de quatre ans.<\/li>\n<\/ul>\n<p><a href=\"\/fr\/testimonials\/\">Voir nos t\u00e9moignages<\/a><\/p>\n\n\n\n\t<h1>Join the group evolution Family<\/h1>\n\t<h5>Access personalised content, great offers and free entry to our competitions<\/h5>\n\t<a href=\"https:\/\/groupevolution.com\/fr\/sign-up-form\/\">Join Our Family<\/a>\n\t<p>We will only send information relevant to your interests. We do not sell data to third parties.<\/p>\n\t<h2>Unleash your potential<\/h2>","protected":false},"excerpt":{"rendered":"<p>we learn, we evolve, we care our values Our Community We engage fully with each of our communities &#8211; our member community, client community and local community &#8211; both in the UK and France. We aim to facilitate the creation of thriving &#8216;collectives&#8217; that grow within each of their areas of interest, as they become&hellip;<\/p>","protected":false},"author":1,"featured_media":0,"parent":0,"menu_order":0,"comment_status":"closed","ping_status":"closed","template":"","meta":{"_acf_changed":false,"footnotes":""},"categories":[],"retreat-category":[],"class_list":["post-330","page","type-page","status-publish","hentry"],"acf":[],"yoast_head":"<!-- This site is optimized with the Yoast SEO Premium plugin v27.4 (Yoast SEO v27.4) - https:\/\/yoast.com\/product\/yoast-seo-premium-wordpress\/ -->\n<title>Values - Group Evolution<\/title>\n<meta name=\"robots\" content=\"index, follow, max-snippet:-1, max-image-preview:large, max-video-preview:-1\" \/>\n<link rel=\"canonical\" href=\"https:\/\/groupevolution.com\/fr\/values\/\" \/>\n<meta property=\"og:locale\" content=\"fr_FR\" \/>\n<meta property=\"og:type\" content=\"article\" \/>\n<meta property=\"og:title\" content=\"Values\" \/>\n<meta property=\"og:description\" content=\"we learn, we evolve, we care our values Our Community We engage fully with each of our communities &#8211; our member community, client community and local community &#8211; both in the UK and France. We aim to facilitate the creation of thriving &#8216;collectives&#8217; that grow within each of their areas of interest, as they become&hellip;\" \/>\n<meta property=\"og:url\" content=\"https:\/\/groupevolution.com\/fr\/values\/\" \/>\n<meta property=\"og:site_name\" content=\"Group Evolution\" \/>\n<meta property=\"article:publisher\" content=\"https:\/\/www.facebook.com\/groupevolutionretreats\" \/>\n<meta property=\"article:modified_time\" content=\"2025-09-18T14:03:36+00:00\" \/>\n<meta name=\"twitter:card\" content=\"summary_large_image\" \/>\n<meta name=\"twitter:site\" content=\"@groupevolution_\" \/>\n<meta name=\"twitter:label1\" content=\"Dur\u00e9e de lecture estim\u00e9e\" \/>\n\t<meta name=\"twitter:data1\" content=\"3 minutes\" \/>\n<script type=\"application\/ld+json\" class=\"yoast-schema-graph\">{\"@context\":\"https:\\\/\\\/schema.org\",\"@graph\":[{\"@type\":\"WebPage\",\"@id\":\"https:\\\/\\\/groupevolution.com\\\/values\\\/\",\"url\":\"https:\\\/\\\/groupevolution.com\\\/values\\\/\",\"name\":\"Values - Group Evolution\",\"isPartOf\":{\"@id\":\"https:\\\/\\\/groupevolution.com\\\/#website\"},\"datePublished\":\"2017-11-28T12:36:36+00:00\",\"dateModified\":\"2025-09-18T14:03:36+00:00\",\"breadcrumb\":{\"@id\":\"https:\\\/\\\/groupevolution.com\\\/values\\\/#breadcrumb\"},\"inLanguage\":\"fr-FR\",\"potentialAction\":[{\"@type\":\"ReadAction\",\"target\":[\"https:\\\/\\\/groupevolution.com\\\/values\\\/\"]}]},{\"@type\":\"BreadcrumbList\",\"@id\":\"https:\\\/\\\/groupevolution.com\\\/values\\\/#breadcrumb\",\"itemListElement\":[{\"@type\":\"ListItem\",\"position\":1,\"name\":\"Home\",\"item\":\"https:\\\/\\\/groupevolution.com\\\/\"},{\"@type\":\"ListItem\",\"position\":2,\"name\":\"Values\"}]},{\"@type\":\"WebSite\",\"@id\":\"https:\\\/\\\/groupevolution.com\\\/#website\",\"url\":\"https:\\\/\\\/groupevolution.com\\\/\",\"name\":\"www.groupevolution.com\",\"description\":\"Luxury Retreats &amp; Performance Services\",\"publisher\":{\"@id\":\"https:\\\/\\\/groupevolution.com\\\/#organization\"},\"potentialAction\":[{\"@type\":\"SearchAction\",\"target\":{\"@type\":\"EntryPoint\",\"urlTemplate\":\"https:\\\/\\\/groupevolution.com\\\/?s={search_term_string}\"},\"query-input\":{\"@type\":\"PropertyValueSpecification\",\"valueRequired\":true,\"valueName\":\"search_term_string\"}}],\"inLanguage\":\"fr-FR\"},{\"@type\":\"Organization\",\"@id\":\"https:\\\/\\\/groupevolution.com\\\/#organization\",\"name\":\"Group Evolution\",\"url\":\"https:\\\/\\\/groupevolution.com\\\/\",\"logo\":{\"@type\":\"ImageObject\",\"inLanguage\":\"fr-FR\",\"@id\":\"https:\\\/\\\/groupevolution.com\\\/#\\\/schema\\\/logo\\\/image\\\/\",\"url\":\"https:\\\/\\\/groupevolution.com\\\/wp-content\\\/uploads\\\/2025\\\/09\\\/Group_Evolution_Retreats_Primary_Logo_RGB_GOLD_FA_HR-e1759242659989.png\",\"contentUrl\":\"https:\\\/\\\/groupevolution.com\\\/wp-content\\\/uploads\\\/2025\\\/09\\\/Group_Evolution_Retreats_Primary_Logo_RGB_GOLD_FA_HR-e1759242659989.png\",\"width\":182,\"height\":54,\"caption\":\"Group Evolution\"},\"image\":{\"@id\":\"https:\\\/\\\/groupevolution.com\\\/#\\\/schema\\\/logo\\\/image\\\/\"},\"sameAs\":[\"https:\\\/\\\/www.facebook.com\\\/groupevolutionretreats\",\"https:\\\/\\\/x.com\\\/groupevolution_\",\"https:\\\/\\\/www.instagram.com\\\/group_evolution\\\/\",\"https:\\\/\\\/www.tiktok.com\\\/@groupevolutionretreats\",\"https:\\\/\\\/www.youtube.com\\\/channel\\\/UCDsSBQ_yMhe5zjVp6AbpwzA\\\/featured?view_as=subscriber\"]}]}<\/script>\n<!-- \/ Yoast SEO Premium plugin. -->","yoast_head_json":{"title":"Valeurs - \u00c9volution du groupe","robots":{"index":"index","follow":"follow","max-snippet":"max-snippet:-1","max-image-preview":"max-image-preview:large","max-video-preview":"max-video-preview:-1"},"canonical":"https:\/\/groupevolution.com\/fr\/values\/","og_locale":"fr_FR","og_type":"article","og_title":"Values","og_description":"we learn, we evolve, we care our values Our Community We engage fully with each of our communities &#8211; our member community, client community and local community &#8211; both in the UK and France. We aim to facilitate the creation of thriving &#8216;collectives&#8217; that grow within each of their areas of interest, as they become&hellip;","og_url":"https:\/\/groupevolution.com\/fr\/values\/","og_site_name":"Group Evolution","article_publisher":"https:\/\/www.facebook.com\/groupevolutionretreats","article_modified_time":"2025-09-18T14:03:36+00:00","twitter_card":"summary_large_image","twitter_site":"@groupevolution_","twitter_misc":{"Dur\u00e9e de lecture estim\u00e9e":"3 minutes"},"schema":{"@context":"https:\/\/schema.org","@graph":[{"@type":"WebPage","@id":"https:\/\/groupevolution.com\/values\/","url":"https:\/\/groupevolution.com\/values\/","name":"Valeurs - \u00c9volution du groupe","isPartOf":{"@id":"https:\/\/groupevolution.com\/#website"},"datePublished":"2017-11-28T12:36:36+00:00","dateModified":"2025-09-18T14:03:36+00:00","breadcrumb":{"@id":"https:\/\/groupevolution.com\/values\/#breadcrumb"},"inLanguage":"fr-FR","potentialAction":[{"@type":"ReadAction","target":["https:\/\/groupevolution.com\/values\/"]}]},{"@type":"BreadcrumbList","@id":"https:\/\/groupevolution.com\/values\/#breadcrumb","itemListElement":[{"@type":"ListItem","position":1,"name":"Home","item":"https:\/\/groupevolution.com\/"},{"@type":"ListItem","position":2,"name":"Values"}]},{"@type":"WebSite","@id":"https:\/\/groupevolution.com\/#website","url":"https:\/\/groupevolution.com\/","name":"www.groupevolution.com","description":"Luxury Retreats &amp; Performance Services","publisher":{"@id":"https:\/\/groupevolution.com\/#organization"},"potentialAction":[{"@type":"SearchAction","target":{"@type":"EntryPoint","urlTemplate":"https:\/\/groupevolution.com\/?s={search_term_string}"},"query-input":{"@type":"PropertyValueSpecification","valueRequired":true,"valueName":"search_term_string"}}],"inLanguage":"fr-FR"},{"@type":"Organization","@id":"https:\/\/groupevolution.com\/#organization","name":"\u00c9volution du groupe","url":"https:\/\/groupevolution.com\/","logo":{"@type":"ImageObject","inLanguage":"fr-FR","@id":"https:\/\/groupevolution.com\/#\/schema\/logo\/image\/","url":"https:\/\/groupevolution.com\/wp-content\/uploads\/2025\/09\/Group_Evolution_Retreats_Primary_Logo_RGB_GOLD_FA_HR-e1759242659989.png","contentUrl":"https:\/\/groupevolution.com\/wp-content\/uploads\/2025\/09\/Group_Evolution_Retreats_Primary_Logo_RGB_GOLD_FA_HR-e1759242659989.png","width":182,"height":54,"caption":"Group Evolution"},"image":{"@id":"https:\/\/groupevolution.com\/#\/schema\/logo\/image\/"},"sameAs":["https:\/\/www.facebook.com\/groupevolutionretreats","https:\/\/x.com\/groupevolution_","https:\/\/www.instagram.com\/group_evolution\/","https:\/\/www.tiktok.com\/@groupevolutionretreats","https:\/\/www.youtube.com\/channel\/UCDsSBQ_yMhe5zjVp6AbpwzA\/featured?view_as=subscriber"]}]}},"jetpack_sharing_enabled":true,"_links":{"self":[{"href":"https:\/\/groupevolution.com\/fr\/wp-json\/wp\/v2\/pages\/330","targetHints":{"allow":["GET"]}}],"collection":[{"href":"https:\/\/groupevolution.com\/fr\/wp-json\/wp\/v2\/pages"}],"about":[{"href":"https:\/\/groupevolution.com\/fr\/wp-json\/wp\/v2\/types\/page"}],"author":[{"embeddable":true,"href":"https:\/\/groupevolution.com\/fr\/wp-json\/wp\/v2\/users\/1"}],"replies":[{"embeddable":true,"href":"https:\/\/groupevolution.com\/fr\/wp-json\/wp\/v2\/comments?post=330"}],"version-history":[{"count":43,"href":"https:\/\/groupevolution.com\/fr\/wp-json\/wp\/v2\/pages\/330\/revisions"}],"predecessor-version":[{"id":27423,"href":"https:\/\/groupevolution.com\/fr\/wp-json\/wp\/v2\/pages\/330\/revisions\/27423"}],"wp:attachment":[{"href":"https:\/\/groupevolution.com\/fr\/wp-json\/wp\/v2\/media?parent=330"}],"wp:term":[{"taxonomy":"category","embeddable":true,"href":"https:\/\/groupevolution.com\/fr\/wp-json\/wp\/v2\/categories?post=330"},{"taxonomy":"retreat-category","embeddable":true,"href":"https:\/\/groupevolution.com\/fr\/wp-json\/wp\/v2\/retreat-category?post=330"}],"curies":[{"name":"wp","href":"https:\/\/api.w.org\/{rel}","templated":true}]}}