{"id":22900,"date":"2023-01-16T08:26:11","date_gmt":"2023-01-16T08:26:11","guid":{"rendered":"https:\/\/groupevolution.com\/?page_id=22900"},"modified":"2025-09-11T12:29:13","modified_gmt":"2025-09-11T11:29:13","slug":"creative-escapes","status":"publish","type":"page","link":"https:\/\/groupevolution.com\/fr\/creative-escapes\/","title":{"rendered":"\u00c9chapp\u00e9es cr\u00e9atives"},"content":{"rendered":"<h3>DERNI\u00c8RES OFFRES<\/h3>\r\n<p><img decoding=\"async\" title=\"heroImageHome\" src=\"https:\/\/groupevolution.com\/wp-content\/uploads\/2017\/11\/heroImageHome-150x150.png\" alt=\"heroImageHome\" \/> <img decoding=\"async\" title=\"DSC_5741\" src=\"https:\/\/groupevolution.com\/wp-content\/uploads\/2018\/10\/DSC_5741-150x150.jpg\" alt=\"DSC_5741\" \/> <img decoding=\"async\" title=\"download\" src=\"https:\/\/groupevolution.com\/wp-content\/uploads\/2018\/01\/download-150x150.png\" alt=\"download\" \/><\/p>\r\n<h4>10% OFF pour les membres<\/h4>\r\n<p>Rejoignez notre communaut\u00e9 pour seulement 250 \u00a3 et b\u00e9n\u00e9ficiez de 10% sur tous nos services de performance et retraites ainsi que de nombreuses informations gratuites sur les formations.<\/p>\r\n<h4>Opter pour la durabilit\u00e9<\/h4>\r\n<p>Si vous vous rendez sur place en France, vous pouvez b\u00e9n\u00e9ficier de r\u00e9ductions pour le covoiturage et\/ou les voyages en train.<\/p>\r\n<h4>Remise anticip\u00e9e<\/h4>\r\n<p>Book your place before December and get 15% off. Use Code &#8216;<strong>EarlyBird2023<\/strong>&#8216;.<\/p>\r\n<p><a role=\"button\" href=\"https:\/\/groupevolution.com\/fr\/produit\/group-evolution-membership\/\" target=\"_self\" rel=\"noopener\"> REJOIGNEZ-NOUS <\/a> <a role=\"button\" href=\"https:\/\/groupevolution.com\/fr\/healthier-you-healthier-planet\/\" target=\"_self\" rel=\"noopener\"> EN SAVOIR PLUS <\/a> <a role=\"button\" href=\"https:\/\/groupevolution.com\/fr\/retreats-2__trashed\/achieveyourpotential\/\" target=\"_self\" rel=\"noopener\"> R\u00c9SERVER MA PLACE <\/a><\/p>\r\n<h3>RETRAITES \u00c0 VENIR<\/h3>\r\n<h3>FAIRE UNE DEMANDE<\/h3>\r\n<h3>\u00a0<\/h3>\r\n<p>Avis : JavaScript est requis pour ce contenu.<\/p>\r\n<!-- TODO: Move to Template File. -->","protected":false},"excerpt":{"rendered":"<p>LATEST OFFERS 10% OFF for members Join our community for just \u00a3250 and get 10% off all our performance services and retreats as well as loads of free training information. Opt for sustainability If you travel to our venue in France you can get discounts for car sharing and \/ or train travel. Early Bird&hellip;<\/p>","protected":false},"author":80,"featured_media":0,"parent":0,"menu_order":0,"comment_status":"closed","ping_status":"closed","template":"","meta":{"_acf_changed":false,"footnotes":""},"categories":[],"retreat-category":[185,142,186,187,184],"class_list":["post-22900","page","type-page","status-publish","hentry","retreat-category-adventure","retreat-category-creative-arts","retreat-category-literary-arts","retreat-category-performance-arts","retreat-category-visual-arts"],"acf":[],"yoast_head":"<!-- This site is optimized with the Yoast SEO Premium plugin v27.4 (Yoast SEO v27.4) - https:\/\/yoast.com\/product\/yoast-seo-premium-wordpress\/ -->\n<title>Creative Escapes - Group Evolution<\/title>\n<meta name=\"description\" content=\"Escape to the Chateau for our inspirational creative escapes. Unleash your creativity at our inspiring retreats in a breathtaking fairytale Chateau in the Pays de la Loire. Refocus, refine your skills, and reconnect with your passion in a tranquil, luxurious setting. Develop your literary talent in our creative writing workshops, elevate your blogging game at our social media weekends, or find your voice in our singing and instrumental retreats. Capture stunning moments with fine arts, crafts, and photography breaks, all guided by expert creatives and a dedicated professional team. With personalized support and a community of like-minded individuals, this is your chance to harness your potential and thrive.\" \/>\n<meta name=\"robots\" content=\"index, follow, max-snippet:-1, max-image-preview:large, max-video-preview:-1\" \/>\n<link rel=\"canonical\" href=\"https:\/\/groupevolution.com\/fr\/creative-escapes\/\" \/>\n<meta property=\"og:locale\" content=\"fr_FR\" \/>\n<meta property=\"og:type\" content=\"article\" \/>\n<meta property=\"og:title\" content=\"Creative Escapes\" \/>\n<meta property=\"og:description\" content=\"Escape to the Chateau for our inspirational creative escapes. Unleash your creativity at our inspiring retreats in a breathtaking fairytale Chateau in the Pays de la Loire. Refocus, refine your skills, and reconnect with your passion in a tranquil, luxurious setting. Develop your literary talent in our creative writing workshops, elevate your blogging game at our social media weekends, or find your voice in our singing and instrumental retreats. Capture stunning moments with fine arts, crafts, and photography breaks, all guided by expert creatives and a dedicated professional team. With personalized support and a community of like-minded individuals, this is your chance to harness your potential and thrive.\" \/>\n<meta property=\"og:url\" content=\"https:\/\/groupevolution.com\/fr\/creative-escapes\/\" \/>\n<meta property=\"og:site_name\" content=\"Group Evolution\" \/>\n<meta property=\"article:publisher\" content=\"https:\/\/www.facebook.com\/groupevolutionretreats\" \/>\n<meta property=\"article:modified_time\" content=\"2025-09-11T11:29:13+00:00\" \/>\n<meta property=\"og:image\" content=\"https:\/\/groupevolution.com\/wp-content\/uploads\/2017\/11\/heroImageHome-150x150.png\" \/>\n<meta name=\"twitter:card\" content=\"summary_large_image\" \/>\n<meta name=\"twitter:site\" content=\"@groupevolution_\" \/>\n<meta name=\"twitter:label1\" content=\"Dur\u00e9e de lecture estim\u00e9e\" \/>\n\t<meta name=\"twitter:data1\" content=\"6 minutes\" \/>\n<script type=\"application\/ld+json\" class=\"yoast-schema-graph\">{\"@context\":\"https:\\\/\\\/schema.org\",\"@graph\":[{\"@type\":\"WebPage\",\"@id\":\"https:\\\/\\\/groupevolution.com\\\/creative-escapes\\\/\",\"url\":\"https:\\\/\\\/groupevolution.com\\\/creative-escapes\\\/\",\"name\":\"Creative Escapes - Group Evolution\",\"isPartOf\":{\"@id\":\"https:\\\/\\\/groupevolution.com\\\/#website\"},\"primaryImageOfPage\":{\"@id\":\"https:\\\/\\\/groupevolution.com\\\/creative-escapes\\\/#primaryimage\"},\"image\":{\"@id\":\"https:\\\/\\\/groupevolution.com\\\/creative-escapes\\\/#primaryimage\"},\"thumbnailUrl\":\"https:\\\/\\\/groupevolution.com\\\/wp-content\\\/uploads\\\/2017\\\/11\\\/heroImageHome-150x150.png\",\"datePublished\":\"2023-01-16T08:26:11+00:00\",\"dateModified\":\"2025-09-11T11:29:13+00:00\",\"description\":\"Escape to the Chateau for our inspirational creative escapes. Unleash your creativity at our inspiring retreats in a breathtaking fairytale Chateau in the Pays de la Loire. Refocus, refine your skills, and reconnect with your passion in a tranquil, luxurious setting. Develop your literary talent in our creative writing workshops, elevate your blogging game at our social media weekends, or find your voice in our singing and instrumental retreats. Capture stunning moments with fine arts, crafts, and photography breaks, all guided by expert creatives and a dedicated professional team. With personalized support and a community of like-minded individuals, this is your chance to harness your potential and thrive.\",\"breadcrumb\":{\"@id\":\"https:\\\/\\\/groupevolution.com\\\/creative-escapes\\\/#breadcrumb\"},\"inLanguage\":\"fr-FR\",\"potentialAction\":[{\"@type\":\"ReadAction\",\"target\":[\"https:\\\/\\\/groupevolution.com\\\/creative-escapes\\\/\"]}]},{\"@type\":\"ImageObject\",\"inLanguage\":\"fr-FR\",\"@id\":\"https:\\\/\\\/groupevolution.com\\\/creative-escapes\\\/#primaryimage\",\"url\":\"https:\\\/\\\/groupevolution.com\\\/wp-content\\\/uploads\\\/2017\\\/11\\\/heroImageHome-150x150.png\",\"contentUrl\":\"https:\\\/\\\/groupevolution.com\\\/wp-content\\\/uploads\\\/2017\\\/11\\\/heroImageHome-150x150.png\"},{\"@type\":\"BreadcrumbList\",\"@id\":\"https:\\\/\\\/groupevolution.com\\\/creative-escapes\\\/#breadcrumb\",\"itemListElement\":[{\"@type\":\"ListItem\",\"position\":1,\"name\":\"Home\",\"item\":\"https:\\\/\\\/groupevolution.com\\\/\"},{\"@type\":\"ListItem\",\"position\":2,\"name\":\"Creative Escapes\"}]},{\"@type\":\"WebSite\",\"@id\":\"https:\\\/\\\/groupevolution.com\\\/#website\",\"url\":\"https:\\\/\\\/groupevolution.com\\\/\",\"name\":\"www.groupevolution.com\",\"description\":\"Luxury Retreats &amp; Performance Services\",\"publisher\":{\"@id\":\"https:\\\/\\\/groupevolution.com\\\/#organization\"},\"potentialAction\":[{\"@type\":\"SearchAction\",\"target\":{\"@type\":\"EntryPoint\",\"urlTemplate\":\"https:\\\/\\\/groupevolution.com\\\/?s={search_term_string}\"},\"query-input\":{\"@type\":\"PropertyValueSpecification\",\"valueRequired\":true,\"valueName\":\"search_term_string\"}}],\"inLanguage\":\"fr-FR\"},{\"@type\":\"Organization\",\"@id\":\"https:\\\/\\\/groupevolution.com\\\/#organization\",\"name\":\"Group Evolution\",\"url\":\"https:\\\/\\\/groupevolution.com\\\/\",\"logo\":{\"@type\":\"ImageObject\",\"inLanguage\":\"fr-FR\",\"@id\":\"https:\\\/\\\/groupevolution.com\\\/#\\\/schema\\\/logo\\\/image\\\/\",\"url\":\"https:\\\/\\\/groupevolution.com\\\/wp-content\\\/uploads\\\/2025\\\/09\\\/Group_Evolution_Retreats_Primary_Logo_RGB_GOLD_FA_HR-e1759242659989.png\",\"contentUrl\":\"https:\\\/\\\/groupevolution.com\\\/wp-content\\\/uploads\\\/2025\\\/09\\\/Group_Evolution_Retreats_Primary_Logo_RGB_GOLD_FA_HR-e1759242659989.png\",\"width\":182,\"height\":54,\"caption\":\"Group Evolution\"},\"image\":{\"@id\":\"https:\\\/\\\/groupevolution.com\\\/#\\\/schema\\\/logo\\\/image\\\/\"},\"sameAs\":[\"https:\\\/\\\/www.facebook.com\\\/groupevolutionretreats\",\"https:\\\/\\\/x.com\\\/groupevolution_\",\"https:\\\/\\\/www.instagram.com\\\/group_evolution\\\/\",\"https:\\\/\\\/www.tiktok.com\\\/@groupevolutionretreats\",\"https:\\\/\\\/www.youtube.com\\\/channel\\\/UCDsSBQ_yMhe5zjVp6AbpwzA\\\/featured?view_as=subscriber\"]}]}<\/script>\n<!-- \/ Yoast SEO Premium plugin. -->","yoast_head_json":{"title":"Creative Escapes - Group Evolution","description":"Escape to the Chateau for our inspirational creative escapes. Unleash your creativity at our inspiring retreats in a breathtaking fairytale Chateau in the Pays de la Loire. Refocus, refine your skills, and reconnect with your passion in a tranquil, luxurious setting. Develop your literary talent in our creative writing workshops, elevate your blogging game at our social media weekends, or find your voice in our singing and instrumental retreats. Capture stunning moments with fine arts, crafts, and photography breaks, all guided by expert creatives and a dedicated professional team. With personalized support and a community of like-minded individuals, this is your chance to harness your potential and thrive.","robots":{"index":"index","follow":"follow","max-snippet":"max-snippet:-1","max-image-preview":"max-image-preview:large","max-video-preview":"max-video-preview:-1"},"canonical":"https:\/\/groupevolution.com\/fr\/creative-escapes\/","og_locale":"fr_FR","og_type":"article","og_title":"Creative Escapes","og_description":"Escape to the Chateau for our inspirational creative escapes. Unleash your creativity at our inspiring retreats in a breathtaking fairytale Chateau in the Pays de la Loire. Refocus, refine your skills, and reconnect with your passion in a tranquil, luxurious setting. Develop your literary talent in our creative writing workshops, elevate your blogging game at our social media weekends, or find your voice in our singing and instrumental retreats. Capture stunning moments with fine arts, crafts, and photography breaks, all guided by expert creatives and a dedicated professional team. With personalized support and a community of like-minded individuals, this is your chance to harness your potential and thrive.","og_url":"https:\/\/groupevolution.com\/fr\/creative-escapes\/","og_site_name":"Group Evolution","article_publisher":"https:\/\/www.facebook.com\/groupevolutionretreats","article_modified_time":"2025-09-11T11:29:13+00:00","og_image":[{"url":"https:\/\/groupevolution.com\/wp-content\/uploads\/2017\/11\/heroImageHome-150x150.png","type":"","width":"","height":""}],"twitter_card":"summary_large_image","twitter_site":"@groupevolution_","twitter_misc":{"Dur\u00e9e de lecture estim\u00e9e":"6 minutes"},"schema":{"@context":"https:\/\/schema.org","@graph":[{"@type":"WebPage","@id":"https:\/\/groupevolution.com\/creative-escapes\/","url":"https:\/\/groupevolution.com\/creative-escapes\/","name":"Creative Escapes - Group Evolution","isPartOf":{"@id":"https:\/\/groupevolution.com\/#website"},"primaryImageOfPage":{"@id":"https:\/\/groupevolution.com\/creative-escapes\/#primaryimage"},"image":{"@id":"https:\/\/groupevolution.com\/creative-escapes\/#primaryimage"},"thumbnailUrl":"https:\/\/groupevolution.com\/wp-content\/uploads\/2017\/11\/heroImageHome-150x150.png","datePublished":"2023-01-16T08:26:11+00:00","dateModified":"2025-09-11T11:29:13+00:00","description":"Escape to the Chateau for our inspirational creative escapes. Unleash your creativity at our inspiring retreats in a breathtaking fairytale Chateau in the Pays de la Loire. Refocus, refine your skills, and reconnect with your passion in a tranquil, luxurious setting. Develop your literary talent in our creative writing workshops, elevate your blogging game at our social media weekends, or find your voice in our singing and instrumental retreats. Capture stunning moments with fine arts, crafts, and photography breaks, all guided by expert creatives and a dedicated professional team. With personalized support and a community of like-minded individuals, this is your chance to harness your potential and thrive.","breadcrumb":{"@id":"https:\/\/groupevolution.com\/creative-escapes\/#breadcrumb"},"inLanguage":"fr-FR","potentialAction":[{"@type":"ReadAction","target":["https:\/\/groupevolution.com\/creative-escapes\/"]}]},{"@type":"ImageObject","inLanguage":"fr-FR","@id":"https:\/\/groupevolution.com\/creative-escapes\/#primaryimage","url":"https:\/\/groupevolution.com\/wp-content\/uploads\/2017\/11\/heroImageHome-150x150.png","contentUrl":"https:\/\/groupevolution.com\/wp-content\/uploads\/2017\/11\/heroImageHome-150x150.png"},{"@type":"BreadcrumbList","@id":"https:\/\/groupevolution.com\/creative-escapes\/#breadcrumb","itemListElement":[{"@type":"ListItem","position":1,"name":"Home","item":"https:\/\/groupevolution.com\/"},{"@type":"ListItem","position":2,"name":"Creative Escapes"}]},{"@type":"WebSite","@id":"https:\/\/groupevolution.com\/#website","url":"https:\/\/groupevolution.com\/","name":"www.groupevolution.com","description":"Luxury Retreats &amp; Performance Services","publisher":{"@id":"https:\/\/groupevolution.com\/#organization"},"potentialAction":[{"@type":"SearchAction","target":{"@type":"EntryPoint","urlTemplate":"https:\/\/groupevolution.com\/?s={search_term_string}"},"query-input":{"@type":"PropertyValueSpecification","valueRequired":true,"valueName":"search_term_string"}}],"inLanguage":"fr-FR"},{"@type":"Organization","@id":"https:\/\/groupevolution.com\/#organization","name":"\u00c9volution du groupe","url":"https:\/\/groupevolution.com\/","logo":{"@type":"ImageObject","inLanguage":"fr-FR","@id":"https:\/\/groupevolution.com\/#\/schema\/logo\/image\/","url":"https:\/\/groupevolution.com\/wp-content\/uploads\/2025\/09\/Group_Evolution_Retreats_Primary_Logo_RGB_GOLD_FA_HR-e1759242659989.png","contentUrl":"https:\/\/groupevolution.com\/wp-content\/uploads\/2025\/09\/Group_Evolution_Retreats_Primary_Logo_RGB_GOLD_FA_HR-e1759242659989.png","width":182,"height":54,"caption":"Group Evolution"},"image":{"@id":"https:\/\/groupevolution.com\/#\/schema\/logo\/image\/"},"sameAs":["https:\/\/www.facebook.com\/groupevolutionretreats","https:\/\/x.com\/groupevolution_","https:\/\/www.instagram.com\/group_evolution\/","https:\/\/www.tiktok.com\/@groupevolutionretreats","https:\/\/www.youtube.com\/channel\/UCDsSBQ_yMhe5zjVp6AbpwzA\/featured?view_as=subscriber"]}]}},"jetpack_sharing_enabled":true,"_links":{"self":[{"href":"https:\/\/groupevolution.com\/fr\/wp-json\/wp\/v2\/pages\/22900","targetHints":{"allow":["GET"]}}],"collection":[{"href":"https:\/\/groupevolution.com\/fr\/wp-json\/wp\/v2\/pages"}],"about":[{"href":"https:\/\/groupevolution.com\/fr\/wp-json\/wp\/v2\/types\/page"}],"author":[{"embeddable":true,"href":"https:\/\/groupevolution.com\/fr\/wp-json\/wp\/v2\/users\/80"}],"replies":[{"embeddable":true,"href":"https:\/\/groupevolution.com\/fr\/wp-json\/wp\/v2\/comments?post=22900"}],"version-history":[{"count":11,"href":"https:\/\/groupevolution.com\/fr\/wp-json\/wp\/v2\/pages\/22900\/revisions"}],"predecessor-version":[{"id":27282,"href":"https:\/\/groupevolution.com\/fr\/wp-json\/wp\/v2\/pages\/22900\/revisions\/27282"}],"wp:attachment":[{"href":"https:\/\/groupevolution.com\/fr\/wp-json\/wp\/v2\/media?parent=22900"}],"wp:term":[{"taxonomy":"category","embeddable":true,"href":"https:\/\/groupevolution.com\/fr\/wp-json\/wp\/v2\/categories?post=22900"},{"taxonomy":"retreat-category","embeddable":true,"href":"https:\/\/groupevolution.com\/fr\/wp-json\/wp\/v2\/retreat-category?post=22900"}],"curies":[{"name":"wp","href":"https:\/\/api.w.org\/{rel}","templated":true}]}}