{"id":21421,"date":"2021-10-18T10:36:34","date_gmt":"2021-10-18T09:36:34","guid":{"rendered":"https:\/\/groupevolution.com\/?page_id=21421"},"modified":"2025-09-09T20:27:40","modified_gmt":"2025-09-09T19:27:40","slug":"writemore","status":"publish","type":"page","link":"https:\/\/groupevolution.com\/fr\/creative\/writemore\/","title":{"rendered":"Write More"},"content":{"rendered":"<h3>\r\n\t\t\twrite. write more\t<\/h3>\r\n<h2>\r\n\t\t\tcreative writing retreat\t<\/h2>\r\n\t<p>Led by leading authors, literary agents and creative editors, attendees will benefit from daily writing workshops, critiques of retreat assignments, and focused one-on-one critique and discussion sessions on one of their works-in-progress.\u00a0Enjoy hands-on tutoring from published authors and lively literary discussions in the splendour of our nineteenth century Chateau in the Loire. Acceptance on our retreats is not just on a first-come, first-served basis but also subject to vetting via a pre-camp questionnaire and discussion with our team.<\/p>\r\n<p>Explore your creativity in the unique setting that is Chateau de la Motte Henry &#8211; cut off from the world and all its stresses, immersed in nature and surrounded by wildlife.\u00a0 In the tranquility of our Chateau and the surrounding wonders of the Loire, you will stay in luxurious, boutique style accommodation and enjoy delicious homemade food. There will be plenty of time to focus on your own work, relax in our grounds and explore the charm, beauty and heritage of the Pays de la Loire.<\/p>\r\n\r\n\t\t\t<a href=\"#retreats-calendar\" target=\"_self\">\r\n\t\t\t\t\t\t\tRES\u00c9RVEZ\r\n\t\t\t\t\t<\/a>\r\n<h3>\r\n\t\t\tWHAT&#8217;S INCLUDED\t<\/h3>\r\n<h4>\r\n\t\t\tO\u00d9 TOUT EST PENS\u00c9 POUR VOTRE BIEN-\u00caTRE\t<\/h4>\r\n\t<p>Luxurious en-suite accommodation in the recently refurbished, &#8216;fairytale&#8217; Chateau de la Motte Henry<\/p>\r\n<p>Un menu nutritif, sp\u00e9cialement con\u00e7u, comprenant 3 repas par jour, des en-cas faciles \u00e0 trouver et toutes les boissons<\/p>\r\n<p>Great social and relaxation areas &#8211; lakeside decking, walled garden, woodland paths, secret picnic spots<\/p>\r\n<p>Carbon offset of your trip to see us, paid for by us<\/p>\r\n<p>Comprehensive Covid refund policy, if your attendance is rendered impossible due to Covid.<\/p>\r\n<p>&nbsp;<\/p>\r\n<p>&nbsp;<\/p>\r\n\t<p>Ready access to explore your ideas with our host, Leigh Russell, a published author experienced in nurturing a love of reading and writing<\/p>\r\n<p>Initial Skype or phone consultation to introduce ourselves, discuss our approach and your objectives<\/p>\r\n<p>Informative group and small group discussions and creative writing practice<\/p>\r\n<p>Time to reflect and relax in comfort, with excursions to local places of interest<\/p>\r\n<p>&nbsp;<\/p>\r\n<h3>\r\n\t\t\tLE LIEU\t<\/h3>\r\n\t<p>Le ch\u00e2teau de la Motte Henry est un magnifique ch\u00e2teau du 19eme si\u00e8cle<sup>th<\/sup> Century Chateau set in over 9 hectares of glorious parkland in the Pays de la Loire. Easy to get to from the UK and mainland Europe, the Chateau is equipped with first class health, fitness and leisure facilities to allow guests to relax and reenergise. The spacious accommodation remains true to the Chateau&#8217;s heritage, updated for modern convenience.<\/p>\r\n<p><a href=\"\/fr\/venue\/\">Voir le lieu<\/a><\/p>\r\n<h3>\r\n\t\t\tUNE ALIMENTATION SAINE ET NUTRITIVE\t<\/h3>\r\n<h2>\r\n\t\t\tPR\u00c9PAR\u00c9 AVEC AMOUR\t<\/h2>\r\n\t<p>Notre nutritionniste et notre chef ont con\u00e7u un menu attrayant et d\u00e9licieux, \u00e0 base de produits locaux et biologiques. Nous servons des aliments biologiques de la plus haute qualit\u00e9, provenant de la r\u00e9gion, afin de produire un menu \u00e9nergisant et d\u00e9toxifiant tout au long de votre s\u00e9jour. Les v\u00e9g\u00e9tariens et les v\u00e9g\u00e9taliens sont les bienvenus.<\/p>\r\n<h4>\r\n\t\t\tEXEMPLE DE MENU\t<\/h4>\r\n\t\t\t\t<img decoding=\"async\" src=\"https:\/\/groupevolution.com\/wp-content\/uploads\/2017\/12\/MenuFood33.1-350x200.jpg\" alt=\"Two glasses of yogurt parfaits topped with granola are centered, with a spoon and fork on a napkin between them. A pink smoothie with a strawberry and a green smoothie with an orange slice are on opposite sides, set on a white tablecloth.\" itemprop=\"image\" title=\"MenuFood33.1\" onerror=\"this.style.display='none'\" loading=\"lazy\" \/>\r\n<h4>\r\n\t\t\tPETIT D\u00c9JEUNER\t<\/h4>\r\n\t<p>Granola artisanal Signature<\/p>\r\n<p>Plateau de fruits frais<\/p>\r\n<p>\u0152ufs brouill\u00e9s \u00e0 la truite fum\u00e9e et \u00e0 l'aneth<\/p>\r\n<p>Pots de bouleau \u00e0 graines d'avoine et de chia avec des baies m\u00e9lang\u00e9es<\/p>\r\n<p>R\u00e9veillez-vous avec des smoothies \u00e9nergisants<\/p>\r\n<p>Jus d'orange et de pamplemousse rose frais<\/p>\r\n\t\t\t\t<img decoding=\"async\" src=\"https:\/\/groupevolution.com\/wp-content\/uploads\/2017\/12\/MenuFood30.1-350x200.jpg\" alt=\"A white plate with grilled chicken topped with melted cheese and spinach, accompanied by a tomato and avocado salad, and a lentil salad with feta cheese.\" itemprop=\"image\" title=\"MenuFood30.1\" onerror=\"this.style.display='none'\" loading=\"lazy\" \/>\r\n<h4>\r\n\t\t\tD\u00c9JEUNER\t<\/h4>\r\n\t<p>Poitrine de dinde \u00e9pic\u00e9e marocaine<\/p>\r\n<p>Guacamole<\/p>\r\n<p>Lentille du Puy, tomate s\u00e9ch\u00e9e et salade de feta<\/p>\r\n<p>Salade de concombres et de tomates \u00e0 la menthe<\/p>\r\n<p>Couscous aux pois chiches et grenade<\/p>\r\n<p>Salade verte <\/p>\r\n\t\t\t\t<img decoding=\"async\" src=\"https:\/\/groupevolution.com\/wp-content\/uploads\/2017\/12\/MenuFood6.1-350x200.jpg\" alt=\"A white bowl filled with vibrant orange tomato soup sits on a cream-colored tablecloth. The soup is garnished with fresh basil leaves. A spoon is placed on a folded napkin next to the bowl.\" itemprop=\"image\" title=\"MenuFood6.1\" onerror=\"this.style.display='none'\" loading=\"lazy\" \/>\r\n<h4>\r\n\t\t\tDINER\t<\/h4>\r\n\t<p>Soupe aux tomates r\u00f4ties et au basilic<\/p>\r\n<p>G\u00e2teaux de patate douce et de haddock d'Am\u00e9rique du Sud, sauce au citron et au thym<\/p>\r\n<p>\u00c9pinards fan\u00e9s<\/p>\r\n<p>Haricots verts<\/p>\r\n<p>Carottes glac\u00e9es<\/p>\r\n<p>Framboise et chia en pot<\/p>\r\n<h3  id=\"customlistingsBooking\">\r\n\t\t\tRETRAITES \u00c0 VENIR\t<\/h3>\r\n<h3  id=\"letsconnect\">\r\n\t\t\tFAIRE UNE DEMANDE\t<\/h3>\r\n\t\r\n\t\r\n\tAvis : JavaScript est requis pour ce contenu.\r\n        <!-- That data is being printed as a workaround to page builders reordering the order of the scripts loaded-->","protected":false},"excerpt":{"rendered":"<p>write. write more creative writing retreat Led by leading authors, literary agents and creative editors, attendees will benefit from daily writing workshops, critiques of retreat assignments, and focused one-on-one critique and discussion sessions on one of their works-in-progress.\u00a0Enjoy hands-on tutoring from published authors and lively literary discussions in the splendour of our nineteenth century Chateau&hellip;<\/p>","protected":false},"author":3,"featured_media":21424,"parent":26172,"menu_order":0,"comment_status":"closed","ping_status":"closed","template":"","meta":{"_acf_changed":false,"footnotes":""},"categories":[],"retreat-category":[142,141],"class_list":["post-21421","page","type-page","status-publish","has-post-thumbnail","hentry","retreat-category-creative-arts","retreat-category-write-write-more"],"acf":[],"yoast_head":"<!-- This site is optimized with the Yoast SEO Premium plugin v27.4 (Yoast SEO v27.4) - https:\/\/yoast.com\/product\/yoast-seo-premium-wordpress\/ -->\n<title>Write More - Group Evolution<\/title>\n<meta name=\"description\" content=\"Relax and pause for thought at our &#039;fairytale&#039; Chateau. Hone your skills with informative group discussions, 1-1 consultations and guided learning, all hosted by published authors, experienced in nurturing aspiring talent. At the same time benefit from taking some time out in the company of like-minded individuals.\" \/>\n<meta name=\"robots\" content=\"index, follow, max-snippet:-1, max-image-preview:large, max-video-preview:-1\" \/>\n<link rel=\"canonical\" href=\"https:\/\/groupevolution.com\/fr\/creative\/writemore\/\" \/>\n<meta property=\"og:locale\" content=\"fr_FR\" \/>\n<meta property=\"og:type\" content=\"article\" \/>\n<meta property=\"og:title\" content=\"Embrace Change\" \/>\n<meta property=\"og:description\" content=\"Relax at our &#039;fairytale&#039; Chateau and enjoy delicious and nutritious meals, informative group seminars, therapeutic exercise classes and enjoyable local excursions. At the same time you will benefit from personal therapy, a nutritional consultation and a physical fitness review. We aim for you to leave happy, healthy and positive, with great memories and &#039;informed wellbeing&#039;.\" \/>\n<meta property=\"og:url\" content=\"https:\/\/groupevolution.com\/fr\/creative\/writemore\/\" \/>\n<meta property=\"og:site_name\" content=\"Group Evolution\" \/>\n<meta property=\"article:publisher\" content=\"https:\/\/www.facebook.com\/groupevolutionretreats\" \/>\n<meta property=\"article:modified_time\" content=\"2025-09-09T19:27:40+00:00\" \/>\n<meta property=\"og:image\" content=\"https:\/\/groupevolution.com\/wp-content\/uploads\/2019\/07\/image00042-1024x1024.jpeg\" \/>\n\t<meta property=\"og:image:width\" content=\"1024\" \/>\n\t<meta property=\"og:image:height\" content=\"1024\" \/>\n\t<meta property=\"og:image:type\" content=\"image\/jpeg\" \/>\n<meta name=\"twitter:card\" content=\"summary_large_image\" \/>\n<meta name=\"twitter:title\" content=\"Embrace Change\" \/>\n<meta name=\"twitter:description\" content=\"Relax at our &#039;fairytale&#039; Chateau and enjoy delicious and nutritious meals, informative group seminars, therapeutic exercise classes and local excursions. At the same time you will benefit from personal therapy, a nutritional consultation and a physical fitness review. We aim for you to leave happy, healthy and positive, with great memories and &#039;informed wellbeing&#039;.\" \/>\n<meta name=\"twitter:image\" content=\"https:\/\/groupevolution.com\/wp-content\/uploads\/2019\/07\/image00042.jpeg\" \/>\n<meta name=\"twitter:site\" content=\"@groupevolution_\" \/>\n<meta name=\"twitter:label1\" content=\"Dur\u00e9e de lecture estim\u00e9e\" \/>\n\t<meta name=\"twitter:data1\" content=\"3 minutes\" \/>\n<script type=\"application\/ld+json\" class=\"yoast-schema-graph\">{\"@context\":\"https:\\\/\\\/schema.org\",\"@graph\":[{\"@type\":\"WebPage\",\"@id\":\"https:\\\/\\\/groupevolution.com\\\/creative\\\/writemore\\\/\",\"url\":\"https:\\\/\\\/groupevolution.com\\\/creative\\\/writemore\\\/\",\"name\":\"Write More - Group Evolution\",\"isPartOf\":{\"@id\":\"https:\\\/\\\/groupevolution.com\\\/#website\"},\"primaryImageOfPage\":{\"@id\":\"https:\\\/\\\/groupevolution.com\\\/creative\\\/writemore\\\/#primaryimage\"},\"image\":{\"@id\":\"https:\\\/\\\/groupevolution.com\\\/creative\\\/writemore\\\/#primaryimage\"},\"thumbnailUrl\":\"https:\\\/\\\/groupevolution.com\\\/wp-content\\\/uploads\\\/2021\\\/10\\\/shutterstock_658438873-scaled.jpg\",\"datePublished\":\"2021-10-18T09:36:34+00:00\",\"dateModified\":\"2025-09-09T19:27:40+00:00\",\"description\":\"Relax and pause for thought at our 'fairytale' Chateau. Hone your skills with informative group discussions, 1-1 consultations and guided learning, all hosted by published authors, experienced in nurturing aspiring talent. At the same time benefit from taking some time out in the company of like-minded individuals.\",\"breadcrumb\":{\"@id\":\"https:\\\/\\\/groupevolution.com\\\/creative\\\/writemore\\\/#breadcrumb\"},\"inLanguage\":\"fr-FR\",\"potentialAction\":[{\"@type\":\"ReadAction\",\"target\":[\"https:\\\/\\\/groupevolution.com\\\/creative\\\/writemore\\\/\"]}]},{\"@type\":\"ImageObject\",\"inLanguage\":\"fr-FR\",\"@id\":\"https:\\\/\\\/groupevolution.com\\\/creative\\\/writemore\\\/#primaryimage\",\"url\":\"https:\\\/\\\/groupevolution.com\\\/wp-content\\\/uploads\\\/2021\\\/10\\\/shutterstock_658438873-scaled.jpg\",\"contentUrl\":\"https:\\\/\\\/groupevolution.com\\\/wp-content\\\/uploads\\\/2021\\\/10\\\/shutterstock_658438873-scaled.jpg\",\"width\":2560,\"height\":1706,\"caption\":\"A person sitting on grass, writing in a notebook with a pen on a creative writing retreat. They're facing away, wearing glasses and a white shirt. A bicycle with a wicker basket is nearby. Sunlight filters through trees in the background.\"},{\"@type\":\"BreadcrumbList\",\"@id\":\"https:\\\/\\\/groupevolution.com\\\/creative\\\/writemore\\\/#breadcrumb\",\"itemListElement\":[{\"@type\":\"ListItem\",\"position\":1,\"name\":\"Home\",\"item\":\"https:\\\/\\\/groupevolution.com\\\/\"},{\"@type\":\"ListItem\",\"position\":2,\"name\":\"Creative\",\"item\":\"https:\\\/\\\/groupevolution.com\\\/creative\\\/\"},{\"@type\":\"ListItem\",\"position\":3,\"name\":\"Write More\"}]},{\"@type\":\"WebSite\",\"@id\":\"https:\\\/\\\/groupevolution.com\\\/#website\",\"url\":\"https:\\\/\\\/groupevolution.com\\\/\",\"name\":\"www.groupevolution.com\",\"description\":\"Luxury Retreats &amp; Performance Services\",\"publisher\":{\"@id\":\"https:\\\/\\\/groupevolution.com\\\/#organization\"},\"potentialAction\":[{\"@type\":\"SearchAction\",\"target\":{\"@type\":\"EntryPoint\",\"urlTemplate\":\"https:\\\/\\\/groupevolution.com\\\/?s={search_term_string}\"},\"query-input\":{\"@type\":\"PropertyValueSpecification\",\"valueRequired\":true,\"valueName\":\"search_term_string\"}}],\"inLanguage\":\"fr-FR\"},{\"@type\":\"Organization\",\"@id\":\"https:\\\/\\\/groupevolution.com\\\/#organization\",\"name\":\"Group Evolution\",\"url\":\"https:\\\/\\\/groupevolution.com\\\/\",\"logo\":{\"@type\":\"ImageObject\",\"inLanguage\":\"fr-FR\",\"@id\":\"https:\\\/\\\/groupevolution.com\\\/#\\\/schema\\\/logo\\\/image\\\/\",\"url\":\"https:\\\/\\\/groupevolution.com\\\/wp-content\\\/uploads\\\/2025\\\/09\\\/Group_Evolution_Retreats_Primary_Logo_RGB_GOLD_FA_HR-e1759242659989.png\",\"contentUrl\":\"https:\\\/\\\/groupevolution.com\\\/wp-content\\\/uploads\\\/2025\\\/09\\\/Group_Evolution_Retreats_Primary_Logo_RGB_GOLD_FA_HR-e1759242659989.png\",\"width\":182,\"height\":54,\"caption\":\"Group Evolution\"},\"image\":{\"@id\":\"https:\\\/\\\/groupevolution.com\\\/#\\\/schema\\\/logo\\\/image\\\/\"},\"sameAs\":[\"https:\\\/\\\/www.facebook.com\\\/groupevolutionretreats\",\"https:\\\/\\\/x.com\\\/groupevolution_\",\"https:\\\/\\\/www.instagram.com\\\/group_evolution\\\/\",\"https:\\\/\\\/www.tiktok.com\\\/@groupevolutionretreats\",\"https:\\\/\\\/www.youtube.com\\\/channel\\\/UCDsSBQ_yMhe5zjVp6AbpwzA\\\/featured?view_as=subscriber\"]}]}<\/script>\n<!-- \/ Yoast SEO Premium plugin. -->","yoast_head_json":{"title":"Write More - Group Evolution","description":"Relax and pause for thought at our 'fairytale' Chateau. Hone your skills with informative group discussions, 1-1 consultations and guided learning, all hosted by published authors, experienced in nurturing aspiring talent. At the same time benefit from taking some time out in the company of like-minded individuals.","robots":{"index":"index","follow":"follow","max-snippet":"max-snippet:-1","max-image-preview":"max-image-preview:large","max-video-preview":"max-video-preview:-1"},"canonical":"https:\/\/groupevolution.com\/fr\/creative\/writemore\/","og_locale":"fr_FR","og_type":"article","og_title":"Embrace Change","og_description":"Relax at our 'fairytale' Chateau and enjoy delicious and nutritious meals, informative group seminars, therapeutic exercise classes and enjoyable local excursions. At the same time you will benefit from personal therapy, a nutritional consultation and a physical fitness review. We aim for you to leave happy, healthy and positive, with great memories and 'informed wellbeing'.","og_url":"https:\/\/groupevolution.com\/fr\/creative\/writemore\/","og_site_name":"Group Evolution","article_publisher":"https:\/\/www.facebook.com\/groupevolutionretreats","article_modified_time":"2025-09-09T19:27:40+00:00","og_image":[{"width":1024,"height":1024,"url":"https:\/\/groupevolution.com\/wp-content\/uploads\/2019\/07\/image00042-1024x1024.jpeg","type":"image\/jpeg"}],"twitter_card":"summary_large_image","twitter_title":"Embrace Change","twitter_description":"Relax at our 'fairytale' Chateau and enjoy delicious and nutritious meals, informative group seminars, therapeutic exercise classes and local excursions. At the same time you will benefit from personal therapy, a nutritional consultation and a physical fitness review. We aim for you to leave happy, healthy and positive, with great memories and 'informed wellbeing'.","twitter_image":"https:\/\/groupevolution.com\/wp-content\/uploads\/2019\/07\/image00042.jpeg","twitter_site":"@groupevolution_","twitter_misc":{"Dur\u00e9e de lecture estim\u00e9e":"3 minutes"},"schema":{"@context":"https:\/\/schema.org","@graph":[{"@type":"WebPage","@id":"https:\/\/groupevolution.com\/creative\/writemore\/","url":"https:\/\/groupevolution.com\/creative\/writemore\/","name":"Write More - Group Evolution","isPartOf":{"@id":"https:\/\/groupevolution.com\/#website"},"primaryImageOfPage":{"@id":"https:\/\/groupevolution.com\/creative\/writemore\/#primaryimage"},"image":{"@id":"https:\/\/groupevolution.com\/creative\/writemore\/#primaryimage"},"thumbnailUrl":"https:\/\/groupevolution.com\/wp-content\/uploads\/2021\/10\/shutterstock_658438873-scaled.jpg","datePublished":"2021-10-18T09:36:34+00:00","dateModified":"2025-09-09T19:27:40+00:00","description":"Relax and pause for thought at our 'fairytale' Chateau. Hone your skills with informative group discussions, 1-1 consultations and guided learning, all hosted by published authors, experienced in nurturing aspiring talent. At the same time benefit from taking some time out in the company of like-minded individuals.","breadcrumb":{"@id":"https:\/\/groupevolution.com\/creative\/writemore\/#breadcrumb"},"inLanguage":"fr-FR","potentialAction":[{"@type":"ReadAction","target":["https:\/\/groupevolution.com\/creative\/writemore\/"]}]},{"@type":"ImageObject","inLanguage":"fr-FR","@id":"https:\/\/groupevolution.com\/creative\/writemore\/#primaryimage","url":"https:\/\/groupevolution.com\/wp-content\/uploads\/2021\/10\/shutterstock_658438873-scaled.jpg","contentUrl":"https:\/\/groupevolution.com\/wp-content\/uploads\/2021\/10\/shutterstock_658438873-scaled.jpg","width":2560,"height":1706,"caption":"A person sitting on grass, writing in a notebook with a pen on a creative writing retreat. They're facing away, wearing glasses and a white shirt. A bicycle with a wicker basket is nearby. Sunlight filters through trees in the background."},{"@type":"BreadcrumbList","@id":"https:\/\/groupevolution.com\/creative\/writemore\/#breadcrumb","itemListElement":[{"@type":"ListItem","position":1,"name":"Home","item":"https:\/\/groupevolution.com\/"},{"@type":"ListItem","position":2,"name":"Creative","item":"https:\/\/groupevolution.com\/creative\/"},{"@type":"ListItem","position":3,"name":"Write More"}]},{"@type":"WebSite","@id":"https:\/\/groupevolution.com\/#website","url":"https:\/\/groupevolution.com\/","name":"www.groupevolution.com","description":"Luxury Retreats &amp; Performance Services","publisher":{"@id":"https:\/\/groupevolution.com\/#organization"},"potentialAction":[{"@type":"SearchAction","target":{"@type":"EntryPoint","urlTemplate":"https:\/\/groupevolution.com\/?s={search_term_string}"},"query-input":{"@type":"PropertyValueSpecification","valueRequired":true,"valueName":"search_term_string"}}],"inLanguage":"fr-FR"},{"@type":"Organization","@id":"https:\/\/groupevolution.com\/#organization","name":"\u00c9volution du groupe","url":"https:\/\/groupevolution.com\/","logo":{"@type":"ImageObject","inLanguage":"fr-FR","@id":"https:\/\/groupevolution.com\/#\/schema\/logo\/image\/","url":"https:\/\/groupevolution.com\/wp-content\/uploads\/2025\/09\/Group_Evolution_Retreats_Primary_Logo_RGB_GOLD_FA_HR-e1759242659989.png","contentUrl":"https:\/\/groupevolution.com\/wp-content\/uploads\/2025\/09\/Group_Evolution_Retreats_Primary_Logo_RGB_GOLD_FA_HR-e1759242659989.png","width":182,"height":54,"caption":"Group Evolution"},"image":{"@id":"https:\/\/groupevolution.com\/#\/schema\/logo\/image\/"},"sameAs":["https:\/\/www.facebook.com\/groupevolutionretreats","https:\/\/x.com\/groupevolution_","https:\/\/www.instagram.com\/group_evolution\/","https:\/\/www.tiktok.com\/@groupevolutionretreats","https:\/\/www.youtube.com\/channel\/UCDsSBQ_yMhe5zjVp6AbpwzA\/featured?view_as=subscriber"]}]}},"jetpack_sharing_enabled":true,"_links":{"self":[{"href":"https:\/\/groupevolution.com\/fr\/wp-json\/wp\/v2\/pages\/21421","targetHints":{"allow":["GET"]}}],"collection":[{"href":"https:\/\/groupevolution.com\/fr\/wp-json\/wp\/v2\/pages"}],"about":[{"href":"https:\/\/groupevolution.com\/fr\/wp-json\/wp\/v2\/types\/page"}],"author":[{"embeddable":true,"href":"https:\/\/groupevolution.com\/fr\/wp-json\/wp\/v2\/users\/3"}],"replies":[{"embeddable":true,"href":"https:\/\/groupevolution.com\/fr\/wp-json\/wp\/v2\/comments?post=21421"}],"version-history":[{"count":20,"href":"https:\/\/groupevolution.com\/fr\/wp-json\/wp\/v2\/pages\/21421\/revisions"}],"predecessor-version":[{"id":27083,"href":"https:\/\/groupevolution.com\/fr\/wp-json\/wp\/v2\/pages\/21421\/revisions\/27083"}],"up":[{"embeddable":true,"href":"https:\/\/groupevolution.com\/fr\/wp-json\/wp\/v2\/pages\/26172"}],"wp:featuredmedia":[{"embeddable":true,"href":"https:\/\/groupevolution.com\/fr\/wp-json\/wp\/v2\/media\/21424"}],"wp:attachment":[{"href":"https:\/\/groupevolution.com\/fr\/wp-json\/wp\/v2\/media?parent=21421"}],"wp:term":[{"taxonomy":"category","embeddable":true,"href":"https:\/\/groupevolution.com\/fr\/wp-json\/wp\/v2\/categories?post=21421"},{"taxonomy":"retreat-category","embeddable":true,"href":"https:\/\/groupevolution.com\/fr\/wp-json\/wp\/v2\/retreat-category?post=21421"}],"curies":[{"name":"wp","href":"https:\/\/api.w.org\/{rel}","templated":true}]}}