{"id":21398,"date":"2021-09-11T09:03:44","date_gmt":"2021-09-11T08:03:44","guid":{"rendered":"https:\/\/groupevolution.com\/?page_id=21398"},"modified":"2025-09-11T10:43:47","modified_gmt":"2025-09-11T09:43:47","slug":"reset-retreat","status":"publish","type":"page","link":"https:\/\/groupevolution.com\/fr\/wellness\/reset-retreat\/","title":{"rendered":"Wellness Reset"},"content":{"rendered":"<h3>\n\t\t\tweekend wellbeing\t<\/h3>\n<h2>\n\t\t\tjoin us at our idyllic reset retreat\t<\/h2>\n\t<p>Set in 27 acres of picturesque parkland grounds, reset and relax at Chateau de la Motte Henry. With its own unique charm, full of hidden hideaways and beautiful period features, the whole estate is yours for the weekend. Wander around the lake, energise in the well-equipped gym, take a dip in the 25m swimming pool or simply chill out in one of the various hideaways, so you can truly reflect, decompress and breathe.<\/p>\n<p>The ample gardens and spacious indoor yoga studio allow us the perfect space to practice meditation, yoga and pilates and re-align and breathe in beautiful nature. Take the opportunity for a relaxing massage or spa treatment. Meals are healthy, nutritious and all included &#8211; enjoyed on the lakeside terrace, in the sun-kissed Rose garden or the 19th Century dining room.<\/p>\n\t\t\t<a href=\"https:\/\/groupevolution.com\/fr\/produit\/wellnessreset\/\" target=\"_self\">\n\t\t\t\t\t\t\tRES\u00c9RVEZ\n\t\t\t\t\t<\/a>\n<h3>\n\t\t\tWHAT&#8217;S INCLUDED\t<\/h3>\n\t<p>Luxurious en-suite accommodation in the recently refurbished, &#8216;fairytale&#8217; Chateau de la Motte Henry<\/p>\n<p>Nutritious and energising food and drink, including 3 meals per day, smoothies and snacks<\/p>\n<p>Superb on-site facilities &#8211; running trail, high performance gym, 25m swimming pool, yoga studio and open water lake<\/p>\n<p>Great social and relaxation areas &#8211; lakeside decking, walled garden, woodland paths and secret picnic spots<\/p>\n<p>&nbsp;<\/p>\n<p>&nbsp;<\/p>\n\t<p>2 daily group pilates and yoga classes, group exercise classes &amp; guided meditations<\/p>\n<p>A trip to the local lake for an outdoor wild swim experience<\/p>\n<p>A group walk or run to explore the picturesque villages and local trails<\/p>\n<p>On site, 1-1 full body MoT conducted by our degree qualified sports scientist<\/p>\n<p>A lift from the airport or train station<\/p>\n<p>&nbsp;<\/p>\n<p>&nbsp;<\/p>\n<h3>\n\t\t\tstunning venue\t<\/h3>\n\t<p>Gorgeous Chateau, with luxury, boutique style accommodation, superb sports facilities, and welcoming social areas, set in 27 acres of beautiful woodland grounds. Referenced in Times Top 20 Chateaux.<\/p>\n<h3>\n\t\t\tdelicious food\t<\/h3>\n\t<p>Tous les repas et les collations sont fournis. Nos repas attrayants sont con\u00e7us pour soutenir votre style de vie actif, mais aussi pour \u00eatre savoureux et excitants. Des collations sont disponibles pour les p\u00e9riodes interm\u00e9diaires. Et des barres \u00e9nerg\u00e9tiques faites maison sont disponibles pour les efforts plus longs.<\/p>\n<h3>\n\t\t\tS\u00c9JOUR HAUT DE GAMME\t<\/h3>\n\t<p>Individually designed en-suite bedrooms, stunning renovated sitting rooms and cosy reading areas inspire and relax whilst staying true to the Chateau&#8217;s heritage.<\/p>\n<h3>\n\t\t\tSANS TRACAS\t<\/h3>\n\t<p>Personal transfers from local airports and train stations. Fully supported exercise, 1-1, small group and group. All meals, snacks and drinks included. Single, exceptional base location. Chilled and relaxing evenings in the company of like-minded individuals. Fun and interesting local excursions.<\/p>\n<h3>\n\t\t\tUNE ALIMENTATION SAINE ET NUTRITIVE\t<\/h3>\n<h2>\n\t\t\tPR\u00c9PAR\u00c9 AVEC AMOUR\t<\/h2>\n\t<p>Notre nutritionniste et notre chef ont con\u00e7u un menu attrayant et d\u00e9licieux, \u00e0 base de produits locaux et biologiques. Nous servons des aliments biologiques de la plus haute qualit\u00e9, provenant de la r\u00e9gion, afin de produire un menu \u00e9nergisant et d\u00e9toxifiant tout au long de votre s\u00e9jour. Les v\u00e9g\u00e9tariens et les v\u00e9g\u00e9taliens sont les bienvenus.<\/p>\n<h4>\n\t\t\tEXEMPLE DE MENU\t<\/h4>\n\t\t\t\t<img decoding=\"async\" src=\"https:\/\/groupevolution.com\/wp-content\/uploads\/2017\/12\/MenuFood33.1-350x200.jpg\" alt=\"Two glasses of yogurt parfaits topped with granola are centered, with a spoon and fork on a napkin between them. A pink smoothie with a strawberry and a green smoothie with an orange slice are on opposite sides, set on a white tablecloth.\" itemprop=\"image\" title=\"MenuFood33.1\" onerror=\"this.style.display='none'\" loading=\"lazy\" \/>\n<h4>\n\t\t\tPETIT D\u00c9JEUNER\t<\/h4>\n\t<p>Granola artisanal Signature<\/p>\n<p>Plateau de fruits frais<\/p>\n<p>\u0152ufs brouill\u00e9s \u00e0 la truite fum\u00e9e et \u00e0 l'aneth<\/p>\n<p>Pots de bouleau \u00e0 graines d'avoine et de chia avec des baies m\u00e9lang\u00e9es<\/p>\n<p>R\u00e9veillez-vous avec des smoothies \u00e9nergisants<\/p>\n<p>Jus d'orange et de pamplemousse rose frais<\/p>\n\t\t\t\t<img decoding=\"async\" src=\"https:\/\/groupevolution.com\/wp-content\/uploads\/2017\/12\/MenuFood30.1-350x200.jpg\" alt=\"A white plate with grilled chicken topped with melted cheese and spinach, accompanied by a tomato and avocado salad, and a lentil salad with feta cheese.\" itemprop=\"image\" title=\"MenuFood30.1\" onerror=\"this.style.display='none'\" loading=\"lazy\" \/>\n<h4>\n\t\t\tD\u00c9JEUNER\t<\/h4>\n\t<p>Poitrine de dinde \u00e9pic\u00e9e marocaine<\/p>\n<p>Guacamole<\/p>\n<p>Lentille du Puy, tomate s\u00e9ch\u00e9e et salade de feta<\/p>\n<p>Salade de concombres et de tomates \u00e0 la menthe<\/p>\n<p>Couscous aux pois chiches et grenade<\/p>\n<p>Salade verte <\/p>\n\t\t\t\t<img decoding=\"async\" src=\"https:\/\/groupevolution.com\/wp-content\/uploads\/2017\/12\/MenuFood6.1-350x200.jpg\" alt=\"A white bowl filled with vibrant orange tomato soup sits on a cream-colored tablecloth. The soup is garnished with fresh basil leaves. A spoon is placed on a folded napkin next to the bowl.\" itemprop=\"image\" title=\"MenuFood6.1\" onerror=\"this.style.display='none'\" loading=\"lazy\" \/>\n<h4>\n\t\t\tDINER\t<\/h4>\n\t<p>Soupe aux tomates r\u00f4ties et au basilic<\/p>\n<p>G\u00e2teaux de patate douce et de haddock d'Am\u00e9rique du Sud, sauce au citron et au thym<\/p>\n<p>\u00c9pinards fan\u00e9s<\/p>\n<p>Haricots verts<\/p>\n<p>Carottes glac\u00e9es<\/p>\n<p>Framboise et chia en pot<\/p>\n<h3>\n\t\t\tLE LIEU\t<\/h3>\n\t<p>Le ch\u00e2teau de la Motte Henry est un magnifique ch\u00e2teau du 19eme si\u00e8cle<sup>th<\/sup> Century Chateau set in over 9 hectares of glorious parkland in the Pays de la Loire. Easy to get to from the UK and mainland Europe, the Chateau is equipped with first class health, fitness and leisure facilities to allow guests to relax and reenergise. The spacious accommodation remains true to the Chateau&#8217;s heritage, updated for modern convenience.<\/p>\n<p><a href=\"\/fr\/venue\/\">Voir le lieu<\/a><\/p>\n<h3  id=\"customlistingsBooking\">\n\t\t\tRETRAITES \u00c0 VENIR\t<\/h3>\n<h3  id=\"letsconnect\">\n\t\t\tFAIRE UNE DEMANDE\t<\/h3>\n\t\n\t\n\tAvis : JavaScript est requis pour ce contenu.\n        <!-- That data is being printed as a workaround to page builders reordering the order of the scripts loaded-->","protected":false},"excerpt":{"rendered":"<p>weekend wellbeing join us at our idyllic reset retreat Set in 27 acres of picturesque parkland grounds, reset and relax at Chateau de la Motte Henry. With its own unique charm, full of hidden hideaways and beautiful period features, the whole estate is yours for the weekend. Wander around the lake, energise in the well-equipped&hellip;<\/p>","protected":false},"author":3,"featured_media":4494,"parent":26784,"menu_order":0,"comment_status":"closed","ping_status":"closed","template":"","meta":{"_acf_changed":false,"footnotes":""},"categories":[],"retreat-category":[164],"class_list":["post-21398","page","type-page","status-publish","has-post-thumbnail","hentry","retreat-category-reset-retreat"],"acf":[],"yoast_head":"<!-- This site is optimized with the Yoast SEO Premium plugin v27.4 (Yoast SEO v27.4) - https:\/\/yoast.com\/product\/yoast-seo-premium-wordpress\/ -->\n<title>Wellness Reset - Group Evolution<\/title>\n<meta name=\"description\" content=\"Our wellness reset is designed for you to relax and reenergise. Enjoy an idyllic rural break with plenty of opportunity to explore nature, socialise and utilise the amazing facilities at our stunning Chateau. You leave refreshed, ready to continue your journey.\" \/>\n<meta name=\"robots\" content=\"index, follow, max-snippet:-1, max-image-preview:large, max-video-preview:-1\" \/>\n<link rel=\"canonical\" href=\"https:\/\/groupevolution.com\/fr\/wellness\/reset-retreat\/\" \/>\n<meta property=\"og:locale\" content=\"fr_FR\" \/>\n<meta property=\"og:type\" content=\"article\" \/>\n<meta property=\"og:title\" content=\"Fitness Revolution\" \/>\n<meta property=\"og:description\" content=\"Our flagship wellness retreat is built around you. We design personal retreat programs to set you on your way to better health, wellness and fitness. Supported throughout by our expert team of fitness professionals, group sessions and small group activities will supplement your 1-1 time. There is also plenty of opportunity to relax, socialise and utilise the facilities at our stunning Chateau. You leave with a personalised, practical and purposeful wellness program to continue your journey.\" \/>\n<meta property=\"og:url\" content=\"https:\/\/groupevolution.com\/fr\/wellness\/reset-retreat\/\" \/>\n<meta property=\"og:site_name\" content=\"Group Evolution\" \/>\n<meta property=\"article:publisher\" content=\"https:\/\/www.facebook.com\/groupevolutionretreats\" \/>\n<meta property=\"article:modified_time\" content=\"2025-09-11T09:43:47+00:00\" \/>\n<meta property=\"og:image\" content=\"https:\/\/groupevolution.com\/wp-content\/uploads\/2019\/07\/Yoga2.jpg\" \/>\n\t<meta property=\"og:image:width\" content=\"3864\" \/>\n\t<meta property=\"og:image:height\" content=\"2576\" \/>\n\t<meta property=\"og:image:type\" content=\"image\/jpeg\" \/>\n<meta name=\"twitter:card\" content=\"summary_large_image\" \/>\n<meta name=\"twitter:title\" content=\"Fitness Revolution\" \/>\n<meta name=\"twitter:description\" content=\"Our flagship wellness retreat is built around you. We design personal retreat programs to set you on your way to better health, wellness and fitness. Supported throughout by our expert team of fitness professionals, group sessions and small group activities will supplement your 1-1 time. There is also plenty of opportunity to relax, socialise and utilise the facilities at our stunning Chateau. You leave with a personalised, practical and purposeful wellness program to continue your journey.\" \/>\n<meta name=\"twitter:image\" content=\"https:\/\/groupevolution.com\/wp-content\/uploads\/2019\/07\/Yoga2.jpg\" \/>\n<meta name=\"twitter:site\" content=\"@groupevolution_\" \/>\n<meta name=\"twitter:label1\" content=\"Dur\u00e9e de lecture estim\u00e9e\" \/>\n\t<meta name=\"twitter:data1\" content=\"9 minutes\" \/>\n<script type=\"application\/ld+json\" class=\"yoast-schema-graph\">{\"@context\":\"https:\\\/\\\/schema.org\",\"@graph\":[{\"@type\":\"WebPage\",\"@id\":\"https:\\\/\\\/groupevolution.com\\\/wellness\\\/reset-retreat\\\/\",\"url\":\"https:\\\/\\\/groupevolution.com\\\/wellness\\\/reset-retreat\\\/\",\"name\":\"Wellness Reset - Group Evolution\",\"isPartOf\":{\"@id\":\"https:\\\/\\\/groupevolution.com\\\/#website\"},\"primaryImageOfPage\":{\"@id\":\"https:\\\/\\\/groupevolution.com\\\/wellness\\\/reset-retreat\\\/#primaryimage\"},\"image\":{\"@id\":\"https:\\\/\\\/groupevolution.com\\\/wellness\\\/reset-retreat\\\/#primaryimage\"},\"thumbnailUrl\":\"https:\\\/\\\/groupevolution.com\\\/wp-content\\\/uploads\\\/2018\\\/01\\\/Man_Logo_Back_LRG.1.jpg\",\"datePublished\":\"2021-09-11T08:03:44+00:00\",\"dateModified\":\"2025-09-11T09:43:47+00:00\",\"description\":\"Our wellness reset is designed for you to relax and reenergise. Enjoy an idyllic rural break with plenty of opportunity to explore nature, socialise and utilise the amazing facilities at our stunning Chateau. You leave refreshed, ready to continue your journey.\",\"breadcrumb\":{\"@id\":\"https:\\\/\\\/groupevolution.com\\\/wellness\\\/reset-retreat\\\/#breadcrumb\"},\"inLanguage\":\"fr-FR\",\"potentialAction\":[{\"@type\":\"ReadAction\",\"target\":[\"https:\\\/\\\/groupevolution.com\\\/wellness\\\/reset-retreat\\\/\"]}]},{\"@type\":\"ImageObject\",\"inLanguage\":\"fr-FR\",\"@id\":\"https:\\\/\\\/groupevolution.com\\\/wellness\\\/reset-retreat\\\/#primaryimage\",\"url\":\"https:\\\/\\\/groupevolution.com\\\/wp-content\\\/uploads\\\/2018\\\/01\\\/Man_Logo_Back_LRG.1.jpg\",\"contentUrl\":\"https:\\\/\\\/groupevolution.com\\\/wp-content\\\/uploads\\\/2018\\\/01\\\/Man_Logo_Back_LRG.1.jpg\",\"width\":1900,\"height\":1267,\"caption\":\"A person wearing a purple shirt with a geometric logo is seated on the floor, facing two others. They appear to be in a serene setting with mats, indicative of yoga or meditation practices\u2014a perfect scene for an intimate Personal Consultation.\"},{\"@type\":\"BreadcrumbList\",\"@id\":\"https:\\\/\\\/groupevolution.com\\\/wellness\\\/reset-retreat\\\/#breadcrumb\",\"itemListElement\":[{\"@type\":\"ListItem\",\"position\":1,\"name\":\"Home\",\"item\":\"https:\\\/\\\/groupevolution.com\\\/\"},{\"@type\":\"ListItem\",\"position\":2,\"name\":\"Wellness\",\"item\":\"https:\\\/\\\/groupevolution.com\\\/wellness\\\/\"},{\"@type\":\"ListItem\",\"position\":3,\"name\":\"Wellness Reset\"}]},{\"@type\":\"WebSite\",\"@id\":\"https:\\\/\\\/groupevolution.com\\\/#website\",\"url\":\"https:\\\/\\\/groupevolution.com\\\/\",\"name\":\"www.groupevolution.com\",\"description\":\"Luxury Retreats &amp; Performance Services\",\"publisher\":{\"@id\":\"https:\\\/\\\/groupevolution.com\\\/#organization\"},\"potentialAction\":[{\"@type\":\"SearchAction\",\"target\":{\"@type\":\"EntryPoint\",\"urlTemplate\":\"https:\\\/\\\/groupevolution.com\\\/?s={search_term_string}\"},\"query-input\":{\"@type\":\"PropertyValueSpecification\",\"valueRequired\":true,\"valueName\":\"search_term_string\"}}],\"inLanguage\":\"fr-FR\"},{\"@type\":\"Organization\",\"@id\":\"https:\\\/\\\/groupevolution.com\\\/#organization\",\"name\":\"Group Evolution\",\"url\":\"https:\\\/\\\/groupevolution.com\\\/\",\"logo\":{\"@type\":\"ImageObject\",\"inLanguage\":\"fr-FR\",\"@id\":\"https:\\\/\\\/groupevolution.com\\\/#\\\/schema\\\/logo\\\/image\\\/\",\"url\":\"https:\\\/\\\/groupevolution.com\\\/wp-content\\\/uploads\\\/2025\\\/09\\\/Group_Evolution_Retreats_Primary_Logo_RGB_GOLD_FA_HR-e1759242659989.png\",\"contentUrl\":\"https:\\\/\\\/groupevolution.com\\\/wp-content\\\/uploads\\\/2025\\\/09\\\/Group_Evolution_Retreats_Primary_Logo_RGB_GOLD_FA_HR-e1759242659989.png\",\"width\":182,\"height\":54,\"caption\":\"Group Evolution\"},\"image\":{\"@id\":\"https:\\\/\\\/groupevolution.com\\\/#\\\/schema\\\/logo\\\/image\\\/\"},\"sameAs\":[\"https:\\\/\\\/www.facebook.com\\\/groupevolutionretreats\",\"https:\\\/\\\/x.com\\\/groupevolution_\",\"https:\\\/\\\/www.instagram.com\\\/group_evolution\\\/\",\"https:\\\/\\\/www.tiktok.com\\\/@groupevolutionretreats\",\"https:\\\/\\\/www.youtube.com\\\/channel\\\/UCDsSBQ_yMhe5zjVp6AbpwzA\\\/featured?view_as=subscriber\"]}]}<\/script>\n<!-- \/ Yoast SEO Premium plugin. -->","yoast_head_json":{"title":"Wellness Reset - Group Evolution","description":"Our wellness reset is designed for you to relax and reenergise. Enjoy an idyllic rural break with plenty of opportunity to explore nature, socialise and utilise the amazing facilities at our stunning Chateau. You leave refreshed, ready to continue your journey.","robots":{"index":"index","follow":"follow","max-snippet":"max-snippet:-1","max-image-preview":"max-image-preview:large","max-video-preview":"max-video-preview:-1"},"canonical":"https:\/\/groupevolution.com\/fr\/wellness\/reset-retreat\/","og_locale":"fr_FR","og_type":"article","og_title":"Fitness Revolution","og_description":"Our flagship wellness retreat is built around you. We design personal retreat programs to set you on your way to better health, wellness and fitness. Supported throughout by our expert team of fitness professionals, group sessions and small group activities will supplement your 1-1 time. There is also plenty of opportunity to relax, socialise and utilise the facilities at our stunning Chateau. You leave with a personalised, practical and purposeful wellness program to continue your journey.","og_url":"https:\/\/groupevolution.com\/fr\/wellness\/reset-retreat\/","og_site_name":"Group Evolution","article_publisher":"https:\/\/www.facebook.com\/groupevolutionretreats","article_modified_time":"2025-09-11T09:43:47+00:00","og_image":[{"width":3864,"height":2576,"url":"https:\/\/groupevolution.com\/wp-content\/uploads\/2019\/07\/Yoga2.jpg","type":"image\/jpeg"}],"twitter_card":"summary_large_image","twitter_title":"Fitness Revolution","twitter_description":"Our flagship wellness retreat is built around you. We design personal retreat programs to set you on your way to better health, wellness and fitness. Supported throughout by our expert team of fitness professionals, group sessions and small group activities will supplement your 1-1 time. There is also plenty of opportunity to relax, socialise and utilise the facilities at our stunning Chateau. You leave with a personalised, practical and purposeful wellness program to continue your journey.","twitter_image":"https:\/\/groupevolution.com\/wp-content\/uploads\/2019\/07\/Yoga2.jpg","twitter_site":"@groupevolution_","twitter_misc":{"Dur\u00e9e de lecture estim\u00e9e":"9 minutes"},"schema":{"@context":"https:\/\/schema.org","@graph":[{"@type":"WebPage","@id":"https:\/\/groupevolution.com\/wellness\/reset-retreat\/","url":"https:\/\/groupevolution.com\/wellness\/reset-retreat\/","name":"Wellness Reset - Group Evolution","isPartOf":{"@id":"https:\/\/groupevolution.com\/#website"},"primaryImageOfPage":{"@id":"https:\/\/groupevolution.com\/wellness\/reset-retreat\/#primaryimage"},"image":{"@id":"https:\/\/groupevolution.com\/wellness\/reset-retreat\/#primaryimage"},"thumbnailUrl":"https:\/\/groupevolution.com\/wp-content\/uploads\/2018\/01\/Man_Logo_Back_LRG.1.jpg","datePublished":"2021-09-11T08:03:44+00:00","dateModified":"2025-09-11T09:43:47+00:00","description":"Our wellness reset is designed for you to relax and reenergise. Enjoy an idyllic rural break with plenty of opportunity to explore nature, socialise and utilise the amazing facilities at our stunning Chateau. You leave refreshed, ready to continue your journey.","breadcrumb":{"@id":"https:\/\/groupevolution.com\/wellness\/reset-retreat\/#breadcrumb"},"inLanguage":"fr-FR","potentialAction":[{"@type":"ReadAction","target":["https:\/\/groupevolution.com\/wellness\/reset-retreat\/"]}]},{"@type":"ImageObject","inLanguage":"fr-FR","@id":"https:\/\/groupevolution.com\/wellness\/reset-retreat\/#primaryimage","url":"https:\/\/groupevolution.com\/wp-content\/uploads\/2018\/01\/Man_Logo_Back_LRG.1.jpg","contentUrl":"https:\/\/groupevolution.com\/wp-content\/uploads\/2018\/01\/Man_Logo_Back_LRG.1.jpg","width":1900,"height":1267,"caption":"A person wearing a purple shirt with a geometric logo is seated on the floor, facing two others. They appear to be in a serene setting with mats, indicative of yoga or meditation practices\u2014a perfect scene for an intimate Personal Consultation."},{"@type":"BreadcrumbList","@id":"https:\/\/groupevolution.com\/wellness\/reset-retreat\/#breadcrumb","itemListElement":[{"@type":"ListItem","position":1,"name":"Home","item":"https:\/\/groupevolution.com\/"},{"@type":"ListItem","position":2,"name":"Wellness","item":"https:\/\/groupevolution.com\/wellness\/"},{"@type":"ListItem","position":3,"name":"Wellness Reset"}]},{"@type":"WebSite","@id":"https:\/\/groupevolution.com\/#website","url":"https:\/\/groupevolution.com\/","name":"www.groupevolution.com","description":"Luxury Retreats &amp; Performance Services","publisher":{"@id":"https:\/\/groupevolution.com\/#organization"},"potentialAction":[{"@type":"SearchAction","target":{"@type":"EntryPoint","urlTemplate":"https:\/\/groupevolution.com\/?s={search_term_string}"},"query-input":{"@type":"PropertyValueSpecification","valueRequired":true,"valueName":"search_term_string"}}],"inLanguage":"fr-FR"},{"@type":"Organization","@id":"https:\/\/groupevolution.com\/#organization","name":"\u00c9volution du groupe","url":"https:\/\/groupevolution.com\/","logo":{"@type":"ImageObject","inLanguage":"fr-FR","@id":"https:\/\/groupevolution.com\/#\/schema\/logo\/image\/","url":"https:\/\/groupevolution.com\/wp-content\/uploads\/2025\/09\/Group_Evolution_Retreats_Primary_Logo_RGB_GOLD_FA_HR-e1759242659989.png","contentUrl":"https:\/\/groupevolution.com\/wp-content\/uploads\/2025\/09\/Group_Evolution_Retreats_Primary_Logo_RGB_GOLD_FA_HR-e1759242659989.png","width":182,"height":54,"caption":"Group Evolution"},"image":{"@id":"https:\/\/groupevolution.com\/#\/schema\/logo\/image\/"},"sameAs":["https:\/\/www.facebook.com\/groupevolutionretreats","https:\/\/x.com\/groupevolution_","https:\/\/www.instagram.com\/group_evolution\/","https:\/\/www.tiktok.com\/@groupevolutionretreats","https:\/\/www.youtube.com\/channel\/UCDsSBQ_yMhe5zjVp6AbpwzA\/featured?view_as=subscriber"]}]}},"jetpack_sharing_enabled":true,"_links":{"self":[{"href":"https:\/\/groupevolution.com\/fr\/wp-json\/wp\/v2\/pages\/21398","targetHints":{"allow":["GET"]}}],"collection":[{"href":"https:\/\/groupevolution.com\/fr\/wp-json\/wp\/v2\/pages"}],"about":[{"href":"https:\/\/groupevolution.com\/fr\/wp-json\/wp\/v2\/types\/page"}],"author":[{"embeddable":true,"href":"https:\/\/groupevolution.com\/fr\/wp-json\/wp\/v2\/users\/3"}],"replies":[{"embeddable":true,"href":"https:\/\/groupevolution.com\/fr\/wp-json\/wp\/v2\/comments?post=21398"}],"version-history":[{"count":7,"href":"https:\/\/groupevolution.com\/fr\/wp-json\/wp\/v2\/pages\/21398\/revisions"}],"predecessor-version":[{"id":27273,"href":"https:\/\/groupevolution.com\/fr\/wp-json\/wp\/v2\/pages\/21398\/revisions\/27273"}],"up":[{"embeddable":true,"href":"https:\/\/groupevolution.com\/fr\/wp-json\/wp\/v2\/pages\/26784"}],"wp:featuredmedia":[{"embeddable":true,"href":"https:\/\/groupevolution.com\/fr\/wp-json\/wp\/v2\/media\/4494"}],"wp:attachment":[{"href":"https:\/\/groupevolution.com\/fr\/wp-json\/wp\/v2\/media?parent=21398"}],"wp:term":[{"taxonomy":"category","embeddable":true,"href":"https:\/\/groupevolution.com\/fr\/wp-json\/wp\/v2\/categories?post=21398"},{"taxonomy":"retreat-category","embeddable":true,"href":"https:\/\/groupevolution.com\/fr\/wp-json\/wp\/v2\/retreat-category?post=21398"}],"curies":[{"name":"wp","href":"https:\/\/api.w.org\/{rel}","templated":true}]}}