{"id":20787,"date":"2020-11-22T08:54:24","date_gmt":"2020-11-22T08:54:24","guid":{"rendered":"https:\/\/groupevolution.com\/?page_id=20787"},"modified":"2025-09-10T12:24:36","modified_gmt":"2025-09-10T11:24:36","slug":"retreats","status":"publish","type":"page","link":"https:\/\/groupevolution.com\/fr\/retreats\/","title":{"rendered":"Premium Escapes"},"content":{"rendered":"<h3>\n\t\t\tCamps de sport\t<\/h3>\n\t<p>Atteignez le niveau suivant avec certains des meilleurs entra\u00eeneurs du monde. Faites l'exp\u00e9rience d'une formation transformationnelle, sp\u00e9cifique \u00e0 vous, \u00e0 vos objectifs et \u00e0 vos ambitions. Tout cela dans notre superbe site en France rurale, facilement accessible et exclusivement utilis\u00e9 par les participants au camp. Devenez le meilleur.<\/p>\n\n\t<p><a href=\"https:\/\/groupevolution.com\/fr\/sports\/\">En savoir plus<\/a><\/p>\n<h3>\n\t\t\tPause bien-\u00eatre\t<\/h3>\n\t<p>Retraites de bien-\u00eatre de premi\u00e8re qualit\u00e9 dans notre magnifique ch\u00e2teau. Revigorez votre corps et votre esprit gr\u00e2ce \u00e0 notre s\u00e9rie de retraites de luxe, anim\u00e9es par des experts de renom. Profitez de menus sp\u00e9cialement con\u00e7us, d'excursions soigneusement s\u00e9lectionn\u00e9es et de nos installations luxueuses. Rencontrez des personnes partageant les m\u00eames id\u00e9es. De bons moments !<\/p>\n\n\t<p><a href=\"\/fr\/wellness\/\">En savoir plus<\/a><\/p>\n<h3>\n\t\t\t\u00c9chapp\u00e9es cr\u00e9atives\t<\/h3>\n\t<p>Des pauses cr\u00e9atives \u00e9tonnantes qui vous aident \u00e0 r\u00e9aliser votre potentiel. D\u00e9veloppez vos talents avec des artistes cr\u00e9atifs de premier plan et des coachs de vie dans un cadre inspirant, loin de l'agitation de la vie quotidienne. Faites-vous de nouveaux amis et trouvez votre inspiration !<\/p>\n\n\t<p><a href=\"\/fr\/creative\/\">En savoir plus<\/a><\/p>\n<h3>\n\t\t\tFormation \u00e0 la performance\t<\/h3>\n\t<p>Professional training, personalised to you. Cutting edge testing, coaching, training and support, tailored to you, your life and your objectives. Make lasting improvements to your health, fitness and wellbeing, overcome your challenges and achieve your objectives. Lead don&#8217;t follow!<\/p>\n\n\t<p><a href=\"https:\/\/groupevolution.com\/fr\/performance\/\">En savoir plus<\/a><\/p>\n<h3>\n\t\t\tIT&#8217;S GREAT TO MEET YOU,\t<\/h3>\n\t<h2><em>LET US INTRODUCE OURSELVES&#8230;<\/em><\/h2>\n\t<p>Group Evolution provides our clients with a level of support that is unmatched, usually only available to elite athletes, or fitness and creative professionals. We help you become your best: whether you are looking to reinvent yourself, take the next step or achieve a very particular objective. Our holistic approach &#8211; focused on your mind, body, technique and diet &#8211; is grounded in the latest research and practice and led by highly qualified and experienced practitioners. We tailor our programs to each individual, whether you are attending our luxury retreats in France or our facilities in South West London.<\/p>\n\t<p><a href=\"\/fr\/venue\/\">Notre lieu<\/a><\/p>\n\t<p><a href=\"\/fr\/values\/\">Nos valeurs<\/a><\/p>\n\t\t\t<a href=\"https:\/\/www.youtube.com\/watch?v=yIF4Wqh0BKQ\" role=\"button\">\n\t\t\t\t\t\t\tREGARDEZ NOTRE VID\u00c9O\n\t\t\t<\/a>\n\t<h3>What&#8217;s Going Down<\/h3>\n<h3>\n\t\t\tS'INSCRIRE \u00c0 NOTRE NEWSLETTER\t<\/h3>\n<h5>\n\t\t\tAFIN QUE VOUS SOYEZ LE PREMIER \u00c0 CONNA\u00ceTRE NOS DERNI\u00c8RES OFFRES !\t<\/h5>\n<form id=\"mc-embedded-subscribe-form\" action=\"https:\/\/bedevious.us17.list-manage.com\/subscribe\/post?u=1cee877adb3d8c2a2708ef42b&amp;id=61879840dc\" method=\"post\" name=\"mc-embedded-subscribe-form\" novalidate=\"\" target=\"_blank\">\n<input id=\"mce-FNAME\" name=\"FNAME\" type=\"text\" value=\"\" placeholder=\"VOTRE NOM\" \/>\n<input id=\"mce-EMAIL\" name=\"EMAIL\" type=\"email\" value=\"\" placeholder=\"EMAIL\" \/>\n<input tabindex=\"-1\" name=\"b_1cee877adb3d8c2a2708ef42b_61879840dc\" type=\"text\" value=\"\" \/>\n<input id=\"mc-embedded-subscribe\" name=\"subscribe\" type=\"submit\" value=\"INSCRIVEZ-MOI\" \/>\n<\/form>","protected":false},"excerpt":{"rendered":"<p>Sports Camps Reach the next level with some of the best coaches in the world. Experience transformational training, specific to you, your goals and your ambitions. All at our stunning venue in rural France; easily accessible and exclusively used by those on camp. Become your best. Learn More Wellness breaks Premium wellness retreats at our&hellip;<\/p>","protected":false},"author":3,"featured_media":0,"parent":0,"menu_order":0,"comment_status":"closed","ping_status":"closed","template":"","meta":{"_acf_changed":false,"footnotes":""},"categories":[],"retreat-category":[142,69,146,126,66,128,147,143,144,68,64,137,67,148,145,65,141,151],"class_list":["post-20787","page","type-page","status-publish","hentry","retreat-category-creative-arts","retreat-category-cycling","retreat-category-dave-scott-clinics","retreat-category-embracechange","retreat-category-family-triathlon","retreat-category-fitness-revolution","retreat-category-gaintheedge","retreat-category-life-coaching","retreat-category-performance","retreat-category-rehab","retreat-category-run","retreat-category-run-weekend","retreat-category-sights-sparkles-spas","retreat-category-stateoftheunion","retreat-category-swim","retreat-category-coached-triathlon","retreat-category-write-write-more","retreat-category-yoga"],"acf":[],"yoast_head":"<!-- This site is optimized with the Yoast SEO Premium plugin v27.4 (Yoast SEO v27.4) - https:\/\/yoast.com\/product\/yoast-seo-premium-wordpress\/ -->\n<title>Premium Escapes - Group Evolution<\/title>\n<meta name=\"robots\" content=\"index, follow, max-snippet:-1, max-image-preview:large, max-video-preview:-1\" \/>\n<link rel=\"canonical\" href=\"https:\/\/groupevolution.com\/fr\/retreats\/\" \/>\n<meta property=\"og:locale\" content=\"fr_FR\" \/>\n<meta property=\"og:type\" content=\"article\" \/>\n<meta property=\"og:title\" content=\"Premium Escapes\" \/>\n<meta property=\"og:description\" content=\"Sports Camps Reach the next level with some of the best coaches in the world. Experience transformational training, specific to you, your goals and your ambitions. All at our stunning venue in rural France; easily accessible and exclusively used by those on camp. Become your best. Learn More Wellness breaks Premium wellness retreats at our&hellip;\" \/>\n<meta property=\"og:url\" content=\"https:\/\/groupevolution.com\/fr\/retreats\/\" \/>\n<meta property=\"og:site_name\" content=\"Group Evolution\" \/>\n<meta property=\"article:publisher\" content=\"https:\/\/www.facebook.com\/groupevolutionretreats\" \/>\n<meta property=\"article:modified_time\" content=\"2025-09-10T11:24:36+00:00\" \/>\n<meta name=\"twitter:card\" content=\"summary_large_image\" \/>\n<meta name=\"twitter:site\" content=\"@groupevolution_\" \/>\n<meta name=\"twitter:label1\" content=\"Dur\u00e9e de lecture estim\u00e9e\" \/>\n\t<meta name=\"twitter:data1\" content=\"6 minutes\" \/>\n<script type=\"application\/ld+json\" class=\"yoast-schema-graph\">{\"@context\":\"https:\\\/\\\/schema.org\",\"@graph\":[{\"@type\":\"WebPage\",\"@id\":\"https:\\\/\\\/groupevolution.com\\\/retreats\\\/\",\"url\":\"https:\\\/\\\/groupevolution.com\\\/retreats\\\/\",\"name\":\"Premium Escapes - Group Evolution\",\"isPartOf\":{\"@id\":\"https:\\\/\\\/groupevolution.com\\\/#website\"},\"datePublished\":\"2020-11-22T08:54:24+00:00\",\"dateModified\":\"2025-09-10T11:24:36+00:00\",\"breadcrumb\":{\"@id\":\"https:\\\/\\\/groupevolution.com\\\/retreats\\\/#breadcrumb\"},\"inLanguage\":\"fr-FR\",\"potentialAction\":[{\"@type\":\"ReadAction\",\"target\":[\"https:\\\/\\\/groupevolution.com\\\/retreats\\\/\"]}]},{\"@type\":\"BreadcrumbList\",\"@id\":\"https:\\\/\\\/groupevolution.com\\\/retreats\\\/#breadcrumb\",\"itemListElement\":[{\"@type\":\"ListItem\",\"position\":1,\"name\":\"Home\",\"item\":\"https:\\\/\\\/groupevolution.com\\\/\"},{\"@type\":\"ListItem\",\"position\":2,\"name\":\"Premium Escapes\"}]},{\"@type\":\"WebSite\",\"@id\":\"https:\\\/\\\/groupevolution.com\\\/#website\",\"url\":\"https:\\\/\\\/groupevolution.com\\\/\",\"name\":\"www.groupevolution.com\",\"description\":\"Luxury Retreats &amp; Performance Services\",\"publisher\":{\"@id\":\"https:\\\/\\\/groupevolution.com\\\/#organization\"},\"potentialAction\":[{\"@type\":\"SearchAction\",\"target\":{\"@type\":\"EntryPoint\",\"urlTemplate\":\"https:\\\/\\\/groupevolution.com\\\/?s={search_term_string}\"},\"query-input\":{\"@type\":\"PropertyValueSpecification\",\"valueRequired\":true,\"valueName\":\"search_term_string\"}}],\"inLanguage\":\"fr-FR\"},{\"@type\":\"Organization\",\"@id\":\"https:\\\/\\\/groupevolution.com\\\/#organization\",\"name\":\"Group Evolution\",\"url\":\"https:\\\/\\\/groupevolution.com\\\/\",\"logo\":{\"@type\":\"ImageObject\",\"inLanguage\":\"fr-FR\",\"@id\":\"https:\\\/\\\/groupevolution.com\\\/#\\\/schema\\\/logo\\\/image\\\/\",\"url\":\"https:\\\/\\\/groupevolution.com\\\/wp-content\\\/uploads\\\/2025\\\/09\\\/Group_Evolution_Retreats_Primary_Logo_RGB_GOLD_FA_HR-e1759242659989.png\",\"contentUrl\":\"https:\\\/\\\/groupevolution.com\\\/wp-content\\\/uploads\\\/2025\\\/09\\\/Group_Evolution_Retreats_Primary_Logo_RGB_GOLD_FA_HR-e1759242659989.png\",\"width\":182,\"height\":54,\"caption\":\"Group Evolution\"},\"image\":{\"@id\":\"https:\\\/\\\/groupevolution.com\\\/#\\\/schema\\\/logo\\\/image\\\/\"},\"sameAs\":[\"https:\\\/\\\/www.facebook.com\\\/groupevolutionretreats\",\"https:\\\/\\\/x.com\\\/groupevolution_\",\"https:\\\/\\\/www.instagram.com\\\/group_evolution\\\/\",\"https:\\\/\\\/www.tiktok.com\\\/@groupevolutionretreats\",\"https:\\\/\\\/www.youtube.com\\\/channel\\\/UCDsSBQ_yMhe5zjVp6AbpwzA\\\/featured?view_as=subscriber\"]}]}<\/script>\n<!-- \/ Yoast SEO Premium plugin. -->","yoast_head_json":{"title":"Premium Escapes - Group Evolution","robots":{"index":"index","follow":"follow","max-snippet":"max-snippet:-1","max-image-preview":"max-image-preview:large","max-video-preview":"max-video-preview:-1"},"canonical":"https:\/\/groupevolution.com\/fr\/retreats\/","og_locale":"fr_FR","og_type":"article","og_title":"Premium Escapes","og_description":"Sports Camps Reach the next level with some of the best coaches in the world. Experience transformational training, specific to you, your goals and your ambitions. All at our stunning venue in rural France; easily accessible and exclusively used by those on camp. Become your best. Learn More Wellness breaks Premium wellness retreats at our&hellip;","og_url":"https:\/\/groupevolution.com\/fr\/retreats\/","og_site_name":"Group Evolution","article_publisher":"https:\/\/www.facebook.com\/groupevolutionretreats","article_modified_time":"2025-09-10T11:24:36+00:00","twitter_card":"summary_large_image","twitter_site":"@groupevolution_","twitter_misc":{"Dur\u00e9e de lecture estim\u00e9e":"6 minutes"},"schema":{"@context":"https:\/\/schema.org","@graph":[{"@type":"WebPage","@id":"https:\/\/groupevolution.com\/retreats\/","url":"https:\/\/groupevolution.com\/retreats\/","name":"Premium Escapes - Group Evolution","isPartOf":{"@id":"https:\/\/groupevolution.com\/#website"},"datePublished":"2020-11-22T08:54:24+00:00","dateModified":"2025-09-10T11:24:36+00:00","breadcrumb":{"@id":"https:\/\/groupevolution.com\/retreats\/#breadcrumb"},"inLanguage":"fr-FR","potentialAction":[{"@type":"ReadAction","target":["https:\/\/groupevolution.com\/retreats\/"]}]},{"@type":"BreadcrumbList","@id":"https:\/\/groupevolution.com\/retreats\/#breadcrumb","itemListElement":[{"@type":"ListItem","position":1,"name":"Home","item":"https:\/\/groupevolution.com\/"},{"@type":"ListItem","position":2,"name":"Premium Escapes"}]},{"@type":"WebSite","@id":"https:\/\/groupevolution.com\/#website","url":"https:\/\/groupevolution.com\/","name":"www.groupevolution.com","description":"Luxury Retreats &amp; Performance Services","publisher":{"@id":"https:\/\/groupevolution.com\/#organization"},"potentialAction":[{"@type":"SearchAction","target":{"@type":"EntryPoint","urlTemplate":"https:\/\/groupevolution.com\/?s={search_term_string}"},"query-input":{"@type":"PropertyValueSpecification","valueRequired":true,"valueName":"search_term_string"}}],"inLanguage":"fr-FR"},{"@type":"Organization","@id":"https:\/\/groupevolution.com\/#organization","name":"\u00c9volution du groupe","url":"https:\/\/groupevolution.com\/","logo":{"@type":"ImageObject","inLanguage":"fr-FR","@id":"https:\/\/groupevolution.com\/#\/schema\/logo\/image\/","url":"https:\/\/groupevolution.com\/wp-content\/uploads\/2025\/09\/Group_Evolution_Retreats_Primary_Logo_RGB_GOLD_FA_HR-e1759242659989.png","contentUrl":"https:\/\/groupevolution.com\/wp-content\/uploads\/2025\/09\/Group_Evolution_Retreats_Primary_Logo_RGB_GOLD_FA_HR-e1759242659989.png","width":182,"height":54,"caption":"Group Evolution"},"image":{"@id":"https:\/\/groupevolution.com\/#\/schema\/logo\/image\/"},"sameAs":["https:\/\/www.facebook.com\/groupevolutionretreats","https:\/\/x.com\/groupevolution_","https:\/\/www.instagram.com\/group_evolution\/","https:\/\/www.tiktok.com\/@groupevolutionretreats","https:\/\/www.youtube.com\/channel\/UCDsSBQ_yMhe5zjVp6AbpwzA\/featured?view_as=subscriber"]}]}},"jetpack_sharing_enabled":true,"_links":{"self":[{"href":"https:\/\/groupevolution.com\/fr\/wp-json\/wp\/v2\/pages\/20787","targetHints":{"allow":["GET"]}}],"collection":[{"href":"https:\/\/groupevolution.com\/fr\/wp-json\/wp\/v2\/pages"}],"about":[{"href":"https:\/\/groupevolution.com\/fr\/wp-json\/wp\/v2\/types\/page"}],"author":[{"embeddable":true,"href":"https:\/\/groupevolution.com\/fr\/wp-json\/wp\/v2\/users\/3"}],"replies":[{"embeddable":true,"href":"https:\/\/groupevolution.com\/fr\/wp-json\/wp\/v2\/comments?post=20787"}],"version-history":[{"count":7,"href":"https:\/\/groupevolution.com\/fr\/wp-json\/wp\/v2\/pages\/20787\/revisions"}],"predecessor-version":[{"id":27128,"href":"https:\/\/groupevolution.com\/fr\/wp-json\/wp\/v2\/pages\/20787\/revisions\/27128"}],"wp:attachment":[{"href":"https:\/\/groupevolution.com\/fr\/wp-json\/wp\/v2\/media?parent=20787"}],"wp:term":[{"taxonomy":"category","embeddable":true,"href":"https:\/\/groupevolution.com\/fr\/wp-json\/wp\/v2\/categories?post=20787"},{"taxonomy":"retreat-category","embeddable":true,"href":"https:\/\/groupevolution.com\/fr\/wp-json\/wp\/v2\/retreat-category?post=20787"}],"curies":[{"name":"wp","href":"https:\/\/api.w.org\/{rel}","templated":true}]}}