{"id":18657,"date":"2020-01-15T22:21:47","date_gmt":"2020-01-15T22:21:47","guid":{"rendered":"https:\/\/groupevolution.com\/?page_id=18657"},"modified":"2025-09-10T21:56:59","modified_gmt":"2025-09-10T20:56:59","slug":"stateoftheunion","status":"publish","type":"page","link":"https:\/\/groupevolution.com\/fr\/sports\/stateoftheunion\/","title":{"rendered":"\u00c9tat de l'Union"},"content":{"rendered":"<h3>\n\t\t\tse pr\u00e9parer \u00e0 r\u00e9ussir\t<\/h3>\n<h2>\n\t\t\tr\u00e9aliser votre potentiel\t<\/h2>\n\t<p>Our unique triathlon clinics bring together some of the UK&#8217;s leading triathlon coaches, sports scientists and physiotherapists. Our Team provides an environment within which you can take stock and discover how you can become your best.<\/p>\n<p>Au cours de ce long week-end, votre technique de natation, de cyclisme et de course sera analys\u00e9e. Votre conditionnement physiologique, vos performances neuro-musculaires et la biom\u00e9canique du mouvement seront test\u00e9s. Tout souci de blessure ou de n\u00e9vrose sera \u00e9valu\u00e9 et des strat\u00e9gies de r\u00e9adaptation seront prescrites. Et vos objectifs imm\u00e9diats et futurs seront pass\u00e9s en revue.<\/p>\n<p>Nous vous aiderons \u00e9galement \u00e0 planifier votre avenir.<\/p>\n<p>Des s\u00e9ances de natation, de v\u00e9lo et de course \u00e0 pied sur mesure vous montreront comment vous am\u00e9liorer en groupe, en petits groupes et en cours particuliers. Des exercices de force et de conditionnement physique, qui vous seront prescrits sp\u00e9cifiquement, vous seront pr\u00e9sent\u00e9s. Et vous profiterez de s\u00e9minaires informatifs, couvrant les derni\u00e8res r\u00e9flexions en mati\u00e8re de psychologie des courses, de nutrition personnelle et d'entra\u00eenement efficace.<\/p>\n<p>Whilst with us you will sample some delicious meals and home-made snacks, and enjoy our great health and fitness facilities. You will leave with a clear idea of your improvement pathway, furnished with personalised reports and recommended programs to incorporate into your future training.<\/p>\n<p>Achieve your potential in 2025.<\/p>\n\t\t\t<a href=\"#retreats-calendar\" target=\"_self\">\n\t\t\t\t\t\t\tRES\u00c9RVEZ\n\t\t\t\t\t<\/a>\n<h3>\n\t\t\tWHAT&#8217;S INCLUDED\t<\/h3>\n<h3>\n\t\t\tFrom \u00a3695 per person\t<\/h3>\n\t<p>Consultations pr\u00e9alables au retrait, discussions sur les objectifs et le statut de la formation<\/p>\n<p>\u00c9valuation et formation cibl\u00e9es, notamment :<\/p>\n<ul>\n<li>cardio-pulmonary assessment and determination of accurate training zones.<\/li>\n<li>review of swim-bike-run technique, with video analysis and force analysis<\/li>\n<li>consultation sur la force et le conditionnement et sur les blessures<\/li>\n<li>des s\u00e9minaires d'information, couvrant la psychologie des races, les habitudes alimentaires et les m\u00e9thodes d'entra\u00eenement efficaces<\/li>\n<li>des s\u00e9ances de groupe, de petit groupe et de 1-1 nage-v\u00e9lo-course (selon le cas), en travaillant sur votre technique<\/li>\n<li>petit groupe cibl\u00e9 ou d\u00e9monstration de force et de conditionnement 1-1<\/li>\n<\/ul>\n<p>Rapport post-retraite, suggestions de s\u00e9ances de natation, de v\u00e9lo, de course \u00e0 pied et de S&amp;C et conseils d'entra\u00eenement<\/p>\n<p>3 nights accommodation in France (London retreat non-residential)<\/p>\n<p>Nutritious and energising food and drink, including all meals and training snacks.<\/p>\n<p>&nbsp;<\/p>\n<h3>\n\t\t\tdelicious food\t<\/h3>\n\t<p>Tous les repas et les collations sont fournis. Nos repas attrayants sont con\u00e7us pour soutenir votre style de vie actif, mais aussi pour \u00eatre savoureux et excitants. Des collations sont disponibles pour les p\u00e9riodes interm\u00e9diaires. Et des barres \u00e9nerg\u00e9tiques faites maison sont disponibles pour les efforts plus longs.<\/p>\n<h3>\n\t\t\tformation cibl\u00e9e\t<\/h3>\n\t<p>Nos retraites sont con\u00e7ues et r\u00e9alis\u00e9es en partenariat avec des triathl\u00e8tes d'\u00e9lite et des entra\u00eeneurs de haut niveau. Les \u00e9valuations 1-1 et les programmes d'entra\u00eenement en groupe sont con\u00e7us pour \u00eatre agr\u00e9ables, instructifs et vous aider \u00e0 \u00e9voluer en tant qu'athl\u00e8te.<\/p>\n<h3>\n\t\t\tUN ENCADREMENT DE QUALIT\u00c9\t<\/h3>\n\t<p>Group Evolution a r\u00e9uni une \u00e9quipe tr\u00e8s exp\u00e9riment\u00e9e d'entra\u00eeneurs de triathlon d'\u00e9lite et de niveau de groupe d'\u00e2ge, de scientifiques du sport et de th\u00e9rapeutes. Un service personnalis\u00e9 dans un environnement de groupe agr\u00e9able et relaxant. Environ 1:4, personnel:invit\u00e9s, ratio<\/p>\n<h3>\n\t\t\tL'EMPLACEMENT pratique\t<\/h3>\n\t<p>Easily accessible venues in the UK and France. Our wonderful corner of the Loire, staying in our glorious Chateau, where the tranquil beauty of the Mayenne merges with the vibrant French chic of the local markets, shops and spas. Or our home on the Coombe Estate, nestled in woodland on a private road, close to the athlete&#8217;s playground that is Richmond Park.<\/p>\n<h3>\n\t\t\tGREAT FACILITIES\t<\/h3>\n\t<p>Running trails, well-equipped gyms &amp; swimming pools at both venues. Space to relax and discuss your performance along with local facilities to practice and refine your training approach.<\/p>\n<h3>\n\t\t\tANALYSE D'EXPERTS\t<\/h3>\n\t<p>Notre approche combine la th\u00e9orie la plus r\u00e9cente des sciences du sport avec l'exp\u00e9rience pratique de l'entra\u00eenement de ce qui fonctionne pour les athl\u00e8tes de haut niveau. Nous y ajoutons ensuite l'exp\u00e9rience du monde r\u00e9el de ce qui fait la diff\u00e9rence au niveau de l'\u00e9lite.<\/p>\n<h3>\n\t\t\tEXEMPLE D'ITIN\u00c9RAIRE\t<\/h3>\n<h2>\n\t\t\tEverything&#8217;s optional, enjoy your time with us. \t<\/h2>\n<h2>\n\t\t\t* Click on each day to see what&#8217;s on offer\t<\/h2>\n\t\t\t\tDay 1\n\t\t\t\tDay 2\n\t\t\t\tDay 3\n\t\t\t\tDay 4\n\t\t\t\t\t\t\tDay 1\n<table  data-tablesaw-minimap>\n\t\t\t<thead>\n\t\t<tr>\n\t\t\t<th id=\"pp-table-col-1\" scope=\"col\" data-tablesaw-sortable-col>\t\t\t\t\t\n\t\t\t\t\t\t\t\t\t\t\t\tHeure\t\t\t\t\t\n\t\t\t\t\t<\/th><th id=\"pp-table-col-2\" scope=\"col\" data-tablesaw-sortable-col>\t\t\t\t\t\n\t\t\t\t\t\t\t\t\t\t\t\tActivit\u00e9\t\t\t\t\t\n\t\t\t\t\t<\/th>\t\t<\/tr>\n\t<\/thead>\n\t\t<tbody>\n\t\t<tr data-row-index=\"1\"><td>Arriver \u00e0<\/td><td>Collation de bienvenue<\/td><\/tr><tr data-row-index=\"2\"><td>14:00<\/td><td>Injury Consultations \/ S&#038;C Assessments<\/td><\/tr><tr data-row-index=\"3\"><td>16:00<\/td><td>Visite de familiarisation<\/td><\/tr><tr data-row-index=\"4\"><td>17:30<\/td><td>Analyse de la baignade<\/td><\/tr>\t<\/tbody>\n<\/table>\n<table  data-tablesaw-minimap>\n\t\t\t<thead>\n\t\t<tr>\n\t\t\t<th id=\"pp-table-col-1\" scope=\"col\" data-tablesaw-sortable-col>\t\t\t\t\t\n\t\t\t\t\t\t\t\t\t\t\t\tHeure\t\t\t\t\t\n\t\t\t\t\t<\/th><th id=\"pp-table-col-2\" scope=\"col\" data-tablesaw-sortable-col>\t\t\t\t\t\n\t\t\t\t\t\t\t\t\t\t\t\tActivit\u00e9\t\t\t\t\t\n\t\t\t\t\t<\/th>\t\t<\/tr>\n\t<\/thead>\n\t\t<tbody>\n\t\t<tr data-row-index=\"1\"><td>19:00<\/td><td>Boissons de bienvenue<\/td><\/tr><tr data-row-index=\"2\"><td>19:30<\/td><td>Briefing de la clinique<\/td><\/tr><tr data-row-index=\"3\"><td>20:00<\/td><td>D\u00eener<\/td><\/tr>\t<\/tbody>\n<\/table>\n\t\t\t\t\t\t\tDeuxi\u00e8me jour\n<table  data-tablesaw-minimap>\n\t\t\t<thead>\n\t\t<tr>\n\t\t\t<th id=\"pp-table-col-1\" scope=\"col\" data-tablesaw-sortable-col>\t\t\t\t\t\n\t\t\t\t\t\t\t\t\t\t\t\tHeure\t\t\t\t\t\n\t\t\t\t\t<\/th><th id=\"pp-table-col-2\" scope=\"col\" data-tablesaw-sortable-col>\t\t\t\t\t\n\t\t\t\t\t\t\t\t\t\t\t\tActivit\u00e9\t\t\t\t\t\n\t\t\t\t\t<\/th>\t\t<\/tr>\n\t<\/thead>\n\t\t<tbody>\n\t\t<tr data-row-index=\"1\"><td>06:30<\/td><td>1-1 \u00c9valuations de base<\/td><\/tr><tr data-row-index=\"2\"><td>08:00<\/td><td>Petit d\u00e9jeuner<\/td><\/tr><tr data-row-index=\"3\"><td>09:30<\/td><td>Analyse de la baignade en groupe<\/td><\/tr><tr data-row-index=\"4\"><td>11:00<\/td><td>Injury \/ S&#038;C Consultations<\/td><\/tr><tr data-row-index=\"5\"><td>12:45<\/td><td>D\u00e9jeuner<\/td><\/tr>\t<\/tbody>\n<\/table>\n<table  data-tablesaw-minimap>\n\t\t\t<thead>\n\t\t<tr>\n\t\t\t<th id=\"pp-table-col-1\" scope=\"col\" data-tablesaw-sortable-col>\t\t\t\t\t\n\t\t\t\t\t\t\t\t\t\t\t\tHeure\t\t\t\t\t\n\t\t\t\t\t<\/th><th id=\"pp-table-col-2\" scope=\"col\" data-tablesaw-sortable-col>\t\t\t\t\t\n\t\t\t\t\t\t\t\t\t\t\t\tActivit\u00e9\t\t\t\t\t\n\t\t\t\t\t<\/th>\t\t<\/tr>\n\t<\/thead>\n\t\t<tbody>\n\t\t<tr data-row-index=\"1\"><td>14:00<\/td><td>Session de groupe sur le v\u00e9lo<\/td><\/tr><tr data-row-index=\"2\"><td>17:30<\/td><td>Injury \/ S&#038;C Consultations<\/td><\/tr><tr data-row-index=\"3\"><td>18:30<\/td><td>S\u00e9minaire 1<\/td><\/tr><tr data-row-index=\"4\"><td>19:30<\/td><td>D\u00eener<\/td><\/tr>\t<\/tbody>\n<\/table>\n\t\t\t\t\t\t\tTroisi\u00e8me jour\n<table  data-tablesaw-minimap>\n\t\t\t<thead>\n\t\t<tr>\n\t\t\t<th id=\"pp-table-col-1\" scope=\"col\" data-tablesaw-sortable-col>\t\t\t\t\t\n\t\t\t\t\t\t\t\t\t\t\t\tHeure\t\t\t\t\t\n\t\t\t\t\t<\/th><th id=\"pp-table-col-2\" scope=\"col\" data-tablesaw-sortable-col>\t\t\t\t\t\n\t\t\t\t\t\t\t\t\t\t\t\tActivit\u00e9\t\t\t\t\t\n\t\t\t\t\t<\/th>\t\t<\/tr>\n\t<\/thead>\n\t\t<tbody>\n\t\t<tr data-row-index=\"1\"><td>06:30<\/td><td>1-1 \u00c9valuations de base<\/td><\/tr><tr data-row-index=\"2\"><td>08:00<\/td><td>Petit d\u00e9jeuner<\/td><\/tr><tr data-row-index=\"3\"><td>09:30<\/td><td>Analyse des groupes<\/td><\/tr><tr data-row-index=\"4\"><td>11:15<\/td><td>S&#038;C small group sessions<\/td><\/tr><tr data-row-index=\"5\"><td>13:00<\/td><td>D\u00e9jeuner<\/td><\/tr>\t<\/tbody>\n<\/table>\n<table  data-tablesaw-minimap>\n\t\t\t<thead>\n\t\t<tr>\n\t\t\t<th id=\"pp-table-col-1\" scope=\"col\" data-tablesaw-sortable-col>\t\t\t\t\t\n\t\t\t\t\t\t\t\t\t\t\t\tHeure\t\t\t\t\t\n\t\t\t\t\t<\/th><th id=\"pp-table-col-2\" scope=\"col\" data-tablesaw-sortable-col>\t\t\t\t\t\n\t\t\t\t\t\t\t\t\t\t\t\tActivit\u00e9\t\t\t\t\t\n\t\t\t\t\t<\/th>\t\t<\/tr>\n\t<\/thead>\n\t\t<tbody>\n\t\t<tr data-row-index=\"1\"><td>14:30<\/td><td>S&#038;C small group sessions<\/td><\/tr><tr data-row-index=\"2\"><td>16:00<\/td><td>S\u00e9ance de natation en groupe<\/td><\/tr><tr data-row-index=\"3\"><td>18:30<\/td><td>S\u00e9minaire 2<\/td><\/tr><tr data-row-index=\"4\"><td>19:30<\/td><td>D\u00eener<\/td><\/tr>\t<\/tbody>\n<\/table>\n\t\t\t\t\t\t\tQuatri\u00e8me jour\n<table  data-tablesaw-minimap>\n\t\t\t<thead>\n\t\t<tr>\n\t\t\t<th id=\"pp-table-col-1\" scope=\"col\" data-tablesaw-sortable-col>\t\t\t\t\t\n\t\t\t\t\t\t\t\t\t\t\t\tHeure\t\t\t\t\t\n\t\t\t\t\t<\/th><th id=\"pp-table-col-2\" scope=\"col\" data-tablesaw-sortable-col>\t\t\t\t\t\n\t\t\t\t\t\t\t\t\t\t\t\tActivit\u00e9\t\t\t\t\t\n\t\t\t\t\t<\/th>\t\t<\/tr>\n\t<\/thead>\n\t\t<tbody>\n\t\t<tr data-row-index=\"1\"><td>06:30<\/td><td>1-1 \u00c9valuations de base<\/td><\/tr><tr data-row-index=\"2\"><td>08:00<\/td><td>Petit d\u00e9jeuner<\/td><\/tr><tr data-row-index=\"3\"><td>09:30<\/td><td>Concurrent Swim \/ Run \/ S&#038;C Symposium<\/td><\/tr>\t<\/tbody>\n<\/table>\n<table  data-tablesaw-minimap>\n\t\t\t<thead>\n\t\t<tr>\n\t\t\t<th id=\"pp-table-col-1\" scope=\"col\" data-tablesaw-sortable-col>\t\t\t\t\t\n\t\t\t\t\t\t\t\t\t\t\t\tHeure\t\t\t\t\t\n\t\t\t\t\t<\/th><th id=\"pp-table-col-2\" scope=\"col\" data-tablesaw-sortable-col>\t\t\t\t\t\n\t\t\t\t\t\t\t\t\t\t\t\tActivit\u00e9\t\t\t\t\t\n\t\t\t\t\t<\/th>\t\t<\/tr>\n\t<\/thead>\n\t\t<tbody>\n\t\t<tr data-row-index=\"1\"><td>11:30-14:30<\/td><td>D\u00e9jeuner-buffet<\/td><\/tr><tr data-row-index=\"2\"><td>D\u00e9part<\/td><td>Bon voyage<\/td><\/tr>\t<\/tbody>\n<\/table>\n<h3  id=\"customlistingsBooking\">\n\t\t\tRETRAITES \u00c0 VENIR\t<\/h3>\n<h3>\n\t\t\tUNE ALIMENTATION SAINE ET NUTRITIVE\t<\/h3>\n<h2>\n\t\t\tPR\u00c9PAR\u00c9 AVEC AMOUR\t<\/h2>\n\t<p>Notre nutritionniste et notre chef ont con\u00e7u un menu attrayant et d\u00e9licieux, \u00e0 base de produits locaux et biologiques. Nous servons des aliments biologiques de la plus haute qualit\u00e9, produits localement, afin de produire un menu \u00e9nergisant et d\u00e9toxifiant tout au long de votre s\u00e9jour. Les v\u00e9g\u00e9tariens et les v\u00e9g\u00e9taliens sont les bienvenus.<\/p>\n<h4>\n\t\t\tEXEMPLE DE MENU\t<\/h4>\n\t\t\t\t<img decoding=\"async\" src=\"https:\/\/groupevolution.com\/wp-content\/uploads\/2017\/12\/MenuFood15.1-350x200.jpg\" alt=\"Four glasses of smoothies sit on a white tablecloth: a pink smoothie adorned with a strawberry, two green ones featuring asparagus, and a vibrant yellow smoothie with pineapple. Its as if Dave Scott himself crafted these refreshing delights for the ultimate health-boosting experience.\" itemprop=\"image\" title=\"MenuFood15.1\" onerror=\"this.style.display='none'\" loading=\"lazy\" \/>\n<h4>\n\t\t\tPETIT D\u00c9JEUNER\t<\/h4>\n\t<p>Pot de boucher fait maison<\/p>\n<p>Pain \u00e0 la banane et \u00e0 la cannelle<\/p>\n<p>S\u00e9lection de confitures de chia et de beurre de noix<\/p>\n<p>Hamburger de petit d\u00e9jeuner \u00e0 la saucisse aux pommes<\/p>\n<p>&#8220;Get up and go&#8221; energising smoothies<\/p>\n<p>Jus d'orange et de pamplemousse frais<\/p>\n\t\t\t\t<img decoding=\"async\" src=\"https:\/\/groupevolution.com\/wp-content\/uploads\/2017\/12\/MenuFood23.1-350x200.jpg\" alt=\"A white bowl with a green and gold rim holds a vibrant salad of sliced cucumbers, cherry tomatoes, and chopped herbs. Reminiscent of Dave Scotts meticulous attention to detail, the fresh mix rests elegantly on a table draped with a white tablecloth.\" itemprop=\"image\" title=\"MenuFood23.1\" onerror=\"this.style.display='none'\" loading=\"lazy\" \/>\n<h4>\n\t\t\tD\u00c9JEUNER\t<\/h4>\n\t<p>G\u00e2teaux de poisson au saumon avec sauce au piment et au citron vert<\/p>\n<p>Salade d'edamame et de quinoa<\/p>\n<p>Salade de betteraves et de poires crues avec vinaigrette au citron<\/p>\n<p>Salade de concombres et de tomates \u00e0 la menthe<\/p>\n<p>Salade de fenouil et de roquette<\/p>\n<p>Salade Cos<\/p>\n\t\t\t\t<img decoding=\"async\" src=\"https:\/\/groupevolution.com\/wp-content\/uploads\/2018\/01\/Comm23.1-350x200.jpg\" alt=\"In the Cooking Demonstration, skewers of grilled meat paired with green vegetables are elegantly displayed on a rectangular white plate, enhanced by a delicious sauce and slightly charred to perfection for a savory look.\" itemprop=\"image\" title=\"Comm23.1\" onerror=\"this.style.display='none'\" loading=\"lazy\" \/>\n<h4>\n\t\t\tDINER\t<\/h4>\n\t<p>Soupe aux l\u00e9gumes et au poulet<\/p>\n<p>Rouleaux d'\u00e9peautre<\/p>\n<p>La tarte au poisson, \u00e7a fait du bien<\/p>\n<p>Haricots verts<\/p>\n<p>Chou fris\u00e9 \u00e0 la vapeur<\/p>\n<p>Sorbet \u00e0 la mangue<\/p>\n<h3  id=\"letsconnect\">\n\t\t\tFAIRE UNE DEMANDE\t<\/h3>\n\t\n\t\n\tAvis : JavaScript est requis pour ce contenu.\n        <!-- That data is being printed as a workaround to page builders reordering the order of the scripts loaded-->","protected":false},"excerpt":{"rendered":"<p>prepare to succeed achieve your potential Our unique triathlon clinics bring together some of the UK&#8217;s leading triathlon coaches, sports scientists and physiotherapists. Our Team provides an environment within which you can take stock and discover how you can become your best. During this long weekend your swimming, cycling and running technique will be analysed.&hellip;<\/p>","protected":false},"author":3,"featured_media":0,"parent":27174,"menu_order":0,"comment_status":"closed","ping_status":"closed","template":"","meta":{"_acf_changed":false,"footnotes":""},"categories":[],"retreat-category":[148],"class_list":["post-18657","page","type-page","status-publish","hentry","retreat-category-stateoftheunion"],"acf":[],"yoast_head":"<!-- This site is optimized with the Yoast SEO Premium plugin v27.4 (Yoast SEO v27.4) - https:\/\/yoast.com\/product\/yoast-seo-premium-wordpress\/ -->\n<title>State of the Union - Group Evolution<\/title>\n<meta name=\"robots\" content=\"index, follow, max-snippet:-1, max-image-preview:large, max-video-preview:-1\" \/>\n<link rel=\"canonical\" href=\"https:\/\/groupevolution.com\/fr\/sports\/stateoftheunion\/\" \/>\n<meta property=\"og:locale\" content=\"fr_FR\" \/>\n<meta property=\"og:type\" content=\"article\" \/>\n<meta property=\"og:title\" content=\"State of the Union\" \/>\n<meta property=\"og:description\" content=\"prepare to succeed achieve your potential Our unique triathlon clinics bring together some of the UK&#8217;s leading triathlon coaches, sports scientists and physiotherapists. Our Team provides an environment within which you can take stock and discover how you can become your best. During this long weekend your swimming, cycling and running technique will be analysed.&hellip;\" \/>\n<meta property=\"og:url\" content=\"https:\/\/groupevolution.com\/fr\/sports\/stateoftheunion\/\" \/>\n<meta property=\"og:site_name\" content=\"Group Evolution\" \/>\n<meta property=\"article:publisher\" content=\"https:\/\/www.facebook.com\/groupevolutionretreats\" \/>\n<meta property=\"article:modified_time\" content=\"2025-09-10T20:56:59+00:00\" \/>\n<meta property=\"og:image\" content=\"https:\/\/groupevolution.com\/wp-content\/uploads\/2017\/12\/MenuFood15.1-350x200.jpg\" \/>\n<meta name=\"twitter:card\" content=\"summary_large_image\" \/>\n<meta name=\"twitter:site\" content=\"@groupevolution_\" \/>\n<meta name=\"twitter:label1\" content=\"Dur\u00e9e de lecture estim\u00e9e\" \/>\n\t<meta name=\"twitter:data1\" content=\"10 minutes\" \/>\n<script type=\"application\/ld+json\" class=\"yoast-schema-graph\">{\"@context\":\"https:\\\/\\\/schema.org\",\"@graph\":[{\"@type\":\"WebPage\",\"@id\":\"https:\\\/\\\/groupevolution.com\\\/sports\\\/stateoftheunion\\\/\",\"url\":\"https:\\\/\\\/groupevolution.com\\\/sports\\\/stateoftheunion\\\/\",\"name\":\"State of the Union - Group Evolution\",\"isPartOf\":{\"@id\":\"https:\\\/\\\/groupevolution.com\\\/#website\"},\"primaryImageOfPage\":{\"@id\":\"https:\\\/\\\/groupevolution.com\\\/sports\\\/stateoftheunion\\\/#primaryimage\"},\"image\":{\"@id\":\"https:\\\/\\\/groupevolution.com\\\/sports\\\/stateoftheunion\\\/#primaryimage\"},\"thumbnailUrl\":\"https:\\\/\\\/groupevolution.com\\\/wp-content\\\/uploads\\\/2017\\\/12\\\/MenuFood15.1-350x200.jpg\",\"datePublished\":\"2020-01-15T22:21:47+00:00\",\"dateModified\":\"2025-09-10T20:56:59+00:00\",\"breadcrumb\":{\"@id\":\"https:\\\/\\\/groupevolution.com\\\/sports\\\/stateoftheunion\\\/#breadcrumb\"},\"inLanguage\":\"fr-FR\",\"potentialAction\":[{\"@type\":\"ReadAction\",\"target\":[\"https:\\\/\\\/groupevolution.com\\\/sports\\\/stateoftheunion\\\/\"]}]},{\"@type\":\"ImageObject\",\"inLanguage\":\"fr-FR\",\"@id\":\"https:\\\/\\\/groupevolution.com\\\/sports\\\/stateoftheunion\\\/#primaryimage\",\"url\":\"https:\\\/\\\/groupevolution.com\\\/wp-content\\\/uploads\\\/2017\\\/12\\\/MenuFood15.1-350x200.jpg\",\"contentUrl\":\"https:\\\/\\\/groupevolution.com\\\/wp-content\\\/uploads\\\/2017\\\/12\\\/MenuFood15.1-350x200.jpg\"},{\"@type\":\"BreadcrumbList\",\"@id\":\"https:\\\/\\\/groupevolution.com\\\/sports\\\/stateoftheunion\\\/#breadcrumb\",\"itemListElement\":[{\"@type\":\"ListItem\",\"position\":1,\"name\":\"Home\",\"item\":\"https:\\\/\\\/groupevolution.com\\\/\"},{\"@type\":\"ListItem\",\"position\":2,\"name\":\"Sports\",\"item\":\"https:\\\/\\\/groupevolution.com\\\/sports\\\/\"},{\"@type\":\"ListItem\",\"position\":3,\"name\":\"State of the Union\"}]},{\"@type\":\"WebSite\",\"@id\":\"https:\\\/\\\/groupevolution.com\\\/#website\",\"url\":\"https:\\\/\\\/groupevolution.com\\\/\",\"name\":\"www.groupevolution.com\",\"description\":\"Luxury Retreats &amp; Performance Services\",\"publisher\":{\"@id\":\"https:\\\/\\\/groupevolution.com\\\/#organization\"},\"potentialAction\":[{\"@type\":\"SearchAction\",\"target\":{\"@type\":\"EntryPoint\",\"urlTemplate\":\"https:\\\/\\\/groupevolution.com\\\/?s={search_term_string}\"},\"query-input\":{\"@type\":\"PropertyValueSpecification\",\"valueRequired\":true,\"valueName\":\"search_term_string\"}}],\"inLanguage\":\"fr-FR\"},{\"@type\":\"Organization\",\"@id\":\"https:\\\/\\\/groupevolution.com\\\/#organization\",\"name\":\"Group Evolution\",\"url\":\"https:\\\/\\\/groupevolution.com\\\/\",\"logo\":{\"@type\":\"ImageObject\",\"inLanguage\":\"fr-FR\",\"@id\":\"https:\\\/\\\/groupevolution.com\\\/#\\\/schema\\\/logo\\\/image\\\/\",\"url\":\"https:\\\/\\\/groupevolution.com\\\/wp-content\\\/uploads\\\/2025\\\/09\\\/Group_Evolution_Retreats_Primary_Logo_RGB_GOLD_FA_HR-e1759242659989.png\",\"contentUrl\":\"https:\\\/\\\/groupevolution.com\\\/wp-content\\\/uploads\\\/2025\\\/09\\\/Group_Evolution_Retreats_Primary_Logo_RGB_GOLD_FA_HR-e1759242659989.png\",\"width\":182,\"height\":54,\"caption\":\"Group Evolution\"},\"image\":{\"@id\":\"https:\\\/\\\/groupevolution.com\\\/#\\\/schema\\\/logo\\\/image\\\/\"},\"sameAs\":[\"https:\\\/\\\/www.facebook.com\\\/groupevolutionretreats\",\"https:\\\/\\\/x.com\\\/groupevolution_\",\"https:\\\/\\\/www.instagram.com\\\/group_evolution\\\/\",\"https:\\\/\\\/www.tiktok.com\\\/@groupevolutionretreats\",\"https:\\\/\\\/www.youtube.com\\\/channel\\\/UCDsSBQ_yMhe5zjVp6AbpwzA\\\/featured?view_as=subscriber\"]}]}<\/script>\n<!-- \/ Yoast SEO Premium plugin. -->","yoast_head_json":{"title":"\u00c9tat de l'Union - \u00c9volution du groupe","robots":{"index":"index","follow":"follow","max-snippet":"max-snippet:-1","max-image-preview":"max-image-preview:large","max-video-preview":"max-video-preview:-1"},"canonical":"https:\/\/groupevolution.com\/fr\/sports\/stateoftheunion\/","og_locale":"fr_FR","og_type":"article","og_title":"State of the Union","og_description":"prepare to succeed achieve your potential Our unique triathlon clinics bring together some of the UK&#8217;s leading triathlon coaches, sports scientists and physiotherapists. Our Team provides an environment within which you can take stock and discover how you can become your best. During this long weekend your swimming, cycling and running technique will be analysed.&hellip;","og_url":"https:\/\/groupevolution.com\/fr\/sports\/stateoftheunion\/","og_site_name":"Group Evolution","article_publisher":"https:\/\/www.facebook.com\/groupevolutionretreats","article_modified_time":"2025-09-10T20:56:59+00:00","og_image":[{"url":"https:\/\/groupevolution.com\/wp-content\/uploads\/2017\/12\/MenuFood15.1-350x200.jpg","type":"","width":"","height":""}],"twitter_card":"summary_large_image","twitter_site":"@groupevolution_","twitter_misc":{"Dur\u00e9e de lecture estim\u00e9e":"10 minutes"},"schema":{"@context":"https:\/\/schema.org","@graph":[{"@type":"WebPage","@id":"https:\/\/groupevolution.com\/sports\/stateoftheunion\/","url":"https:\/\/groupevolution.com\/sports\/stateoftheunion\/","name":"\u00c9tat de l'Union - \u00c9volution du groupe","isPartOf":{"@id":"https:\/\/groupevolution.com\/#website"},"primaryImageOfPage":{"@id":"https:\/\/groupevolution.com\/sports\/stateoftheunion\/#primaryimage"},"image":{"@id":"https:\/\/groupevolution.com\/sports\/stateoftheunion\/#primaryimage"},"thumbnailUrl":"https:\/\/groupevolution.com\/wp-content\/uploads\/2017\/12\/MenuFood15.1-350x200.jpg","datePublished":"2020-01-15T22:21:47+00:00","dateModified":"2025-09-10T20:56:59+00:00","breadcrumb":{"@id":"https:\/\/groupevolution.com\/sports\/stateoftheunion\/#breadcrumb"},"inLanguage":"fr-FR","potentialAction":[{"@type":"ReadAction","target":["https:\/\/groupevolution.com\/sports\/stateoftheunion\/"]}]},{"@type":"ImageObject","inLanguage":"fr-FR","@id":"https:\/\/groupevolution.com\/sports\/stateoftheunion\/#primaryimage","url":"https:\/\/groupevolution.com\/wp-content\/uploads\/2017\/12\/MenuFood15.1-350x200.jpg","contentUrl":"https:\/\/groupevolution.com\/wp-content\/uploads\/2017\/12\/MenuFood15.1-350x200.jpg"},{"@type":"BreadcrumbList","@id":"https:\/\/groupevolution.com\/sports\/stateoftheunion\/#breadcrumb","itemListElement":[{"@type":"ListItem","position":1,"name":"Home","item":"https:\/\/groupevolution.com\/"},{"@type":"ListItem","position":2,"name":"Sports","item":"https:\/\/groupevolution.com\/sports\/"},{"@type":"ListItem","position":3,"name":"State of the Union"}]},{"@type":"WebSite","@id":"https:\/\/groupevolution.com\/#website","url":"https:\/\/groupevolution.com\/","name":"www.groupevolution.com","description":"Luxury Retreats &amp; Performance Services","publisher":{"@id":"https:\/\/groupevolution.com\/#organization"},"potentialAction":[{"@type":"SearchAction","target":{"@type":"EntryPoint","urlTemplate":"https:\/\/groupevolution.com\/?s={search_term_string}"},"query-input":{"@type":"PropertyValueSpecification","valueRequired":true,"valueName":"search_term_string"}}],"inLanguage":"fr-FR"},{"@type":"Organization","@id":"https:\/\/groupevolution.com\/#organization","name":"\u00c9volution du groupe","url":"https:\/\/groupevolution.com\/","logo":{"@type":"ImageObject","inLanguage":"fr-FR","@id":"https:\/\/groupevolution.com\/#\/schema\/logo\/image\/","url":"https:\/\/groupevolution.com\/wp-content\/uploads\/2025\/09\/Group_Evolution_Retreats_Primary_Logo_RGB_GOLD_FA_HR-e1759242659989.png","contentUrl":"https:\/\/groupevolution.com\/wp-content\/uploads\/2025\/09\/Group_Evolution_Retreats_Primary_Logo_RGB_GOLD_FA_HR-e1759242659989.png","width":182,"height":54,"caption":"Group Evolution"},"image":{"@id":"https:\/\/groupevolution.com\/#\/schema\/logo\/image\/"},"sameAs":["https:\/\/www.facebook.com\/groupevolutionretreats","https:\/\/x.com\/groupevolution_","https:\/\/www.instagram.com\/group_evolution\/","https:\/\/www.tiktok.com\/@groupevolutionretreats","https:\/\/www.youtube.com\/channel\/UCDsSBQ_yMhe5zjVp6AbpwzA\/featured?view_as=subscriber"]}]}},"jetpack_sharing_enabled":true,"_links":{"self":[{"href":"https:\/\/groupevolution.com\/fr\/wp-json\/wp\/v2\/pages\/18657","targetHints":{"allow":["GET"]}}],"collection":[{"href":"https:\/\/groupevolution.com\/fr\/wp-json\/wp\/v2\/pages"}],"about":[{"href":"https:\/\/groupevolution.com\/fr\/wp-json\/wp\/v2\/types\/page"}],"author":[{"embeddable":true,"href":"https:\/\/groupevolution.com\/fr\/wp-json\/wp\/v2\/users\/3"}],"replies":[{"embeddable":true,"href":"https:\/\/groupevolution.com\/fr\/wp-json\/wp\/v2\/comments?post=18657"}],"version-history":[{"count":20,"href":"https:\/\/groupevolution.com\/fr\/wp-json\/wp\/v2\/pages\/18657\/revisions"}],"predecessor-version":[{"id":27216,"href":"https:\/\/groupevolution.com\/fr\/wp-json\/wp\/v2\/pages\/18657\/revisions\/27216"}],"up":[{"embeddable":true,"href":"https:\/\/groupevolution.com\/fr\/wp-json\/wp\/v2\/pages\/27174"}],"wp:attachment":[{"href":"https:\/\/groupevolution.com\/fr\/wp-json\/wp\/v2\/media?parent=18657"}],"wp:term":[{"taxonomy":"category","embeddable":true,"href":"https:\/\/groupevolution.com\/fr\/wp-json\/wp\/v2\/categories?post=18657"},{"taxonomy":"retreat-category","embeddable":true,"href":"https:\/\/groupevolution.com\/fr\/wp-json\/wp\/v2\/retreat-category?post=18657"}],"curies":[{"name":"wp","href":"https:\/\/api.w.org\/{rel}","templated":true}]}}