{"id":1597,"date":"2017-12-15T16:50:33","date_gmt":"2017-12-15T16:50:33","guid":{"rendered":"https:\/\/groupevolution.com\/?page_id=1597"},"modified":"2025-09-10T21:14:36","modified_gmt":"2025-09-10T20:14:36","slug":"cycling-nirvana","status":"publish","type":"page","link":"https:\/\/groupevolution.com\/fr\/sports\/cycling-nirvana\/","title":{"rendered":"Le Nirvana du v\u00e9lo"},"content":{"rendered":"<h3>\r\n\t\t\tcycling nirvana\t<\/h3>\r\n<h2>\r\n\t\t\tLuxury Cycling Holiday\t<\/h2>\r\n\t<p>Entra\u00eenez-vous comme une \u00e9lite, r\u00e9cup\u00e9rez dans le luxe. Nos retraites cyclistes sont encadr\u00e9es par des entra\u00eeneurs professionnels et d'anciens coureurs du peloton professionnel. D\u00e9passez-vous lors de randonn\u00e9es en groupe enti\u00e8rement encadr\u00e9es, destin\u00e9es aux cyclistes de tous niveaux, dans les paysages tranquilles et vallonn\u00e9s de la Mayenne et des Alpes Mancelles. Recevez des conseils personnalis\u00e9s sur votre condition physique, votre technique et votre alimentation de la part de professionnels du sport exp\u00e9riment\u00e9s et dipl\u00f4m\u00e9s. Profitez de notre magnifique ch\u00e2teau dans la Loire, de son h\u00e9bergement luxueux, de ses superbes jardins, de sa cuisine all\u00e9chante et de ses installations de sant\u00e9, de remise en forme et de bien-\u00eatre de premi\u00e8re classe.<\/p>\r\n\t<a href=\"https:\/\/\/fr\/dev.groupevolution.com\/booking-calendar\/\">R\u00e9servez maintenant<\/a>\r\n<h3>\r\n\t\t\tCE QUI COMPREND\t<\/h3>\r\n<h2>\r\n\t\t\tDES RETRAITES PERSONNALIS\u00c9ES\t<\/h2>\r\n<h2>\r\n\t\t\tO\u00d9 TOUT EST PENS\u00c9 POUR VOTRE BIEN-\u00caTRE\t<\/h2>\r\n\t<p>Luxurious en-suite accommodation in the recently refurbished, &#8216;fairytale&#8217; Chateau de la Motte Henry<\/p>\r\n<p>Aliments et boissons nutritifs et \u00e9nergisants, y compris 3 repas par jour, collations d'entra\u00eenement et produits \u00e9nerg\u00e9tiques<\/p>\r\n<p>Superb on-site sporting facilities &#8211; running trail, high performance gym, 25m swimming pool and open water lake<\/p>\r\n<p>Great social and relaxation areas &#8211; lakeside decking, walled garden, woodland paths, secret picnic spots<\/p>\r\n<p>Personal transfers from local airports and train stations and escorted travel from Paris transportation hubs<\/p>\r\n<p>Excursions to showcase the Loire &#8211; medieval fortified towns, meandering riverside towpaths and traditional French markets<\/p>\r\n<p>&nbsp;<\/p>\r\n\t<p>Bike and luggage transfers from transportation hubs, including Paris, Nantes and Rennes airports<\/p>\r\n<p>Supported, mixed ability group rides across the picturesque, rolling terrain of the Pays de la Loire<\/p>\r\n<p>1-1 and small group workshops, focused, for example, upon bike comfort, cycling technique or managing effort across long rides<\/p>\r\n<p>Experienced ride leader, support van and maintenance support<\/p>\r\n<p>1 x 60 minute recovery massage<\/p>\r\n<p>1 x 60 minute sports science assessment (physiology, biomechanics or strength &amp; conditioning)<\/p>\r\n<p>Restorative yoga and stretching classes<\/p>\r\n<h3>\r\n\t\t\tLIEU DE TOURNAGE\t<\/h3>\r\n\t<p>Un magnifique ch\u00e2teau, avec des logements de luxe de style boutique, de superbes installations sportives et des espaces sociaux accueillants, situ\u00e9 dans un magnifique parc bois\u00e9 de 9 hectares. R\u00e9f\u00e9renc\u00e9 dans le Times Top 20 Chateaux.<\/p>\r\n<h3>\r\n\t\t\tLES RANDONN\u00c9ES DE GROUPE SOUTENUES\t<\/h3>\r\n\t<p>Quality riding in the picturesque, rolling terrain of the Mayenne. Follow part of the 2021 Tour de France. All rides are ability based and guided, with additional support from our mobile maintenance van.<\/p>\r\n<h3>\r\n\t\t\tUNE EXP\u00c9RIENCE SANS TRACAS\t<\/h3>\r\n\t<p>Personal transfers from local airports and train stations. Fully supported group rides. All meals, snacks and drinks included. Single, exceptional base location. Chilled and relaxing evenings in the company of like-minded individuals.<\/p>\r\n<p>&nbsp;<\/p>\r\n<h3>\r\n\t\t\tDES INSTALLATIONS DE PREMIER ORDRE\t<\/h3>\r\n\t<p>Piste de course aux copeaux de bois, salle de sport, piscine, lac et studio de yoga pour les actifs. Sentiers forestiers, aires de pique-nique isol\u00e9es, terrasse au bord du lac et jardin clos pour la d\u00e9tente. Vous ne devez jamais quitter le parc du ch\u00e2teau.<\/p>\r\n<h3>\r\n\t\t\tS\u00c9JOUR HAUT DE GAMME\t<\/h3>\r\n\t<p>Individually designed en-suite bedrooms, stunning renovated sitting rooms and cosy reading areas inspire and relax whilst staying true to the Chateau&#8217;s heritage.<\/p>\r\n<h3>\r\n\t\t\tALIMENTATION SAINE ET GOURMANDE\t<\/h3>\r\n\t<p>Tous les repas et les collations sont fournis. Nos repas attrayants sont con\u00e7us pour soutenir votre style de vie actif, mais aussi pour \u00eatre savoureux et excitants. Des collations sont disponibles pour les p\u00e9riodes interm\u00e9diaires. Et des barres \u00e9nerg\u00e9tiques faites maison sont disponibles pour les efforts plus longs.<\/p>\r\n<h3  id=\"customlistingsBooking\">\r\n\t\t\tRETRAITES \u00c0 VENIR\t<\/h3>\r\n<h3>\r\n\t\t\tLE LIEU\t<\/h3>\r\n\t<p>Le ch\u00e2teau de la Motte Henry est un magnifique ch\u00e2teau du 19eme si\u00e8cle<sup>th<\/sup> Century Chateau set in over 9 hectares of glorious parkland in the Pays de la Loire. Easy to get to from the UK and mainland Europe, the Chateau is equipped with first class health, fitness and leisure facilities to allow guests to relax and reenergise. The spacious accommodation remains true to the Chateau&#8217;s heritage, updated for modern convenience.<\/p>\r\n<p><a href=\"\/fr\/venue\/\">Voir le lieu<\/a><\/p>\r\n<h3>\r\n\t\t\tUNE NOURRITURE SAINE ET NUTRITIVE, PR\u00c9PAR\u00c9E AVEC AMOUR\t<\/h3>\r\n<h2>\r\n\t\t\tPR\u00c9PAR\u00c9 AVEC AMOUR\t<\/h2>\r\n\t<p>Notre nutritionniste et notre chef ont con\u00e7u un menu attrayant et d\u00e9licieux, \u00e0 base de produits locaux et biologiques. Nous servons des aliments biologiques de la plus haute qualit\u00e9, produits localement, afin de produire un menu \u00e9nergisant et d\u00e9toxifiant tout au long de votre s\u00e9jour. Les v\u00e9g\u00e9tariens et les v\u00e9g\u00e9taliens sont les bienvenus.<\/p>\r\n<h4>\r\n\t\t\tEXEMPLE DE MENU\t<\/h4>\r\n\t\t\t\t<img decoding=\"async\" src=\"https:\/\/groupevolution.com\/wp-content\/uploads\/2017\/12\/MenuFood15.1-350x200.jpg\" alt=\"Four glasses of smoothies sit on a white tablecloth: a pink smoothie adorned with a strawberry, two green ones featuring asparagus, and a vibrant yellow smoothie with pineapple. Its as if Dave Scott himself crafted these refreshing delights for the ultimate health-boosting experience.\" itemprop=\"image\" title=\"MenuFood15.1\" onerror=\"this.style.display='none'\" loading=\"lazy\" \/>\r\n<h4>\r\n\t\t\tPETIT D\u00c9JEUNER\t<\/h4>\r\n\t<p>Granola artisanal Signature<\/p>\r\n<p>Plateau de fruits frais<\/p>\r\n<p>Cr\u00eapes prot\u00e9in\u00e9es avec confitures de chia et beurres de noix<\/p>\r\n<p>Pots de bouleau \u00e0 graines d'avoine et de chia avec des baies m\u00e9lang\u00e9es<\/p>\r\n<p>Smoothies verts<\/p>\r\n<p>Jus d'orange et de betterave frais<\/p>\r\n\t\t\t\t<img decoding=\"async\" src=\"https:\/\/groupevolution.com\/wp-content\/uploads\/2017\/12\/MenuFood9.1-350x200.jpg\" alt=\"A bowl of colorful couscous salad containing finely chopped tomatoes, cucumbers, red onions, and fresh herbs, served with a metal spoon on the side. The dish is placed on a light-colored surface.\" itemprop=\"image\" title=\"MenuFood9.1\" onerror=\"this.style.display='none'\" loading=\"lazy\" \/>\r\n<h4>\r\n\t\t\tD\u00c9JEUNER\t<\/h4>\r\n\t<p>Cousin \u00e9pic\u00e9 au poulet<\/p>\r\n<p>Choix de mini quiche sans cro\u00fbte<\/p>\r\n<p>Salade de maquereau au pouvoir<\/p>\r\n<p>Pain au potiron<\/p>\r\n<p>B\u00e2tonnets de l\u00e9gumes et trempettes (houmous, ganoush au baba, smoosh aux haricots rouges)<\/p>\r\n<p>Salade verte <\/p>\r\n\t\t\t\t<img decoding=\"async\" src=\"https:\/\/groupevolution.com\/wp-content\/uploads\/2017\/12\/MenuFood12.1-350x200.jpg\" alt=\"Assorted chocolate mousse desserts in various glass containers, topped with blueberries and raspberries, arranged on a white tablecloth with a folded napkin in the background.\" itemprop=\"image\" title=\"MenuFood12.1\" onerror=\"this.style.display='none'\" loading=\"lazy\" \/>\r\n<h4>\r\n\t\t\tDINER\t<\/h4>\r\n\t<p>Soupe de courge musqu\u00e9e r\u00f4tie<\/p>\r\n<p>Curry de poulet ou de l\u00e9gumes vert tha\u00eflandais<\/p>\r\n<p>\u00c9pinards fan\u00e9s<\/p>\r\n<p>Riz brun<\/p>\r\n<p>Carotte glac\u00e9e<\/p>\r\n<p>Panna cotta \u00e0 la noix de coco<\/p>\r\n<h3  id=\"letsconnect\">\r\n\t\t\tFAIRE UNE DEMANDE\t<\/h3>\r\n\t\r\n\t\r\n\tAvis : JavaScript est requis pour ce contenu.\r\n        <!-- That data is being printed as a workaround to page builders reordering the order of the scripts loaded-->","protected":false},"excerpt":{"rendered":"<p>cycling nirvana Luxury Cycling Holiday Train like an elite, recover in luxury. Our cycling retreats are supported by professional coaches and ex-pro peloton riders. Push yourself during fully supported group rides for cyclists of all abilities throughout the quiet, rolling terrain of the Mayenne and the Alpes Mancelles. Receive personalised advice on your fitness, technique&hellip;<\/p>","protected":false},"author":1,"featured_media":0,"parent":27174,"menu_order":0,"comment_status":"closed","ping_status":"closed","template":"","meta":{"_acf_changed":false,"footnotes":""},"categories":[],"retreat-category":[69],"class_list":["post-1597","page","type-page","status-publish","hentry","retreat-category-cycling"],"acf":[],"yoast_head":"<!-- This site is optimized with the Yoast SEO Premium plugin v27.1 (Yoast SEO v27.1.1) - https:\/\/yoast.com\/product\/yoast-seo-premium-wordpress\/ -->\n<title>Cycling Nirvana - Group Evolution<\/title>\n<meta name=\"description\" content=\"Explore the wonders of the Loire. Picturesque landscapes, rolling terrain and uncrowded, high quality roads. Experience the beauty of the Alpes Mancelles, Sarthe and Mayenne rivers in this unspoilt region, easily accessible from Paris, Continental Europe and the UK. Relax and recover at our glorious Chateau, set in 27 acres of secluded parkland grounds.\" \/>\n<meta name=\"robots\" content=\"index, follow, max-snippet:-1, max-image-preview:large, max-video-preview:-1\" \/>\n<link rel=\"canonical\" href=\"https:\/\/groupevolution.com\/fr\/sports\/cycling-nirvana\/\" \/>\n<meta property=\"og:locale\" content=\"fr_FR\" \/>\n<meta property=\"og:type\" content=\"article\" \/>\n<meta property=\"og:title\" content=\"Cycling Nirvana\" \/>\n<meta property=\"og:description\" content=\"Explore the wonders of the Loire. Picturesque landscapes, rolling terrain and uncrowded, high quality roads. Experience the beauty of the Alpes Mancelles, Sarthe and Mayenne rivers in this unspoilt region, easily accessible from Paris, Continental Europe and the UK. Relax and recover at our glorious Chateau, set in 27 acres of secluded parkland grounds.\" \/>\n<meta property=\"og:url\" content=\"https:\/\/groupevolution.com\/fr\/sports\/cycling-nirvana\/\" \/>\n<meta property=\"og:site_name\" content=\"Group Evolution\" \/>\n<meta property=\"article:publisher\" content=\"https:\/\/www.facebook.com\/groupevolutionretreats\" \/>\n<meta property=\"article:modified_time\" content=\"2025-09-10T20:14:36+00:00\" \/>\n<meta property=\"og:image\" content=\"https:\/\/groupevolution.com\/wp-content\/uploads\/2017\/12\/MenuFood15.1-350x200.jpg\" \/>\n<meta name=\"twitter:card\" content=\"summary_large_image\" \/>\n<meta name=\"twitter:site\" content=\"@groupevolution_\" \/>\n<meta name=\"twitter:label1\" content=\"Dur\u00e9e de lecture estim\u00e9e\" \/>\n\t<meta name=\"twitter:data1\" content=\"9 minutes\" \/>\n<script type=\"application\/ld+json\" class=\"yoast-schema-graph\">{\"@context\":\"https:\/\/schema.org\",\"@graph\":[{\"@type\":\"WebPage\",\"@id\":\"https:\/\/groupevolution.com\/sports\/cycling-nirvana\/\",\"url\":\"https:\/\/groupevolution.com\/sports\/cycling-nirvana\/\",\"name\":\"Cycling Nirvana - Group Evolution\",\"isPartOf\":{\"@id\":\"https:\/\/groupevolution.com\/#website\"},\"primaryImageOfPage\":{\"@id\":\"https:\/\/groupevolution.com\/sports\/cycling-nirvana\/#primaryimage\"},\"image\":{\"@id\":\"https:\/\/groupevolution.com\/sports\/cycling-nirvana\/#primaryimage\"},\"thumbnailUrl\":\"https:\/\/groupevolution.com\/wp-content\/uploads\/2017\/12\/MenuFood15.1-350x200.jpg\",\"datePublished\":\"2017-12-15T16:50:33+00:00\",\"dateModified\":\"2025-09-10T20:14:36+00:00\",\"description\":\"Explore the wonders of the Loire. Picturesque landscapes, rolling terrain and uncrowded, high quality roads. Experience the beauty of the Alpes Mancelles, Sarthe and Mayenne rivers in this unspoilt region, easily accessible from Paris, Continental Europe and the UK. Relax and recover at our glorious Chateau, set in 27 acres of secluded parkland grounds.\",\"breadcrumb\":{\"@id\":\"https:\/\/groupevolution.com\/sports\/cycling-nirvana\/#breadcrumb\"},\"inLanguage\":\"fr-FR\",\"potentialAction\":[{\"@type\":\"ReadAction\",\"target\":[\"https:\/\/groupevolution.com\/sports\/cycling-nirvana\/\"]}]},{\"@type\":\"ImageObject\",\"inLanguage\":\"fr-FR\",\"@id\":\"https:\/\/groupevolution.com\/sports\/cycling-nirvana\/#primaryimage\",\"url\":\"https:\/\/groupevolution.com\/wp-content\/uploads\/2017\/12\/MenuFood15.1-350x200.jpg\",\"contentUrl\":\"https:\/\/groupevolution.com\/wp-content\/uploads\/2017\/12\/MenuFood15.1-350x200.jpg\"},{\"@type\":\"BreadcrumbList\",\"@id\":\"https:\/\/groupevolution.com\/sports\/cycling-nirvana\/#breadcrumb\",\"itemListElement\":[{\"@type\":\"ListItem\",\"position\":1,\"name\":\"Home\",\"item\":\"https:\/\/groupevolution.com\/\"},{\"@type\":\"ListItem\",\"position\":2,\"name\":\"Sports\",\"item\":\"https:\/\/groupevolution.com\/sports\/\"},{\"@type\":\"ListItem\",\"position\":3,\"name\":\"Cycling Nirvana\"}]},{\"@type\":\"WebSite\",\"@id\":\"https:\/\/groupevolution.com\/#website\",\"url\":\"https:\/\/groupevolution.com\/\",\"name\":\"www.groupevolution.com\",\"description\":\"Luxury Retreats &amp; Performance Services\",\"publisher\":{\"@id\":\"https:\/\/groupevolution.com\/#organization\"},\"potentialAction\":[{\"@type\":\"SearchAction\",\"target\":{\"@type\":\"EntryPoint\",\"urlTemplate\":\"https:\/\/groupevolution.com\/?s={search_term_string}\"},\"query-input\":{\"@type\":\"PropertyValueSpecification\",\"valueRequired\":true,\"valueName\":\"search_term_string\"}}],\"inLanguage\":\"fr-FR\"},{\"@type\":\"Organization\",\"@id\":\"https:\/\/groupevolution.com\/#organization\",\"name\":\"Group Evolution\",\"url\":\"https:\/\/groupevolution.com\/\",\"logo\":{\"@type\":\"ImageObject\",\"inLanguage\":\"fr-FR\",\"@id\":\"https:\/\/groupevolution.com\/#\/schema\/logo\/image\/\",\"url\":\"https:\/\/groupevolution.com\/wp-content\/uploads\/2025\/09\/Group_Evolution_Retreats_Primary_Logo_RGB_GOLD_FA_HR-e1759242659989.png\",\"contentUrl\":\"https:\/\/groupevolution.com\/wp-content\/uploads\/2025\/09\/Group_Evolution_Retreats_Primary_Logo_RGB_GOLD_FA_HR-e1759242659989.png\",\"width\":182,\"height\":54,\"caption\":\"Group Evolution\"},\"image\":{\"@id\":\"https:\/\/groupevolution.com\/#\/schema\/logo\/image\/\"},\"sameAs\":[\"https:\/\/www.facebook.com\/groupevolutionretreats\",\"https:\/\/x.com\/groupevolution_\",\"https:\/\/www.instagram.com\/group_evolution\/\",\"https:\/\/www.tiktok.com\/@groupevolutionretreats\",\"https:\/\/www.youtube.com\/channel\/UCDsSBQ_yMhe5zjVp6AbpwzA\/featured?view_as=subscriber\"]}]}<\/script>\n<!-- \/ Yoast SEO Premium plugin. -->","yoast_head_json":{"title":"Cyclisme Nirvana - \u00c9volution du groupe","description":"Explore the wonders of the Loire. Picturesque landscapes, rolling terrain and uncrowded, high quality roads. Experience the beauty of the Alpes Mancelles, Sarthe and Mayenne rivers in this unspoilt region, easily accessible from Paris, Continental Europe and the UK. Relax and recover at our glorious Chateau, set in 27 acres of secluded parkland grounds.","robots":{"index":"index","follow":"follow","max-snippet":"max-snippet:-1","max-image-preview":"max-image-preview:large","max-video-preview":"max-video-preview:-1"},"canonical":"https:\/\/groupevolution.com\/fr\/sports\/cycling-nirvana\/","og_locale":"fr_FR","og_type":"article","og_title":"Cycling Nirvana","og_description":"Explore the wonders of the Loire. Picturesque landscapes, rolling terrain and uncrowded, high quality roads. Experience the beauty of the Alpes Mancelles, Sarthe and Mayenne rivers in this unspoilt region, easily accessible from Paris, Continental Europe and the UK. Relax and recover at our glorious Chateau, set in 27 acres of secluded parkland grounds.","og_url":"https:\/\/groupevolution.com\/fr\/sports\/cycling-nirvana\/","og_site_name":"Group Evolution","article_publisher":"https:\/\/www.facebook.com\/groupevolutionretreats","article_modified_time":"2025-09-10T20:14:36+00:00","og_image":[{"url":"https:\/\/groupevolution.com\/wp-content\/uploads\/2017\/12\/MenuFood15.1-350x200.jpg","type":"","width":"","height":""}],"twitter_card":"summary_large_image","twitter_site":"@groupevolution_","twitter_misc":{"Dur\u00e9e de lecture estim\u00e9e":"9 minutes"},"schema":{"@context":"https:\/\/schema.org","@graph":[{"@type":"WebPage","@id":"https:\/\/groupevolution.com\/sports\/cycling-nirvana\/","url":"https:\/\/groupevolution.com\/sports\/cycling-nirvana\/","name":"Cyclisme Nirvana - \u00c9volution du groupe","isPartOf":{"@id":"https:\/\/groupevolution.com\/#website"},"primaryImageOfPage":{"@id":"https:\/\/groupevolution.com\/sports\/cycling-nirvana\/#primaryimage"},"image":{"@id":"https:\/\/groupevolution.com\/sports\/cycling-nirvana\/#primaryimage"},"thumbnailUrl":"https:\/\/groupevolution.com\/wp-content\/uploads\/2017\/12\/MenuFood15.1-350x200.jpg","datePublished":"2017-12-15T16:50:33+00:00","dateModified":"2025-09-10T20:14:36+00:00","description":"Explore the wonders of the Loire. Picturesque landscapes, rolling terrain and uncrowded, high quality roads. Experience the beauty of the Alpes Mancelles, Sarthe and Mayenne rivers in this unspoilt region, easily accessible from Paris, Continental Europe and the UK. Relax and recover at our glorious Chateau, set in 27 acres of secluded parkland grounds.","breadcrumb":{"@id":"https:\/\/groupevolution.com\/sports\/cycling-nirvana\/#breadcrumb"},"inLanguage":"fr-FR","potentialAction":[{"@type":"ReadAction","target":["https:\/\/groupevolution.com\/sports\/cycling-nirvana\/"]}]},{"@type":"ImageObject","inLanguage":"fr-FR","@id":"https:\/\/groupevolution.com\/sports\/cycling-nirvana\/#primaryimage","url":"https:\/\/groupevolution.com\/wp-content\/uploads\/2017\/12\/MenuFood15.1-350x200.jpg","contentUrl":"https:\/\/groupevolution.com\/wp-content\/uploads\/2017\/12\/MenuFood15.1-350x200.jpg"},{"@type":"BreadcrumbList","@id":"https:\/\/groupevolution.com\/sports\/cycling-nirvana\/#breadcrumb","itemListElement":[{"@type":"ListItem","position":1,"name":"Home","item":"https:\/\/groupevolution.com\/"},{"@type":"ListItem","position":2,"name":"Sports","item":"https:\/\/groupevolution.com\/sports\/"},{"@type":"ListItem","position":3,"name":"Cycling Nirvana"}]},{"@type":"WebSite","@id":"https:\/\/groupevolution.com\/#website","url":"https:\/\/groupevolution.com\/","name":"www.groupevolution.com","description":"Luxury Retreats &amp; Performance Services","publisher":{"@id":"https:\/\/groupevolution.com\/#organization"},"potentialAction":[{"@type":"SearchAction","target":{"@type":"EntryPoint","urlTemplate":"https:\/\/groupevolution.com\/?s={search_term_string}"},"query-input":{"@type":"PropertyValueSpecification","valueRequired":true,"valueName":"search_term_string"}}],"inLanguage":"fr-FR"},{"@type":"Organization","@id":"https:\/\/groupevolution.com\/#organization","name":"\u00c9volution du groupe","url":"https:\/\/groupevolution.com\/","logo":{"@type":"ImageObject","inLanguage":"fr-FR","@id":"https:\/\/groupevolution.com\/#\/schema\/logo\/image\/","url":"https:\/\/groupevolution.com\/wp-content\/uploads\/2025\/09\/Group_Evolution_Retreats_Primary_Logo_RGB_GOLD_FA_HR-e1759242659989.png","contentUrl":"https:\/\/groupevolution.com\/wp-content\/uploads\/2025\/09\/Group_Evolution_Retreats_Primary_Logo_RGB_GOLD_FA_HR-e1759242659989.png","width":182,"height":54,"caption":"Group Evolution"},"image":{"@id":"https:\/\/groupevolution.com\/#\/schema\/logo\/image\/"},"sameAs":["https:\/\/www.facebook.com\/groupevolutionretreats","https:\/\/x.com\/groupevolution_","https:\/\/www.instagram.com\/group_evolution\/","https:\/\/www.tiktok.com\/@groupevolutionretreats","https:\/\/www.youtube.com\/channel\/UCDsSBQ_yMhe5zjVp6AbpwzA\/featured?view_as=subscriber"]}]}},"jetpack_sharing_enabled":true,"_links":{"self":[{"href":"https:\/\/groupevolution.com\/fr\/wp-json\/wp\/v2\/pages\/1597","targetHints":{"allow":["GET"]}}],"collection":[{"href":"https:\/\/groupevolution.com\/fr\/wp-json\/wp\/v2\/pages"}],"about":[{"href":"https:\/\/groupevolution.com\/fr\/wp-json\/wp\/v2\/types\/page"}],"author":[{"embeddable":true,"href":"https:\/\/groupevolution.com\/fr\/wp-json\/wp\/v2\/users\/1"}],"replies":[{"embeddable":true,"href":"https:\/\/groupevolution.com\/fr\/wp-json\/wp\/v2\/comments?post=1597"}],"version-history":[{"count":20,"href":"https:\/\/groupevolution.com\/fr\/wp-json\/wp\/v2\/pages\/1597\/revisions"}],"predecessor-version":[{"id":27191,"href":"https:\/\/groupevolution.com\/fr\/wp-json\/wp\/v2\/pages\/1597\/revisions\/27191"}],"up":[{"embeddable":true,"href":"https:\/\/groupevolution.com\/fr\/wp-json\/wp\/v2\/pages\/27174"}],"wp:attachment":[{"href":"https:\/\/groupevolution.com\/fr\/wp-json\/wp\/v2\/media?parent=1597"}],"wp:term":[{"taxonomy":"category","embeddable":true,"href":"https:\/\/groupevolution.com\/fr\/wp-json\/wp\/v2\/categories?post=1597"},{"taxonomy":"retreat-category","embeddable":true,"href":"https:\/\/groupevolution.com\/fr\/wp-json\/wp\/v2\/retreat-category?post=1597"}],"curies":[{"name":"wp","href":"https:\/\/api.w.org\/{rel}","templated":true}]}}