{"id":6185,"date":"2018-01-15T13:55:16","date_gmt":"2018-01-15T13:55:16","guid":{"rendered":"https:\/\/groupevolution.com\/product\/swimming-technique-assessment\/"},"modified":"2025-09-13T20:48:49","modified_gmt":"2025-09-13T19:48:49","slug":"swimming-technique-assessment","status":"publish","type":"product","link":"https:\/\/groupevolution.com\/es\/product\/swimming-technique-assessment\/","title":{"rendered":"Evaluaci\u00f3n de la t\u00e9cnica de nataci\u00f3n"},"content":{"rendered":"<p>Suitable for all ages and all abilities: beginners; masters; triathletes; open water endurance swimmers. These sessions can help you improve and refine your swimming, gain water confidence and make technical adjustments for wetsuit, open water or pool-based competitive swimming. Once booked, you will be sent a background questionnaire, so that we can tailor your session.<\/p>\n<p>Our swimming biomechanist will initially conduct a poolside review of your biomechanics and physiology to determine your conditioning. The bulk of the session takes place in our 13x4m indoor heated pool with a fastlane (https:\/\/www.endlesspools.co.uk\/fastlane.php). You will swim against the current at varying speeds, remaining static in the water, so that your technique can be analysed. We record you using a combination of cameras and assess your symmetry and force production using 3D IMU sensors. Immediate feedback is given poolside and reports (including video) provided within 3 days including training recommendations.<\/p>","protected":false},"excerpt":{"rendered":"<p>Efficient swimming is founded in technical competence, stroke efficiency and economy. We video and analyse your<br \/>\nstroke in our FastLane Pool and advise you on how you can become more proficient and confident in the water<\/p>","protected":false},"featured_media":26683,"comment_status":"closed","ping_status":"closed","template":"","meta":{"_acf_changed":false},"product_brand":[],"product_cat":[91,85,88],"product_tag":[],"retreat-category":[144,197,200],"class_list":{"0":"post-6185","1":"product","2":"type-product","3":"status-publish","4":"has-post-thumbnail","6":"product_cat-assessment","7":"product_cat-services","8":"product_cat-technique","9":"retreat-category-performance","10":"retreat-category-services","11":"retreat-category-technique","13":"first","14":"instock","15":"purchasable","16":"product-type-variable"},"booking_location":null,"booking_location_type":null,"booking_duration":null,"booking_duration_unit":null,"booking_buffer":null,"booking_cost":null,"booking_resources":null,"exclude_global_add_ons":[],"addons":[],"acf":[],"yoast_head":"<!-- This site is optimized with the Yoast SEO Premium plugin v27.4 (Yoast SEO v27.4) - https:\/\/yoast.com\/product\/yoast-seo-premium-wordpress\/ -->\n<title>Swimming Technique Assessment - Group Evolution<\/title>\n<meta name=\"robots\" content=\"index, follow, max-snippet:-1, max-image-preview:large, max-video-preview:-1\" \/>\n<link rel=\"canonical\" href=\"https:\/\/groupevolution.com\/es\/producto\/swimming-technique-assessment\/\" \/>\n<meta property=\"og:locale\" content=\"es_ES\" \/>\n<meta property=\"og:type\" content=\"article\" \/>\n<meta property=\"og:title\" content=\"Swimming Technique Assessment\" \/>\n<meta property=\"og:description\" content=\"Efficient swimming is founded in technical competence, stroke efficiency and economy. We video and analyse your stroke in our FastLane Pool and advise you on how you can become more proficient and confident in the water\" \/>\n<meta property=\"og:url\" content=\"https:\/\/groupevolution.com\/es\/producto\/swimming-technique-assessment\/\" \/>\n<meta property=\"og:site_name\" content=\"Group Evolution\" \/>\n<meta property=\"article:publisher\" content=\"https:\/\/www.facebook.com\/groupevolutionretreats\" \/>\n<meta property=\"article:modified_time\" content=\"2025-09-13T19:48:49+00:00\" \/>\n<meta property=\"og:image\" content=\"https:\/\/groupevolution.com\/wp-content\/uploads\/2025\/09\/Screenshot-2024-07-07-113547-1024x583.png\" \/>\n\t<meta property=\"og:image:width\" content=\"1024\" \/>\n\t<meta property=\"og:image:height\" content=\"583\" \/>\n\t<meta property=\"og:image:type\" content=\"image\/png\" \/>\n<meta name=\"twitter:card\" content=\"summary_large_image\" \/>\n<meta name=\"twitter:site\" content=\"@groupevolution_\" \/>\n<meta name=\"twitter:label1\" content=\"Tiempo de lectura\" \/>\n\t<meta name=\"twitter:data1\" content=\"2 minutes\" \/>\n<script type=\"application\/ld+json\" class=\"yoast-schema-graph\">{\"@context\":\"https:\\\/\\\/schema.org\",\"@graph\":[{\"@type\":\"WebPage\",\"@id\":\"https:\\\/\\\/groupevolution.com\\\/product\\\/swimming-technique-assessment\\\/\",\"url\":\"https:\\\/\\\/groupevolution.com\\\/product\\\/swimming-technique-assessment\\\/\",\"name\":\"Swimming Technique Assessment - Group Evolution\",\"isPartOf\":{\"@id\":\"https:\\\/\\\/groupevolution.com\\\/#website\"},\"primaryImageOfPage\":{\"@id\":\"https:\\\/\\\/groupevolution.com\\\/product\\\/swimming-technique-assessment\\\/#primaryimage\"},\"image\":{\"@id\":\"https:\\\/\\\/groupevolution.com\\\/product\\\/swimming-technique-assessment\\\/#primaryimage\"},\"thumbnailUrl\":\"https:\\\/\\\/groupevolution.com\\\/wp-content\\\/uploads\\\/2025\\\/09\\\/Screenshot-2024-07-07-113547.png\",\"datePublished\":\"2018-01-15T13:55:16+00:00\",\"dateModified\":\"2025-09-13T19:48:49+00:00\",\"breadcrumb\":{\"@id\":\"https:\\\/\\\/groupevolution.com\\\/product\\\/swimming-technique-assessment\\\/#breadcrumb\"},\"inLanguage\":\"es-ES\",\"potentialAction\":[{\"@type\":\"ReadAction\",\"target\":[\"https:\\\/\\\/groupevolution.com\\\/product\\\/swimming-technique-assessment\\\/\"]}]},{\"@type\":\"ImageObject\",\"inLanguage\":\"es-ES\",\"@id\":\"https:\\\/\\\/groupevolution.com\\\/product\\\/swimming-technique-assessment\\\/#primaryimage\",\"url\":\"https:\\\/\\\/groupevolution.com\\\/wp-content\\\/uploads\\\/2025\\\/09\\\/Screenshot-2024-07-07-113547.png\",\"contentUrl\":\"https:\\\/\\\/groupevolution.com\\\/wp-content\\\/uploads\\\/2025\\\/09\\\/Screenshot-2024-07-07-113547.png\",\"width\":2545,\"height\":1449,\"caption\":\"Underwater view of a swimmer in a pink swim cap and patterned swimsuit, reaching forward with one arm while swimming freestyle in a clear blue pool near a lane divider.\"},{\"@type\":\"BreadcrumbList\",\"@id\":\"https:\\\/\\\/groupevolution.com\\\/product\\\/swimming-technique-assessment\\\/#breadcrumb\",\"itemListElement\":[{\"@type\":\"ListItem\",\"position\":1,\"name\":\"Home\",\"item\":\"https:\\\/\\\/groupevolution.com\\\/\"},{\"@type\":\"ListItem\",\"position\":2,\"name\":\"Shop\",\"item\":\"https:\\\/\\\/groupevolution.com\\\/shop\\\/\"},{\"@type\":\"ListItem\",\"position\":3,\"name\":\"Swimming Technique Assessment\"}]},{\"@type\":\"WebSite\",\"@id\":\"https:\\\/\\\/groupevolution.com\\\/#website\",\"url\":\"https:\\\/\\\/groupevolution.com\\\/\",\"name\":\"www.groupevolution.com\",\"description\":\"Luxury Retreats &amp; Performance Services\",\"publisher\":{\"@id\":\"https:\\\/\\\/groupevolution.com\\\/#organization\"},\"potentialAction\":[{\"@type\":\"SearchAction\",\"target\":{\"@type\":\"EntryPoint\",\"urlTemplate\":\"https:\\\/\\\/groupevolution.com\\\/?s={search_term_string}\"},\"query-input\":{\"@type\":\"PropertyValueSpecification\",\"valueRequired\":true,\"valueName\":\"search_term_string\"}}],\"inLanguage\":\"es-ES\"},{\"@type\":\"Organization\",\"@id\":\"https:\\\/\\\/groupevolution.com\\\/#organization\",\"name\":\"Group Evolution\",\"url\":\"https:\\\/\\\/groupevolution.com\\\/\",\"logo\":{\"@type\":\"ImageObject\",\"inLanguage\":\"es-ES\",\"@id\":\"https:\\\/\\\/groupevolution.com\\\/#\\\/schema\\\/logo\\\/image\\\/\",\"url\":\"https:\\\/\\\/groupevolution.com\\\/wp-content\\\/uploads\\\/2025\\\/09\\\/Group_Evolution_Retreats_Primary_Logo_RGB_GOLD_FA_HR-e1759242659989.png\",\"contentUrl\":\"https:\\\/\\\/groupevolution.com\\\/wp-content\\\/uploads\\\/2025\\\/09\\\/Group_Evolution_Retreats_Primary_Logo_RGB_GOLD_FA_HR-e1759242659989.png\",\"width\":182,\"height\":54,\"caption\":\"Group Evolution\"},\"image\":{\"@id\":\"https:\\\/\\\/groupevolution.com\\\/#\\\/schema\\\/logo\\\/image\\\/\"},\"sameAs\":[\"https:\\\/\\\/www.facebook.com\\\/groupevolutionretreats\",\"https:\\\/\\\/x.com\\\/groupevolution_\",\"https:\\\/\\\/www.instagram.com\\\/group_evolution\\\/\",\"https:\\\/\\\/www.tiktok.com\\\/@groupevolutionretreats\",\"https:\\\/\\\/www.youtube.com\\\/channel\\\/UCDsSBQ_yMhe5zjVp6AbpwzA\\\/featured?view_as=subscriber\"]}]}<\/script>\n<!-- \/ Yoast SEO Premium plugin. -->","yoast_head_json":{"title":"Swimming Technique Assessment - Group Evolution","robots":{"index":"index","follow":"follow","max-snippet":"max-snippet:-1","max-image-preview":"max-image-preview:large","max-video-preview":"max-video-preview:-1"},"canonical":"https:\/\/groupevolution.com\/es\/producto\/swimming-technique-assessment\/","og_locale":"es_ES","og_type":"article","og_title":"Swimming Technique Assessment","og_description":"Efficient swimming is founded in technical competence, stroke efficiency and economy. We video and analyse your stroke in our FastLane Pool and advise you on how you can become more proficient and confident in the water","og_url":"https:\/\/groupevolution.com\/es\/producto\/swimming-technique-assessment\/","og_site_name":"Group Evolution","article_publisher":"https:\/\/www.facebook.com\/groupevolutionretreats","article_modified_time":"2025-09-13T19:48:49+00:00","og_image":[{"width":1024,"height":583,"url":"https:\/\/groupevolution.com\/wp-content\/uploads\/2025\/09\/Screenshot-2024-07-07-113547-1024x583.png","type":"image\/png"}],"twitter_card":"summary_large_image","twitter_site":"@groupevolution_","twitter_misc":{"Tiempo de lectura":"2 minutes"},"schema":{"@context":"https:\/\/schema.org","@graph":[{"@type":"WebPage","@id":"https:\/\/groupevolution.com\/product\/swimming-technique-assessment\/","url":"https:\/\/groupevolution.com\/product\/swimming-technique-assessment\/","name":"Swimming Technique Assessment - Group Evolution","isPartOf":{"@id":"https:\/\/groupevolution.com\/#website"},"primaryImageOfPage":{"@id":"https:\/\/groupevolution.com\/product\/swimming-technique-assessment\/#primaryimage"},"image":{"@id":"https:\/\/groupevolution.com\/product\/swimming-technique-assessment\/#primaryimage"},"thumbnailUrl":"https:\/\/groupevolution.com\/wp-content\/uploads\/2025\/09\/Screenshot-2024-07-07-113547.png","datePublished":"2018-01-15T13:55:16+00:00","dateModified":"2025-09-13T19:48:49+00:00","breadcrumb":{"@id":"https:\/\/groupevolution.com\/product\/swimming-technique-assessment\/#breadcrumb"},"inLanguage":"es-ES","potentialAction":[{"@type":"ReadAction","target":["https:\/\/groupevolution.com\/product\/swimming-technique-assessment\/"]}]},{"@type":"ImageObject","inLanguage":"es-ES","@id":"https:\/\/groupevolution.com\/product\/swimming-technique-assessment\/#primaryimage","url":"https:\/\/groupevolution.com\/wp-content\/uploads\/2025\/09\/Screenshot-2024-07-07-113547.png","contentUrl":"https:\/\/groupevolution.com\/wp-content\/uploads\/2025\/09\/Screenshot-2024-07-07-113547.png","width":2545,"height":1449,"caption":"Underwater view of a swimmer in a pink swim cap and patterned swimsuit, reaching forward with one arm while swimming freestyle in a clear blue pool near a lane divider."},{"@type":"BreadcrumbList","@id":"https:\/\/groupevolution.com\/product\/swimming-technique-assessment\/#breadcrumb","itemListElement":[{"@type":"ListItem","position":1,"name":"Home","item":"https:\/\/groupevolution.com\/"},{"@type":"ListItem","position":2,"name":"Shop","item":"https:\/\/groupevolution.com\/shop\/"},{"@type":"ListItem","position":3,"name":"Swimming Technique Assessment"}]},{"@type":"WebSite","@id":"https:\/\/groupevolution.com\/#website","url":"https:\/\/groupevolution.com\/","name":"www.groupevolution.com","description":"Luxury Retreats &amp; Performance Services","publisher":{"@id":"https:\/\/groupevolution.com\/#organization"},"potentialAction":[{"@type":"SearchAction","target":{"@type":"EntryPoint","urlTemplate":"https:\/\/groupevolution.com\/?s={search_term_string}"},"query-input":{"@type":"PropertyValueSpecification","valueRequired":true,"valueName":"search_term_string"}}],"inLanguage":"es-ES"},{"@type":"Organization","@id":"https:\/\/groupevolution.com\/#organization","name":"Evoluci\u00f3n del grupo","url":"https:\/\/groupevolution.com\/","logo":{"@type":"ImageObject","inLanguage":"es-ES","@id":"https:\/\/groupevolution.com\/#\/schema\/logo\/image\/","url":"https:\/\/groupevolution.com\/wp-content\/uploads\/2025\/09\/Group_Evolution_Retreats_Primary_Logo_RGB_GOLD_FA_HR-e1759242659989.png","contentUrl":"https:\/\/groupevolution.com\/wp-content\/uploads\/2025\/09\/Group_Evolution_Retreats_Primary_Logo_RGB_GOLD_FA_HR-e1759242659989.png","width":182,"height":54,"caption":"Group Evolution"},"image":{"@id":"https:\/\/groupevolution.com\/#\/schema\/logo\/image\/"},"sameAs":["https:\/\/www.facebook.com\/groupevolutionretreats","https:\/\/x.com\/groupevolution_","https:\/\/www.instagram.com\/group_evolution\/","https:\/\/www.tiktok.com\/@groupevolutionretreats","https:\/\/www.youtube.com\/channel\/UCDsSBQ_yMhe5zjVp6AbpwzA\/featured?view_as=subscriber"]}]}},"jetpack_sharing_enabled":true,"_links":{"self":[{"href":"https:\/\/groupevolution.com\/es\/wp-json\/wp\/v2\/product\/6185","targetHints":{"allow":["GET"]}}],"collection":[{"href":"https:\/\/groupevolution.com\/es\/wp-json\/wp\/v2\/product"}],"about":[{"href":"https:\/\/groupevolution.com\/es\/wp-json\/wp\/v2\/types\/product"}],"replies":[{"embeddable":true,"href":"https:\/\/groupevolution.com\/es\/wp-json\/wp\/v2\/comments?post=6185"}],"wp:featuredmedia":[{"embeddable":true,"href":"https:\/\/groupevolution.com\/es\/wp-json\/wp\/v2\/media\/26683"}],"wp:attachment":[{"href":"https:\/\/groupevolution.com\/es\/wp-json\/wp\/v2\/media?parent=6185"}],"wp:term":[{"taxonomy":"product_brand","embeddable":true,"href":"https:\/\/groupevolution.com\/es\/wp-json\/wp\/v2\/product_brand?post=6185"},{"taxonomy":"product_cat","embeddable":true,"href":"https:\/\/groupevolution.com\/es\/wp-json\/wp\/v2\/product_cat?post=6185"},{"taxonomy":"product_tag","embeddable":true,"href":"https:\/\/groupevolution.com\/es\/wp-json\/wp\/v2\/product_tag?post=6185"},{"taxonomy":"retreat-category","embeddable":true,"href":"https:\/\/groupevolution.com\/es\/wp-json\/wp\/v2\/retreat-category?post=6185"}],"curies":[{"name":"wp","href":"https:\/\/api.w.org\/{rel}","templated":true}]}}