{"id":4458,"date":"2018-01-12T12:21:57","date_gmt":"2018-01-12T12:21:57","guid":{"rendered":"https:\/\/groupevolution.com\/?page_id=4458"},"modified":"2025-09-10T19:14:54","modified_gmt":"2025-09-10T18:14:54","slug":"services","status":"publish","type":"page","link":"https:\/\/groupevolution.com\/es\/performance\/services\/","title":{"rendered":"Servicios"},"content":{"rendered":"<h3>\n\t\t\tWe&#8217;re At\t<\/h3>\n<h3>\n\t\t\tYour service\t<\/h3>\n\t<p>Focussed upon evolving the holistic athlete, we offer a comprehensive range of services to improve\u00a0<strong><em>Mind, Body, Technique and Diet<\/em><\/strong>. Our services help <strong><em>assess<\/em><\/strong> the status quo; identify and <strong><em>plan<\/em><\/strong> the path to improvement; and support clients along this path through targeted <strong><em>training<\/em><\/strong>.<\/p>\n<p>All our services are highly tailored to you and delivered by qualified practitioners.<\/p>\n<p><a href=\"https:\/\/groupevolution.com\/es\/performance-services\/\">Reserva ahora<\/a><\/p>\n<h3>\n\t\t\tMente\t<\/h3>\n\t<p>Es necesario fomentar el poder de la mente <br \/> para optimizar el rendimiento. Es importante manejar las ansiedades, <br \/> mantener la motivaci\u00f3n, establecer los objetivos correctos y mantener un equilibrio <br \/> quilla emocional. De lo contrario se desperdicia energ\u00eda y el rendimiento <br \/> sufre. Nuestros servicios le ayudan a desarrollar la fortaleza mental, <br \/> a menudo son la clave para desbloquear un nuevo nivel de rendimiento.<\/p>\n\t<p><a href=\"https:\/\/groupevolution.com\/es\/performance-services\/\">Ver Servicios<\/a><\/p>\n<h3>\n\t\t\tCuerpo\t<\/h3>\n\t<p>El entrenamiento se centra en preparar al cuerpo para actuar. <br \/>Estos esfuerzos deben estar cuidadosamente orientados, su eficacia<br \/>probada y con una formaci\u00f3n adaptada para fomentar la mejora continua. <br \/>We conduct &#8216;gold standard&#8217; physiological assessments; design <br \/>tanto el acondicionamiento como los programas deportivos espec\u00edficos que <br \/>...para corregir las debilidades y construir sobre las fortalezas... <br \/>te apoyar\u00e1 en tu entrenamiento para lograr estos objetivos.<\/p>\n\t<p><a href=\"https:\/\/groupevolution.com\/es\/performance-services\/\">Ver Servicios<\/a><\/p>\n<h3>\n\t\t\tT\u00e9cnica\t<\/h3>\n\t<p>La eficiencia t\u00e9cnica es cr\u00edtica para todos los deportes, y la t\u00e9cnica<br \/> la competencia de muchos. Evaluamos la biomec\u00e1nica del movimiento y <br \/>t\u00e9cnica, en un contexto deportivo espec\u00edfico. Dise\u00f1amos planes de entrenamiento que facilitan la mejora. Y podemos apoyarlos en la implementaci\u00f3n <br \/>estos planes. Adem\u00e1s, ofrecemos cursos de perfeccionamiento de habilidades <br \/>para ayudar a los nuevos en el deporte a adquirir las habilidades apropiadas, <br \/>ya sea joven o viejo. <\/p>\n\t<p><a href=\"https:\/\/groupevolution.com\/es\/performance-services\/\">Ver Servicios<\/a><\/p>\n<h3>\n\t\t\tDieta\t<\/h3>\n\t<p>Lo que comes afecta directamente a tu rendimiento deportivo. <br \/>Pero el simple hecho de disminuir la masa corporal reduce su capacidad de entrenamiento y aumenta el riesgo de enfermedades y lesiones. Su dieta necesita ajustarse a sus demandas de entrenamiento y objetivos de carrera para que su cuerpo utilice sus sustratos de manera eficiente, se adapte eficazmente y se recupere r\u00e1pidamente. Evaluamos tu dieta <br \/>en el contexto de su entrenamiento y competencia. Podemos proporcionar <br \/>un plan de dieta, recetas de muestra, recomendaciones de suplementos y estrategias nutricionales espec\u00edficas de la competencia. <\/p>\n\t<p><a href=\"https:\/\/groupevolution.com\/es\/performance-services\/\">Ver Servicios<\/a><\/p>\n<h3>\n\t\t\tMente\t<\/h3>\n\t<p>At the elite level, the difference between winners and losers is often put down to mental fortitude. This ability can be developed <br \/>and trained, but amateur athletes often overlook its importance. Recent research has shown that maintaining a steady emotional state <br \/>during competition conserves energy substrates, particularly important in endurance events.<\/p>\n<p>Our practitioners provide services founded in the latest research and tailored to your circumstances. Our detailed assessments <br \/>utilise proven techniques, such as questionnaires, consultations and performance observation. We report our findings to you along <br \/>with pertinent recommendations. We can design practical, tailored programs intended to enhance your mental performance. <br \/>And we can help you implement such programs, offering guidance and support through additional consultations and observation <br \/>sessions either remotely (by &#8216;phone or skype), in person or at your training facility or competition location.<\/p>\n<p>Broaden your mind, evolve you performance. <\/p>\n<h3>\n\t\t\tCuerpo\t<\/h3>\n\tAmateur athletes balance training with hectic work and life schedules. This requires dedication and focus but often means too<br \/>\nmuch time is spent on their chosen sport, and too little on preparing their bodies to cope with training demands. This often results in sub-optimal performance and injury. At Performance Evolution we believe that athletes should optimise their training gains by developing the correct physiological foundations so that they can cope with the demands placed on the body.\n<p>We provide detailed assessments of your physiology &#8211; musculoskeletal, neuro-muscular, cardio-vascular, respiratory and endocrine health. The results guide planning and training programs and inform you where you may benefit from further assistance. Our focus is on helping you prepare the foundations you need to perform at your best and to target your training so that it improves you as an athlete. Building these foundations is also critical in young, aspiring athletes and we provide a tailored version of our services to youth athletes.<\/p>\n<p>Some of our clients know precisely the help they need but if you require further guidance please do not hesitate to contact us.<\/p>\n<p>Create the foundation, evolve your performance.<\/p>\n<h3>\n\t\t\tT\u00e9cnica\t<\/h3>\n\t<p>Our body can only push us so far &#8211; genetic limitations create a natural performance ceiling. Even then, most amateur athletes<br \/> get nowhere near to utilising their physiological potential as they neither have the time to train nor, as importantly, recover and adapt. Given these limitations it is critical to ensure that we move competently, with superb technique, and perform skilfully.<\/p>\n<p>Technical competency requires our movements to be efficient and economic, to comfortably generate sufficient force <br \/>and to be skilfully, quickly and accurately deployed in the sports specific context. All these things are trainable <br \/>and evolve our performance without placing additional demands on our physiology, particularly our finite energy resources.<\/p>\n<p>We evaluate movement efficiency in the sports specific context. We assess movement economy, using dynamic video analysis. <br \/>We analyse forces exerted during movement. And we review skill proficiency, using up-to-the-minute skills acquisition techniques. <br \/>Once assessed, we design training sessions to improve technical competence and skill proficiency. And we provide 1-1 and group coaching\u00a0to help you adapt, so that improvements can be deployed in the training and competitive environment.<\/p>\n<p>Some of our clients know precisely the help they need but if you require further guidance please do not hesitate to contact us.<\/p>\n<p>Capture your potential, evolve your performance. <\/p>\n<h3>\n\t\t\tDieta\t<\/h3>\n\t<p>Athletes need healthy and fully functioning bodies and minds to perform at their best: diet is critical to this.<\/p>\n<p>We focus on adjusting our athletes&#8217; diet to support function at a cellular level, protecting immune response and enhancing energy metabolism.<\/p>\n<p>\u00a0<\/p>\n<p>Our bodies need sufficient nutrients &#8211; vitamins, minerals, protein, fat and carbohydrate &#8211; to function correctly.<\/p>\n<p>As training demands increase, so do nutrient demands. Diet is fundamental to facilitating such training, providing the necessary\u00a0<\/p>\n<p>nutrients to perform but also to sleep, recover and adapt. High training loads can also compromise the immune system,<\/p>\n<p>increasing the risk of injury and illness. This can be counteracted through diet and supplementation.<\/p>\n<p>\u00a0<\/p>\n<p>Whilst we aim to achieve the optimal body composition for your particular sport, we do not focus on calorie restriction.<\/p>\n<p>This can disrupt nutrient supply and energy metabolism. Instead, compositional changes arise naturally, as a consequence<\/p>\n<p>\u00a0of dietary changes. If they do not, we assess your physiology to identify any potential barriers to change and address these;<\/p>\n<p>either through dietary or training adjustment. Such adjustments are tailored to you, your training regime, and your sport.<\/p>\n<p>\u00a0<\/p>\n<p>Some of our clients know precisely the help they need but if you require further guidance please do not hesitate to contact us.\u00a0\u00a0\u00a0<\/p>\n<p>\u00a0<\/p>\n<p>Nurture your body, evolve your performance.\u00a0\u00a0\u00a0\u00a0\u00a0\u00a0<\/p>\n<p>\u00a0<\/p>","protected":false},"excerpt":{"rendered":"<p>We&#8217;re At Your service Focussed upon evolving the holistic athlete, we offer a comprehensive range of services to improve\u00a0Mind, Body, Technique and Diet. Our services help assess the status quo; identify and plan the path to improvement; and support clients along this path through targeted training. All our services are highly tailored to you and&hellip;<\/p>","protected":false},"author":1,"featured_media":0,"parent":4427,"menu_order":0,"comment_status":"closed","ping_status":"closed","template":"","meta":{"_acf_changed":false,"footnotes":""},"categories":[],"retreat-category":[],"class_list":["post-4458","page","type-page","status-publish","hentry"],"acf":[],"yoast_head":"<!-- This site is optimized with the Yoast SEO Premium plugin v27.4 (Yoast SEO v27.4) - https:\/\/yoast.com\/product\/yoast-seo-premium-wordpress\/ -->\n<title>Services - Group Evolution<\/title>\n<meta name=\"robots\" content=\"index, follow, max-snippet:-1, max-image-preview:large, max-video-preview:-1\" \/>\n<link rel=\"canonical\" href=\"https:\/\/groupevolution.com\/es\/performance\/services\/\" \/>\n<meta property=\"og:locale\" content=\"es_ES\" \/>\n<meta property=\"og:type\" content=\"article\" \/>\n<meta property=\"og:title\" content=\"Services\" \/>\n<meta property=\"og:description\" content=\"We&#8217;re At Your service Focussed upon evolving the holistic athlete, we offer a comprehensive range of services to improve\u00a0Mind, Body, Technique and Diet. Our services help assess the status quo; identify and plan the path to improvement; and support clients along this path through targeted training. All our services are highly tailored to you and&hellip;\" \/>\n<meta property=\"og:url\" content=\"https:\/\/groupevolution.com\/es\/performance\/services\/\" \/>\n<meta property=\"og:site_name\" content=\"Group Evolution\" \/>\n<meta property=\"article:publisher\" content=\"https:\/\/www.facebook.com\/groupevolutionretreats\" \/>\n<meta property=\"article:modified_time\" content=\"2025-09-10T18:14:54+00:00\" \/>\n<meta name=\"twitter:card\" content=\"summary_large_image\" \/>\n<meta name=\"twitter:site\" content=\"@groupevolution_\" \/>\n<meta name=\"twitter:label1\" content=\"Tiempo de lectura\" \/>\n\t<meta name=\"twitter:data1\" content=\"5 minutes\" \/>\n<script type=\"application\/ld+json\" class=\"yoast-schema-graph\">{\"@context\":\"https:\\\/\\\/schema.org\",\"@graph\":[{\"@type\":\"WebPage\",\"@id\":\"https:\\\/\\\/groupevolution.com\\\/performance\\\/services\\\/\",\"url\":\"https:\\\/\\\/groupevolution.com\\\/performance\\\/services\\\/\",\"name\":\"Services - Group Evolution\",\"isPartOf\":{\"@id\":\"https:\\\/\\\/groupevolution.com\\\/#website\"},\"datePublished\":\"2018-01-12T12:21:57+00:00\",\"dateModified\":\"2025-09-10T18:14:54+00:00\",\"breadcrumb\":{\"@id\":\"https:\\\/\\\/groupevolution.com\\\/performance\\\/services\\\/#breadcrumb\"},\"inLanguage\":\"es-ES\",\"potentialAction\":[{\"@type\":\"ReadAction\",\"target\":[\"https:\\\/\\\/groupevolution.com\\\/performance\\\/services\\\/\"]}]},{\"@type\":\"BreadcrumbList\",\"@id\":\"https:\\\/\\\/groupevolution.com\\\/performance\\\/services\\\/#breadcrumb\",\"itemListElement\":[{\"@type\":\"ListItem\",\"position\":1,\"name\":\"Home\",\"item\":\"https:\\\/\\\/groupevolution.com\\\/\"},{\"@type\":\"ListItem\",\"position\":2,\"name\":\"Performance\",\"item\":\"https:\\\/\\\/groupevolution.com\\\/performance\\\/\"},{\"@type\":\"ListItem\",\"position\":3,\"name\":\"Services\"}]},{\"@type\":\"WebSite\",\"@id\":\"https:\\\/\\\/groupevolution.com\\\/#website\",\"url\":\"https:\\\/\\\/groupevolution.com\\\/\",\"name\":\"www.groupevolution.com\",\"description\":\"Luxury Retreats &amp; Performance Services\",\"publisher\":{\"@id\":\"https:\\\/\\\/groupevolution.com\\\/#organization\"},\"potentialAction\":[{\"@type\":\"SearchAction\",\"target\":{\"@type\":\"EntryPoint\",\"urlTemplate\":\"https:\\\/\\\/groupevolution.com\\\/?s={search_term_string}\"},\"query-input\":{\"@type\":\"PropertyValueSpecification\",\"valueRequired\":true,\"valueName\":\"search_term_string\"}}],\"inLanguage\":\"es-ES\"},{\"@type\":\"Organization\",\"@id\":\"https:\\\/\\\/groupevolution.com\\\/#organization\",\"name\":\"Group Evolution\",\"url\":\"https:\\\/\\\/groupevolution.com\\\/\",\"logo\":{\"@type\":\"ImageObject\",\"inLanguage\":\"es-ES\",\"@id\":\"https:\\\/\\\/groupevolution.com\\\/#\\\/schema\\\/logo\\\/image\\\/\",\"url\":\"https:\\\/\\\/groupevolution.com\\\/wp-content\\\/uploads\\\/2025\\\/09\\\/Group_Evolution_Retreats_Primary_Logo_RGB_GOLD_FA_HR-e1759242659989.png\",\"contentUrl\":\"https:\\\/\\\/groupevolution.com\\\/wp-content\\\/uploads\\\/2025\\\/09\\\/Group_Evolution_Retreats_Primary_Logo_RGB_GOLD_FA_HR-e1759242659989.png\",\"width\":182,\"height\":54,\"caption\":\"Group Evolution\"},\"image\":{\"@id\":\"https:\\\/\\\/groupevolution.com\\\/#\\\/schema\\\/logo\\\/image\\\/\"},\"sameAs\":[\"https:\\\/\\\/www.facebook.com\\\/groupevolutionretreats\",\"https:\\\/\\\/x.com\\\/groupevolution_\",\"https:\\\/\\\/www.instagram.com\\\/group_evolution\\\/\",\"https:\\\/\\\/www.tiktok.com\\\/@groupevolutionretreats\",\"https:\\\/\\\/www.youtube.com\\\/channel\\\/UCDsSBQ_yMhe5zjVp6AbpwzA\\\/featured?view_as=subscriber\"]}]}<\/script>\n<!-- \/ Yoast SEO Premium plugin. -->","yoast_head_json":{"title":"Services - Group Evolution","robots":{"index":"index","follow":"follow","max-snippet":"max-snippet:-1","max-image-preview":"max-image-preview:large","max-video-preview":"max-video-preview:-1"},"canonical":"https:\/\/groupevolution.com\/es\/performance\/services\/","og_locale":"es_ES","og_type":"article","og_title":"Services","og_description":"We&#8217;re At Your service Focussed upon evolving the holistic athlete, we offer a comprehensive range of services to improve\u00a0Mind, Body, Technique and Diet. Our services help assess the status quo; identify and plan the path to improvement; and support clients along this path through targeted training. All our services are highly tailored to you and&hellip;","og_url":"https:\/\/groupevolution.com\/es\/performance\/services\/","og_site_name":"Group Evolution","article_publisher":"https:\/\/www.facebook.com\/groupevolutionretreats","article_modified_time":"2025-09-10T18:14:54+00:00","twitter_card":"summary_large_image","twitter_site":"@groupevolution_","twitter_misc":{"Tiempo de lectura":"5 minutes"},"schema":{"@context":"https:\/\/schema.org","@graph":[{"@type":"WebPage","@id":"https:\/\/groupevolution.com\/performance\/services\/","url":"https:\/\/groupevolution.com\/performance\/services\/","name":"Services - Group Evolution","isPartOf":{"@id":"https:\/\/groupevolution.com\/#website"},"datePublished":"2018-01-12T12:21:57+00:00","dateModified":"2025-09-10T18:14:54+00:00","breadcrumb":{"@id":"https:\/\/groupevolution.com\/performance\/services\/#breadcrumb"},"inLanguage":"es-ES","potentialAction":[{"@type":"ReadAction","target":["https:\/\/groupevolution.com\/performance\/services\/"]}]},{"@type":"BreadcrumbList","@id":"https:\/\/groupevolution.com\/performance\/services\/#breadcrumb","itemListElement":[{"@type":"ListItem","position":1,"name":"Home","item":"https:\/\/groupevolution.com\/"},{"@type":"ListItem","position":2,"name":"Performance","item":"https:\/\/groupevolution.com\/performance\/"},{"@type":"ListItem","position":3,"name":"Services"}]},{"@type":"WebSite","@id":"https:\/\/groupevolution.com\/#website","url":"https:\/\/groupevolution.com\/","name":"www.groupevolution.com","description":"Luxury Retreats &amp; Performance Services","publisher":{"@id":"https:\/\/groupevolution.com\/#organization"},"potentialAction":[{"@type":"SearchAction","target":{"@type":"EntryPoint","urlTemplate":"https:\/\/groupevolution.com\/?s={search_term_string}"},"query-input":{"@type":"PropertyValueSpecification","valueRequired":true,"valueName":"search_term_string"}}],"inLanguage":"es-ES"},{"@type":"Organization","@id":"https:\/\/groupevolution.com\/#organization","name":"Evoluci\u00f3n del grupo","url":"https:\/\/groupevolution.com\/","logo":{"@type":"ImageObject","inLanguage":"es-ES","@id":"https:\/\/groupevolution.com\/#\/schema\/logo\/image\/","url":"https:\/\/groupevolution.com\/wp-content\/uploads\/2025\/09\/Group_Evolution_Retreats_Primary_Logo_RGB_GOLD_FA_HR-e1759242659989.png","contentUrl":"https:\/\/groupevolution.com\/wp-content\/uploads\/2025\/09\/Group_Evolution_Retreats_Primary_Logo_RGB_GOLD_FA_HR-e1759242659989.png","width":182,"height":54,"caption":"Group Evolution"},"image":{"@id":"https:\/\/groupevolution.com\/#\/schema\/logo\/image\/"},"sameAs":["https:\/\/www.facebook.com\/groupevolutionretreats","https:\/\/x.com\/groupevolution_","https:\/\/www.instagram.com\/group_evolution\/","https:\/\/www.tiktok.com\/@groupevolutionretreats","https:\/\/www.youtube.com\/channel\/UCDsSBQ_yMhe5zjVp6AbpwzA\/featured?view_as=subscriber"]}]}},"jetpack_sharing_enabled":true,"_links":{"self":[{"href":"https:\/\/groupevolution.com\/es\/wp-json\/wp\/v2\/pages\/4458","targetHints":{"allow":["GET"]}}],"collection":[{"href":"https:\/\/groupevolution.com\/es\/wp-json\/wp\/v2\/pages"}],"about":[{"href":"https:\/\/groupevolution.com\/es\/wp-json\/wp\/v2\/types\/page"}],"author":[{"embeddable":true,"href":"https:\/\/groupevolution.com\/es\/wp-json\/wp\/v2\/users\/1"}],"replies":[{"embeddable":true,"href":"https:\/\/groupevolution.com\/es\/wp-json\/wp\/v2\/comments?post=4458"}],"version-history":[{"count":28,"href":"https:\/\/groupevolution.com\/es\/wp-json\/wp\/v2\/pages\/4458\/revisions"}],"predecessor-version":[{"id":27155,"href":"https:\/\/groupevolution.com\/es\/wp-json\/wp\/v2\/pages\/4458\/revisions\/27155"}],"up":[{"embeddable":true,"href":"https:\/\/groupevolution.com\/es\/wp-json\/wp\/v2\/pages\/4427"}],"wp:attachment":[{"href":"https:\/\/groupevolution.com\/es\/wp-json\/wp\/v2\/media?parent=4458"}],"wp:term":[{"taxonomy":"category","embeddable":true,"href":"https:\/\/groupevolution.com\/es\/wp-json\/wp\/v2\/categories?post=4458"},{"taxonomy":"retreat-category","embeddable":true,"href":"https:\/\/groupevolution.com\/es\/wp-json\/wp\/v2\/retreat-category?post=4458"}],"curies":[{"name":"wp","href":"https:\/\/api.w.org\/{rel}","templated":true}]}}