{"id":330,"date":"2017-11-28T12:36:36","date_gmt":"2017-11-28T12:36:36","guid":{"rendered":"https:\/\/groupevolution.com\/?page_id=330"},"modified":"2025-09-18T15:03:36","modified_gmt":"2025-09-18T14:03:36","slug":"values","status":"publish","type":"page","link":"https:\/\/groupevolution.com\/es\/values\/","title":{"rendered":"Valores"},"content":{"rendered":"<h3>\n\t\t\taprendemos, evolucionamos, nos preocupamos\t<\/h3>\n\t<h2>nuestros valores<\/h2>\n<h3>\n\t\t\tNuestra Comunidad\t<\/h3>\n\t<p>We engage fully with each of our communities &#8211; our member community, client community and local community &#8211; both in the UK and France. We aim to facilitate the creation of thriving &#8216;collectives&#8217; that grow within each of their areas of interest, as they become better informed, more confident and purposefully active within these communities. We assist by helping to educate, facilitating participation and building lasting relationships.<\/p>\n<p>Convi\u00e9rtete en nuestro mejor.<\/p>\n<p><a href=\"https:\/\/groupevolution.com\/es\/performance-evolution\/community\/\">Aprende m\u00e1s<\/a><\/p>\n<h3>\n\t\t\tsostenibilidad\t<\/h3>\n\t<p>We were extremely proud to launch our &#8216;Healthier you, healthier planet&#8217; initiative early in 2020 which helps our guests minimise their carbon footprint.<\/p>\n<p>No s\u00f3lo compensamos el costo del carbono de los viajes de nuestros hu\u00e9spedes, sino que tambi\u00e9n ofrecemos incentivos financieros para que viajen de manera sostenible. Todo esto se suma a nuestras propias iniciativas de sostenibilidad que reducen, significativamente, el impacto del carbono de nuestros retiros.<\/p>\n<p><a href=\"https:\/\/groupevolution.com\/es\/healthier-you-healthier-planet\/\">Aprende m\u00e1s<\/a><\/p>\n<h3>\n\t\t\tnuestra GENTE\t<\/h3>\n\t<p>Nuestro equipo comparte un enfoque com\u00fan, ya sea fundado en el amor por el deporte, el bienestar o la creatividad personal. Todos creemos que es fundamental conocer al individuo para ayudarle a desarrollar su potencial y promover el crecimiento y el bienestar personal.<\/p>\n<p>Cada uno aporta su propia experiencia y sentido de la diversi\u00f3n a nuestro equipo, creando una atm\u00f3sfera agradable, energ\u00e9tica y desafiante.<\/p>\n<p><a href=\"https:\/\/groupevolution.com\/es\/people\/\">Aprende m\u00e1s<\/a><\/p>\n<h3>\n\t\t\tnuestros socios\t<\/h3>\n\t<p>Trabajamos con empresas socialmente responsables que son l\u00edderes de mercado establecidos en sus respectivos campos. Nuestros socios de producto est\u00e1n a la vanguardia del dise\u00f1o y la innovaci\u00f3n. Y nuestros socios de entrega proporcionan una calidad de servicio sin igual a sus clientes.<\/p>\n<p>Todas nuestras asociaciones se construyen alrededor del respeto mutuo, la perspectiva cl\u00ednica com\u00fan y los valores compartidos.<\/p>\n<p><a href=\"https:\/\/groupevolution.com\/es\/partners\/\">Aprende m\u00e1s<\/a><\/p>\n<h3>\n\t\t\tProfesionalidad\t<\/h3>\n\n\n\t\t\t\tMission\n\t\t\t\tPromise\n\t\t\t\tSuccess\n\t\t\t\t\t\t\tMission\n\t\t\t\t<h1>Convi\u00e9rtete en el mejor<\/h1>\n<p>Nuestra misi\u00f3n es capacitar a nuestros clientes para que desarrollen su potencial. Todo lo que hacemos se basa en las \u00faltimas investigaciones y se adapta a cada cliente. Cuidamos a nuestros clientes a lo largo de su viaje, proporcionando un capullo de apoyo informado y alentador, dentro del cual pueden florecer.<\/p>\n\t\t\t\t\t\t\tPromesa\n\t\t\t\t<h1>Positivo<\/h1>\n<p>Le apoyamos en la consecuci\u00f3n de sus objetivos con entusiasmo y le animamos y capacitamos para que disfrute de su viaje.<\/p>\n<h1>Presente<\/h1>\n<p>Ofrecemos servicios de vanguardia, basados en la investigaci\u00f3n actual y en nuestros s\u00f3lidos conocimientos fundamentales.<\/p>\n<h1>Pr\u00e1ctica<\/h1>\n<p>En cada paso tenemos en cuenta sus necesidades, su entorno, los recursos de los que dispone y su horario personal.<\/p>\n<h1>Premium<\/h1>\n<p>Utilizamos t\u00e9cnicas de alta calidad, probadas en la investigaci\u00f3n, en ambientes acogedores y lujosos. Todo ello impartido por profesionales altamente cualificados y experimentados.<\/p>\n<h1>Probado<\/h1>\n<p>Nuestro enfoque a medida ofrece constantemente los resultados que nuestros clientes buscan, sean cuales sean sus objetivos y motivaci\u00f3n.<\/p>\n\t\t\t\t\t\t\t\u00c9xito\n\t\t\t\t<h1>Proud of our Clients&#8217; Evolution<\/h1>\n<p>Estamos muy orgullosos cuando nuestros clientes logran. Se necesita dedicaci\u00f3n para alcanzar las alturas que algunos de nuestros clientes han alcanzado, pero disfrutamos ayud\u00e1ndoles a evolucionar y a arrancar el fruto de su trabajo.<\/p>\n<ul>\n<li>Adrian, acerc\u00e1ndose a los 50, ha querido romper la barrera de las 3 horas de marat\u00f3n por m\u00e1s de 10 a\u00f1os. En octubre, logr\u00f3 su objetivo con nuestra ayuda.<\/li>\n<li>Marty, a mediados de los 40, se dedic\u00f3 al ciclismo con nuestra ayuda y su dedicaci\u00f3n y enfoque casi zen le permiti\u00f3 clasificarse para los campeonatos mundiales de grupos de edad en 2017.<\/li>\n<li>Rebecca, a principios de los 40, corri\u00f3 su primer marat\u00f3n con nuestra gu\u00eda y asistencia. Se entren\u00f3 sin lesiones, disfrutando de su viaje y de la carrera en Londres. Fue tan agradable que repiti\u00f3 la haza\u00f1a seis meses despu\u00e9s en York.<\/li>\n<li>Uno de nuestros clientes a largo plazo evolucion\u00f3 de profesional de la ciudad sedentaria a triatleta Ironman en poco m\u00e1s de cuatro a\u00f1os.<\/li>\n<\/ul>\n<p><a href=\"\/es\/testimonials\/\">Vea nuestros testimonios<\/a><\/p>\n\n\n\n\t<h1>Join the group evolution Family<\/h1>\n\t<h5>Access personalised content, great offers and free entry to our competitions<\/h5>\n\t<a href=\"https:\/\/groupevolution.com\/es\/sign-up-form\/\">Join Our Family<\/a>\n\t<p>We will only send information relevant to your interests. We do not sell data to third parties.<\/p>\n\t<h2>Unleash your potential<\/h2>","protected":false},"excerpt":{"rendered":"<p>we learn, we evolve, we care our values Our Community We engage fully with each of our communities &#8211; our member community, client community and local community &#8211; both in the UK and France. We aim to facilitate the creation of thriving &#8216;collectives&#8217; that grow within each of their areas of interest, as they become&hellip;<\/p>","protected":false},"author":1,"featured_media":0,"parent":0,"menu_order":0,"comment_status":"closed","ping_status":"closed","template":"","meta":{"_acf_changed":false,"footnotes":""},"categories":[],"retreat-category":[],"class_list":["post-330","page","type-page","status-publish","hentry"],"acf":[],"yoast_head":"<!-- This site is optimized with the Yoast SEO Premium plugin v27.4 (Yoast SEO v27.4) - https:\/\/yoast.com\/product\/yoast-seo-premium-wordpress\/ -->\n<title>Values - Group Evolution<\/title>\n<meta name=\"robots\" content=\"index, follow, max-snippet:-1, max-image-preview:large, max-video-preview:-1\" \/>\n<link rel=\"canonical\" href=\"https:\/\/groupevolution.com\/es\/values\/\" \/>\n<meta property=\"og:locale\" content=\"es_ES\" \/>\n<meta property=\"og:type\" content=\"article\" \/>\n<meta property=\"og:title\" content=\"Values\" \/>\n<meta property=\"og:description\" content=\"we learn, we evolve, we care our values Our Community We engage fully with each of our communities &#8211; our member community, client community and local community &#8211; both in the UK and France. We aim to facilitate the creation of thriving &#8216;collectives&#8217; that grow within each of their areas of interest, as they become&hellip;\" \/>\n<meta property=\"og:url\" content=\"https:\/\/groupevolution.com\/es\/values\/\" \/>\n<meta property=\"og:site_name\" content=\"Group Evolution\" \/>\n<meta property=\"article:publisher\" content=\"https:\/\/www.facebook.com\/groupevolutionretreats\" \/>\n<meta property=\"article:modified_time\" content=\"2025-09-18T14:03:36+00:00\" \/>\n<meta name=\"twitter:card\" content=\"summary_large_image\" \/>\n<meta name=\"twitter:site\" content=\"@groupevolution_\" \/>\n<meta name=\"twitter:label1\" content=\"Tiempo de lectura\" \/>\n\t<meta name=\"twitter:data1\" content=\"3 minutes\" \/>\n<script type=\"application\/ld+json\" class=\"yoast-schema-graph\">{\"@context\":\"https:\\\/\\\/schema.org\",\"@graph\":[{\"@type\":\"WebPage\",\"@id\":\"https:\\\/\\\/groupevolution.com\\\/values\\\/\",\"url\":\"https:\\\/\\\/groupevolution.com\\\/values\\\/\",\"name\":\"Values - Group Evolution\",\"isPartOf\":{\"@id\":\"https:\\\/\\\/groupevolution.com\\\/#website\"},\"datePublished\":\"2017-11-28T12:36:36+00:00\",\"dateModified\":\"2025-09-18T14:03:36+00:00\",\"breadcrumb\":{\"@id\":\"https:\\\/\\\/groupevolution.com\\\/values\\\/#breadcrumb\"},\"inLanguage\":\"es-ES\",\"potentialAction\":[{\"@type\":\"ReadAction\",\"target\":[\"https:\\\/\\\/groupevolution.com\\\/values\\\/\"]}]},{\"@type\":\"BreadcrumbList\",\"@id\":\"https:\\\/\\\/groupevolution.com\\\/values\\\/#breadcrumb\",\"itemListElement\":[{\"@type\":\"ListItem\",\"position\":1,\"name\":\"Home\",\"item\":\"https:\\\/\\\/groupevolution.com\\\/\"},{\"@type\":\"ListItem\",\"position\":2,\"name\":\"Values\"}]},{\"@type\":\"WebSite\",\"@id\":\"https:\\\/\\\/groupevolution.com\\\/#website\",\"url\":\"https:\\\/\\\/groupevolution.com\\\/\",\"name\":\"www.groupevolution.com\",\"description\":\"Luxury Retreats &amp; Performance Services\",\"publisher\":{\"@id\":\"https:\\\/\\\/groupevolution.com\\\/#organization\"},\"potentialAction\":[{\"@type\":\"SearchAction\",\"target\":{\"@type\":\"EntryPoint\",\"urlTemplate\":\"https:\\\/\\\/groupevolution.com\\\/?s={search_term_string}\"},\"query-input\":{\"@type\":\"PropertyValueSpecification\",\"valueRequired\":true,\"valueName\":\"search_term_string\"}}],\"inLanguage\":\"es-ES\"},{\"@type\":\"Organization\",\"@id\":\"https:\\\/\\\/groupevolution.com\\\/#organization\",\"name\":\"Group Evolution\",\"url\":\"https:\\\/\\\/groupevolution.com\\\/\",\"logo\":{\"@type\":\"ImageObject\",\"inLanguage\":\"es-ES\",\"@id\":\"https:\\\/\\\/groupevolution.com\\\/#\\\/schema\\\/logo\\\/image\\\/\",\"url\":\"https:\\\/\\\/groupevolution.com\\\/wp-content\\\/uploads\\\/2025\\\/09\\\/Group_Evolution_Retreats_Primary_Logo_RGB_GOLD_FA_HR-e1759242659989.png\",\"contentUrl\":\"https:\\\/\\\/groupevolution.com\\\/wp-content\\\/uploads\\\/2025\\\/09\\\/Group_Evolution_Retreats_Primary_Logo_RGB_GOLD_FA_HR-e1759242659989.png\",\"width\":182,\"height\":54,\"caption\":\"Group Evolution\"},\"image\":{\"@id\":\"https:\\\/\\\/groupevolution.com\\\/#\\\/schema\\\/logo\\\/image\\\/\"},\"sameAs\":[\"https:\\\/\\\/www.facebook.com\\\/groupevolutionretreats\",\"https:\\\/\\\/x.com\\\/groupevolution_\",\"https:\\\/\\\/www.instagram.com\\\/group_evolution\\\/\",\"https:\\\/\\\/www.tiktok.com\\\/@groupevolutionretreats\",\"https:\\\/\\\/www.youtube.com\\\/channel\\\/UCDsSBQ_yMhe5zjVp6AbpwzA\\\/featured?view_as=subscriber\"]}]}<\/script>\n<!-- \/ Yoast SEO Premium plugin. -->","yoast_head_json":{"title":"Valores - Evoluci\u00f3n del grupo","robots":{"index":"index","follow":"follow","max-snippet":"max-snippet:-1","max-image-preview":"max-image-preview:large","max-video-preview":"max-video-preview:-1"},"canonical":"https:\/\/groupevolution.com\/es\/values\/","og_locale":"es_ES","og_type":"article","og_title":"Values","og_description":"we learn, we evolve, we care our values Our Community We engage fully with each of our communities &#8211; our member community, client community and local community &#8211; both in the UK and France. We aim to facilitate the creation of thriving &#8216;collectives&#8217; that grow within each of their areas of interest, as they become&hellip;","og_url":"https:\/\/groupevolution.com\/es\/values\/","og_site_name":"Group Evolution","article_publisher":"https:\/\/www.facebook.com\/groupevolutionretreats","article_modified_time":"2025-09-18T14:03:36+00:00","twitter_card":"summary_large_image","twitter_site":"@groupevolution_","twitter_misc":{"Tiempo de lectura":"3 minutes"},"schema":{"@context":"https:\/\/schema.org","@graph":[{"@type":"WebPage","@id":"https:\/\/groupevolution.com\/values\/","url":"https:\/\/groupevolution.com\/values\/","name":"Valores - Evoluci\u00f3n del grupo","isPartOf":{"@id":"https:\/\/groupevolution.com\/#website"},"datePublished":"2017-11-28T12:36:36+00:00","dateModified":"2025-09-18T14:03:36+00:00","breadcrumb":{"@id":"https:\/\/groupevolution.com\/values\/#breadcrumb"},"inLanguage":"es-ES","potentialAction":[{"@type":"ReadAction","target":["https:\/\/groupevolution.com\/values\/"]}]},{"@type":"BreadcrumbList","@id":"https:\/\/groupevolution.com\/values\/#breadcrumb","itemListElement":[{"@type":"ListItem","position":1,"name":"Home","item":"https:\/\/groupevolution.com\/"},{"@type":"ListItem","position":2,"name":"Values"}]},{"@type":"WebSite","@id":"https:\/\/groupevolution.com\/#website","url":"https:\/\/groupevolution.com\/","name":"www.groupevolution.com","description":"Luxury Retreats &amp; Performance Services","publisher":{"@id":"https:\/\/groupevolution.com\/#organization"},"potentialAction":[{"@type":"SearchAction","target":{"@type":"EntryPoint","urlTemplate":"https:\/\/groupevolution.com\/?s={search_term_string}"},"query-input":{"@type":"PropertyValueSpecification","valueRequired":true,"valueName":"search_term_string"}}],"inLanguage":"es-ES"},{"@type":"Organization","@id":"https:\/\/groupevolution.com\/#organization","name":"Evoluci\u00f3n del grupo","url":"https:\/\/groupevolution.com\/","logo":{"@type":"ImageObject","inLanguage":"es-ES","@id":"https:\/\/groupevolution.com\/#\/schema\/logo\/image\/","url":"https:\/\/groupevolution.com\/wp-content\/uploads\/2025\/09\/Group_Evolution_Retreats_Primary_Logo_RGB_GOLD_FA_HR-e1759242659989.png","contentUrl":"https:\/\/groupevolution.com\/wp-content\/uploads\/2025\/09\/Group_Evolution_Retreats_Primary_Logo_RGB_GOLD_FA_HR-e1759242659989.png","width":182,"height":54,"caption":"Group Evolution"},"image":{"@id":"https:\/\/groupevolution.com\/#\/schema\/logo\/image\/"},"sameAs":["https:\/\/www.facebook.com\/groupevolutionretreats","https:\/\/x.com\/groupevolution_","https:\/\/www.instagram.com\/group_evolution\/","https:\/\/www.tiktok.com\/@groupevolutionretreats","https:\/\/www.youtube.com\/channel\/UCDsSBQ_yMhe5zjVp6AbpwzA\/featured?view_as=subscriber"]}]}},"jetpack_sharing_enabled":true,"_links":{"self":[{"href":"https:\/\/groupevolution.com\/es\/wp-json\/wp\/v2\/pages\/330","targetHints":{"allow":["GET"]}}],"collection":[{"href":"https:\/\/groupevolution.com\/es\/wp-json\/wp\/v2\/pages"}],"about":[{"href":"https:\/\/groupevolution.com\/es\/wp-json\/wp\/v2\/types\/page"}],"author":[{"embeddable":true,"href":"https:\/\/groupevolution.com\/es\/wp-json\/wp\/v2\/users\/1"}],"replies":[{"embeddable":true,"href":"https:\/\/groupevolution.com\/es\/wp-json\/wp\/v2\/comments?post=330"}],"version-history":[{"count":43,"href":"https:\/\/groupevolution.com\/es\/wp-json\/wp\/v2\/pages\/330\/revisions"}],"predecessor-version":[{"id":27423,"href":"https:\/\/groupevolution.com\/es\/wp-json\/wp\/v2\/pages\/330\/revisions\/27423"}],"wp:attachment":[{"href":"https:\/\/groupevolution.com\/es\/wp-json\/wp\/v2\/media?parent=330"}],"wp:term":[{"taxonomy":"category","embeddable":true,"href":"https:\/\/groupevolution.com\/es\/wp-json\/wp\/v2\/categories?post=330"},{"taxonomy":"retreat-category","embeddable":true,"href":"https:\/\/groupevolution.com\/es\/wp-json\/wp\/v2\/retreat-category?post=330"}],"curies":[{"name":"wp","href":"https:\/\/api.w.org\/{rel}","templated":true}]}}