{"id":22910,"date":"2023-01-16T15:23:42","date_gmt":"2023-01-16T15:23:42","guid":{"rendered":"https:\/\/groupevolution.com\/?page_id=22910"},"modified":"2025-09-10T19:10:15","modified_gmt":"2025-09-10T18:10:15","slug":"performance-services","status":"publish","type":"page","link":"https:\/\/groupevolution.com\/es\/performance-services\/","title":{"rendered":"Performance_Services"},"content":{"rendered":"<h3>\u00daLTIMAS OFERTAS<\/h3>\r\n<p><img decoding=\"async\" title=\"heroImageHome\" src=\"https:\/\/groupevolution.com\/wp-content\/uploads\/2017\/11\/heroImageHome-150x150.png\" alt=\"A person in athletic gear sprints forward against a gray background, with a stylized gold triangle logo overlaid. Lines and circles highlight movement and joints, emphasizing speed and dynamics.\" \/> <img decoding=\"async\" title=\"DSC_5741\" src=\"https:\/\/groupevolution.com\/wp-content\/uploads\/2018\/10\/DSC_5741-150x150.jpg\" alt=\"Stone archway with a view of a garden pathway and greenery beyond. On the left, white hydrangeas and lavender are in bloom. The scene is framed by rustic brick and stone with a hint of green iron gate on the right.\" \/> <img decoding=\"async\" title=\"download\" src=\"https:\/\/groupevolution.com\/wp-content\/uploads\/2018\/01\/download-150x150.png\" alt=\"download\" \/><\/p>\r\n<h4>10% OFF para los miembros<\/h4>\r\n<p>\u00danete a nuestra comunidad por s\u00f3lo \u00a3250 y obt\u00e9n 10% de todos nuestros servicios de rendimiento y retiros, as\u00ed como un mont\u00f3n de informaci\u00f3n de entrenamiento gratuita.<\/p>\r\n<h4>Optar por la sostenibilidad<\/h4>\r\n<p>Si viaja a nuestro local en Francia puede obtener descuentos por compartir el coche y \/ o viajes en tren.<\/p>\r\n<h4>Descuento por reserva anticipada<\/h4>\r\n<p>Book your place before December and get 15% off. Use Code &#8216;<strong>EarlyBird2023<\/strong>&#8216;.<\/p>\r\n<p><a role=\"button\" href=\"https:\/\/groupevolution.com\/es\/producto\/group-evolution-membership\/\" target=\"_self\" rel=\"noopener\"> \u00daNETE AHORA <\/a> <a role=\"button\" href=\"https:\/\/groupevolution.com\/es\/healthier-you-healthier-planet\/\" target=\"_self\" rel=\"noopener\"> APRENDA M\u00c1S <\/a> <a role=\"button\" href=\"https:\/\/groupevolution.com\/es\/retreats-2__trashed\/achieveyourpotential\/\" target=\"_self\" rel=\"noopener\"> RESERVA MI LUGAR <\/a><\/p>\r\n<h3>PR\u00d3XIMOS RETIROS<\/h3>\r\n<h3>CONSULTE AHORA<\/h3>\r\n<h3>\u00a0<\/h3>\r\n<p>Notice: JavaScript is required for this content.<\/p>\r\n<!-- TODO: Move to Template File. -->","protected":false},"excerpt":{"rendered":"<p>LATEST OFFERS 10% OFF for members Join our community for just \u00a3250 and get 10% off all our performance services and retreats as well as loads of free training information. Opt for sustainability If you travel to our venue in France you can get discounts for car sharing and \/ or train travel. Early Bird&hellip;<\/p>","protected":false},"author":80,"featured_media":0,"parent":0,"menu_order":0,"comment_status":"closed","ping_status":"closed","template":"","meta":{"_acf_changed":false,"footnotes":""},"categories":[],"retreat-category":[202,144,197],"class_list":["post-22910","page","type-page","status-publish","hentry","retreat-category-packages","retreat-category-performance","retreat-category-services"],"acf":[],"yoast_head":"<!-- This site is optimized with the Yoast SEO Premium plugin v27.4 (Yoast SEO v27.4) - https:\/\/yoast.com\/product\/yoast-seo-premium-wordpress\/ -->\n<title>Performance_Services - Group Evolution<\/title>\n<meta name=\"description\" content=\"Cutting-edge performance training. Achieve peak performance with elite-level support tailored to amateur athletes of all ages and abilities. Our expert team of degree-qualified practitioners designs bespoke training solutions to enhance performance and minimize injury risk. With cutting-edge sports performance labs in South West London and our state-of-the-art Chateau in the Pays de la Loire, you&#039;ll have access to world-class, research-backed equipment and methodologies. Join our community of driven athletes and take your training to the next level. Lead, don\u2019t follow\u2014start your journey today!\" \/>\n<meta name=\"robots\" content=\"index, follow, max-snippet:-1, max-image-preview:large, max-video-preview:-1\" \/>\n<link rel=\"canonical\" href=\"https:\/\/groupevolution.com\/es\/performance-services\/\" \/>\n<meta property=\"og:locale\" content=\"es_ES\" \/>\n<meta property=\"og:type\" content=\"article\" \/>\n<meta property=\"og:title\" content=\"Performance_Services\" \/>\n<meta property=\"og:description\" content=\"Cutting-edge performance training. Achieve peak performance with elite-level support tailored to amateur athletes of all ages and abilities. Our expert team of degree-qualified practitioners designs bespoke training solutions to enhance performance and minimize injury risk. With cutting-edge sports performance labs in South West London and our state-of-the-art Chateau in the Pays de la Loire, you&#039;ll have access to world-class, research-backed equipment and methodologies. Join our community of driven athletes and take your training to the next level. Lead, don\u2019t follow\u2014start your journey today!\" \/>\n<meta property=\"og:url\" content=\"https:\/\/groupevolution.com\/es\/performance-services\/\" \/>\n<meta property=\"og:site_name\" content=\"Group Evolution\" \/>\n<meta property=\"article:publisher\" content=\"https:\/\/www.facebook.com\/groupevolutionretreats\" \/>\n<meta property=\"article:modified_time\" content=\"2025-09-10T18:10:15+00:00\" \/>\n<meta property=\"og:image\" content=\"https:\/\/groupevolution.com\/wp-content\/uploads\/2017\/11\/heroImageHome-150x150.png\" \/>\n<meta name=\"twitter:card\" content=\"summary_large_image\" \/>\n<meta name=\"twitter:site\" content=\"@groupevolution_\" \/>\n<meta name=\"twitter:label1\" content=\"Tiempo de lectura\" \/>\n\t<meta name=\"twitter:data1\" content=\"6 minutes\" \/>\n<script type=\"application\/ld+json\" class=\"yoast-schema-graph\">{\"@context\":\"https:\\\/\\\/schema.org\",\"@graph\":[{\"@type\":\"WebPage\",\"@id\":\"https:\\\/\\\/groupevolution.com\\\/performance-services\\\/\",\"url\":\"https:\\\/\\\/groupevolution.com\\\/performance-services\\\/\",\"name\":\"Performance_Services - Group Evolution\",\"isPartOf\":{\"@id\":\"https:\\\/\\\/groupevolution.com\\\/#website\"},\"primaryImageOfPage\":{\"@id\":\"https:\\\/\\\/groupevolution.com\\\/performance-services\\\/#primaryimage\"},\"image\":{\"@id\":\"https:\\\/\\\/groupevolution.com\\\/performance-services\\\/#primaryimage\"},\"thumbnailUrl\":\"https:\\\/\\\/groupevolution.com\\\/wp-content\\\/uploads\\\/2017\\\/11\\\/heroImageHome-150x150.png\",\"datePublished\":\"2023-01-16T15:23:42+00:00\",\"dateModified\":\"2025-09-10T18:10:15+00:00\",\"description\":\"Cutting-edge performance training. Achieve peak performance with elite-level support tailored to amateur athletes of all ages and abilities. Our expert team of degree-qualified practitioners designs bespoke training solutions to enhance performance and minimize injury risk. With cutting-edge sports performance labs in South West London and our state-of-the-art Chateau in the Pays de la Loire, you'll have access to world-class, research-backed equipment and methodologies. Join our community of driven athletes and take your training to the next level. Lead, don\u2019t follow\u2014start your journey today!\",\"breadcrumb\":{\"@id\":\"https:\\\/\\\/groupevolution.com\\\/performance-services\\\/#breadcrumb\"},\"inLanguage\":\"es-ES\",\"potentialAction\":[{\"@type\":\"ReadAction\",\"target\":[\"https:\\\/\\\/groupevolution.com\\\/performance-services\\\/\"]}]},{\"@type\":\"ImageObject\",\"inLanguage\":\"es-ES\",\"@id\":\"https:\\\/\\\/groupevolution.com\\\/performance-services\\\/#primaryimage\",\"url\":\"https:\\\/\\\/groupevolution.com\\\/wp-content\\\/uploads\\\/2017\\\/11\\\/heroImageHome-150x150.png\",\"contentUrl\":\"https:\\\/\\\/groupevolution.com\\\/wp-content\\\/uploads\\\/2017\\\/11\\\/heroImageHome-150x150.png\"},{\"@type\":\"BreadcrumbList\",\"@id\":\"https:\\\/\\\/groupevolution.com\\\/performance-services\\\/#breadcrumb\",\"itemListElement\":[{\"@type\":\"ListItem\",\"position\":1,\"name\":\"Home\",\"item\":\"https:\\\/\\\/groupevolution.com\\\/\"},{\"@type\":\"ListItem\",\"position\":2,\"name\":\"Performance_Services\"}]},{\"@type\":\"WebSite\",\"@id\":\"https:\\\/\\\/groupevolution.com\\\/#website\",\"url\":\"https:\\\/\\\/groupevolution.com\\\/\",\"name\":\"www.groupevolution.com\",\"description\":\"Luxury Retreats &amp; Performance Services\",\"publisher\":{\"@id\":\"https:\\\/\\\/groupevolution.com\\\/#organization\"},\"potentialAction\":[{\"@type\":\"SearchAction\",\"target\":{\"@type\":\"EntryPoint\",\"urlTemplate\":\"https:\\\/\\\/groupevolution.com\\\/?s={search_term_string}\"},\"query-input\":{\"@type\":\"PropertyValueSpecification\",\"valueRequired\":true,\"valueName\":\"search_term_string\"}}],\"inLanguage\":\"es-ES\"},{\"@type\":\"Organization\",\"@id\":\"https:\\\/\\\/groupevolution.com\\\/#organization\",\"name\":\"Group Evolution\",\"url\":\"https:\\\/\\\/groupevolution.com\\\/\",\"logo\":{\"@type\":\"ImageObject\",\"inLanguage\":\"es-ES\",\"@id\":\"https:\\\/\\\/groupevolution.com\\\/#\\\/schema\\\/logo\\\/image\\\/\",\"url\":\"https:\\\/\\\/groupevolution.com\\\/wp-content\\\/uploads\\\/2025\\\/09\\\/Group_Evolution_Retreats_Primary_Logo_RGB_GOLD_FA_HR-e1759242659989.png\",\"contentUrl\":\"https:\\\/\\\/groupevolution.com\\\/wp-content\\\/uploads\\\/2025\\\/09\\\/Group_Evolution_Retreats_Primary_Logo_RGB_GOLD_FA_HR-e1759242659989.png\",\"width\":182,\"height\":54,\"caption\":\"Group Evolution\"},\"image\":{\"@id\":\"https:\\\/\\\/groupevolution.com\\\/#\\\/schema\\\/logo\\\/image\\\/\"},\"sameAs\":[\"https:\\\/\\\/www.facebook.com\\\/groupevolutionretreats\",\"https:\\\/\\\/x.com\\\/groupevolution_\",\"https:\\\/\\\/www.instagram.com\\\/group_evolution\\\/\",\"https:\\\/\\\/www.tiktok.com\\\/@groupevolutionretreats\",\"https:\\\/\\\/www.youtube.com\\\/channel\\\/UCDsSBQ_yMhe5zjVp6AbpwzA\\\/featured?view_as=subscriber\"]}]}<\/script>\n<!-- \/ Yoast SEO Premium plugin. -->","yoast_head_json":{"title":"Performance_Services - Group Evolution","description":"Entrenamiento de alto rendimiento de vanguardia. Alcanza el m\u00e1ximo rendimiento con un apoyo de \u00e9lite adaptado a atletas aficionados de todas las edades y habilidades. Nuestro experto equipo de profesionales titulados dise\u00f1a soluciones de entrenamiento a medida para mejorar el rendimiento y minimizar el riesgo de lesiones. Con laboratorios de rendimiento deportivo de vanguardia en el suroeste de Londres y nuestro vanguardista Chateau en el Pa\u00eds del Loira, tendr\u00e1 acceso a equipos y metodolog\u00edas de primera clase respaldados por la investigaci\u00f3n. \u00danete a nuestra comunidad de atletas motivados y lleva tu entrenamiento al siguiente nivel. Lidera, no sigas: \u00a1empieza tu viaje hoy mismo!","robots":{"index":"index","follow":"follow","max-snippet":"max-snippet:-1","max-image-preview":"max-image-preview:large","max-video-preview":"max-video-preview:-1"},"canonical":"https:\/\/groupevolution.com\/es\/performance-services\/","og_locale":"es_ES","og_type":"article","og_title":"Performance_Services","og_description":"Cutting-edge performance training. Achieve peak performance with elite-level support tailored to amateur athletes of all ages and abilities. Our expert team of degree-qualified practitioners designs bespoke training solutions to enhance performance and minimize injury risk. With cutting-edge sports performance labs in South West London and our state-of-the-art Chateau in the Pays de la Loire, you'll have access to world-class, research-backed equipment and methodologies. Join our community of driven athletes and take your training to the next level. Lead, don\u2019t follow\u2014start your journey today!","og_url":"https:\/\/groupevolution.com\/es\/performance-services\/","og_site_name":"Group Evolution","article_publisher":"https:\/\/www.facebook.com\/groupevolutionretreats","article_modified_time":"2025-09-10T18:10:15+00:00","og_image":[{"url":"https:\/\/groupevolution.com\/wp-content\/uploads\/2017\/11\/heroImageHome-150x150.png","type":"","width":"","height":""}],"twitter_card":"summary_large_image","twitter_site":"@groupevolution_","twitter_misc":{"Tiempo de lectura":"6 minutes"},"schema":{"@context":"https:\/\/schema.org","@graph":[{"@type":"WebPage","@id":"https:\/\/groupevolution.com\/performance-services\/","url":"https:\/\/groupevolution.com\/performance-services\/","name":"Performance_Services - Group Evolution","isPartOf":{"@id":"https:\/\/groupevolution.com\/#website"},"primaryImageOfPage":{"@id":"https:\/\/groupevolution.com\/performance-services\/#primaryimage"},"image":{"@id":"https:\/\/groupevolution.com\/performance-services\/#primaryimage"},"thumbnailUrl":"https:\/\/groupevolution.com\/wp-content\/uploads\/2017\/11\/heroImageHome-150x150.png","datePublished":"2023-01-16T15:23:42+00:00","dateModified":"2025-09-10T18:10:15+00:00","description":"Entrenamiento de alto rendimiento de vanguardia. Alcanza el m\u00e1ximo rendimiento con un apoyo de \u00e9lite adaptado a atletas aficionados de todas las edades y habilidades. Nuestro experto equipo de profesionales titulados dise\u00f1a soluciones de entrenamiento a medida para mejorar el rendimiento y minimizar el riesgo de lesiones. Con laboratorios de rendimiento deportivo de vanguardia en el suroeste de Londres y nuestro vanguardista Chateau en el Pa\u00eds del Loira, tendr\u00e1 acceso a equipos y metodolog\u00edas de primera clase respaldados por la investigaci\u00f3n. \u00danete a nuestra comunidad de atletas motivados y lleva tu entrenamiento al siguiente nivel. Lidera, no sigas: \u00a1empieza tu viaje hoy mismo!","breadcrumb":{"@id":"https:\/\/groupevolution.com\/performance-services\/#breadcrumb"},"inLanguage":"es-ES","potentialAction":[{"@type":"ReadAction","target":["https:\/\/groupevolution.com\/performance-services\/"]}]},{"@type":"ImageObject","inLanguage":"es-ES","@id":"https:\/\/groupevolution.com\/performance-services\/#primaryimage","url":"https:\/\/groupevolution.com\/wp-content\/uploads\/2017\/11\/heroImageHome-150x150.png","contentUrl":"https:\/\/groupevolution.com\/wp-content\/uploads\/2017\/11\/heroImageHome-150x150.png"},{"@type":"BreadcrumbList","@id":"https:\/\/groupevolution.com\/performance-services\/#breadcrumb","itemListElement":[{"@type":"ListItem","position":1,"name":"Home","item":"https:\/\/groupevolution.com\/"},{"@type":"ListItem","position":2,"name":"Performance_Services"}]},{"@type":"WebSite","@id":"https:\/\/groupevolution.com\/#website","url":"https:\/\/groupevolution.com\/","name":"www.groupevolution.com","description":"Luxury Retreats &amp; Performance Services","publisher":{"@id":"https:\/\/groupevolution.com\/#organization"},"potentialAction":[{"@type":"SearchAction","target":{"@type":"EntryPoint","urlTemplate":"https:\/\/groupevolution.com\/?s={search_term_string}"},"query-input":{"@type":"PropertyValueSpecification","valueRequired":true,"valueName":"search_term_string"}}],"inLanguage":"es-ES"},{"@type":"Organization","@id":"https:\/\/groupevolution.com\/#organization","name":"Evoluci\u00f3n del grupo","url":"https:\/\/groupevolution.com\/","logo":{"@type":"ImageObject","inLanguage":"es-ES","@id":"https:\/\/groupevolution.com\/#\/schema\/logo\/image\/","url":"https:\/\/groupevolution.com\/wp-content\/uploads\/2025\/09\/Group_Evolution_Retreats_Primary_Logo_RGB_GOLD_FA_HR-e1759242659989.png","contentUrl":"https:\/\/groupevolution.com\/wp-content\/uploads\/2025\/09\/Group_Evolution_Retreats_Primary_Logo_RGB_GOLD_FA_HR-e1759242659989.png","width":182,"height":54,"caption":"Group Evolution"},"image":{"@id":"https:\/\/groupevolution.com\/#\/schema\/logo\/image\/"},"sameAs":["https:\/\/www.facebook.com\/groupevolutionretreats","https:\/\/x.com\/groupevolution_","https:\/\/www.instagram.com\/group_evolution\/","https:\/\/www.tiktok.com\/@groupevolutionretreats","https:\/\/www.youtube.com\/channel\/UCDsSBQ_yMhe5zjVp6AbpwzA\/featured?view_as=subscriber"]}]}},"jetpack_sharing_enabled":true,"_links":{"self":[{"href":"https:\/\/groupevolution.com\/es\/wp-json\/wp\/v2\/pages\/22910","targetHints":{"allow":["GET"]}}],"collection":[{"href":"https:\/\/groupevolution.com\/es\/wp-json\/wp\/v2\/pages"}],"about":[{"href":"https:\/\/groupevolution.com\/es\/wp-json\/wp\/v2\/types\/page"}],"author":[{"embeddable":true,"href":"https:\/\/groupevolution.com\/es\/wp-json\/wp\/v2\/users\/80"}],"replies":[{"embeddable":true,"href":"https:\/\/groupevolution.com\/es\/wp-json\/wp\/v2\/comments?post=22910"}],"version-history":[{"count":8,"href":"https:\/\/groupevolution.com\/es\/wp-json\/wp\/v2\/pages\/22910\/revisions"}],"predecessor-version":[{"id":27151,"href":"https:\/\/groupevolution.com\/es\/wp-json\/wp\/v2\/pages\/22910\/revisions\/27151"}],"wp:attachment":[{"href":"https:\/\/groupevolution.com\/es\/wp-json\/wp\/v2\/media?parent=22910"}],"wp:term":[{"taxonomy":"category","embeddable":true,"href":"https:\/\/groupevolution.com\/es\/wp-json\/wp\/v2\/categories?post=22910"},{"taxonomy":"retreat-category","embeddable":true,"href":"https:\/\/groupevolution.com\/es\/wp-json\/wp\/v2\/retreat-category?post=22910"}],"curies":[{"name":"wp","href":"https:\/\/api.w.org\/{rel}","templated":true}]}}