{"id":20787,"date":"2020-11-22T08:54:24","date_gmt":"2020-11-22T08:54:24","guid":{"rendered":"https:\/\/groupevolution.com\/?page_id=20787"},"modified":"2025-09-10T12:24:36","modified_gmt":"2025-09-10T11:24:36","slug":"retreats","status":"publish","type":"page","link":"https:\/\/groupevolution.com\/es\/retreats\/","title":{"rendered":"Premium Escapes"},"content":{"rendered":"<h3>\n\t\t\tCampamentos deportivos\t<\/h3>\n\t<p>Alcanza el siguiente nivel con algunos de los mejores entrenadores del mundo. Experimenta un entrenamiento transformador, espec\u00edfico para ti, tus metas y tus ambiciones. Todo en nuestro impresionante lugar en la Francia rural; f\u00e1cilmente accesible y exclusivamente utilizado por los que est\u00e1n en el campamento. Convi\u00e9rtete en el mejor.<\/p>\n\n\t<p><a href=\"https:\/\/groupevolution.com\/es\/sports\/\">Aprende m\u00e1s<\/a><\/p>\n<h3>\n\t\t\tLos descansos de bienestar\t<\/h3>\n\t<p>Retiros de bienestar de primera clase en nuestro impresionante Chateau. Revigorizar la mente y el cuerpo en nuestra serie de retiros de lujo, impartidos por los principales expertos. Disfrute de men\u00fas especialmente dise\u00f1ados, excursiones cuidadosamente seleccionadas y nuestras lujosas instalaciones. Conozca a personas con ideas afines. Grandes momentos!<\/p>\n\n\t<p><a href=\"\/es\/wellness\/\">Aprende m\u00e1s<\/a><\/p>\n<h3>\n\t\t\tEscapadas creativas\t<\/h3>\n\t<p>Sorprendentes rupturas creativas que te ayudan a desarrollar tu potencial. Desarrolla tu talento con los principales artistas creativos y entrenadores de vida en un entorno inspirador, lejos del ajetreo de la vida diaria. Haz nuevos amigos y encuentra tu inspiraci\u00f3n!<\/p>\n\n\t<p><a href=\"\/es\/creative\/\">Aprende m\u00e1s<\/a><\/p>\n<h3>\n\t\t\tEntrenamiento de rendimiento\t<\/h3>\n\t<p>Professional training, personalised to you. Cutting edge testing, coaching, training and support, tailored to you, your life and your objectives. Make lasting improvements to your health, fitness and wellbeing, overcome your challenges and achieve your objectives. Lead don&#8217;t follow!<\/p>\n\n\t<p><a href=\"https:\/\/groupevolution.com\/es\/performance\/\">Aprende m\u00e1s<\/a><\/p>\n<h3>\n\t\t\tIT&#8217;S GREAT TO MEET YOU,\t<\/h3>\n\t<h2><em>LET US INTRODUCE OURSELVES&#8230;<\/em><\/h2>\n\t<p>Group Evolution provides our clients with a level of support that is unmatched, usually only available to elite athletes, or fitness and creative professionals. We help you become your best: whether you are looking to reinvent yourself, take the next step or achieve a very particular objective. Our holistic approach &#8211; focused on your mind, body, technique and diet &#8211; is grounded in the latest research and practice and led by highly qualified and experienced practitioners. We tailor our programs to each individual, whether you are attending our luxury retreats in France or our facilities in South West London.<\/p>\n\t<p><a href=\"\/es\/venue\/\">Nuestra sede<\/a><\/p>\n\t<p><a href=\"\/es\/values\/\">Nuestros valores<\/a><\/p>\n\t\t\t<a href=\"https:\/\/www.youtube.com\/watch?v=yIF4Wqh0BKQ\" role=\"button\">\n\t\t\t\t\t\t\tMIRA NUESTRO VIDEO\n\t\t\t<\/a>\n\t<h3>What&#8217;s Going Down<\/h3>\n<h3>\n\t\t\tSUSCR\u00cdBETE A NUESTRO BOLET\u00cdN DE NOTICIAS\t<\/h3>\n<h5>\n\t\t\tPARA QUE SEAS EL PRIMERO EN CONOCER NUESTRAS \u00daLTIMAS OFERTAS!\t<\/h5>\n<form id=\"mc-embedded-subscribe-form\" action=\"https:\/\/bedevious.us17.list-manage.com\/subscribe\/post?u=1cee877adb3d8c2a2708ef42b&amp;id=61879840dc\" method=\"post\" name=\"mc-embedded-subscribe-form\" novalidate=\"\" target=\"_blank\">\n<input id=\"mce-FNAME\" name=\"FNAME\" type=\"text\" value=\"\" placeholder=\"TU NOMBRE\" \/>\n<input id=\"mce-EMAIL\" name=\"EMAIL\" type=\"email\" value=\"\" placeholder=\"CORREO ELECTR\u00d3NICO\" \/>\n<input tabindex=\"-1\" name=\"b_1cee877adb3d8c2a2708ef42b_61879840dc\" type=\"text\" value=\"\" \/>\n<input id=\"mc-embedded-subscribe\" name=\"subscribe\" type=\"submit\" value=\"INSCR\u00cdBETE\" \/>\n<\/form>","protected":false},"excerpt":{"rendered":"<p>Sports Camps Reach the next level with some of the best coaches in the world. Experience transformational training, specific to you, your goals and your ambitions. All at our stunning venue in rural France; easily accessible and exclusively used by those on camp. Become your best. Learn More Wellness breaks Premium wellness retreats at our&hellip;<\/p>","protected":false},"author":3,"featured_media":0,"parent":0,"menu_order":0,"comment_status":"closed","ping_status":"closed","template":"","meta":{"_acf_changed":false,"footnotes":""},"categories":[],"retreat-category":[142,69,146,126,66,128,147,143,144,68,64,137,67,148,145,65,141,151],"class_list":["post-20787","page","type-page","status-publish","hentry","retreat-category-creative-arts","retreat-category-cycling","retreat-category-dave-scott-clinics","retreat-category-embracechange","retreat-category-family-triathlon","retreat-category-fitness-revolution","retreat-category-gaintheedge","retreat-category-life-coaching","retreat-category-performance","retreat-category-rehab","retreat-category-run","retreat-category-run-weekend","retreat-category-sights-sparkles-spas","retreat-category-stateoftheunion","retreat-category-swim","retreat-category-coached-triathlon","retreat-category-write-write-more","retreat-category-yoga"],"acf":[],"yoast_head":"<!-- This site is optimized with the Yoast SEO Premium plugin v27.4 (Yoast SEO v27.4) - https:\/\/yoast.com\/product\/yoast-seo-premium-wordpress\/ -->\n<title>Premium Escapes - Group Evolution<\/title>\n<meta name=\"robots\" content=\"index, follow, max-snippet:-1, max-image-preview:large, max-video-preview:-1\" \/>\n<link rel=\"canonical\" href=\"https:\/\/groupevolution.com\/es\/retreats\/\" \/>\n<meta property=\"og:locale\" content=\"es_ES\" \/>\n<meta property=\"og:type\" content=\"article\" \/>\n<meta property=\"og:title\" content=\"Premium Escapes\" \/>\n<meta property=\"og:description\" content=\"Sports Camps Reach the next level with some of the best coaches in the world. Experience transformational training, specific to you, your goals and your ambitions. All at our stunning venue in rural France; easily accessible and exclusively used by those on camp. Become your best. Learn More Wellness breaks Premium wellness retreats at our&hellip;\" \/>\n<meta property=\"og:url\" content=\"https:\/\/groupevolution.com\/es\/retreats\/\" \/>\n<meta property=\"og:site_name\" content=\"Group Evolution\" \/>\n<meta property=\"article:publisher\" content=\"https:\/\/www.facebook.com\/groupevolutionretreats\" \/>\n<meta property=\"article:modified_time\" content=\"2025-09-10T11:24:36+00:00\" \/>\n<meta name=\"twitter:card\" content=\"summary_large_image\" \/>\n<meta name=\"twitter:site\" content=\"@groupevolution_\" \/>\n<meta name=\"twitter:label1\" content=\"Tiempo de lectura\" \/>\n\t<meta name=\"twitter:data1\" content=\"6 minutes\" \/>\n<script type=\"application\/ld+json\" class=\"yoast-schema-graph\">{\"@context\":\"https:\\\/\\\/schema.org\",\"@graph\":[{\"@type\":\"WebPage\",\"@id\":\"https:\\\/\\\/groupevolution.com\\\/retreats\\\/\",\"url\":\"https:\\\/\\\/groupevolution.com\\\/retreats\\\/\",\"name\":\"Premium Escapes - Group Evolution\",\"isPartOf\":{\"@id\":\"https:\\\/\\\/groupevolution.com\\\/#website\"},\"datePublished\":\"2020-11-22T08:54:24+00:00\",\"dateModified\":\"2025-09-10T11:24:36+00:00\",\"breadcrumb\":{\"@id\":\"https:\\\/\\\/groupevolution.com\\\/retreats\\\/#breadcrumb\"},\"inLanguage\":\"es-ES\",\"potentialAction\":[{\"@type\":\"ReadAction\",\"target\":[\"https:\\\/\\\/groupevolution.com\\\/retreats\\\/\"]}]},{\"@type\":\"BreadcrumbList\",\"@id\":\"https:\\\/\\\/groupevolution.com\\\/retreats\\\/#breadcrumb\",\"itemListElement\":[{\"@type\":\"ListItem\",\"position\":1,\"name\":\"Home\",\"item\":\"https:\\\/\\\/groupevolution.com\\\/\"},{\"@type\":\"ListItem\",\"position\":2,\"name\":\"Premium Escapes\"}]},{\"@type\":\"WebSite\",\"@id\":\"https:\\\/\\\/groupevolution.com\\\/#website\",\"url\":\"https:\\\/\\\/groupevolution.com\\\/\",\"name\":\"www.groupevolution.com\",\"description\":\"Luxury Retreats &amp; Performance Services\",\"publisher\":{\"@id\":\"https:\\\/\\\/groupevolution.com\\\/#organization\"},\"potentialAction\":[{\"@type\":\"SearchAction\",\"target\":{\"@type\":\"EntryPoint\",\"urlTemplate\":\"https:\\\/\\\/groupevolution.com\\\/?s={search_term_string}\"},\"query-input\":{\"@type\":\"PropertyValueSpecification\",\"valueRequired\":true,\"valueName\":\"search_term_string\"}}],\"inLanguage\":\"es-ES\"},{\"@type\":\"Organization\",\"@id\":\"https:\\\/\\\/groupevolution.com\\\/#organization\",\"name\":\"Group Evolution\",\"url\":\"https:\\\/\\\/groupevolution.com\\\/\",\"logo\":{\"@type\":\"ImageObject\",\"inLanguage\":\"es-ES\",\"@id\":\"https:\\\/\\\/groupevolution.com\\\/#\\\/schema\\\/logo\\\/image\\\/\",\"url\":\"https:\\\/\\\/groupevolution.com\\\/wp-content\\\/uploads\\\/2025\\\/09\\\/Group_Evolution_Retreats_Primary_Logo_RGB_GOLD_FA_HR-e1759242659989.png\",\"contentUrl\":\"https:\\\/\\\/groupevolution.com\\\/wp-content\\\/uploads\\\/2025\\\/09\\\/Group_Evolution_Retreats_Primary_Logo_RGB_GOLD_FA_HR-e1759242659989.png\",\"width\":182,\"height\":54,\"caption\":\"Group Evolution\"},\"image\":{\"@id\":\"https:\\\/\\\/groupevolution.com\\\/#\\\/schema\\\/logo\\\/image\\\/\"},\"sameAs\":[\"https:\\\/\\\/www.facebook.com\\\/groupevolutionretreats\",\"https:\\\/\\\/x.com\\\/groupevolution_\",\"https:\\\/\\\/www.instagram.com\\\/group_evolution\\\/\",\"https:\\\/\\\/www.tiktok.com\\\/@groupevolutionretreats\",\"https:\\\/\\\/www.youtube.com\\\/channel\\\/UCDsSBQ_yMhe5zjVp6AbpwzA\\\/featured?view_as=subscriber\"]}]}<\/script>\n<!-- \/ Yoast SEO Premium plugin. -->","yoast_head_json":{"title":"Premium Escapes - Group Evolution","robots":{"index":"index","follow":"follow","max-snippet":"max-snippet:-1","max-image-preview":"max-image-preview:large","max-video-preview":"max-video-preview:-1"},"canonical":"https:\/\/groupevolution.com\/es\/retreats\/","og_locale":"es_ES","og_type":"article","og_title":"Premium Escapes","og_description":"Sports Camps Reach the next level with some of the best coaches in the world. Experience transformational training, specific to you, your goals and your ambitions. All at our stunning venue in rural France; easily accessible and exclusively used by those on camp. Become your best. Learn More Wellness breaks Premium wellness retreats at our&hellip;","og_url":"https:\/\/groupevolution.com\/es\/retreats\/","og_site_name":"Group Evolution","article_publisher":"https:\/\/www.facebook.com\/groupevolutionretreats","article_modified_time":"2025-09-10T11:24:36+00:00","twitter_card":"summary_large_image","twitter_site":"@groupevolution_","twitter_misc":{"Tiempo de lectura":"6 minutes"},"schema":{"@context":"https:\/\/schema.org","@graph":[{"@type":"WebPage","@id":"https:\/\/groupevolution.com\/retreats\/","url":"https:\/\/groupevolution.com\/retreats\/","name":"Premium Escapes - Group Evolution","isPartOf":{"@id":"https:\/\/groupevolution.com\/#website"},"datePublished":"2020-11-22T08:54:24+00:00","dateModified":"2025-09-10T11:24:36+00:00","breadcrumb":{"@id":"https:\/\/groupevolution.com\/retreats\/#breadcrumb"},"inLanguage":"es-ES","potentialAction":[{"@type":"ReadAction","target":["https:\/\/groupevolution.com\/retreats\/"]}]},{"@type":"BreadcrumbList","@id":"https:\/\/groupevolution.com\/retreats\/#breadcrumb","itemListElement":[{"@type":"ListItem","position":1,"name":"Home","item":"https:\/\/groupevolution.com\/"},{"@type":"ListItem","position":2,"name":"Premium Escapes"}]},{"@type":"WebSite","@id":"https:\/\/groupevolution.com\/#website","url":"https:\/\/groupevolution.com\/","name":"www.groupevolution.com","description":"Luxury Retreats &amp; Performance Services","publisher":{"@id":"https:\/\/groupevolution.com\/#organization"},"potentialAction":[{"@type":"SearchAction","target":{"@type":"EntryPoint","urlTemplate":"https:\/\/groupevolution.com\/?s={search_term_string}"},"query-input":{"@type":"PropertyValueSpecification","valueRequired":true,"valueName":"search_term_string"}}],"inLanguage":"es-ES"},{"@type":"Organization","@id":"https:\/\/groupevolution.com\/#organization","name":"Evoluci\u00f3n del grupo","url":"https:\/\/groupevolution.com\/","logo":{"@type":"ImageObject","inLanguage":"es-ES","@id":"https:\/\/groupevolution.com\/#\/schema\/logo\/image\/","url":"https:\/\/groupevolution.com\/wp-content\/uploads\/2025\/09\/Group_Evolution_Retreats_Primary_Logo_RGB_GOLD_FA_HR-e1759242659989.png","contentUrl":"https:\/\/groupevolution.com\/wp-content\/uploads\/2025\/09\/Group_Evolution_Retreats_Primary_Logo_RGB_GOLD_FA_HR-e1759242659989.png","width":182,"height":54,"caption":"Group Evolution"},"image":{"@id":"https:\/\/groupevolution.com\/#\/schema\/logo\/image\/"},"sameAs":["https:\/\/www.facebook.com\/groupevolutionretreats","https:\/\/x.com\/groupevolution_","https:\/\/www.instagram.com\/group_evolution\/","https:\/\/www.tiktok.com\/@groupevolutionretreats","https:\/\/www.youtube.com\/channel\/UCDsSBQ_yMhe5zjVp6AbpwzA\/featured?view_as=subscriber"]}]}},"jetpack_sharing_enabled":true,"_links":{"self":[{"href":"https:\/\/groupevolution.com\/es\/wp-json\/wp\/v2\/pages\/20787","targetHints":{"allow":["GET"]}}],"collection":[{"href":"https:\/\/groupevolution.com\/es\/wp-json\/wp\/v2\/pages"}],"about":[{"href":"https:\/\/groupevolution.com\/es\/wp-json\/wp\/v2\/types\/page"}],"author":[{"embeddable":true,"href":"https:\/\/groupevolution.com\/es\/wp-json\/wp\/v2\/users\/3"}],"replies":[{"embeddable":true,"href":"https:\/\/groupevolution.com\/es\/wp-json\/wp\/v2\/comments?post=20787"}],"version-history":[{"count":7,"href":"https:\/\/groupevolution.com\/es\/wp-json\/wp\/v2\/pages\/20787\/revisions"}],"predecessor-version":[{"id":27128,"href":"https:\/\/groupevolution.com\/es\/wp-json\/wp\/v2\/pages\/20787\/revisions\/27128"}],"wp:attachment":[{"href":"https:\/\/groupevolution.com\/es\/wp-json\/wp\/v2\/media?parent=20787"}],"wp:term":[{"taxonomy":"category","embeddable":true,"href":"https:\/\/groupevolution.com\/es\/wp-json\/wp\/v2\/categories?post=20787"},{"taxonomy":"retreat-category","embeddable":true,"href":"https:\/\/groupevolution.com\/es\/wp-json\/wp\/v2\/retreat-category?post=20787"}],"curies":[{"name":"wp","href":"https:\/\/api.w.org\/{rel}","templated":true}]}}