{"id":18657,"date":"2020-01-15T22:21:47","date_gmt":"2020-01-15T22:21:47","guid":{"rendered":"https:\/\/groupevolution.com\/?page_id=18657"},"modified":"2025-09-10T21:56:59","modified_gmt":"2025-09-10T20:56:59","slug":"stateoftheunion","status":"publish","type":"page","link":"https:\/\/groupevolution.com\/es\/sports\/stateoftheunion\/","title":{"rendered":"Estado de la Uni\u00f3n"},"content":{"rendered":"<h3>\n\t\t\tprepararse para tener \u00e9xito\t<\/h3>\n<h2>\n\t\t\talcanzar su potencial\t<\/h2>\n\t<p>Our unique triathlon clinics bring together some of the UK&#8217;s leading triathlon coaches, sports scientists and physiotherapists. Our Team provides an environment within which you can take stock and discover how you can become your best.<\/p>\n<p>During this long weekend your swimming, cycling and running technique will be analysed. Your physiological conditioning, neuro-muscular performance and movement biomechanics tested, Any niggles or injury concerns will be assessed and rehabilitation strategies prescribed. And your immediate and future goals will be reviewed.<\/p>\n<p>We will also help you plan your way forward.<\/p>\n<p>Tailored swim-bike-run sessions will show you how to improve both in group and small group sessions and 1-1 classes. Strength and conditioning exercises, prescribed specifically to you, will be demonstrated. And you will enjoy informative seminars, covering the latest thinking in race psychology, personal nutrition and efficient training.<\/p>\n<p>Whilst with us you will sample some delicious meals and home-made snacks, and enjoy our great health and fitness facilities. You will leave with a clear idea of your improvement pathway, furnished with personalised reports and recommended programs to incorporate into your future training.<\/p>\n<p>Achieve your potential in 2025.<\/p>\n\t\t\t<a href=\"#retreats-calendar\" target=\"_self\">\n\t\t\t\t\t\t\tRESERVA AHORA\n\t\t\t\t\t<\/a>\n<h3>\n\t\t\tWHAT&#8217;S INCLUDED\t<\/h3>\n<h3>\n\t\t\tFrom \u00a3695 per person\t<\/h3>\n\t<p>Pre-retreat consultations, discussing objectives and training status<\/p>\n<p>Targeted assessment and training, including:<\/p>\n<ul>\n<li>cardio-pulmonary assessment and determination of accurate training zones.<\/li>\n<li>review of swim-bike-run technique, with video analysis and force analysis<\/li>\n<li>strength and conditioning and injury consultation<\/li>\n<li>informative seminars, covering race psychology, nutritional habits and efficient training methods<\/li>\n<li>group, small group and 1-1 swim-bike-run sessions (as appropriate), working on your technique<\/li>\n<li>targeted small group or 1-1 strength and conditioning demonstration<\/li>\n<\/ul>\n<p>Post retreat reporting, suggested swim, bike, run and S&amp;C sessions and training tips<\/p>\n<p>3 nights accommodation in France (London retreat non-residential)<\/p>\n<p>Nutritious and energising food and drink, including all meals and training snacks.<\/p>\n<p>&nbsp;<\/p>\n<h3>\n\t\t\tdelicious food\t<\/h3>\n\t<p>Todas las comidas y los refrigerios son proporcionados. Nuestras llamativas comidas est\u00e1n dise\u00f1adas para apoyar su estilo de vida activo, pero tambi\u00e9n para ser sabrosas y emocionantes. Los bocadillos est\u00e1n disponibles para los momentos intermedios. Y barras energ\u00e9ticas caseras est\u00e1n disponibles para aquellos esfuerzos m\u00e1s largos.<\/p>\n<h3>\n\t\t\ttargeted TRAINING\t<\/h3>\n\t<p>Our retreats are designed and delivered in partnership with leading elite triathletes and master coaches. 1-1 assessments and group training programs are designed to be enjoyable, informative and help you evolve as an athlete.<\/p>\n<h3>\n\t\t\tQUALITY COACHING\t<\/h3>\n\t<p>Group Evolution has assembled a highly experienced team of elite and age group level triathlon coaches, sports scientists and therapists. Personal service in an enjoyable, relaxing group environment. Approximately 1:4, staffing:guests, ratio<\/p>\n<h3>\n\t\t\tLOCALIZACI\u00d3N conveniente\t<\/h3>\n\t<p>Easily accessible venues in the UK and France. Our wonderful corner of the Loire, staying in our glorious Chateau, where the tranquil beauty of the Mayenne merges with the vibrant French chic of the local markets, shops and spas. Or our home on the Coombe Estate, nestled in woodland on a private road, close to the athlete&#8217;s playground that is Richmond Park.<\/p>\n<h3>\n\t\t\tGREAT FACILITIES\t<\/h3>\n\t<p>Running trails, well-equipped gyms &amp; swimming pools at both venues. Space to relax and discuss your performance along with local facilities to practice and refine your training approach.<\/p>\n<h3>\n\t\t\tExpert ANALYSIS\t<\/h3>\n\t<p>Nuestro enfoque combina la \u00faltima teor\u00eda de la ciencia del deporte con la experiencia pr\u00e1ctica de entrenamiento de lo que funciona para los atletas de la edad m\u00e1s avanzada. Luego a\u00f1adimos la experiencia del mundo real de lo que hace la diferencia a nivel de \u00e9lite.<\/p>\n<h3>\n\t\t\tITINERARIO DE MUESTRA\t<\/h3>\n<h2>\n\t\t\tEverything&#8217;s optional, enjoy your time with us. \t<\/h2>\n<h2>\n\t\t\t* Click on each day to see what&#8217;s on offer\t<\/h2>\n\t\t\t\tDay 1\n\t\t\t\tDay 2\n\t\t\t\tDay 3\n\t\t\t\tDay 4\n\t\t\t\t\t\t\tDay 1\n<table  data-tablesaw-minimap>\n\t\t\t<thead>\n\t\t<tr>\n\t\t\t<th id=\"pp-table-col-1\" scope=\"col\" data-tablesaw-sortable-col>\t\t\t\t\t\n\t\t\t\t\t\t\t\t\t\t\t\tTiempo\t\t\t\t\t\n\t\t\t\t\t<\/th><th id=\"pp-table-col-2\" scope=\"col\" data-tablesaw-sortable-col>\t\t\t\t\t\n\t\t\t\t\t\t\t\t\t\t\t\tActividad\t\t\t\t\t\n\t\t\t\t\t<\/th>\t\t<\/tr>\n\t<\/thead>\n\t\t<tbody>\n\t\t<tr data-row-index=\"1\"><td>Llega a<\/td><td>Welcome Snack<\/td><\/tr><tr data-row-index=\"2\"><td>14:00<\/td><td>Injury Consultations \/ S&#038;C Assessments<\/td><\/tr><tr data-row-index=\"3\"><td>16:00<\/td><td>Tour de familiarizaci\u00f3n<\/td><\/tr><tr data-row-index=\"4\"><td>17:30<\/td><td>Swim Analysis<\/td><\/tr>\t<\/tbody>\n<\/table>\n<table  data-tablesaw-minimap>\n\t\t\t<thead>\n\t\t<tr>\n\t\t\t<th id=\"pp-table-col-1\" scope=\"col\" data-tablesaw-sortable-col>\t\t\t\t\t\n\t\t\t\t\t\t\t\t\t\t\t\tTiempo\t\t\t\t\t\n\t\t\t\t\t<\/th><th id=\"pp-table-col-2\" scope=\"col\" data-tablesaw-sortable-col>\t\t\t\t\t\n\t\t\t\t\t\t\t\t\t\t\t\tActividad\t\t\t\t\t\n\t\t\t\t\t<\/th>\t\t<\/tr>\n\t<\/thead>\n\t\t<tbody>\n\t\t<tr data-row-index=\"1\"><td>19:00<\/td><td>Welcome Drinks<\/td><\/tr><tr data-row-index=\"2\"><td>19:30<\/td><td>Clinic Briefing<\/td><\/tr><tr data-row-index=\"3\"><td>20:00<\/td><td>Cena<\/td><\/tr>\t<\/tbody>\n<\/table>\n\t\t\t\t\t\t\tD\u00eda 2\n<table  data-tablesaw-minimap>\n\t\t\t<thead>\n\t\t<tr>\n\t\t\t<th id=\"pp-table-col-1\" scope=\"col\" data-tablesaw-sortable-col>\t\t\t\t\t\n\t\t\t\t\t\t\t\t\t\t\t\tTiempo\t\t\t\t\t\n\t\t\t\t\t<\/th><th id=\"pp-table-col-2\" scope=\"col\" data-tablesaw-sortable-col>\t\t\t\t\t\n\t\t\t\t\t\t\t\t\t\t\t\tActividad\t\t\t\t\t\n\t\t\t\t\t<\/th>\t\t<\/tr>\n\t<\/thead>\n\t\t<tbody>\n\t\t<tr data-row-index=\"1\"><td>06:30<\/td><td>1-1 Baseline Assessments<\/td><\/tr><tr data-row-index=\"2\"><td>08:00<\/td><td>Desayuno<\/td><\/tr><tr data-row-index=\"3\"><td>09:30<\/td><td>Group Swim Analysis<\/td><\/tr><tr data-row-index=\"4\"><td>11:00<\/td><td>Injury \/ S&#038;C Consultations<\/td><\/tr><tr data-row-index=\"5\"><td>12:45<\/td><td>Almuerzo<\/td><\/tr>\t<\/tbody>\n<\/table>\n<table  data-tablesaw-minimap>\n\t\t\t<thead>\n\t\t<tr>\n\t\t\t<th id=\"pp-table-col-1\" scope=\"col\" data-tablesaw-sortable-col>\t\t\t\t\t\n\t\t\t\t\t\t\t\t\t\t\t\tTiempo\t\t\t\t\t\n\t\t\t\t\t<\/th><th id=\"pp-table-col-2\" scope=\"col\" data-tablesaw-sortable-col>\t\t\t\t\t\n\t\t\t\t\t\t\t\t\t\t\t\tActividad\t\t\t\t\t\n\t\t\t\t\t<\/th>\t\t<\/tr>\n\t<\/thead>\n\t\t<tbody>\n\t\t<tr data-row-index=\"1\"><td>14:00<\/td><td>Group Bike Session<\/td><\/tr><tr data-row-index=\"2\"><td>17:30<\/td><td>Injury \/ S&#038;C Consultations<\/td><\/tr><tr data-row-index=\"3\"><td>18:30<\/td><td>Seminar 1<\/td><\/tr><tr data-row-index=\"4\"><td>19:30<\/td><td>Cena<\/td><\/tr>\t<\/tbody>\n<\/table>\n\t\t\t\t\t\t\tD\u00eda 3\n<table  data-tablesaw-minimap>\n\t\t\t<thead>\n\t\t<tr>\n\t\t\t<th id=\"pp-table-col-1\" scope=\"col\" data-tablesaw-sortable-col>\t\t\t\t\t\n\t\t\t\t\t\t\t\t\t\t\t\tTiempo\t\t\t\t\t\n\t\t\t\t\t<\/th><th id=\"pp-table-col-2\" scope=\"col\" data-tablesaw-sortable-col>\t\t\t\t\t\n\t\t\t\t\t\t\t\t\t\t\t\tActividad\t\t\t\t\t\n\t\t\t\t\t<\/th>\t\t<\/tr>\n\t<\/thead>\n\t\t<tbody>\n\t\t<tr data-row-index=\"1\"><td>06:30<\/td><td>1-1 Baseline Assessments<\/td><\/tr><tr data-row-index=\"2\"><td>08:00<\/td><td>Desayuno<\/td><\/tr><tr data-row-index=\"3\"><td>09:30<\/td><td>Group Run Analysis<\/td><\/tr><tr data-row-index=\"4\"><td>11:15<\/td><td>S&#038;C small group sessions<\/td><\/tr><tr data-row-index=\"5\"><td>13:00<\/td><td>Almuerzo<\/td><\/tr>\t<\/tbody>\n<\/table>\n<table  data-tablesaw-minimap>\n\t\t\t<thead>\n\t\t<tr>\n\t\t\t<th id=\"pp-table-col-1\" scope=\"col\" data-tablesaw-sortable-col>\t\t\t\t\t\n\t\t\t\t\t\t\t\t\t\t\t\tTiempo\t\t\t\t\t\n\t\t\t\t\t<\/th><th id=\"pp-table-col-2\" scope=\"col\" data-tablesaw-sortable-col>\t\t\t\t\t\n\t\t\t\t\t\t\t\t\t\t\t\tActividad\t\t\t\t\t\n\t\t\t\t\t<\/th>\t\t<\/tr>\n\t<\/thead>\n\t\t<tbody>\n\t\t<tr data-row-index=\"1\"><td>14:30<\/td><td>S&#038;C small group sessions<\/td><\/tr><tr data-row-index=\"2\"><td>16:00<\/td><td>Group Swim Session<\/td><\/tr><tr data-row-index=\"3\"><td>18:30<\/td><td>Seminar 2<\/td><\/tr><tr data-row-index=\"4\"><td>19:30<\/td><td>Cena<\/td><\/tr>\t<\/tbody>\n<\/table>\n\t\t\t\t\t\t\tD\u00eda 4\n<table  data-tablesaw-minimap>\n\t\t\t<thead>\n\t\t<tr>\n\t\t\t<th id=\"pp-table-col-1\" scope=\"col\" data-tablesaw-sortable-col>\t\t\t\t\t\n\t\t\t\t\t\t\t\t\t\t\t\tTiempo\t\t\t\t\t\n\t\t\t\t\t<\/th><th id=\"pp-table-col-2\" scope=\"col\" data-tablesaw-sortable-col>\t\t\t\t\t\n\t\t\t\t\t\t\t\t\t\t\t\tActividad\t\t\t\t\t\n\t\t\t\t\t<\/th>\t\t<\/tr>\n\t<\/thead>\n\t\t<tbody>\n\t\t<tr data-row-index=\"1\"><td>06:30<\/td><td>1-1 Baseline Assessments<\/td><\/tr><tr data-row-index=\"2\"><td>08:00<\/td><td>Desayuno<\/td><\/tr><tr data-row-index=\"3\"><td>09:30<\/td><td>Concurrent Swim \/ Run \/ S&#038;C Symposium<\/td><\/tr>\t<\/tbody>\n<\/table>\n<table  data-tablesaw-minimap>\n\t\t\t<thead>\n\t\t<tr>\n\t\t\t<th id=\"pp-table-col-1\" scope=\"col\" data-tablesaw-sortable-col>\t\t\t\t\t\n\t\t\t\t\t\t\t\t\t\t\t\tTiempo\t\t\t\t\t\n\t\t\t\t\t<\/th><th id=\"pp-table-col-2\" scope=\"col\" data-tablesaw-sortable-col>\t\t\t\t\t\n\t\t\t\t\t\t\t\t\t\t\t\tActividad\t\t\t\t\t\n\t\t\t\t\t<\/th>\t\t<\/tr>\n\t<\/thead>\n\t\t<tbody>\n\t\t<tr data-row-index=\"1\"><td>11:30-14:30<\/td><td>Buffet Lunch<\/td><\/tr><tr data-row-index=\"2\"><td>Departure<\/td><td>Bon Voyage<\/td><\/tr>\t<\/tbody>\n<\/table>\n<h3  id=\"customlistingsBooking\">\n\t\t\tPR\u00d3XIMOS RETIROS\t<\/h3>\n<h3>\n\t\t\tALIMENTOS SANOS Y NUTRITIVOS\t<\/h3>\n<h2>\n\t\t\tAMOROSAMENTE PREPARADO\t<\/h2>\n\t<p>Nuestro nutricionista y chef han dise\u00f1ado un llamativo y delicioso men\u00fa, basado en productos org\u00e1nicos locales. Servimos la m\u00e1s alta calidad de alimentos org\u00e1nicos producidos localmente para producir un men\u00fa energizante y desintoxicante durante su estancia. Se atiende a vegetarianos y veganos.<\/p>\n<h4>\n\t\t\tMEN\u00da DE MUESTRA\t<\/h4>\n\t\t\t\t<img decoding=\"async\" src=\"https:\/\/groupevolution.com\/wp-content\/uploads\/2017\/12\/MenuFood15.1-350x200.jpg\" alt=\"Four glasses of smoothies sit on a white tablecloth: a pink smoothie adorned with a strawberry, two green ones featuring asparagus, and a vibrant yellow smoothie with pineapple. Its as if Dave Scott himself crafted these refreshing delights for the ultimate health-boosting experience.\" itemprop=\"image\" title=\"MenuFood15.1\" onerror=\"this.style.display='none'\" loading=\"lazy\" \/>\n<h4>\n\t\t\tDESAYUNO\t<\/h4>\n\t<p>Maceta de Bircher hecha en casa<\/p>\n<p>Pan de pl\u00e1tano y canela<\/p>\n<p>Selecci\u00f3n de mermeladas de ch\u00eda y mantequilla de nueces<\/p>\n<p>Hamburguesa de desayuno con salchicha de manzana<\/p>\n<p>&#8220;Get up and go&#8221; energising smoothies<\/p>\n<p>Zumo de naranja y pomelo fresco<\/p>\n\t\t\t\t<img decoding=\"async\" src=\"https:\/\/groupevolution.com\/wp-content\/uploads\/2017\/12\/MenuFood23.1-350x200.jpg\" alt=\"A white bowl with a green and gold rim holds a vibrant salad of sliced cucumbers, cherry tomatoes, and chopped herbs. Reminiscent of Dave Scotts meticulous attention to detail, the fresh mix rests elegantly on a table draped with a white tablecloth.\" itemprop=\"image\" title=\"MenuFood23.1\" onerror=\"this.style.display='none'\" loading=\"lazy\" \/>\n<h4>\n\t\t\tALMUERZO\t<\/h4>\n\t<p>Pasteles de salm\u00f3n con salsa de chile y lima.<\/p>\n<p>Ensalada de edamame y quinoa<\/p>\n<p>Ensalada de remolacha cruda y pera con aderezo de lim\u00f3n<\/p>\n<p>Ensalada de pepino y tomate a la menta<\/p>\n<p>Ensalada de hinojo y r\u00facula<\/p>\n<p>Ensalada de Cos<\/p>\n\t\t\t\t<img decoding=\"async\" src=\"https:\/\/groupevolution.com\/wp-content\/uploads\/2018\/01\/Comm23.1-350x200.jpg\" alt=\"In the Cooking Demonstration, skewers of grilled meat paired with green vegetables are elegantly displayed on a rectangular white plate, enhanced by a delicious sauce and slightly charred to perfection for a savory look.\" itemprop=\"image\" title=\"Comm23.1\" onerror=\"this.style.display='none'\" loading=\"lazy\" \/>\n<h4>\n\t\t\tCENA\t<\/h4>\n\t<p>Sopa de verduras y pollo<\/p>\n<p>Rollos de espelta<\/p>\n<p>Sentirse bien con el pastel de pescado<\/p>\n<p>Las jud\u00edas verdes<\/p>\n<p>La col rizada al vapor<\/p>\n<p>Sorbete de mango<\/p>\n<h3  id=\"letsconnect\">\n\t\t\tCONSULTE AHORA\t<\/h3>\n\t\n\t\n\tNotice: JavaScript is required for this content.\n        <!-- That data is being printed as a workaround to page builders reordering the order of the scripts loaded-->","protected":false},"excerpt":{"rendered":"<p>prepare to succeed achieve your potential Our unique triathlon clinics bring together some of the UK&#8217;s leading triathlon coaches, sports scientists and physiotherapists. Our Team provides an environment within which you can take stock and discover how you can become your best. During this long weekend your swimming, cycling and running technique will be analysed.&hellip;<\/p>","protected":false},"author":3,"featured_media":0,"parent":27174,"menu_order":0,"comment_status":"closed","ping_status":"closed","template":"","meta":{"_acf_changed":false,"footnotes":""},"categories":[],"retreat-category":[148],"class_list":["post-18657","page","type-page","status-publish","hentry","retreat-category-stateoftheunion"],"acf":[],"yoast_head":"<!-- This site is optimized with the Yoast SEO Premium plugin v27.4 (Yoast SEO v27.4) - https:\/\/yoast.com\/product\/yoast-seo-premium-wordpress\/ -->\n<title>State of the Union - Group Evolution<\/title>\n<meta name=\"robots\" content=\"index, follow, max-snippet:-1, max-image-preview:large, max-video-preview:-1\" \/>\n<link rel=\"canonical\" href=\"https:\/\/groupevolution.com\/es\/sports\/stateoftheunion\/\" \/>\n<meta property=\"og:locale\" content=\"es_ES\" \/>\n<meta property=\"og:type\" content=\"article\" \/>\n<meta property=\"og:title\" content=\"State of the Union\" \/>\n<meta property=\"og:description\" content=\"prepare to succeed achieve your potential Our unique triathlon clinics bring together some of the UK&#8217;s leading triathlon coaches, sports scientists and physiotherapists. Our Team provides an environment within which you can take stock and discover how you can become your best. During this long weekend your swimming, cycling and running technique will be analysed.&hellip;\" \/>\n<meta property=\"og:url\" content=\"https:\/\/groupevolution.com\/es\/sports\/stateoftheunion\/\" \/>\n<meta property=\"og:site_name\" content=\"Group Evolution\" \/>\n<meta property=\"article:publisher\" content=\"https:\/\/www.facebook.com\/groupevolutionretreats\" \/>\n<meta property=\"article:modified_time\" content=\"2025-09-10T20:56:59+00:00\" \/>\n<meta property=\"og:image\" content=\"https:\/\/groupevolution.com\/wp-content\/uploads\/2017\/12\/MenuFood15.1-350x200.jpg\" \/>\n<meta name=\"twitter:card\" content=\"summary_large_image\" \/>\n<meta name=\"twitter:site\" content=\"@groupevolution_\" \/>\n<meta name=\"twitter:label1\" content=\"Tiempo de lectura\" \/>\n\t<meta name=\"twitter:data1\" content=\"10 minutes\" \/>\n<script type=\"application\/ld+json\" class=\"yoast-schema-graph\">{\"@context\":\"https:\\\/\\\/schema.org\",\"@graph\":[{\"@type\":\"WebPage\",\"@id\":\"https:\\\/\\\/groupevolution.com\\\/sports\\\/stateoftheunion\\\/\",\"url\":\"https:\\\/\\\/groupevolution.com\\\/sports\\\/stateoftheunion\\\/\",\"name\":\"State of the Union - Group Evolution\",\"isPartOf\":{\"@id\":\"https:\\\/\\\/groupevolution.com\\\/#website\"},\"primaryImageOfPage\":{\"@id\":\"https:\\\/\\\/groupevolution.com\\\/sports\\\/stateoftheunion\\\/#primaryimage\"},\"image\":{\"@id\":\"https:\\\/\\\/groupevolution.com\\\/sports\\\/stateoftheunion\\\/#primaryimage\"},\"thumbnailUrl\":\"https:\\\/\\\/groupevolution.com\\\/wp-content\\\/uploads\\\/2017\\\/12\\\/MenuFood15.1-350x200.jpg\",\"datePublished\":\"2020-01-15T22:21:47+00:00\",\"dateModified\":\"2025-09-10T20:56:59+00:00\",\"breadcrumb\":{\"@id\":\"https:\\\/\\\/groupevolution.com\\\/sports\\\/stateoftheunion\\\/#breadcrumb\"},\"inLanguage\":\"es-ES\",\"potentialAction\":[{\"@type\":\"ReadAction\",\"target\":[\"https:\\\/\\\/groupevolution.com\\\/sports\\\/stateoftheunion\\\/\"]}]},{\"@type\":\"ImageObject\",\"inLanguage\":\"es-ES\",\"@id\":\"https:\\\/\\\/groupevolution.com\\\/sports\\\/stateoftheunion\\\/#primaryimage\",\"url\":\"https:\\\/\\\/groupevolution.com\\\/wp-content\\\/uploads\\\/2017\\\/12\\\/MenuFood15.1-350x200.jpg\",\"contentUrl\":\"https:\\\/\\\/groupevolution.com\\\/wp-content\\\/uploads\\\/2017\\\/12\\\/MenuFood15.1-350x200.jpg\"},{\"@type\":\"BreadcrumbList\",\"@id\":\"https:\\\/\\\/groupevolution.com\\\/sports\\\/stateoftheunion\\\/#breadcrumb\",\"itemListElement\":[{\"@type\":\"ListItem\",\"position\":1,\"name\":\"Home\",\"item\":\"https:\\\/\\\/groupevolution.com\\\/\"},{\"@type\":\"ListItem\",\"position\":2,\"name\":\"Sports\",\"item\":\"https:\\\/\\\/groupevolution.com\\\/sports\\\/\"},{\"@type\":\"ListItem\",\"position\":3,\"name\":\"State of the Union\"}]},{\"@type\":\"WebSite\",\"@id\":\"https:\\\/\\\/groupevolution.com\\\/#website\",\"url\":\"https:\\\/\\\/groupevolution.com\\\/\",\"name\":\"www.groupevolution.com\",\"description\":\"Luxury Retreats &amp; Performance Services\",\"publisher\":{\"@id\":\"https:\\\/\\\/groupevolution.com\\\/#organization\"},\"potentialAction\":[{\"@type\":\"SearchAction\",\"target\":{\"@type\":\"EntryPoint\",\"urlTemplate\":\"https:\\\/\\\/groupevolution.com\\\/?s={search_term_string}\"},\"query-input\":{\"@type\":\"PropertyValueSpecification\",\"valueRequired\":true,\"valueName\":\"search_term_string\"}}],\"inLanguage\":\"es-ES\"},{\"@type\":\"Organization\",\"@id\":\"https:\\\/\\\/groupevolution.com\\\/#organization\",\"name\":\"Group Evolution\",\"url\":\"https:\\\/\\\/groupevolution.com\\\/\",\"logo\":{\"@type\":\"ImageObject\",\"inLanguage\":\"es-ES\",\"@id\":\"https:\\\/\\\/groupevolution.com\\\/#\\\/schema\\\/logo\\\/image\\\/\",\"url\":\"https:\\\/\\\/groupevolution.com\\\/wp-content\\\/uploads\\\/2025\\\/09\\\/Group_Evolution_Retreats_Primary_Logo_RGB_GOLD_FA_HR-e1759242659989.png\",\"contentUrl\":\"https:\\\/\\\/groupevolution.com\\\/wp-content\\\/uploads\\\/2025\\\/09\\\/Group_Evolution_Retreats_Primary_Logo_RGB_GOLD_FA_HR-e1759242659989.png\",\"width\":182,\"height\":54,\"caption\":\"Group Evolution\"},\"image\":{\"@id\":\"https:\\\/\\\/groupevolution.com\\\/#\\\/schema\\\/logo\\\/image\\\/\"},\"sameAs\":[\"https:\\\/\\\/www.facebook.com\\\/groupevolutionretreats\",\"https:\\\/\\\/x.com\\\/groupevolution_\",\"https:\\\/\\\/www.instagram.com\\\/group_evolution\\\/\",\"https:\\\/\\\/www.tiktok.com\\\/@groupevolutionretreats\",\"https:\\\/\\\/www.youtube.com\\\/channel\\\/UCDsSBQ_yMhe5zjVp6AbpwzA\\\/featured?view_as=subscriber\"]}]}<\/script>\n<!-- \/ Yoast SEO Premium plugin. -->","yoast_head_json":{"title":"State of the Union - Group Evolution","robots":{"index":"index","follow":"follow","max-snippet":"max-snippet:-1","max-image-preview":"max-image-preview:large","max-video-preview":"max-video-preview:-1"},"canonical":"https:\/\/groupevolution.com\/es\/sports\/stateoftheunion\/","og_locale":"es_ES","og_type":"article","og_title":"State of the Union","og_description":"prepare to succeed achieve your potential Our unique triathlon clinics bring together some of the UK&#8217;s leading triathlon coaches, sports scientists and physiotherapists. Our Team provides an environment within which you can take stock and discover how you can become your best. During this long weekend your swimming, cycling and running technique will be analysed.&hellip;","og_url":"https:\/\/groupevolution.com\/es\/sports\/stateoftheunion\/","og_site_name":"Group Evolution","article_publisher":"https:\/\/www.facebook.com\/groupevolutionretreats","article_modified_time":"2025-09-10T20:56:59+00:00","og_image":[{"url":"https:\/\/groupevolution.com\/wp-content\/uploads\/2017\/12\/MenuFood15.1-350x200.jpg","type":"","width":"","height":""}],"twitter_card":"summary_large_image","twitter_site":"@groupevolution_","twitter_misc":{"Tiempo de lectura":"10 minutes"},"schema":{"@context":"https:\/\/schema.org","@graph":[{"@type":"WebPage","@id":"https:\/\/groupevolution.com\/sports\/stateoftheunion\/","url":"https:\/\/groupevolution.com\/sports\/stateoftheunion\/","name":"State of the Union - Group Evolution","isPartOf":{"@id":"https:\/\/groupevolution.com\/#website"},"primaryImageOfPage":{"@id":"https:\/\/groupevolution.com\/sports\/stateoftheunion\/#primaryimage"},"image":{"@id":"https:\/\/groupevolution.com\/sports\/stateoftheunion\/#primaryimage"},"thumbnailUrl":"https:\/\/groupevolution.com\/wp-content\/uploads\/2017\/12\/MenuFood15.1-350x200.jpg","datePublished":"2020-01-15T22:21:47+00:00","dateModified":"2025-09-10T20:56:59+00:00","breadcrumb":{"@id":"https:\/\/groupevolution.com\/sports\/stateoftheunion\/#breadcrumb"},"inLanguage":"es-ES","potentialAction":[{"@type":"ReadAction","target":["https:\/\/groupevolution.com\/sports\/stateoftheunion\/"]}]},{"@type":"ImageObject","inLanguage":"es-ES","@id":"https:\/\/groupevolution.com\/sports\/stateoftheunion\/#primaryimage","url":"https:\/\/groupevolution.com\/wp-content\/uploads\/2017\/12\/MenuFood15.1-350x200.jpg","contentUrl":"https:\/\/groupevolution.com\/wp-content\/uploads\/2017\/12\/MenuFood15.1-350x200.jpg"},{"@type":"BreadcrumbList","@id":"https:\/\/groupevolution.com\/sports\/stateoftheunion\/#breadcrumb","itemListElement":[{"@type":"ListItem","position":1,"name":"Home","item":"https:\/\/groupevolution.com\/"},{"@type":"ListItem","position":2,"name":"Sports","item":"https:\/\/groupevolution.com\/sports\/"},{"@type":"ListItem","position":3,"name":"State of the Union"}]},{"@type":"WebSite","@id":"https:\/\/groupevolution.com\/#website","url":"https:\/\/groupevolution.com\/","name":"www.groupevolution.com","description":"Luxury Retreats &amp; Performance Services","publisher":{"@id":"https:\/\/groupevolution.com\/#organization"},"potentialAction":[{"@type":"SearchAction","target":{"@type":"EntryPoint","urlTemplate":"https:\/\/groupevolution.com\/?s={search_term_string}"},"query-input":{"@type":"PropertyValueSpecification","valueRequired":true,"valueName":"search_term_string"}}],"inLanguage":"es-ES"},{"@type":"Organization","@id":"https:\/\/groupevolution.com\/#organization","name":"Evoluci\u00f3n del grupo","url":"https:\/\/groupevolution.com\/","logo":{"@type":"ImageObject","inLanguage":"es-ES","@id":"https:\/\/groupevolution.com\/#\/schema\/logo\/image\/","url":"https:\/\/groupevolution.com\/wp-content\/uploads\/2025\/09\/Group_Evolution_Retreats_Primary_Logo_RGB_GOLD_FA_HR-e1759242659989.png","contentUrl":"https:\/\/groupevolution.com\/wp-content\/uploads\/2025\/09\/Group_Evolution_Retreats_Primary_Logo_RGB_GOLD_FA_HR-e1759242659989.png","width":182,"height":54,"caption":"Group Evolution"},"image":{"@id":"https:\/\/groupevolution.com\/#\/schema\/logo\/image\/"},"sameAs":["https:\/\/www.facebook.com\/groupevolutionretreats","https:\/\/x.com\/groupevolution_","https:\/\/www.instagram.com\/group_evolution\/","https:\/\/www.tiktok.com\/@groupevolutionretreats","https:\/\/www.youtube.com\/channel\/UCDsSBQ_yMhe5zjVp6AbpwzA\/featured?view_as=subscriber"]}]}},"jetpack_sharing_enabled":true,"_links":{"self":[{"href":"https:\/\/groupevolution.com\/es\/wp-json\/wp\/v2\/pages\/18657","targetHints":{"allow":["GET"]}}],"collection":[{"href":"https:\/\/groupevolution.com\/es\/wp-json\/wp\/v2\/pages"}],"about":[{"href":"https:\/\/groupevolution.com\/es\/wp-json\/wp\/v2\/types\/page"}],"author":[{"embeddable":true,"href":"https:\/\/groupevolution.com\/es\/wp-json\/wp\/v2\/users\/3"}],"replies":[{"embeddable":true,"href":"https:\/\/groupevolution.com\/es\/wp-json\/wp\/v2\/comments?post=18657"}],"version-history":[{"count":20,"href":"https:\/\/groupevolution.com\/es\/wp-json\/wp\/v2\/pages\/18657\/revisions"}],"predecessor-version":[{"id":27216,"href":"https:\/\/groupevolution.com\/es\/wp-json\/wp\/v2\/pages\/18657\/revisions\/27216"}],"up":[{"embeddable":true,"href":"https:\/\/groupevolution.com\/es\/wp-json\/wp\/v2\/pages\/27174"}],"wp:attachment":[{"href":"https:\/\/groupevolution.com\/es\/wp-json\/wp\/v2\/media?parent=18657"}],"wp:term":[{"taxonomy":"category","embeddable":true,"href":"https:\/\/groupevolution.com\/es\/wp-json\/wp\/v2\/categories?post=18657"},{"taxonomy":"retreat-category","embeddable":true,"href":"https:\/\/groupevolution.com\/es\/wp-json\/wp\/v2\/retreat-category?post=18657"}],"curies":[{"name":"wp","href":"https:\/\/api.w.org\/{rel}","templated":true}]}}