{"id":6278,"date":"2018-01-19T14:34:37","date_gmt":"2018-01-19T14:34:37","guid":{"rendered":"https:\/\/groupevolution.com\/?page_id=6278"},"modified":"2025-09-10T19:20:37","modified_gmt":"2025-09-10T18:20:37","slug":"locations","status":"publish","type":"page","link":"https:\/\/groupevolution.com\/de\/performance\/locations\/","title":{"rendered":"Standorte"},"content":{"rendered":"<h3>\r\n\t\t\tATEMBERAUBENDE EINRICHTUNGEN AN ERSTKLASSIGEN STANDORTEN\t<\/h3>\r\n<h3>\r\n\t\t\tKOMMEN SIE UNS BESUCHEN\t<\/h3>\r\n\t<p>Unsere Leistungseinrichtungen sind modern, einladend und verkehrsg\u00fcnstig gelegen. <br \/>Located in Kingston and Wimbledon in the UK and Arquenay in France, we provide stunning, well-equipped environments within which you can test yourself, improve your performance and rehabilitate from injury &#8230;<\/p>\r\n<p>Werden Sie Ihr Bester! <\/p>\r\n<h3>\r\n\t\t\tVORREITERROLLE\t<\/h3>\r\n<h2>\r\n\t\t\tMIT KLASSENBESTEN EINRICHTUNGEN\t<\/h2>\r\n\t<p>Unsere diplomierten Praktiker verwenden forschungserprobte, spezialisierte Testger\u00e4te, die normalerweise nur in Elite-Sportleistungslabors zur Verf\u00fcgung stehen.<\/p>\r\n<p>Unsere unterst\u00fctzenden Herz-Kreislauf- und Widerstandsger\u00e4te werden aufgrund ihrer Zuverl\u00e4ssigkeit, Robustheit und \u00dcbungsflexibilit\u00e4t ausgew\u00e4hlt.<\/p>\r\n<h2>\r\n\t\t\tWimbledon\t<\/h2>\r\n\t<p>Unsere Anlage in Wimbledon, das Zuhause von Performance Evolution, befindet sich in der N\u00e4he von Wimbledon Village und nur eine kurze Busfahrt oder einen kurzen Spaziergang vom Bahnhof Wimbledon entfernt.<\/p>\r\n<p>Diese hochmoderne Leistungs- und Rehabilitationseinrichtung umfasst: ein mit Life Fitness ausgestattetes Laufstudio mit Videoanalyse, CardioCoach CO<sub>2<\/sub> and Tekscan pressure-mapping equipment; &#8216;endless&#8217; swim technique video analysis and training with Fastlane propulsion and rehabilitation treadmill; ICG and Wattbike equipped cycling technique studio; personal training gym for developing functional strength, explosive power and dynamic movement; and 2 assessment, therapy and treatment rooms.<\/p>\r\n<p>Entsprechende Umkleide- und Duschm\u00f6glichkeiten stehen zur Verf\u00fcgung. Unser Labor ist f\u00fcr spezialisierte und ma\u00dfgeschneiderte Tests, Einzel- und Kleingruppentests, Training und Rehabilitation ausgelegt.\u00a0\u00a0<\/p>\r\n\t<a href=\"https:\/\/groupevolution.com\/de\/performance-services\/\">Dienste anzeigen<\/a>\r\n<h2>\r\n\t\t\tKINGSTON\t<\/h2>\r\n\t<p>Unsere Einrichtungen zu Hause sind praktisch und luxuri\u00f6s und befinden sich in unmittelbarer N\u00e4he der A3. Perfekt f\u00fcr erste Tests, biomechanische Beurteilungen und technisches Training, wird unser Fitnessstudio im Studio-Stil durch eine Schwimmhalle erg\u00e4nzt. Der Pool ist mit einem Fastlane-Pool ausgestattet, der die Videoanalyse und das Training der Schwimmtechnik erleichtert.<\/p>\r\n<p>Bewertung von Kraft und Kondition, einschliesslich physiologischer Tests mit dem CardioCoach CO<sub>2<\/sub> Plattform, wird in der Turnhalle durchgef\u00fchrt.<\/p>\r\n<p>Eine technische Analyse der Fahrradtechnik und des Lauf- und Gehverhaltens ist ebenfalls verf\u00fcgbar. Das Fitnessstudio ist f\u00fcr diese Zwecke mit einem Wattbike Pro-Radtrainer, einem Life Fitness Laufband und Freeways ausgestattet.<\/p>\r\n<p>Yoga- und Pilates-Kurse in kleinen Gruppen (1-5 Personen) werden ebenfalls angeboten.<\/p>\r\n\t<a href=\"https:\/\/groupevolution.com\/de\/performance-services\/\">Dienste anzeigen<\/a>\r\n<h2>\r\n\t\t\tARQUENAY, FRANKREICH\t<\/h2>\r\n\t<p>Chateau de la Motte Henry, in der N\u00e4he von Laval in Frankreich, ist der Veranstaltungsort f\u00fcr unsere luxuri\u00f6sen sportlichen Retreats und bietet w\u00e4hrend und au\u00dferhalb der Retreat-Wochen in der Saison unsere Dienste f\u00fcr lokale Sportbegeisterte, Ausl\u00e4nder, Urlauber und Retreat-Besucher an.<\/p>\r\n<p>Das Chateau hat eine 900ft<sup>2<\/sup> Leistungseinrichtung, einschlie\u00dflich spezieller Trainingsbereiche f\u00fcr Kraft, Leistung, Geschwindigkeit und Ausdauer. Dar\u00fcber hinaus gibt es eine 1,5 km lange Laufbahn, ein Erholungsbad, einen Schwimmsee, einen Behandlungsraum und 800 ft<sup>2<\/sup> Pilates- und Yogastudio. Diese Einrichtungen sind durchweg mit hochwertigen Ger\u00e4ten ausgestattet: Life Fitness, ICG, Wattbike, Hammerkraft und CardioCoach CO<sub>2<\/sub>.<\/p>\r\n<p>Unsere Busse stehen w\u00e4hrend der gesamten Saison (M\u00e4rz bis November) zur Verf\u00fcgung. Das Schloss liegt verkehrsg\u00fcnstig zwischen Laval, Le Mans und Angers in den Pays de la Loire.\u00a0\u00a0\u00a0<\/p>\r\n\t<a href=\"https:\/\/groupevolution.com\/de\/performance-services\/\">Dienste anzeigen<\/a>\r\n\t<a href=\"https:\/\/groupevolution.com\/de\/experiences\/\">Exerzitien ansehen<\/a>","protected":false},"excerpt":{"rendered":"<p>STUNNING FACILITIES IN PRIME LOCATIONS COME AND SEE US Our performance facilities are modern, welcoming and conveniently located. Located in Kingston and Wimbledon in the UK and Arquenay in France, we provide stunning, well-equipped environments within which you can test yourself, improve your performance and rehabilitate from injury &#8230; Become your best! LEADING THE WAY&hellip;<\/p>","protected":false},"author":1,"featured_media":0,"parent":4427,"menu_order":0,"comment_status":"closed","ping_status":"closed","template":"","meta":{"_acf_changed":false,"footnotes":""},"categories":[],"retreat-category":[],"class_list":["post-6278","page","type-page","status-publish","hentry"],"acf":[],"yoast_head":"<!-- This site is optimized with the Yoast SEO Premium plugin v27.4 (Yoast SEO v27.4) - https:\/\/yoast.com\/product\/yoast-seo-premium-wordpress\/ -->\n<title>Locations - Group Evolution<\/title>\n<meta name=\"robots\" content=\"index, follow, max-snippet:-1, max-image-preview:large, max-video-preview:-1\" \/>\n<link rel=\"canonical\" href=\"https:\/\/groupevolution.com\/de\/performance\/locations\/\" \/>\n<meta property=\"og:locale\" content=\"de_DE\" \/>\n<meta property=\"og:type\" content=\"article\" \/>\n<meta property=\"og:title\" content=\"Locations\" \/>\n<meta property=\"og:description\" content=\"STUNNING FACILITIES IN PRIME LOCATIONS COME AND SEE US Our performance facilities are modern, welcoming and conveniently located. Located in Kingston and Wimbledon in the UK and Arquenay in France, we provide stunning, well-equipped environments within which you can test yourself, improve your performance and rehabilitate from injury &#8230; Become your best! LEADING THE WAY&hellip;\" \/>\n<meta property=\"og:url\" content=\"https:\/\/groupevolution.com\/de\/performance\/locations\/\" \/>\n<meta property=\"og:site_name\" content=\"Group Evolution\" \/>\n<meta property=\"article:publisher\" content=\"https:\/\/www.facebook.com\/groupevolutionretreats\" \/>\n<meta property=\"article:modified_time\" content=\"2025-09-10T18:20:37+00:00\" \/>\n<meta name=\"twitter:card\" content=\"summary_large_image\" \/>\n<meta name=\"twitter:site\" content=\"@groupevolution_\" \/>\n<meta name=\"twitter:label1\" content=\"Gesch\u00e4tzte Lesezeit\" \/>\n\t<meta name=\"twitter:data1\" content=\"2\u00a0Minuten\" \/>\n<script type=\"application\/ld+json\" class=\"yoast-schema-graph\">{\"@context\":\"https:\\\/\\\/schema.org\",\"@graph\":[{\"@type\":\"WebPage\",\"@id\":\"https:\\\/\\\/groupevolution.com\\\/performance\\\/locations\\\/\",\"url\":\"https:\\\/\\\/groupevolution.com\\\/performance\\\/locations\\\/\",\"name\":\"Locations - Group Evolution\",\"isPartOf\":{\"@id\":\"https:\\\/\\\/groupevolution.com\\\/#website\"},\"datePublished\":\"2018-01-19T14:34:37+00:00\",\"dateModified\":\"2025-09-10T18:20:37+00:00\",\"breadcrumb\":{\"@id\":\"https:\\\/\\\/groupevolution.com\\\/performance\\\/locations\\\/#breadcrumb\"},\"inLanguage\":\"de\",\"potentialAction\":[{\"@type\":\"ReadAction\",\"target\":[\"https:\\\/\\\/groupevolution.com\\\/performance\\\/locations\\\/\"]}]},{\"@type\":\"BreadcrumbList\",\"@id\":\"https:\\\/\\\/groupevolution.com\\\/performance\\\/locations\\\/#breadcrumb\",\"itemListElement\":[{\"@type\":\"ListItem\",\"position\":1,\"name\":\"Home\",\"item\":\"https:\\\/\\\/groupevolution.com\\\/\"},{\"@type\":\"ListItem\",\"position\":2,\"name\":\"Performance\",\"item\":\"https:\\\/\\\/groupevolution.com\\\/performance\\\/\"},{\"@type\":\"ListItem\",\"position\":3,\"name\":\"Locations\"}]},{\"@type\":\"WebSite\",\"@id\":\"https:\\\/\\\/groupevolution.com\\\/#website\",\"url\":\"https:\\\/\\\/groupevolution.com\\\/\",\"name\":\"www.groupevolution.com\",\"description\":\"Luxury Retreats &amp; Performance Services\",\"publisher\":{\"@id\":\"https:\\\/\\\/groupevolution.com\\\/#organization\"},\"potentialAction\":[{\"@type\":\"SearchAction\",\"target\":{\"@type\":\"EntryPoint\",\"urlTemplate\":\"https:\\\/\\\/groupevolution.com\\\/?s={search_term_string}\"},\"query-input\":{\"@type\":\"PropertyValueSpecification\",\"valueRequired\":true,\"valueName\":\"search_term_string\"}}],\"inLanguage\":\"de\"},{\"@type\":\"Organization\",\"@id\":\"https:\\\/\\\/groupevolution.com\\\/#organization\",\"name\":\"Group Evolution\",\"url\":\"https:\\\/\\\/groupevolution.com\\\/\",\"logo\":{\"@type\":\"ImageObject\",\"inLanguage\":\"de\",\"@id\":\"https:\\\/\\\/groupevolution.com\\\/#\\\/schema\\\/logo\\\/image\\\/\",\"url\":\"https:\\\/\\\/groupevolution.com\\\/wp-content\\\/uploads\\\/2025\\\/09\\\/Group_Evolution_Retreats_Primary_Logo_RGB_GOLD_FA_HR-e1759242659989.png\",\"contentUrl\":\"https:\\\/\\\/groupevolution.com\\\/wp-content\\\/uploads\\\/2025\\\/09\\\/Group_Evolution_Retreats_Primary_Logo_RGB_GOLD_FA_HR-e1759242659989.png\",\"width\":182,\"height\":54,\"caption\":\"Group Evolution\"},\"image\":{\"@id\":\"https:\\\/\\\/groupevolution.com\\\/#\\\/schema\\\/logo\\\/image\\\/\"},\"sameAs\":[\"https:\\\/\\\/www.facebook.com\\\/groupevolutionretreats\",\"https:\\\/\\\/x.com\\\/groupevolution_\",\"https:\\\/\\\/www.instagram.com\\\/group_evolution\\\/\",\"https:\\\/\\\/www.tiktok.com\\\/@groupevolutionretreats\",\"https:\\\/\\\/www.youtube.com\\\/channel\\\/UCDsSBQ_yMhe5zjVp6AbpwzA\\\/featured?view_as=subscriber\"]}]}<\/script>\n<!-- \/ Yoast SEO Premium plugin. -->","yoast_head_json":{"title":"Standorte - Entwicklung der Gruppe","robots":{"index":"index","follow":"follow","max-snippet":"max-snippet:-1","max-image-preview":"max-image-preview:large","max-video-preview":"max-video-preview:-1"},"canonical":"https:\/\/groupevolution.com\/de\/performance\/locations\/","og_locale":"de_DE","og_type":"article","og_title":"Locations","og_description":"STUNNING FACILITIES IN PRIME LOCATIONS COME AND SEE US Our performance facilities are modern, welcoming and conveniently located. Located in Kingston and Wimbledon in the UK and Arquenay in France, we provide stunning, well-equipped environments within which you can test yourself, improve your performance and rehabilitate from injury &#8230; Become your best! LEADING THE WAY&hellip;","og_url":"https:\/\/groupevolution.com\/de\/performance\/locations\/","og_site_name":"Group Evolution","article_publisher":"https:\/\/www.facebook.com\/groupevolutionretreats","article_modified_time":"2025-09-10T18:20:37+00:00","twitter_card":"summary_large_image","twitter_site":"@groupevolution_","twitter_misc":{"Gesch\u00e4tzte Lesezeit":"2\u00a0Minuten"},"schema":{"@context":"https:\/\/schema.org","@graph":[{"@type":"WebPage","@id":"https:\/\/groupevolution.com\/performance\/locations\/","url":"https:\/\/groupevolution.com\/performance\/locations\/","name":"Standorte - Entwicklung der Gruppe","isPartOf":{"@id":"https:\/\/groupevolution.com\/#website"},"datePublished":"2018-01-19T14:34:37+00:00","dateModified":"2025-09-10T18:20:37+00:00","breadcrumb":{"@id":"https:\/\/groupevolution.com\/performance\/locations\/#breadcrumb"},"inLanguage":"de","potentialAction":[{"@type":"ReadAction","target":["https:\/\/groupevolution.com\/performance\/locations\/"]}]},{"@type":"BreadcrumbList","@id":"https:\/\/groupevolution.com\/performance\/locations\/#breadcrumb","itemListElement":[{"@type":"ListItem","position":1,"name":"Home","item":"https:\/\/groupevolution.com\/"},{"@type":"ListItem","position":2,"name":"Performance","item":"https:\/\/groupevolution.com\/performance\/"},{"@type":"ListItem","position":3,"name":"Locations"}]},{"@type":"WebSite","@id":"https:\/\/groupevolution.com\/#website","url":"https:\/\/groupevolution.com\/","name":"www.groupevolution.com","description":"Luxury Retreats &amp; Performance Services","publisher":{"@id":"https:\/\/groupevolution.com\/#organization"},"potentialAction":[{"@type":"SearchAction","target":{"@type":"EntryPoint","urlTemplate":"https:\/\/groupevolution.com\/?s={search_term_string}"},"query-input":{"@type":"PropertyValueSpecification","valueRequired":true,"valueName":"search_term_string"}}],"inLanguage":"de"},{"@type":"Organization","@id":"https:\/\/groupevolution.com\/#organization","name":"Entwicklung der Gruppe","url":"https:\/\/groupevolution.com\/","logo":{"@type":"ImageObject","inLanguage":"de","@id":"https:\/\/groupevolution.com\/#\/schema\/logo\/image\/","url":"https:\/\/groupevolution.com\/wp-content\/uploads\/2025\/09\/Group_Evolution_Retreats_Primary_Logo_RGB_GOLD_FA_HR-e1759242659989.png","contentUrl":"https:\/\/groupevolution.com\/wp-content\/uploads\/2025\/09\/Group_Evolution_Retreats_Primary_Logo_RGB_GOLD_FA_HR-e1759242659989.png","width":182,"height":54,"caption":"Group Evolution"},"image":{"@id":"https:\/\/groupevolution.com\/#\/schema\/logo\/image\/"},"sameAs":["https:\/\/www.facebook.com\/groupevolutionretreats","https:\/\/x.com\/groupevolution_","https:\/\/www.instagram.com\/group_evolution\/","https:\/\/www.tiktok.com\/@groupevolutionretreats","https:\/\/www.youtube.com\/channel\/UCDsSBQ_yMhe5zjVp6AbpwzA\/featured?view_as=subscriber"]}]}},"jetpack_sharing_enabled":true,"_links":{"self":[{"href":"https:\/\/groupevolution.com\/de\/wp-json\/wp\/v2\/pages\/6278","targetHints":{"allow":["GET"]}}],"collection":[{"href":"https:\/\/groupevolution.com\/de\/wp-json\/wp\/v2\/pages"}],"about":[{"href":"https:\/\/groupevolution.com\/de\/wp-json\/wp\/v2\/types\/page"}],"author":[{"embeddable":true,"href":"https:\/\/groupevolution.com\/de\/wp-json\/wp\/v2\/users\/1"}],"replies":[{"embeddable":true,"href":"https:\/\/groupevolution.com\/de\/wp-json\/wp\/v2\/comments?post=6278"}],"version-history":[{"count":10,"href":"https:\/\/groupevolution.com\/de\/wp-json\/wp\/v2\/pages\/6278\/revisions"}],"predecessor-version":[{"id":27159,"href":"https:\/\/groupevolution.com\/de\/wp-json\/wp\/v2\/pages\/6278\/revisions\/27159"}],"up":[{"embeddable":true,"href":"https:\/\/groupevolution.com\/de\/wp-json\/wp\/v2\/pages\/4427"}],"wp:attachment":[{"href":"https:\/\/groupevolution.com\/de\/wp-json\/wp\/v2\/media?parent=6278"}],"wp:term":[{"taxonomy":"category","embeddable":true,"href":"https:\/\/groupevolution.com\/de\/wp-json\/wp\/v2\/categories?post=6278"},{"taxonomy":"retreat-category","embeddable":true,"href":"https:\/\/groupevolution.com\/de\/wp-json\/wp\/v2\/retreat-category?post=6278"}],"curies":[{"name":"wp","href":"https:\/\/api.w.org\/{rel}","templated":true}]}}