{"id":330,"date":"2017-11-28T12:36:36","date_gmt":"2017-11-28T12:36:36","guid":{"rendered":"https:\/\/groupevolution.com\/?page_id=330"},"modified":"2025-09-18T15:03:36","modified_gmt":"2025-09-18T14:03:36","slug":"values","status":"publish","type":"page","link":"https:\/\/groupevolution.com\/de\/values\/","title":{"rendered":"Werte"},"content":{"rendered":"<h3>\n\t\t\twir lernen, wir entwickeln uns weiter, wir k\u00fcmmern uns\t<\/h3>\n\t<h2>unsere Werte<\/h2>\n<h3>\n\t\t\tUnsere Gemeinschaft\t<\/h3>\n\t<p>We engage fully with each of our communities &#8211; our member community, client community and local community &#8211; both in the UK and France. We aim to facilitate the creation of thriving &#8216;collectives&#8217; that grow within each of their areas of interest, as they become better informed, more confident and purposefully active within these communities. We assist by helping to educate, facilitating participation and building lasting relationships.<\/p>\n<p>Werden Sie unser Bester.<\/p>\n<p><a href=\"https:\/\/groupevolution.com\/de\/performance-evolution\/community\/\">Mehr Informationen<\/a><\/p>\n<h3>\n\t\t\tNachhaltigkeit\t<\/h3>\n\t<p>We were extremely proud to launch our &#8216;Healthier you, healthier planet&#8217; initiative early in 2020 which helps our guests minimise their carbon footprint.<\/p>\n<p>Wir gleichen nicht nur die Kohlenstoffkosten f\u00fcr unsere G\u00e4ste aus, sondern geben ihnen auch finanzielle Anreize, nachhaltig zu reisen. All dies geschieht zus\u00e4tzlich zu unseren eigenen Nachhaltigkeitsinitiativen, die die Kohlenstoffauswirkungen unserer Retreats deutlich verringern.<\/p>\n<p><a href=\"https:\/\/groupevolution.com\/de\/healthier-you-healthier-planet\/\">Mehr Informationen<\/a><\/p>\n<h3>\n\t\t\tunsere MENSCHEN\t<\/h3>\n\t<p>Unser Team hat einen gemeinsamen Ansatz, ob er nun in der Liebe zum Sport, zum Wohlbefinden oder zur pers\u00f6nlichen Kreativit\u00e4t begr\u00fcndet ist. Wir alle glauben, dass es entscheidend ist, den Einzelnen kennen zu lernen, um ihm zu helfen, sein Potenzial auszusch\u00f6pfen und pers\u00f6nliches Wachstum und Wohlbefinden zu f\u00f6rdern.<\/p>\n<p>Jeder bringt sein eigenes Fachwissen und seinen Sinn f\u00fcr Spa\u00df in unser Team ein und schafft so eine angenehme, energiegeladene und herausfordernde Atmosph\u00e4re.<\/p>\n<p><a href=\"https:\/\/groupevolution.com\/de\/people\/\">Mehr Informationen<\/a><\/p>\n<h3>\n\t\t\tunsere Partner\t<\/h3>\n\t<p>Wir arbeiten mit sozial verantwortlichen Unternehmen zusammen, die in ihren jeweiligen Bereichen etablierte Marktf\u00fchrer sind. Unsere Produktpartner stehen an der Spitze von Design und Innovation. Und unsere Lieferpartner bieten ihren Kunden eine konkurrenzlose Servicequalit\u00e4t.<\/p>\n<p>Alle unsere Partnerschaften basieren auf gegenseitigem Respekt, gemeinsamen klinischen Perspektiven und gemeinsamen Werten.<\/p>\n<p><a href=\"https:\/\/groupevolution.com\/de\/partners\/\">Mehr Informationen<\/a><\/p>\n<h3>\n\t\t\tProfessionalit\u00e4t\t<\/h3>\n\n\n\t\t\t\tMission\n\t\t\t\tPromise\n\t\t\t\tSuccess\n\t\t\t\t\t\t\tMission\n\t\t\t\t<h1>Werden Sie Ihr Bester<\/h1>\n<p>Unsere Mission ist es, unsere Kunden zu bef\u00e4higen, ihr Potenzial auszusch\u00f6pfen. Alles, was wir tun, basiert auf den neuesten Forschungsergebnissen und ist auf jeden einzelnen Kunden zugeschnitten. Wir begleiten unsere Kunden auf ihrem Weg, indem wir ihnen einen sachkundigen und ermutigenden Kokon der Unterst\u00fctzung bieten, in dem sie sich entfalten k\u00f6nnen.<\/p>\n\t\t\t\t\t\t\tVersprechen\n\t\t\t\t<h1>Positiv<\/h1>\n<p>Wir unterst\u00fctzen Sie dabei, Ihre Ziele mit Begeisterung zu erreichen und ermutigen und bef\u00e4higen Sie, Ihre Reise zu genie\u00dfen.<\/p>\n<h1>Pr\u00e4sentieren<\/h1>\n<p>Wir bieten Dienstleistungen auf dem neuesten Stand der Technik, die auf aktuellen Forschungsergebnissen und unserem fundierten Grundlagenwissen basieren.<\/p>\n<h1>Praktisch<\/h1>\n<p>Bei jedem Schritt ber\u00fccksichtigen wir Ihre Bed\u00fcrfnisse, Ihr Umfeld, die Ihnen zur Verf\u00fcgung stehenden Ressourcen und Ihren pers\u00f6nlichen Zeitplan.<\/p>\n<h1>Pr\u00e4mie<\/h1>\n<p>Wir setzen hochwertige, forschungserprobte Techniken in einer einladenden und luxuri\u00f6sen Umgebung ein. All dies wird von hochqualifizierten und erfahrenen Praktikern durchgef\u00fchrt.<\/p>\n<h1>Bew\u00e4hrt<\/h1>\n<p>Unser ma\u00dfgeschneiderter Ansatz liefert stets die Ergebnisse, nach denen unsere Kunden suchen, unabh\u00e4ngig von ihren Zielen und ihrer Motivation.<\/p>\n\t\t\t\t\t\t\tErfolg\n\t\t\t\t<h1>Proud of our Clients&#8217; Evolution<\/h1>\n<p>Wir sind sehr stolz, wenn unsere Kunden etwas erreichen. Es erfordert Hingabe, die H\u00f6hen zu erreichen, die einige unserer Kunden erreicht haben, aber wir helfen ihnen gerne, sich weiterzuentwickeln und die Fr\u00fcchte ihrer Arbeit zu pfl\u00fccken.<\/p>\n<ul>\n<li>Adrian, der auf die 50 zugeht, will seit \u00fcber 10 Jahren die 3-Stunden-Marathon-Barriere durchbrechen. Im Oktober hat er sein Ziel mit unserer Hilfe erreicht.<\/li>\n<li>Marty, Mitte 40, ist mit unserer Hilfe in den Radsport eingestiegen und hat sich mit seinem Engagement und seiner fast zen-artigen Ausrichtung f\u00fcr die Weltmeisterschaften der Altersgruppe 2017 qualifiziert.<\/li>\n<li>Rebecca, Anfang 40, lief ihren ersten Marathon unter unserer Anleitung und mit unserer Unterst\u00fctzung. Sie trainierte verletzungsfrei und genoss ihre Reise und das Rennen in London. Es war so angenehm, dass sie dieses Kunstst\u00fcck sechs Monate sp\u00e4ter in York wiederholte.<\/li>\n<li>Einer unserer langj\u00e4hrigen Kunden hat sich in etwas mehr als vier Jahren vom sesshaften Stadtprofi zum Ironman-Triathleten entwickelt.<\/li>\n<\/ul>\n<p><a href=\"\/de\/testimonials\/\">Siehe Unsere Erfahrungsberichte<\/a><\/p>\n\n\n\n\t<h1>Join the group evolution Family<\/h1>\n\t<h5>Access personalised content, great offers and free entry to our competitions<\/h5>\n\t<a href=\"https:\/\/groupevolution.com\/de\/sign-up-form\/\">Join Our Family<\/a>\n\t<p>We will only send information relevant to your interests. We do not sell data to third parties.<\/p>\n\t<h2>Unleash your potential<\/h2>","protected":false},"excerpt":{"rendered":"<p>we learn, we evolve, we care our values Our Community We engage fully with each of our communities &#8211; our member community, client community and local community &#8211; both in the UK and France. We aim to facilitate the creation of thriving &#8216;collectives&#8217; that grow within each of their areas of interest, as they become&hellip;<\/p>","protected":false},"author":1,"featured_media":0,"parent":0,"menu_order":0,"comment_status":"closed","ping_status":"closed","template":"","meta":{"_acf_changed":false,"footnotes":""},"categories":[],"retreat-category":[],"class_list":["post-330","page","type-page","status-publish","hentry"],"acf":[],"yoast_head":"<!-- This site is optimized with the Yoast SEO Premium plugin v27.4 (Yoast SEO v27.4) - https:\/\/yoast.com\/product\/yoast-seo-premium-wordpress\/ -->\n<title>Values - Group Evolution<\/title>\n<meta name=\"robots\" content=\"index, follow, max-snippet:-1, max-image-preview:large, max-video-preview:-1\" \/>\n<link rel=\"canonical\" href=\"https:\/\/groupevolution.com\/de\/values\/\" \/>\n<meta property=\"og:locale\" content=\"de_DE\" \/>\n<meta property=\"og:type\" content=\"article\" \/>\n<meta property=\"og:title\" content=\"Values\" \/>\n<meta property=\"og:description\" content=\"we learn, we evolve, we care our values Our Community We engage fully with each of our communities &#8211; our member community, client community and local community &#8211; both in the UK and France. We aim to facilitate the creation of thriving &#8216;collectives&#8217; that grow within each of their areas of interest, as they become&hellip;\" \/>\n<meta property=\"og:url\" content=\"https:\/\/groupevolution.com\/de\/values\/\" \/>\n<meta property=\"og:site_name\" content=\"Group Evolution\" \/>\n<meta property=\"article:publisher\" content=\"https:\/\/www.facebook.com\/groupevolutionretreats\" \/>\n<meta property=\"article:modified_time\" content=\"2025-09-18T14:03:36+00:00\" \/>\n<meta name=\"twitter:card\" content=\"summary_large_image\" \/>\n<meta name=\"twitter:site\" content=\"@groupevolution_\" \/>\n<meta name=\"twitter:label1\" content=\"Gesch\u00e4tzte Lesezeit\" \/>\n\t<meta name=\"twitter:data1\" content=\"3\u00a0Minuten\" \/>\n<script type=\"application\/ld+json\" class=\"yoast-schema-graph\">{\"@context\":\"https:\\\/\\\/schema.org\",\"@graph\":[{\"@type\":\"WebPage\",\"@id\":\"https:\\\/\\\/groupevolution.com\\\/values\\\/\",\"url\":\"https:\\\/\\\/groupevolution.com\\\/values\\\/\",\"name\":\"Values - Group Evolution\",\"isPartOf\":{\"@id\":\"https:\\\/\\\/groupevolution.com\\\/#website\"},\"datePublished\":\"2017-11-28T12:36:36+00:00\",\"dateModified\":\"2025-09-18T14:03:36+00:00\",\"breadcrumb\":{\"@id\":\"https:\\\/\\\/groupevolution.com\\\/values\\\/#breadcrumb\"},\"inLanguage\":\"de\",\"potentialAction\":[{\"@type\":\"ReadAction\",\"target\":[\"https:\\\/\\\/groupevolution.com\\\/values\\\/\"]}]},{\"@type\":\"BreadcrumbList\",\"@id\":\"https:\\\/\\\/groupevolution.com\\\/values\\\/#breadcrumb\",\"itemListElement\":[{\"@type\":\"ListItem\",\"position\":1,\"name\":\"Home\",\"item\":\"https:\\\/\\\/groupevolution.com\\\/\"},{\"@type\":\"ListItem\",\"position\":2,\"name\":\"Values\"}]},{\"@type\":\"WebSite\",\"@id\":\"https:\\\/\\\/groupevolution.com\\\/#website\",\"url\":\"https:\\\/\\\/groupevolution.com\\\/\",\"name\":\"www.groupevolution.com\",\"description\":\"Luxury Retreats &amp; Performance Services\",\"publisher\":{\"@id\":\"https:\\\/\\\/groupevolution.com\\\/#organization\"},\"potentialAction\":[{\"@type\":\"SearchAction\",\"target\":{\"@type\":\"EntryPoint\",\"urlTemplate\":\"https:\\\/\\\/groupevolution.com\\\/?s={search_term_string}\"},\"query-input\":{\"@type\":\"PropertyValueSpecification\",\"valueRequired\":true,\"valueName\":\"search_term_string\"}}],\"inLanguage\":\"de\"},{\"@type\":\"Organization\",\"@id\":\"https:\\\/\\\/groupevolution.com\\\/#organization\",\"name\":\"Group Evolution\",\"url\":\"https:\\\/\\\/groupevolution.com\\\/\",\"logo\":{\"@type\":\"ImageObject\",\"inLanguage\":\"de\",\"@id\":\"https:\\\/\\\/groupevolution.com\\\/#\\\/schema\\\/logo\\\/image\\\/\",\"url\":\"https:\\\/\\\/groupevolution.com\\\/wp-content\\\/uploads\\\/2025\\\/09\\\/Group_Evolution_Retreats_Primary_Logo_RGB_GOLD_FA_HR-e1759242659989.png\",\"contentUrl\":\"https:\\\/\\\/groupevolution.com\\\/wp-content\\\/uploads\\\/2025\\\/09\\\/Group_Evolution_Retreats_Primary_Logo_RGB_GOLD_FA_HR-e1759242659989.png\",\"width\":182,\"height\":54,\"caption\":\"Group Evolution\"},\"image\":{\"@id\":\"https:\\\/\\\/groupevolution.com\\\/#\\\/schema\\\/logo\\\/image\\\/\"},\"sameAs\":[\"https:\\\/\\\/www.facebook.com\\\/groupevolutionretreats\",\"https:\\\/\\\/x.com\\\/groupevolution_\",\"https:\\\/\\\/www.instagram.com\\\/group_evolution\\\/\",\"https:\\\/\\\/www.tiktok.com\\\/@groupevolutionretreats\",\"https:\\\/\\\/www.youtube.com\\\/channel\\\/UCDsSBQ_yMhe5zjVp6AbpwzA\\\/featured?view_as=subscriber\"]}]}<\/script>\n<!-- \/ Yoast SEO Premium plugin. -->","yoast_head_json":{"title":"Werte - Gruppenentwicklung","robots":{"index":"index","follow":"follow","max-snippet":"max-snippet:-1","max-image-preview":"max-image-preview:large","max-video-preview":"max-video-preview:-1"},"canonical":"https:\/\/groupevolution.com\/de\/values\/","og_locale":"de_DE","og_type":"article","og_title":"Values","og_description":"we learn, we evolve, we care our values Our Community We engage fully with each of our communities &#8211; our member community, client community and local community &#8211; both in the UK and France. We aim to facilitate the creation of thriving &#8216;collectives&#8217; that grow within each of their areas of interest, as they become&hellip;","og_url":"https:\/\/groupevolution.com\/de\/values\/","og_site_name":"Group Evolution","article_publisher":"https:\/\/www.facebook.com\/groupevolutionretreats","article_modified_time":"2025-09-18T14:03:36+00:00","twitter_card":"summary_large_image","twitter_site":"@groupevolution_","twitter_misc":{"Gesch\u00e4tzte Lesezeit":"3\u00a0Minuten"},"schema":{"@context":"https:\/\/schema.org","@graph":[{"@type":"WebPage","@id":"https:\/\/groupevolution.com\/values\/","url":"https:\/\/groupevolution.com\/values\/","name":"Werte - Gruppenentwicklung","isPartOf":{"@id":"https:\/\/groupevolution.com\/#website"},"datePublished":"2017-11-28T12:36:36+00:00","dateModified":"2025-09-18T14:03:36+00:00","breadcrumb":{"@id":"https:\/\/groupevolution.com\/values\/#breadcrumb"},"inLanguage":"de","potentialAction":[{"@type":"ReadAction","target":["https:\/\/groupevolution.com\/values\/"]}]},{"@type":"BreadcrumbList","@id":"https:\/\/groupevolution.com\/values\/#breadcrumb","itemListElement":[{"@type":"ListItem","position":1,"name":"Home","item":"https:\/\/groupevolution.com\/"},{"@type":"ListItem","position":2,"name":"Values"}]},{"@type":"WebSite","@id":"https:\/\/groupevolution.com\/#website","url":"https:\/\/groupevolution.com\/","name":"www.groupevolution.com","description":"Luxury Retreats &amp; Performance Services","publisher":{"@id":"https:\/\/groupevolution.com\/#organization"},"potentialAction":[{"@type":"SearchAction","target":{"@type":"EntryPoint","urlTemplate":"https:\/\/groupevolution.com\/?s={search_term_string}"},"query-input":{"@type":"PropertyValueSpecification","valueRequired":true,"valueName":"search_term_string"}}],"inLanguage":"de"},{"@type":"Organization","@id":"https:\/\/groupevolution.com\/#organization","name":"Entwicklung der Gruppe","url":"https:\/\/groupevolution.com\/","logo":{"@type":"ImageObject","inLanguage":"de","@id":"https:\/\/groupevolution.com\/#\/schema\/logo\/image\/","url":"https:\/\/groupevolution.com\/wp-content\/uploads\/2025\/09\/Group_Evolution_Retreats_Primary_Logo_RGB_GOLD_FA_HR-e1759242659989.png","contentUrl":"https:\/\/groupevolution.com\/wp-content\/uploads\/2025\/09\/Group_Evolution_Retreats_Primary_Logo_RGB_GOLD_FA_HR-e1759242659989.png","width":182,"height":54,"caption":"Group Evolution"},"image":{"@id":"https:\/\/groupevolution.com\/#\/schema\/logo\/image\/"},"sameAs":["https:\/\/www.facebook.com\/groupevolutionretreats","https:\/\/x.com\/groupevolution_","https:\/\/www.instagram.com\/group_evolution\/","https:\/\/www.tiktok.com\/@groupevolutionretreats","https:\/\/www.youtube.com\/channel\/UCDsSBQ_yMhe5zjVp6AbpwzA\/featured?view_as=subscriber"]}]}},"jetpack_sharing_enabled":true,"_links":{"self":[{"href":"https:\/\/groupevolution.com\/de\/wp-json\/wp\/v2\/pages\/330","targetHints":{"allow":["GET"]}}],"collection":[{"href":"https:\/\/groupevolution.com\/de\/wp-json\/wp\/v2\/pages"}],"about":[{"href":"https:\/\/groupevolution.com\/de\/wp-json\/wp\/v2\/types\/page"}],"author":[{"embeddable":true,"href":"https:\/\/groupevolution.com\/de\/wp-json\/wp\/v2\/users\/1"}],"replies":[{"embeddable":true,"href":"https:\/\/groupevolution.com\/de\/wp-json\/wp\/v2\/comments?post=330"}],"version-history":[{"count":43,"href":"https:\/\/groupevolution.com\/de\/wp-json\/wp\/v2\/pages\/330\/revisions"}],"predecessor-version":[{"id":27423,"href":"https:\/\/groupevolution.com\/de\/wp-json\/wp\/v2\/pages\/330\/revisions\/27423"}],"wp:attachment":[{"href":"https:\/\/groupevolution.com\/de\/wp-json\/wp\/v2\/media?parent=330"}],"wp:term":[{"taxonomy":"category","embeddable":true,"href":"https:\/\/groupevolution.com\/de\/wp-json\/wp\/v2\/categories?post=330"},{"taxonomy":"retreat-category","embeddable":true,"href":"https:\/\/groupevolution.com\/de\/wp-json\/wp\/v2\/retreat-category?post=330"}],"curies":[{"name":"wp","href":"https:\/\/api.w.org\/{rel}","templated":true}]}}