{"id":22863,"date":"2023-01-16T07:40:47","date_gmt":"2023-01-16T07:40:47","guid":{"rendered":"https:\/\/groupevolution.com\/?page_id=22863"},"modified":"2025-09-14T16:49:41","modified_gmt":"2025-09-14T15:49:41","slug":"sports-experiences","status":"publish","type":"page","link":"https:\/\/groupevolution.com\/de\/sports-experiences\/","title":{"rendered":"Sports_Experiences"},"content":{"rendered":"<h3>LETZTE ANGEBOTE<\/h3>\r\n<p><img decoding=\"async\" title=\"heroImageHome\" src=\"https:\/\/groupevolution.com\/wp-content\/uploads\/2017\/11\/heroImageHome-150x150.png\" alt=\"heroImageHome\" \/> <img decoding=\"async\" title=\"DSC_5741\" src=\"https:\/\/groupevolution.com\/wp-content\/uploads\/2018\/10\/DSC_5741-150x150.jpg\" alt=\"DSC_5741\" \/> <img decoding=\"async\" title=\"download\" src=\"https:\/\/groupevolution.com\/wp-content\/uploads\/2018\/01\/download-150x150.png\" alt=\"download\" \/><\/p>\r\n<h4>10% OFF f\u00fcr Mitglieder<\/h4>\r\n<p>Treten Sie unserer Gemeinschaft f\u00fcr nur \u00a3250 bei und erhalten Sie 10% Rabatt auf alle unsere Leistungsangebote und Retreats sowie jede Menge kostenloser Trainingsinformationen.<\/p>\r\n<h4>Entscheiden Sie sich f\u00fcr Nachhaltigkeit<\/h4>\r\n<p>Wenn Sie zu unserem Veranstaltungsort in Frankreich reisen, k\u00f6nnen Sie Erm\u00e4\u00dfigungen f\u00fcr Carsharing und\/oder Zugreisen erhalten.<\/p>\r\n<h4>Fr\u00fchbucherrabatt<\/h4>\r\n<p>Book your place before December and get 15% off. Use Code &#8216;<strong>EarlyBird2023<\/strong>&#8216;.<\/p>\r\n<p><a role=\"button\" href=\"https:\/\/groupevolution.com\/de\/produkt\/group-evolution-membership\/\" target=\"_self\" rel=\"noopener\"> JETZT MITMACHEN <\/a> <a role=\"button\" href=\"https:\/\/groupevolution.com\/de\/healthier-you-healthier-planet\/\" target=\"_self\" rel=\"noopener\"> MEHR LERNEN <\/a> <a role=\"button\" href=\"https:\/\/groupevolution.com\/de\/retreats-2__trashed\/achieveyourpotential\/\" target=\"_self\" rel=\"noopener\"> MEINEN PLATZ RESERVIEREN <\/a><\/p>\r\n<h3>bevorstehende Camps<\/h3>\r\n<h3>JETZT ANFRAGE<\/h3>\r\n<h3>\u00a0<\/h3>\r\n<p>Notice: JavaScript is required for this content.<\/p>\r\n<!-- TODO: Move to Template File. -->","protected":false},"excerpt":{"rendered":"<p>LATEST OFFERS 10% OFF for members Join our community for just \u00a3250 and get 10% off all our performance services and retreats as well as loads of free training information. Opt for sustainability If you travel to our venue in France you can get discounts for car sharing and \/ or train travel. Early Bird&hellip;<\/p>","protected":false},"author":80,"featured_media":0,"parent":0,"menu_order":0,"comment_status":"closed","ping_status":"closed","template":"","meta":{"_acf_changed":false,"footnotes":""},"categories":[],"retreat-category":[174,69,146,66,147,172,166,173,64,137,165,178,148,145,65,179],"class_list":["post-22863","page","type-page","status-publish","hentry","retreat-category-club-weeks","retreat-category-cycling","retreat-category-dave-scott-clinics","retreat-category-family-triathlon","retreat-category-gaintheedge","retreat-category-gett-experience","retreat-category-going-long","retreat-category-marathon-prep","retreat-category-run","retreat-category-run-weekend","retreat-category-running-reborn","retreat-category-sports","retreat-category-stateoftheunion","retreat-category-swim","retreat-category-coached-triathlon","retreat-category-triathlon"],"acf":[],"yoast_head":"<!-- This site is optimized with the Yoast SEO Premium plugin v27.4 (Yoast SEO v27.4) - https:\/\/yoast.com\/product\/yoast-seo-premium-wordpress\/ -->\n<title>Sports_Experiences - Group Evolution<\/title>\n<meta name=\"description\" content=\"Elevate your performance at our world-class training camps, set in a stunning Chateau in the Loire Valley. Train with elite coaches, sports scientists, physiotherapists, and nutritionists in a fully personalized program designed to help you reach your goals. Whether you&#039;re an individual athlete or looking for a family-friendly training experience, our camps offer expert-led 1-1 assessments, small group sessions, and whole-group training. Enjoy exceptional facilities, gourmet nutrition, and breathtaking surroundings as you push your limits and relax in the luxurious surroundings. Become your best\u2014book your transformative training experience today!\" \/>\n<meta name=\"robots\" content=\"index, follow, max-snippet:-1, max-image-preview:large, max-video-preview:-1\" \/>\n<link rel=\"canonical\" href=\"https:\/\/groupevolution.com\/de\/sports-experiences\/\" \/>\n<meta property=\"og:locale\" content=\"de_DE\" \/>\n<meta property=\"og:type\" content=\"article\" \/>\n<meta property=\"og:title\" content=\"Sports_Experiences\" \/>\n<meta property=\"og:description\" content=\"Elevate your performance at our world-class training camps, set in a stunning Chateau in the Loire Valley. Train with elite coaches, sports scientists, physiotherapists, and nutritionists in a fully personalized program designed to help you reach your goals. Whether you&#039;re an individual athlete or looking for a family-friendly training experience, our camps offer expert-led 1-1 assessments, small group sessions, and whole-group training. Enjoy exceptional facilities, gourmet nutrition, and breathtaking surroundings as you push your limits and relax in the luxurious surroundings. Become your best\u2014book your transformative training experience today!\" \/>\n<meta property=\"og:url\" content=\"https:\/\/groupevolution.com\/de\/sports-experiences\/\" \/>\n<meta property=\"og:site_name\" content=\"Group Evolution\" \/>\n<meta property=\"article:publisher\" content=\"https:\/\/www.facebook.com\/groupevolutionretreats\" \/>\n<meta property=\"article:modified_time\" content=\"2025-09-14T15:49:41+00:00\" \/>\n<meta property=\"og:image\" content=\"https:\/\/groupevolution.com\/wp-content\/uploads\/2017\/11\/heroImageHome-150x150.png\" \/>\n<meta name=\"twitter:card\" content=\"summary_large_image\" \/>\n<meta name=\"twitter:site\" content=\"@groupevolution_\" \/>\n<meta name=\"twitter:label1\" content=\"Gesch\u00e4tzte Lesezeit\" \/>\n\t<meta name=\"twitter:data1\" content=\"8\u00a0Minuten\" \/>\n<script type=\"application\/ld+json\" class=\"yoast-schema-graph\">{\"@context\":\"https:\\\/\\\/schema.org\",\"@graph\":[{\"@type\":\"WebPage\",\"@id\":\"https:\\\/\\\/groupevolution.com\\\/sports-experiences\\\/\",\"url\":\"https:\\\/\\\/groupevolution.com\\\/sports-experiences\\\/\",\"name\":\"Sports_Experiences - Group Evolution\",\"isPartOf\":{\"@id\":\"https:\\\/\\\/groupevolution.com\\\/#website\"},\"primaryImageOfPage\":{\"@id\":\"https:\\\/\\\/groupevolution.com\\\/sports-experiences\\\/#primaryimage\"},\"image\":{\"@id\":\"https:\\\/\\\/groupevolution.com\\\/sports-experiences\\\/#primaryimage\"},\"thumbnailUrl\":\"https:\\\/\\\/groupevolution.com\\\/wp-content\\\/uploads\\\/2017\\\/11\\\/heroImageHome-150x150.png\",\"datePublished\":\"2023-01-16T07:40:47+00:00\",\"dateModified\":\"2025-09-14T15:49:41+00:00\",\"description\":\"Elevate your performance at our world-class training camps, set in a stunning Chateau in the Loire Valley. Train with elite coaches, sports scientists, physiotherapists, and nutritionists in a fully personalized program designed to help you reach your goals. Whether you're an individual athlete or looking for a family-friendly training experience, our camps offer expert-led 1-1 assessments, small group sessions, and whole-group training. Enjoy exceptional facilities, gourmet nutrition, and breathtaking surroundings as you push your limits and relax in the luxurious surroundings. Become your best\u2014book your transformative training experience today!\",\"breadcrumb\":{\"@id\":\"https:\\\/\\\/groupevolution.com\\\/sports-experiences\\\/#breadcrumb\"},\"inLanguage\":\"de\",\"potentialAction\":[{\"@type\":\"ReadAction\",\"target\":[\"https:\\\/\\\/groupevolution.com\\\/sports-experiences\\\/\"]}]},{\"@type\":\"ImageObject\",\"inLanguage\":\"de\",\"@id\":\"https:\\\/\\\/groupevolution.com\\\/sports-experiences\\\/#primaryimage\",\"url\":\"https:\\\/\\\/groupevolution.com\\\/wp-content\\\/uploads\\\/2017\\\/11\\\/heroImageHome-150x150.png\",\"contentUrl\":\"https:\\\/\\\/groupevolution.com\\\/wp-content\\\/uploads\\\/2017\\\/11\\\/heroImageHome-150x150.png\"},{\"@type\":\"BreadcrumbList\",\"@id\":\"https:\\\/\\\/groupevolution.com\\\/sports-experiences\\\/#breadcrumb\",\"itemListElement\":[{\"@type\":\"ListItem\",\"position\":1,\"name\":\"Home\",\"item\":\"https:\\\/\\\/groupevolution.com\\\/\"},{\"@type\":\"ListItem\",\"position\":2,\"name\":\"Sports_Experiences\"}]},{\"@type\":\"WebSite\",\"@id\":\"https:\\\/\\\/groupevolution.com\\\/#website\",\"url\":\"https:\\\/\\\/groupevolution.com\\\/\",\"name\":\"www.groupevolution.com\",\"description\":\"Luxury Retreats &amp; Performance Services\",\"publisher\":{\"@id\":\"https:\\\/\\\/groupevolution.com\\\/#organization\"},\"potentialAction\":[{\"@type\":\"SearchAction\",\"target\":{\"@type\":\"EntryPoint\",\"urlTemplate\":\"https:\\\/\\\/groupevolution.com\\\/?s={search_term_string}\"},\"query-input\":{\"@type\":\"PropertyValueSpecification\",\"valueRequired\":true,\"valueName\":\"search_term_string\"}}],\"inLanguage\":\"de\"},{\"@type\":\"Organization\",\"@id\":\"https:\\\/\\\/groupevolution.com\\\/#organization\",\"name\":\"Group Evolution\",\"url\":\"https:\\\/\\\/groupevolution.com\\\/\",\"logo\":{\"@type\":\"ImageObject\",\"inLanguage\":\"de\",\"@id\":\"https:\\\/\\\/groupevolution.com\\\/#\\\/schema\\\/logo\\\/image\\\/\",\"url\":\"https:\\\/\\\/groupevolution.com\\\/wp-content\\\/uploads\\\/2025\\\/09\\\/Group_Evolution_Retreats_Primary_Logo_RGB_GOLD_FA_HR-e1759242659989.png\",\"contentUrl\":\"https:\\\/\\\/groupevolution.com\\\/wp-content\\\/uploads\\\/2025\\\/09\\\/Group_Evolution_Retreats_Primary_Logo_RGB_GOLD_FA_HR-e1759242659989.png\",\"width\":182,\"height\":54,\"caption\":\"Group Evolution\"},\"image\":{\"@id\":\"https:\\\/\\\/groupevolution.com\\\/#\\\/schema\\\/logo\\\/image\\\/\"},\"sameAs\":[\"https:\\\/\\\/www.facebook.com\\\/groupevolutionretreats\",\"https:\\\/\\\/x.com\\\/groupevolution_\",\"https:\\\/\\\/www.instagram.com\\\/group_evolution\\\/\",\"https:\\\/\\\/www.tiktok.com\\\/@groupevolutionretreats\",\"https:\\\/\\\/www.youtube.com\\\/channel\\\/UCDsSBQ_yMhe5zjVp6AbpwzA\\\/featured?view_as=subscriber\"]}]}<\/script>\n<!-- \/ Yoast SEO Premium plugin. -->","yoast_head_json":{"title":"Sports_Experiences - Group Evolution","description":"Elevate your performance at our world-class training camps, set in a stunning Chateau in the Loire Valley. Train with elite coaches, sports scientists, physiotherapists, and nutritionists in a fully personalized program designed to help you reach your goals. Whether you're an individual athlete or looking for a family-friendly training experience, our camps offer expert-led 1-1 assessments, small group sessions, and whole-group training. Enjoy exceptional facilities, gourmet nutrition, and breathtaking surroundings as you push your limits and relax in the luxurious surroundings. Become your best\u2014book your transformative training experience today!","robots":{"index":"index","follow":"follow","max-snippet":"max-snippet:-1","max-image-preview":"max-image-preview:large","max-video-preview":"max-video-preview:-1"},"canonical":"https:\/\/groupevolution.com\/de\/sports-experiences\/","og_locale":"de_DE","og_type":"article","og_title":"Sports_Experiences","og_description":"Elevate your performance at our world-class training camps, set in a stunning Chateau in the Loire Valley. Train with elite coaches, sports scientists, physiotherapists, and nutritionists in a fully personalized program designed to help you reach your goals. Whether you're an individual athlete or looking for a family-friendly training experience, our camps offer expert-led 1-1 assessments, small group sessions, and whole-group training. Enjoy exceptional facilities, gourmet nutrition, and breathtaking surroundings as you push your limits and relax in the luxurious surroundings. Become your best\u2014book your transformative training experience today!","og_url":"https:\/\/groupevolution.com\/de\/sports-experiences\/","og_site_name":"Group Evolution","article_publisher":"https:\/\/www.facebook.com\/groupevolutionretreats","article_modified_time":"2025-09-14T15:49:41+00:00","og_image":[{"url":"https:\/\/groupevolution.com\/wp-content\/uploads\/2017\/11\/heroImageHome-150x150.png","type":"","width":"","height":""}],"twitter_card":"summary_large_image","twitter_site":"@groupevolution_","twitter_misc":{"Gesch\u00e4tzte Lesezeit":"8\u00a0Minuten"},"schema":{"@context":"https:\/\/schema.org","@graph":[{"@type":"WebPage","@id":"https:\/\/groupevolution.com\/sports-experiences\/","url":"https:\/\/groupevolution.com\/sports-experiences\/","name":"Sports_Experiences - Group Evolution","isPartOf":{"@id":"https:\/\/groupevolution.com\/#website"},"primaryImageOfPage":{"@id":"https:\/\/groupevolution.com\/sports-experiences\/#primaryimage"},"image":{"@id":"https:\/\/groupevolution.com\/sports-experiences\/#primaryimage"},"thumbnailUrl":"https:\/\/groupevolution.com\/wp-content\/uploads\/2017\/11\/heroImageHome-150x150.png","datePublished":"2023-01-16T07:40:47+00:00","dateModified":"2025-09-14T15:49:41+00:00","description":"Elevate your performance at our world-class training camps, set in a stunning Chateau in the Loire Valley. Train with elite coaches, sports scientists, physiotherapists, and nutritionists in a fully personalized program designed to help you reach your goals. Whether you're an individual athlete or looking for a family-friendly training experience, our camps offer expert-led 1-1 assessments, small group sessions, and whole-group training. Enjoy exceptional facilities, gourmet nutrition, and breathtaking surroundings as you push your limits and relax in the luxurious surroundings. Become your best\u2014book your transformative training experience today!","breadcrumb":{"@id":"https:\/\/groupevolution.com\/sports-experiences\/#breadcrumb"},"inLanguage":"de","potentialAction":[{"@type":"ReadAction","target":["https:\/\/groupevolution.com\/sports-experiences\/"]}]},{"@type":"ImageObject","inLanguage":"de","@id":"https:\/\/groupevolution.com\/sports-experiences\/#primaryimage","url":"https:\/\/groupevolution.com\/wp-content\/uploads\/2017\/11\/heroImageHome-150x150.png","contentUrl":"https:\/\/groupevolution.com\/wp-content\/uploads\/2017\/11\/heroImageHome-150x150.png"},{"@type":"BreadcrumbList","@id":"https:\/\/groupevolution.com\/sports-experiences\/#breadcrumb","itemListElement":[{"@type":"ListItem","position":1,"name":"Home","item":"https:\/\/groupevolution.com\/"},{"@type":"ListItem","position":2,"name":"Sports_Experiences"}]},{"@type":"WebSite","@id":"https:\/\/groupevolution.com\/#website","url":"https:\/\/groupevolution.com\/","name":"www.groupevolution.com","description":"Luxury Retreats &amp; Performance Services","publisher":{"@id":"https:\/\/groupevolution.com\/#organization"},"potentialAction":[{"@type":"SearchAction","target":{"@type":"EntryPoint","urlTemplate":"https:\/\/groupevolution.com\/?s={search_term_string}"},"query-input":{"@type":"PropertyValueSpecification","valueRequired":true,"valueName":"search_term_string"}}],"inLanguage":"de"},{"@type":"Organization","@id":"https:\/\/groupevolution.com\/#organization","name":"Entwicklung der Gruppe","url":"https:\/\/groupevolution.com\/","logo":{"@type":"ImageObject","inLanguage":"de","@id":"https:\/\/groupevolution.com\/#\/schema\/logo\/image\/","url":"https:\/\/groupevolution.com\/wp-content\/uploads\/2025\/09\/Group_Evolution_Retreats_Primary_Logo_RGB_GOLD_FA_HR-e1759242659989.png","contentUrl":"https:\/\/groupevolution.com\/wp-content\/uploads\/2025\/09\/Group_Evolution_Retreats_Primary_Logo_RGB_GOLD_FA_HR-e1759242659989.png","width":182,"height":54,"caption":"Group Evolution"},"image":{"@id":"https:\/\/groupevolution.com\/#\/schema\/logo\/image\/"},"sameAs":["https:\/\/www.facebook.com\/groupevolutionretreats","https:\/\/x.com\/groupevolution_","https:\/\/www.instagram.com\/group_evolution\/","https:\/\/www.tiktok.com\/@groupevolutionretreats","https:\/\/www.youtube.com\/channel\/UCDsSBQ_yMhe5zjVp6AbpwzA\/featured?view_as=subscriber"]}]}},"jetpack_sharing_enabled":true,"_links":{"self":[{"href":"https:\/\/groupevolution.com\/de\/wp-json\/wp\/v2\/pages\/22863","targetHints":{"allow":["GET"]}}],"collection":[{"href":"https:\/\/groupevolution.com\/de\/wp-json\/wp\/v2\/pages"}],"about":[{"href":"https:\/\/groupevolution.com\/de\/wp-json\/wp\/v2\/types\/page"}],"author":[{"embeddable":true,"href":"https:\/\/groupevolution.com\/de\/wp-json\/wp\/v2\/users\/80"}],"replies":[{"embeddable":true,"href":"https:\/\/groupevolution.com\/de\/wp-json\/wp\/v2\/comments?post=22863"}],"version-history":[{"count":6,"href":"https:\/\/groupevolution.com\/de\/wp-json\/wp\/v2\/pages\/22863\/revisions"}],"predecessor-version":[{"id":27183,"href":"https:\/\/groupevolution.com\/de\/wp-json\/wp\/v2\/pages\/22863\/revisions\/27183"}],"wp:attachment":[{"href":"https:\/\/groupevolution.com\/de\/wp-json\/wp\/v2\/media?parent=22863"}],"wp:term":[{"taxonomy":"category","embeddable":true,"href":"https:\/\/groupevolution.com\/de\/wp-json\/wp\/v2\/categories?post=22863"},{"taxonomy":"retreat-category","embeddable":true,"href":"https:\/\/groupevolution.com\/de\/wp-json\/wp\/v2\/retreat-category?post=22863"}],"curies":[{"name":"wp","href":"https:\/\/api.w.org\/{rel}","templated":true}]}}