{"id":22565,"date":"2022-11-26T11:37:45","date_gmt":"2022-11-26T11:37:45","guid":{"rendered":"https:\/\/groupevolution.com\/?page_id=22565"},"modified":"2025-09-10T11:53:54","modified_gmt":"2025-09-10T10:53:54","slug":"landscapephotography","status":"publish","type":"page","link":"https:\/\/groupevolution.com\/de\/creative\/landscapephotography\/","title":{"rendered":"Fesseln Sie Ihre Fantasie"},"content":{"rendered":"<h3>\n\t\t\tcapture your imagination\t<\/h3>\n<h2>\n\t\t\tlandscape photography with Paul Mitchell\t<\/h2>\n\t<p>Our landscape photography retreats, led by Paul Mitchell, will make the most of the Spring bloom and Autumn colours in our wonderful corner of the Pays de la Loire. Time will be well spent in ancient woodlands, by\u00a0 wonderful meandering rivers, imposing gorges and on the Chateau grounds. You&#8217;ll also spend plenty of time in our cosy Chateau, being guided through the editing and production of your work, relaxing and enjoying delicious homemade food.<\/p>\n<p>Paul has had numerous exhibitions in London and the South East and has had articles and images published in many photographic magazines. Paul has also been successful in the prestigious Landscape Photographer of the Year competition, winning the Sunday Times Choice Award in 2013, the Urban Category winner in 2015 and being commended in 2017 and 2018. He is a Fellow of the Royal Photographic Society, current Chair of the Visual Art Distinctions Panel and serves on the Landscape Distinctions Panel. A member of the prestigious Arena group of photographers and a founder member of the Landscape Collective UK, Paul is also a well respected photographic judge and lecturer.<\/p>\n<p>Accompanying partners are welcome and can enjoy therapeutic massages, restorative treatments and yoga or pilates classes.<\/p>\n\t\t\t<a href=\"#retreats-calendar\" target=\"_self\">\n\t\t\t\t\t\t\tJETZT BUCHEN\n\t\t\t\t\t<\/a>\n<h3>\n\t\t\tWHAT&#8217;S INCLUDED\t<\/h3>\n<h2>\n\t\t\tStressfreie Tage im Chateau mit\t<\/h2>\n<h2>\n\t\t\tALLES, WAS MAN SICH W\u00dcNSCHEN KANN, UND NOCH MEHR.\t<\/h2>\n\t<p>Exclusive use of the entire 27 acre <strong>parkland<\/strong> <strong>Chateau Estate<\/strong> for retreat attendees<\/p>\n<p><strong>En-suite accommodation<\/strong> in the &#8216;fairytale&#8217; Chateau de la Motte Henry<\/p>\n<p>Nutritious,<strong> tailored menu<\/strong>, accommodating all dietary requirements, including 3 meals per day, readily available snacks and all drinks (incl. beers and wine)<\/p>\n<p>Wonderful<strong> health and wellness facilities<\/strong> &#8211; gym, 25m heated pool, massage room, yoga studio<\/p>\n\t<p>Great<strong> social and relaxation areas <\/strong>&#8211; lakeside decking, walled garden, opulent lounges and dining areas<\/p>\n<p><strong>Daily photographic shoots<\/strong> at varied locations around the northern Pays de la Loire, accompanied by Paul<\/p>\n<p><strong>Editing sessions and informative seminars<\/strong> led by Paul<\/p>\n<p>Excursion to a <strong>local French market<\/strong> and chocolate shop<\/p>\n<p>Complementary <strong>transfers<\/strong> from airports and train stations on nominated flights<\/p>\n<p>&nbsp;<\/p>\n<h3>\n\t\t\tDIE STIMME\t<\/h3>\n\t<p>Chateau de la Motte Henry ist ein sch\u00f6nes, 19<sup>th<\/sup> Century Chateau set in over 9 hectares of glorious parkland in the Pays de la Loire. Easy to get to from the UK and mainland Europe, the Chateau is equipped with first class health, fitness and leisure facilities to allow guests to relax and reenergise. The spacious accommodation remains true to the Chateau&#8217;s heritage, updated for modern convenience.<\/p>\n<p><a href=\"\/de\/venue\/\">Siehe den Veranstaltungsort<\/a><\/p>\n<h3>\n\t\t\tGESUNDES, NAHRHAFTES ESSEN\t<\/h3>\n<h2>\n\t\t\tLIEBEVOLL VORBEREITET\t<\/h2>\n\t<p>Unsere Ern\u00e4hrungsberaterin und unser K\u00fcchenchef haben ein auff\u00e4lliges, k\u00f6stliches Men\u00fc entworfen, das auf lokalen, biologischen Produkten basiert. Wir servieren Ihnen Bio-Lebensmittel von h\u00f6chster Qualit\u00e4t aus der Region, um Ihnen w\u00e4hrend Ihres gesamten Aufenthalts ein anregendes und entgiftendes Men\u00fc zu bieten. F\u00fcr Vegetarier und Veganer wird gesorgt.<\/p>\n<h4>\n\t\t\tMEN\u00dc MUSTER\t<\/h4>\n\t\t\t\t<img decoding=\"async\" src=\"https:\/\/groupevolution.com\/wp-content\/uploads\/2017\/12\/MenuFood33.1-350x200.jpg\" alt=\"Two glasses of yogurt parfaits topped with granola are centered, with a spoon and fork on a napkin between them. A pink smoothie with a strawberry and a green smoothie with an orange slice are on opposite sides, set on a white tablecloth.\" itemprop=\"image\" title=\"Men\u00fcErn\u00e4hrung33.1\" onerror=\"this.style.display='none'\" loading=\"lazy\" \/>\n<h4>\n\t\t\tBREAKFAST\t<\/h4>\n\t<p>Unterschrift hausgemachtes Granola<\/p>\n<p>Platte mit frischem Obst<\/p>\n<p>R\u00fchreier mit ger\u00e4ucherter Forelle &amp; Dill<\/p>\n<p>Hafer- &amp; Chiasamen-Birkent\u00f6pfe mit gemischten Beeren<\/p>\n<p>Aufwachen energetisierende Smoothies<\/p>\n<p>Frischer Orangen- und rosa Pampelmusensaft<\/p>\n\t\t\t\t<img decoding=\"async\" src=\"https:\/\/groupevolution.com\/wp-content\/uploads\/2017\/12\/MenuFood30.1-350x200.jpg\" alt=\"A white plate with grilled chicken topped with melted cheese and spinach, accompanied by a tomato and avocado salad, and a lentil salad with feta cheese.\" itemprop=\"image\" title=\"Men\u00fcLebensmittel30.1\" onerror=\"this.style.display='none'\" loading=\"lazy\" \/>\n<h4>\n\t\t\tMITTAGESSEN\t<\/h4>\n\t<p>Gew\u00fcrzte marokkanische Putenbrust<\/p>\n<p>Guacamole<\/p>\n<p>Puy-Linse, sonnengetrocknete Tomate und Feta-Salat<\/p>\n<p>Gurken- und Tomatensalat mit Minze<\/p>\n<p>Kichererbse &amp; Granatapfel Cous-Cous-Cous<\/p>\n<p>Gr\u00fcner Salat <\/p>\n\t\t\t\t<img decoding=\"async\" src=\"https:\/\/groupevolution.com\/wp-content\/uploads\/2017\/12\/MenuFood6.1-350x200.jpg\" alt=\"A white bowl filled with vibrant orange tomato soup sits on a cream-colored tablecloth. The soup is garnished with fresh basil leaves. A spoon is placed on a folded napkin next to the bowl.\" itemprop=\"image\" title=\"Men\u00fcErn\u00e4hrung6.1\" onerror=\"this.style.display='none'\" loading=\"lazy\" \/>\n<h4>\n\t\t\tDINNER\t<\/h4>\n\t<p>Suppe aus ger\u00f6steten Tomaten und Basilikum<\/p>\n<p>S\u00fcdamerikanische Fischfrikadellen aus S\u00fc\u00dfkartoffeln und Schellfisch, mit Zitronen- und Thymiansauce<\/p>\n<p>Wildspinat<\/p>\n<p>Brechbohnen<\/p>\n<p>Glasierte M\u00f6hren<\/p>\n<p>Himbeere &amp; Chia-Topf<\/p>\n<h3  id=\"customlistingsBooking\">\n\t\t\tbevorstehende Camps\t<\/h3>\n<h3  id=\"letsconnect\">\n\t\t\tJETZT ANFRAGE\t<\/h3>\n\t\n\t\n\tNotice: JavaScript is required for this content.\n        <!-- That data is being printed as a workaround to page builders reordering the order of the scripts loaded-->","protected":false},"excerpt":{"rendered":"<p>capture your imagination landscape photography with Paul Mitchell Our landscape photography retreats, led by Paul Mitchell, will make the most of the Spring bloom and Autumn colours in our wonderful corner of the Pays de la Loire. Time will be well spent in ancient woodlands, by\u00a0 wonderful meandering rivers, imposing gorges and on the Chateau&hellip;<\/p>","protected":false},"author":3,"featured_media":7423,"parent":26172,"menu_order":0,"comment_status":"closed","ping_status":"closed","template":"","meta":{"_acf_changed":false,"footnotes":""},"categories":[],"retreat-category":[142,175],"class_list":["post-22565","page","type-page","status-publish","has-post-thumbnail","hentry","retreat-category-creative-arts","retreat-category-photography"],"acf":[],"yoast_head":"<!-- This site is optimized with the Yoast SEO Premium plugin v27.4 (Yoast SEO v27.4) - https:\/\/yoast.com\/product\/yoast-seo-premium-wordpress\/ -->\n<title>Capture your Imagination - Group Evolution<\/title>\n<meta name=\"description\" content=\"Join us and renowned photographer Paul Mitchell for our landscape photography holiday in the stunning Pays de la Loire. Relax and pause for thought at our &#039;fairytale&#039; Chateau. Hone your skills with informative group discussions, 1-1 consultations and guided learning. At the same time benefit from taking some time out in the company of like-minded individuals.\" \/>\n<meta name=\"robots\" content=\"index, follow, max-snippet:-1, max-image-preview:large, max-video-preview:-1\" \/>\n<link rel=\"canonical\" href=\"https:\/\/groupevolution.com\/de\/creative\/landscapephotography\/\" \/>\n<meta property=\"og:locale\" content=\"de_DE\" \/>\n<meta property=\"og:type\" content=\"article\" \/>\n<meta property=\"og:title\" content=\"Embrace Change\" \/>\n<meta property=\"og:description\" content=\"Relax at our &#039;fairytale&#039; Chateau and enjoy delicious and nutritious meals, informative group seminars, therapeutic exercise classes and enjoyable local excursions. At the same time you will benefit from personal therapy, a nutritional consultation and a physical fitness review. We aim for you to leave happy, healthy and positive, with great memories and &#039;informed wellbeing&#039;.\" \/>\n<meta property=\"og:url\" content=\"https:\/\/groupevolution.com\/de\/creative\/landscapephotography\/\" \/>\n<meta property=\"og:site_name\" content=\"Group Evolution\" \/>\n<meta property=\"article:publisher\" content=\"https:\/\/www.facebook.com\/groupevolutionretreats\" \/>\n<meta property=\"article:modified_time\" content=\"2025-09-10T10:53:54+00:00\" \/>\n<meta property=\"og:image\" content=\"https:\/\/groupevolution.com\/wp-content\/uploads\/2019\/07\/image00042-1024x1024.jpeg\" \/>\n\t<meta property=\"og:image:width\" content=\"1024\" \/>\n\t<meta property=\"og:image:height\" content=\"1024\" \/>\n\t<meta property=\"og:image:type\" content=\"image\/jpeg\" \/>\n<meta name=\"twitter:card\" content=\"summary_large_image\" \/>\n<meta name=\"twitter:title\" content=\"Embrace Change\" \/>\n<meta name=\"twitter:description\" content=\"Relax at our &#039;fairytale&#039; Chateau and enjoy delicious and nutritious meals, informative group seminars, therapeutic exercise classes and local excursions. At the same time you will benefit from personal therapy, a nutritional consultation and a physical fitness review. We aim for you to leave happy, healthy and positive, with great memories and &#039;informed wellbeing&#039;.\" \/>\n<meta name=\"twitter:image\" content=\"https:\/\/groupevolution.com\/wp-content\/uploads\/2019\/07\/image00042.jpeg\" \/>\n<meta name=\"twitter:site\" content=\"@groupevolution_\" \/>\n<meta name=\"twitter:label1\" content=\"Gesch\u00e4tzte Lesezeit\" \/>\n\t<meta name=\"twitter:data1\" content=\"16\u00a0Minuten\" \/>\n<script type=\"application\/ld+json\" class=\"yoast-schema-graph\">{\"@context\":\"https:\\\/\\\/schema.org\",\"@graph\":[{\"@type\":\"WebPage\",\"@id\":\"https:\\\/\\\/groupevolution.com\\\/creative\\\/landscapephotography\\\/\",\"url\":\"https:\\\/\\\/groupevolution.com\\\/creative\\\/landscapephotography\\\/\",\"name\":\"Capture your Imagination - Group Evolution\",\"isPartOf\":{\"@id\":\"https:\\\/\\\/groupevolution.com\\\/#website\"},\"primaryImageOfPage\":{\"@id\":\"https:\\\/\\\/groupevolution.com\\\/creative\\\/landscapephotography\\\/#primaryimage\"},\"image\":{\"@id\":\"https:\\\/\\\/groupevolution.com\\\/creative\\\/landscapephotography\\\/#primaryimage\"},\"thumbnailUrl\":\"https:\\\/\\\/groupevolution.com\\\/wp-content\\\/uploads\\\/2018\\\/10\\\/DSC_5746.jpg\",\"datePublished\":\"2022-11-26T11:37:45+00:00\",\"dateModified\":\"2025-09-10T10:53:54+00:00\",\"description\":\"Join us and renowned photographer Paul Mitchell for our landscape photography holiday in the stunning Pays de la Loire. Relax and pause for thought at our 'fairytale' Chateau. Hone your skills with informative group discussions, 1-1 consultations and guided learning. At the same time benefit from taking some time out in the company of like-minded individuals.\",\"breadcrumb\":{\"@id\":\"https:\\\/\\\/groupevolution.com\\\/creative\\\/landscapephotography\\\/#breadcrumb\"},\"inLanguage\":\"de\",\"potentialAction\":[{\"@type\":\"ReadAction\",\"target\":[\"https:\\\/\\\/groupevolution.com\\\/creative\\\/landscapephotography\\\/\"]}]},{\"@type\":\"ImageObject\",\"inLanguage\":\"de\",\"@id\":\"https:\\\/\\\/groupevolution.com\\\/creative\\\/landscapephotography\\\/#primaryimage\",\"url\":\"https:\\\/\\\/groupevolution.com\\\/wp-content\\\/uploads\\\/2018\\\/10\\\/DSC_5746.jpg\",\"contentUrl\":\"https:\\\/\\\/groupevolution.com\\\/wp-content\\\/uploads\\\/2018\\\/10\\\/DSC_5746.jpg\",\"width\":4800,\"height\":3200,\"caption\":\"A serene scene of a castle with two conical towers reflected in a calm lake. The castle is surrounded by lush green trees under a partly cloudy sky. The lakes tranquil surface mirrors the landscape.\"},{\"@type\":\"BreadcrumbList\",\"@id\":\"https:\\\/\\\/groupevolution.com\\\/creative\\\/landscapephotography\\\/#breadcrumb\",\"itemListElement\":[{\"@type\":\"ListItem\",\"position\":1,\"name\":\"Home\",\"item\":\"https:\\\/\\\/groupevolution.com\\\/\"},{\"@type\":\"ListItem\",\"position\":2,\"name\":\"Creative\",\"item\":\"https:\\\/\\\/groupevolution.com\\\/creative\\\/\"},{\"@type\":\"ListItem\",\"position\":3,\"name\":\"Capture your Imagination\"}]},{\"@type\":\"WebSite\",\"@id\":\"https:\\\/\\\/groupevolution.com\\\/#website\",\"url\":\"https:\\\/\\\/groupevolution.com\\\/\",\"name\":\"www.groupevolution.com\",\"description\":\"Luxury Retreats &amp; Performance Services\",\"publisher\":{\"@id\":\"https:\\\/\\\/groupevolution.com\\\/#organization\"},\"potentialAction\":[{\"@type\":\"SearchAction\",\"target\":{\"@type\":\"EntryPoint\",\"urlTemplate\":\"https:\\\/\\\/groupevolution.com\\\/?s={search_term_string}\"},\"query-input\":{\"@type\":\"PropertyValueSpecification\",\"valueRequired\":true,\"valueName\":\"search_term_string\"}}],\"inLanguage\":\"de\"},{\"@type\":\"Organization\",\"@id\":\"https:\\\/\\\/groupevolution.com\\\/#organization\",\"name\":\"Group Evolution\",\"url\":\"https:\\\/\\\/groupevolution.com\\\/\",\"logo\":{\"@type\":\"ImageObject\",\"inLanguage\":\"de\",\"@id\":\"https:\\\/\\\/groupevolution.com\\\/#\\\/schema\\\/logo\\\/image\\\/\",\"url\":\"https:\\\/\\\/groupevolution.com\\\/wp-content\\\/uploads\\\/2025\\\/09\\\/Group_Evolution_Retreats_Primary_Logo_RGB_GOLD_FA_HR-e1759242659989.png\",\"contentUrl\":\"https:\\\/\\\/groupevolution.com\\\/wp-content\\\/uploads\\\/2025\\\/09\\\/Group_Evolution_Retreats_Primary_Logo_RGB_GOLD_FA_HR-e1759242659989.png\",\"width\":182,\"height\":54,\"caption\":\"Group Evolution\"},\"image\":{\"@id\":\"https:\\\/\\\/groupevolution.com\\\/#\\\/schema\\\/logo\\\/image\\\/\"},\"sameAs\":[\"https:\\\/\\\/www.facebook.com\\\/groupevolutionretreats\",\"https:\\\/\\\/x.com\\\/groupevolution_\",\"https:\\\/\\\/www.instagram.com\\\/group_evolution\\\/\",\"https:\\\/\\\/www.tiktok.com\\\/@groupevolutionretreats\",\"https:\\\/\\\/www.youtube.com\\\/channel\\\/UCDsSBQ_yMhe5zjVp6AbpwzA\\\/featured?view_as=subscriber\"]}]}<\/script>\n<!-- \/ Yoast SEO Premium plugin. -->","yoast_head_json":{"title":"Capture your Imagination - Group Evolution","description":"Join us and renowned photographer Paul Mitchell for our landscape photography holiday in the stunning Pays de la Loire. Relax and pause for thought at our 'fairytale' Chateau. Hone your skills with informative group discussions, 1-1 consultations and guided learning. At the same time benefit from taking some time out in the company of like-minded individuals.","robots":{"index":"index","follow":"follow","max-snippet":"max-snippet:-1","max-image-preview":"max-image-preview:large","max-video-preview":"max-video-preview:-1"},"canonical":"https:\/\/groupevolution.com\/de\/creative\/landscapephotography\/","og_locale":"de_DE","og_type":"article","og_title":"Embrace Change","og_description":"Relax at our 'fairytale' Chateau and enjoy delicious and nutritious meals, informative group seminars, therapeutic exercise classes and enjoyable local excursions. At the same time you will benefit from personal therapy, a nutritional consultation and a physical fitness review. We aim for you to leave happy, healthy and positive, with great memories and 'informed wellbeing'.","og_url":"https:\/\/groupevolution.com\/de\/creative\/landscapephotography\/","og_site_name":"Group Evolution","article_publisher":"https:\/\/www.facebook.com\/groupevolutionretreats","article_modified_time":"2025-09-10T10:53:54+00:00","og_image":[{"width":1024,"height":1024,"url":"https:\/\/groupevolution.com\/wp-content\/uploads\/2019\/07\/image00042-1024x1024.jpeg","type":"image\/jpeg"}],"twitter_card":"summary_large_image","twitter_title":"Embrace Change","twitter_description":"Relax at our 'fairytale' Chateau and enjoy delicious and nutritious meals, informative group seminars, therapeutic exercise classes and local excursions. At the same time you will benefit from personal therapy, a nutritional consultation and a physical fitness review. We aim for you to leave happy, healthy and positive, with great memories and 'informed wellbeing'.","twitter_image":"https:\/\/groupevolution.com\/wp-content\/uploads\/2019\/07\/image00042.jpeg","twitter_site":"@groupevolution_","twitter_misc":{"Gesch\u00e4tzte Lesezeit":"16\u00a0Minuten"},"schema":{"@context":"https:\/\/schema.org","@graph":[{"@type":"WebPage","@id":"https:\/\/groupevolution.com\/creative\/landscapephotography\/","url":"https:\/\/groupevolution.com\/creative\/landscapephotography\/","name":"Capture your Imagination - Group Evolution","isPartOf":{"@id":"https:\/\/groupevolution.com\/#website"},"primaryImageOfPage":{"@id":"https:\/\/groupevolution.com\/creative\/landscapephotography\/#primaryimage"},"image":{"@id":"https:\/\/groupevolution.com\/creative\/landscapephotography\/#primaryimage"},"thumbnailUrl":"https:\/\/groupevolution.com\/wp-content\/uploads\/2018\/10\/DSC_5746.jpg","datePublished":"2022-11-26T11:37:45+00:00","dateModified":"2025-09-10T10:53:54+00:00","description":"Join us and renowned photographer Paul Mitchell for our landscape photography holiday in the stunning Pays de la Loire. Relax and pause for thought at our 'fairytale' Chateau. Hone your skills with informative group discussions, 1-1 consultations and guided learning. At the same time benefit from taking some time out in the company of like-minded individuals.","breadcrumb":{"@id":"https:\/\/groupevolution.com\/creative\/landscapephotography\/#breadcrumb"},"inLanguage":"de","potentialAction":[{"@type":"ReadAction","target":["https:\/\/groupevolution.com\/creative\/landscapephotography\/"]}]},{"@type":"ImageObject","inLanguage":"de","@id":"https:\/\/groupevolution.com\/creative\/landscapephotography\/#primaryimage","url":"https:\/\/groupevolution.com\/wp-content\/uploads\/2018\/10\/DSC_5746.jpg","contentUrl":"https:\/\/groupevolution.com\/wp-content\/uploads\/2018\/10\/DSC_5746.jpg","width":4800,"height":3200,"caption":"A serene scene of a castle with two conical towers reflected in a calm lake. The castle is surrounded by lush green trees under a partly cloudy sky. The lakes tranquil surface mirrors the landscape."},{"@type":"BreadcrumbList","@id":"https:\/\/groupevolution.com\/creative\/landscapephotography\/#breadcrumb","itemListElement":[{"@type":"ListItem","position":1,"name":"Home","item":"https:\/\/groupevolution.com\/"},{"@type":"ListItem","position":2,"name":"Creative","item":"https:\/\/groupevolution.com\/creative\/"},{"@type":"ListItem","position":3,"name":"Capture your Imagination"}]},{"@type":"WebSite","@id":"https:\/\/groupevolution.com\/#website","url":"https:\/\/groupevolution.com\/","name":"www.groupevolution.com","description":"Luxury Retreats &amp; Performance Services","publisher":{"@id":"https:\/\/groupevolution.com\/#organization"},"potentialAction":[{"@type":"SearchAction","target":{"@type":"EntryPoint","urlTemplate":"https:\/\/groupevolution.com\/?s={search_term_string}"},"query-input":{"@type":"PropertyValueSpecification","valueRequired":true,"valueName":"search_term_string"}}],"inLanguage":"de"},{"@type":"Organization","@id":"https:\/\/groupevolution.com\/#organization","name":"Entwicklung der Gruppe","url":"https:\/\/groupevolution.com\/","logo":{"@type":"ImageObject","inLanguage":"de","@id":"https:\/\/groupevolution.com\/#\/schema\/logo\/image\/","url":"https:\/\/groupevolution.com\/wp-content\/uploads\/2025\/09\/Group_Evolution_Retreats_Primary_Logo_RGB_GOLD_FA_HR-e1759242659989.png","contentUrl":"https:\/\/groupevolution.com\/wp-content\/uploads\/2025\/09\/Group_Evolution_Retreats_Primary_Logo_RGB_GOLD_FA_HR-e1759242659989.png","width":182,"height":54,"caption":"Group Evolution"},"image":{"@id":"https:\/\/groupevolution.com\/#\/schema\/logo\/image\/"},"sameAs":["https:\/\/www.facebook.com\/groupevolutionretreats","https:\/\/x.com\/groupevolution_","https:\/\/www.instagram.com\/group_evolution\/","https:\/\/www.tiktok.com\/@groupevolutionretreats","https:\/\/www.youtube.com\/channel\/UCDsSBQ_yMhe5zjVp6AbpwzA\/featured?view_as=subscriber"]}]}},"jetpack_sharing_enabled":true,"_links":{"self":[{"href":"https:\/\/groupevolution.com\/de\/wp-json\/wp\/v2\/pages\/22565","targetHints":{"allow":["GET"]}}],"collection":[{"href":"https:\/\/groupevolution.com\/de\/wp-json\/wp\/v2\/pages"}],"about":[{"href":"https:\/\/groupevolution.com\/de\/wp-json\/wp\/v2\/types\/page"}],"author":[{"embeddable":true,"href":"https:\/\/groupevolution.com\/de\/wp-json\/wp\/v2\/users\/3"}],"replies":[{"embeddable":true,"href":"https:\/\/groupevolution.com\/de\/wp-json\/wp\/v2\/comments?post=22565"}],"version-history":[{"count":11,"href":"https:\/\/groupevolution.com\/de\/wp-json\/wp\/v2\/pages\/22565\/revisions"}],"predecessor-version":[{"id":27055,"href":"https:\/\/groupevolution.com\/de\/wp-json\/wp\/v2\/pages\/22565\/revisions\/27055"}],"up":[{"embeddable":true,"href":"https:\/\/groupevolution.com\/de\/wp-json\/wp\/v2\/pages\/26172"}],"wp:featuredmedia":[{"embeddable":true,"href":"https:\/\/groupevolution.com\/de\/wp-json\/wp\/v2\/media\/7423"}],"wp:attachment":[{"href":"https:\/\/groupevolution.com\/de\/wp-json\/wp\/v2\/media?parent=22565"}],"wp:term":[{"taxonomy":"category","embeddable":true,"href":"https:\/\/groupevolution.com\/de\/wp-json\/wp\/v2\/categories?post=22565"},{"taxonomy":"retreat-category","embeddable":true,"href":"https:\/\/groupevolution.com\/de\/wp-json\/wp\/v2\/retreat-category?post=22565"}],"curies":[{"name":"wp","href":"https:\/\/api.w.org\/{rel}","templated":true}]}}