{"id":21398,"date":"2021-09-11T09:03:44","date_gmt":"2021-09-11T08:03:44","guid":{"rendered":"https:\/\/groupevolution.com\/?page_id=21398"},"modified":"2025-09-11T10:43:47","modified_gmt":"2025-09-11T09:43:47","slug":"reset-retreat","status":"publish","type":"page","link":"https:\/\/groupevolution.com\/de\/wellness\/reset-retreat\/","title":{"rendered":"Wellness Reset"},"content":{"rendered":"<h3>\n\t\t\tweekend wellbeing\t<\/h3>\n<h2>\n\t\t\tjoin us at our idyllic reset retreat\t<\/h2>\n\t<p>Set in 27 acres of picturesque parkland grounds, reset and relax at Chateau de la Motte Henry. With its own unique charm, full of hidden hideaways and beautiful period features, the whole estate is yours for the weekend. Wander around the lake, energise in the well-equipped gym, take a dip in the 25m swimming pool or simply chill out in one of the various hideaways, so you can truly reflect, decompress and breathe.<\/p>\n<p>The ample gardens and spacious indoor yoga studio allow us the perfect space to practice meditation, yoga and pilates and re-align and breathe in beautiful nature. Take the opportunity for a relaxing massage or spa treatment. Meals are healthy, nutritious and all included &#8211; enjoyed on the lakeside terrace, in the sun-kissed Rose garden or the 19th Century dining room.<\/p>\n\t\t\t<a href=\"https:\/\/groupevolution.com\/de\/produkt\/wellnessreset\/\" target=\"_self\">\n\t\t\t\t\t\t\tJETZT BUCHEN\n\t\t\t\t\t<\/a>\n<h3>\n\t\t\tWHAT&#8217;S INCLUDED\t<\/h3>\n\t<p>Luxurious en-suite accommodation in the recently refurbished, &#8216;fairytale&#8217; Chateau de la Motte Henry<\/p>\n<p>Nutritious and energising food and drink, including 3 meals per day, smoothies and snacks<\/p>\n<p>Superb on-site facilities &#8211; running trail, high performance gym, 25m swimming pool, yoga studio and open water lake<\/p>\n<p>Great social and relaxation areas &#8211; lakeside decking, walled garden, woodland paths and secret picnic spots<\/p>\n<p>&nbsp;<\/p>\n<p>&nbsp;<\/p>\n\t<p>2 daily group pilates and yoga classes, group exercise classes &amp; guided meditations<\/p>\n<p>A trip to the local lake for an outdoor wild swim experience<\/p>\n<p>A group walk or run to explore the picturesque villages and local trails<\/p>\n<p>On site, 1-1 full body MoT conducted by our degree qualified sports scientist<\/p>\n<p>A lift from the airport or train station<\/p>\n<p>&nbsp;<\/p>\n<p>&nbsp;<\/p>\n<h3>\n\t\t\tstunning venue\t<\/h3>\n\t<p>Gorgeous Chateau, with luxury, boutique style accommodation, superb sports facilities, and welcoming social areas, set in 27 acres of beautiful woodland grounds. Referenced in Times Top 20 Chateaux.<\/p>\n<h3>\n\t\t\tdelicious food\t<\/h3>\n\t<p>Genie\u00dfe eine erstklassige Verpflegung, die genau auf deinen aktiven Aufenthalt abgestimmt ist. Unsere Mahlzeiten sind nahrhaft, frisch und kreativ von einer privaten K\u00f6chin f\u00fcr dich zubereitet. F\u00fcr zwischendurch stehen Snacks bereit, und f\u00fcr die Einheiten im Wasser gibt es unsere hausgemachten Energieriegel.<\/p>\n<h3>\n\t\t\tZEITLOSER LUXUS\t<\/h3>\n\t<p>Individually designed en-suite bedrooms, stunning renovated sitting rooms and cosy reading areas inspire and relax whilst staying true to the Chateau&#8217;s heritage.<\/p>\n<h3>\n\t\t\tKOSTENLOS\t<\/h3>\n\t<p>Personal transfers from local airports and train stations. Fully supported exercise, 1-1, small group and group. All meals, snacks and drinks included. Single, exceptional base location. Chilled and relaxing evenings in the company of like-minded individuals. Fun and interesting local excursions.<\/p>\n<h3>\n\t\t\tGESUNDES, NAHRHAFTES ESSEN\t<\/h3>\n<h2>\n\t\t\tLIEBEVOLL VORBEREITET\t<\/h2>\n\t<p>Unsere Ern\u00e4hrungsberaterin und unser K\u00fcchenchef haben ein auff\u00e4lliges, k\u00f6stliches Men\u00fc entworfen, das auf lokalen, biologischen Produkten basiert. Wir servieren Ihnen Bio-Lebensmittel von h\u00f6chster Qualit\u00e4t aus der Region, um Ihnen w\u00e4hrend Ihres gesamten Aufenthalts ein anregendes und entgiftendes Men\u00fc zu bieten. F\u00fcr Vegetarier und Veganer wird gesorgt.<\/p>\n<h4>\n\t\t\tMEN\u00dc MUSTER\t<\/h4>\n\t\t\t\t<img decoding=\"async\" src=\"https:\/\/groupevolution.com\/wp-content\/uploads\/2017\/12\/MenuFood33.1-350x200.jpg\" alt=\"Two glasses of yogurt parfaits topped with granola are centered, with a spoon and fork on a napkin between them. A pink smoothie with a strawberry and a green smoothie with an orange slice are on opposite sides, set on a white tablecloth.\" itemprop=\"image\" title=\"Men\u00fcErn\u00e4hrung33.1\" onerror=\"this.style.display='none'\" loading=\"lazy\" \/>\n<h4>\n\t\t\tBREAKFAST\t<\/h4>\n\t<p>Unterschrift hausgemachtes Granola<\/p>\n<p>Platte mit frischem Obst<\/p>\n<p>R\u00fchreier mit ger\u00e4ucherter Forelle &amp; Dill<\/p>\n<p>Hafer- &amp; Chiasamen-Birkent\u00f6pfe mit gemischten Beeren<\/p>\n<p>Aufwachen energetisierende Smoothies<\/p>\n<p>Frischer Orangen- und rosa Pampelmusensaft<\/p>\n\t\t\t\t<img decoding=\"async\" src=\"https:\/\/groupevolution.com\/wp-content\/uploads\/2017\/12\/MenuFood30.1-350x200.jpg\" alt=\"A white plate with grilled chicken topped with melted cheese and spinach, accompanied by a tomato and avocado salad, and a lentil salad with feta cheese.\" itemprop=\"image\" title=\"Men\u00fcLebensmittel30.1\" onerror=\"this.style.display='none'\" loading=\"lazy\" \/>\n<h4>\n\t\t\tMITTAGESSEN\t<\/h4>\n\t<p>Gew\u00fcrzte marokkanische Putenbrust<\/p>\n<p>Guacamole<\/p>\n<p>Puy-Linse, sonnengetrocknete Tomate und Feta-Salat<\/p>\n<p>Gurken- und Tomatensalat mit Minze<\/p>\n<p>Kichererbse &amp; Granatapfel Cous-Cous-Cous<\/p>\n<p>Gr\u00fcner Salat <\/p>\n\t\t\t\t<img decoding=\"async\" src=\"https:\/\/groupevolution.com\/wp-content\/uploads\/2017\/12\/MenuFood6.1-350x200.jpg\" alt=\"A white bowl filled with vibrant orange tomato soup sits on a cream-colored tablecloth. The soup is garnished with fresh basil leaves. A spoon is placed on a folded napkin next to the bowl.\" itemprop=\"image\" title=\"Men\u00fcErn\u00e4hrung6.1\" onerror=\"this.style.display='none'\" loading=\"lazy\" \/>\n<h4>\n\t\t\tDINNER\t<\/h4>\n\t<p>Suppe aus ger\u00f6steten Tomaten und Basilikum<\/p>\n<p>S\u00fcdamerikanische Fischfrikadellen aus S\u00fc\u00dfkartoffeln und Schellfisch, mit Zitronen- und Thymiansauce<\/p>\n<p>Wildspinat<\/p>\n<p>Brechbohnen<\/p>\n<p>Glasierte M\u00f6hren<\/p>\n<p>Himbeere &amp; Chia-Topf<\/p>\n<h3>\n\t\t\tDer Spot: Chateau de la Motte Henry\t<\/h3>\n\t<p>Stell dir ein herrschaftliches Schloss aus dem 19. Jahrhundert vor, umgeben von 11 Hektar Gr\u00fcn \u2013 das ist unser Zuhause in den Pays de la Loire. Es ist superleicht zu erreichen und der perfekte Ort, um den Alltag mal kurz auf \u201ePause\u201c zu dr\u00fccken. Die Zimmer atmen Geschichte, bieten dir aber allen modernen Komfort, den du nach einem langen Trainingstag brauchst.<sup>th<\/sup> Century Chateau set in over 9 hectares of glorious parkland in the Pays de la Loire. Easy to get to from the UK and mainland Europe, the Chateau is equipped with first class health, fitness and leisure facilities to allow guests to relax and reenergise. The spacious accommodation remains true to the Chateau&#8217;s heritage, updated for modern convenience.<\/p>\n<p><a href=\"\/de\/venue\/\">Weitere Informationen<\/a><\/p>\n<h3  id=\"customlistingsBooking\">\n\t\t\tbevorstehende Camps\t<\/h3>\n<h3  id=\"letsconnect\">\n\t\t\tJETZT ANFRAGE\t<\/h3>\n\t\n\t\n\tNotice: JavaScript is required for this content.\n        <!-- That data is being printed as a workaround to page builders reordering the order of the scripts loaded-->","protected":false},"excerpt":{"rendered":"<p>weekend wellbeing join us at our idyllic reset retreat Set in 27 acres of picturesque parkland grounds, reset and relax at Chateau de la Motte Henry. With its own unique charm, full of hidden hideaways and beautiful period features, the whole estate is yours for the weekend. Wander around the lake, energise in the well-equipped&hellip;<\/p>","protected":false},"author":3,"featured_media":4494,"parent":26784,"menu_order":0,"comment_status":"closed","ping_status":"closed","template":"","meta":{"_acf_changed":false,"footnotes":""},"categories":[],"retreat-category":[164],"class_list":["post-21398","page","type-page","status-publish","has-post-thumbnail","hentry","retreat-category-reset-retreat"],"acf":[],"yoast_head":"<!-- This site is optimized with the Yoast SEO Premium plugin v27.4 (Yoast SEO v27.4) - https:\/\/yoast.com\/product\/yoast-seo-premium-wordpress\/ -->\n<title>Wellness Reset - Group Evolution<\/title>\n<meta name=\"description\" content=\"Our wellness reset is designed for you to relax and reenergise. Enjoy an idyllic rural break with plenty of opportunity to explore nature, socialise and utilise the amazing facilities at our stunning Chateau. You leave refreshed, ready to continue your journey.\" \/>\n<meta name=\"robots\" content=\"index, follow, max-snippet:-1, max-image-preview:large, max-video-preview:-1\" \/>\n<link rel=\"canonical\" href=\"https:\/\/groupevolution.com\/de\/wellness\/reset-retreat\/\" \/>\n<meta property=\"og:locale\" content=\"de_DE\" \/>\n<meta property=\"og:type\" content=\"article\" \/>\n<meta property=\"og:title\" content=\"Fitness Revolution\" \/>\n<meta property=\"og:description\" content=\"Our flagship wellness retreat is built around you. We design personal retreat programs to set you on your way to better health, wellness and fitness. Supported throughout by our expert team of fitness professionals, group sessions and small group activities will supplement your 1-1 time. There is also plenty of opportunity to relax, socialise and utilise the facilities at our stunning Chateau. You leave with a personalised, practical and purposeful wellness program to continue your journey.\" \/>\n<meta property=\"og:url\" content=\"https:\/\/groupevolution.com\/de\/wellness\/reset-retreat\/\" \/>\n<meta property=\"og:site_name\" content=\"Group Evolution\" \/>\n<meta property=\"article:publisher\" content=\"https:\/\/www.facebook.com\/groupevolutionretreats\" \/>\n<meta property=\"article:modified_time\" content=\"2025-09-11T09:43:47+00:00\" \/>\n<meta property=\"og:image\" content=\"https:\/\/groupevolution.com\/wp-content\/uploads\/2019\/07\/Yoga2.jpg\" \/>\n\t<meta property=\"og:image:width\" content=\"3864\" \/>\n\t<meta property=\"og:image:height\" content=\"2576\" \/>\n\t<meta property=\"og:image:type\" content=\"image\/jpeg\" \/>\n<meta name=\"twitter:card\" content=\"summary_large_image\" \/>\n<meta name=\"twitter:title\" content=\"Fitness Revolution\" \/>\n<meta name=\"twitter:description\" content=\"Our flagship wellness retreat is built around you. We design personal retreat programs to set you on your way to better health, wellness and fitness. Supported throughout by our expert team of fitness professionals, group sessions and small group activities will supplement your 1-1 time. There is also plenty of opportunity to relax, socialise and utilise the facilities at our stunning Chateau. You leave with a personalised, practical and purposeful wellness program to continue your journey.\" \/>\n<meta name=\"twitter:image\" content=\"https:\/\/groupevolution.com\/wp-content\/uploads\/2019\/07\/Yoga2.jpg\" \/>\n<meta name=\"twitter:site\" content=\"@groupevolution_\" \/>\n<meta name=\"twitter:label1\" content=\"Gesch\u00e4tzte Lesezeit\" \/>\n\t<meta name=\"twitter:data1\" content=\"9\u00a0Minuten\" \/>\n<script type=\"application\/ld+json\" class=\"yoast-schema-graph\">{\"@context\":\"https:\\\/\\\/schema.org\",\"@graph\":[{\"@type\":\"WebPage\",\"@id\":\"https:\\\/\\\/groupevolution.com\\\/wellness\\\/reset-retreat\\\/\",\"url\":\"https:\\\/\\\/groupevolution.com\\\/wellness\\\/reset-retreat\\\/\",\"name\":\"Wellness Reset - Group Evolution\",\"isPartOf\":{\"@id\":\"https:\\\/\\\/groupevolution.com\\\/#website\"},\"primaryImageOfPage\":{\"@id\":\"https:\\\/\\\/groupevolution.com\\\/wellness\\\/reset-retreat\\\/#primaryimage\"},\"image\":{\"@id\":\"https:\\\/\\\/groupevolution.com\\\/wellness\\\/reset-retreat\\\/#primaryimage\"},\"thumbnailUrl\":\"https:\\\/\\\/groupevolution.com\\\/wp-content\\\/uploads\\\/2018\\\/01\\\/Man_Logo_Back_LRG.1.jpg\",\"datePublished\":\"2021-09-11T08:03:44+00:00\",\"dateModified\":\"2025-09-11T09:43:47+00:00\",\"description\":\"Our wellness reset is designed for you to relax and reenergise. Enjoy an idyllic rural break with plenty of opportunity to explore nature, socialise and utilise the amazing facilities at our stunning Chateau. You leave refreshed, ready to continue your journey.\",\"breadcrumb\":{\"@id\":\"https:\\\/\\\/groupevolution.com\\\/wellness\\\/reset-retreat\\\/#breadcrumb\"},\"inLanguage\":\"de\",\"potentialAction\":[{\"@type\":\"ReadAction\",\"target\":[\"https:\\\/\\\/groupevolution.com\\\/wellness\\\/reset-retreat\\\/\"]}]},{\"@type\":\"ImageObject\",\"inLanguage\":\"de\",\"@id\":\"https:\\\/\\\/groupevolution.com\\\/wellness\\\/reset-retreat\\\/#primaryimage\",\"url\":\"https:\\\/\\\/groupevolution.com\\\/wp-content\\\/uploads\\\/2018\\\/01\\\/Man_Logo_Back_LRG.1.jpg\",\"contentUrl\":\"https:\\\/\\\/groupevolution.com\\\/wp-content\\\/uploads\\\/2018\\\/01\\\/Man_Logo_Back_LRG.1.jpg\",\"width\":1900,\"height\":1267,\"caption\":\"A person wearing a purple shirt with a geometric logo is seated on the floor, facing two others. They appear to be in a serene setting with mats, indicative of yoga or meditation practices\u2014a perfect scene for an intimate Personal Consultation.\"},{\"@type\":\"BreadcrumbList\",\"@id\":\"https:\\\/\\\/groupevolution.com\\\/wellness\\\/reset-retreat\\\/#breadcrumb\",\"itemListElement\":[{\"@type\":\"ListItem\",\"position\":1,\"name\":\"Home\",\"item\":\"https:\\\/\\\/groupevolution.com\\\/\"},{\"@type\":\"ListItem\",\"position\":2,\"name\":\"Wellness\",\"item\":\"https:\\\/\\\/groupevolution.com\\\/wellness\\\/\"},{\"@type\":\"ListItem\",\"position\":3,\"name\":\"Wellness Reset\"}]},{\"@type\":\"WebSite\",\"@id\":\"https:\\\/\\\/groupevolution.com\\\/#website\",\"url\":\"https:\\\/\\\/groupevolution.com\\\/\",\"name\":\"www.groupevolution.com\",\"description\":\"Luxury Retreats &amp; Performance Services\",\"publisher\":{\"@id\":\"https:\\\/\\\/groupevolution.com\\\/#organization\"},\"potentialAction\":[{\"@type\":\"SearchAction\",\"target\":{\"@type\":\"EntryPoint\",\"urlTemplate\":\"https:\\\/\\\/groupevolution.com\\\/?s={search_term_string}\"},\"query-input\":{\"@type\":\"PropertyValueSpecification\",\"valueRequired\":true,\"valueName\":\"search_term_string\"}}],\"inLanguage\":\"de\"},{\"@type\":\"Organization\",\"@id\":\"https:\\\/\\\/groupevolution.com\\\/#organization\",\"name\":\"Group Evolution\",\"url\":\"https:\\\/\\\/groupevolution.com\\\/\",\"logo\":{\"@type\":\"ImageObject\",\"inLanguage\":\"de\",\"@id\":\"https:\\\/\\\/groupevolution.com\\\/#\\\/schema\\\/logo\\\/image\\\/\",\"url\":\"https:\\\/\\\/groupevolution.com\\\/wp-content\\\/uploads\\\/2025\\\/09\\\/Group_Evolution_Retreats_Primary_Logo_RGB_GOLD_FA_HR-e1759242659989.png\",\"contentUrl\":\"https:\\\/\\\/groupevolution.com\\\/wp-content\\\/uploads\\\/2025\\\/09\\\/Group_Evolution_Retreats_Primary_Logo_RGB_GOLD_FA_HR-e1759242659989.png\",\"width\":182,\"height\":54,\"caption\":\"Group Evolution\"},\"image\":{\"@id\":\"https:\\\/\\\/groupevolution.com\\\/#\\\/schema\\\/logo\\\/image\\\/\"},\"sameAs\":[\"https:\\\/\\\/www.facebook.com\\\/groupevolutionretreats\",\"https:\\\/\\\/x.com\\\/groupevolution_\",\"https:\\\/\\\/www.instagram.com\\\/group_evolution\\\/\",\"https:\\\/\\\/www.tiktok.com\\\/@groupevolutionretreats\",\"https:\\\/\\\/www.youtube.com\\\/channel\\\/UCDsSBQ_yMhe5zjVp6AbpwzA\\\/featured?view_as=subscriber\"]}]}<\/script>\n<!-- \/ Yoast SEO Premium plugin. -->","yoast_head_json":{"title":"Wellness Reset - Group Evolution","description":"Our wellness reset is designed for you to relax and reenergise. Enjoy an idyllic rural break with plenty of opportunity to explore nature, socialise and utilise the amazing facilities at our stunning Chateau. You leave refreshed, ready to continue your journey.","robots":{"index":"index","follow":"follow","max-snippet":"max-snippet:-1","max-image-preview":"max-image-preview:large","max-video-preview":"max-video-preview:-1"},"canonical":"https:\/\/groupevolution.com\/de\/wellness\/reset-retreat\/","og_locale":"de_DE","og_type":"article","og_title":"Fitness Revolution","og_description":"Our flagship wellness retreat is built around you. We design personal retreat programs to set you on your way to better health, wellness and fitness. Supported throughout by our expert team of fitness professionals, group sessions and small group activities will supplement your 1-1 time. There is also plenty of opportunity to relax, socialise and utilise the facilities at our stunning Chateau. You leave with a personalised, practical and purposeful wellness program to continue your journey.","og_url":"https:\/\/groupevolution.com\/de\/wellness\/reset-retreat\/","og_site_name":"Group Evolution","article_publisher":"https:\/\/www.facebook.com\/groupevolutionretreats","article_modified_time":"2025-09-11T09:43:47+00:00","og_image":[{"width":3864,"height":2576,"url":"https:\/\/groupevolution.com\/wp-content\/uploads\/2019\/07\/Yoga2.jpg","type":"image\/jpeg"}],"twitter_card":"summary_large_image","twitter_title":"Fitness Revolution","twitter_description":"Our flagship wellness retreat is built around you. We design personal retreat programs to set you on your way to better health, wellness and fitness. Supported throughout by our expert team of fitness professionals, group sessions and small group activities will supplement your 1-1 time. There is also plenty of opportunity to relax, socialise and utilise the facilities at our stunning Chateau. You leave with a personalised, practical and purposeful wellness program to continue your journey.","twitter_image":"https:\/\/groupevolution.com\/wp-content\/uploads\/2019\/07\/Yoga2.jpg","twitter_site":"@groupevolution_","twitter_misc":{"Gesch\u00e4tzte Lesezeit":"9\u00a0Minuten"},"schema":{"@context":"https:\/\/schema.org","@graph":[{"@type":"WebPage","@id":"https:\/\/groupevolution.com\/wellness\/reset-retreat\/","url":"https:\/\/groupevolution.com\/wellness\/reset-retreat\/","name":"Wellness Reset - Group Evolution","isPartOf":{"@id":"https:\/\/groupevolution.com\/#website"},"primaryImageOfPage":{"@id":"https:\/\/groupevolution.com\/wellness\/reset-retreat\/#primaryimage"},"image":{"@id":"https:\/\/groupevolution.com\/wellness\/reset-retreat\/#primaryimage"},"thumbnailUrl":"https:\/\/groupevolution.com\/wp-content\/uploads\/2018\/01\/Man_Logo_Back_LRG.1.jpg","datePublished":"2021-09-11T08:03:44+00:00","dateModified":"2025-09-11T09:43:47+00:00","description":"Our wellness reset is designed for you to relax and reenergise. Enjoy an idyllic rural break with plenty of opportunity to explore nature, socialise and utilise the amazing facilities at our stunning Chateau. You leave refreshed, ready to continue your journey.","breadcrumb":{"@id":"https:\/\/groupevolution.com\/wellness\/reset-retreat\/#breadcrumb"},"inLanguage":"de","potentialAction":[{"@type":"ReadAction","target":["https:\/\/groupevolution.com\/wellness\/reset-retreat\/"]}]},{"@type":"ImageObject","inLanguage":"de","@id":"https:\/\/groupevolution.com\/wellness\/reset-retreat\/#primaryimage","url":"https:\/\/groupevolution.com\/wp-content\/uploads\/2018\/01\/Man_Logo_Back_LRG.1.jpg","contentUrl":"https:\/\/groupevolution.com\/wp-content\/uploads\/2018\/01\/Man_Logo_Back_LRG.1.jpg","width":1900,"height":1267,"caption":"A person wearing a purple shirt with a geometric logo is seated on the floor, facing two others. They appear to be in a serene setting with mats, indicative of yoga or meditation practices\u2014a perfect scene for an intimate Personal Consultation."},{"@type":"BreadcrumbList","@id":"https:\/\/groupevolution.com\/wellness\/reset-retreat\/#breadcrumb","itemListElement":[{"@type":"ListItem","position":1,"name":"Home","item":"https:\/\/groupevolution.com\/"},{"@type":"ListItem","position":2,"name":"Wellness","item":"https:\/\/groupevolution.com\/wellness\/"},{"@type":"ListItem","position":3,"name":"Wellness Reset"}]},{"@type":"WebSite","@id":"https:\/\/groupevolution.com\/#website","url":"https:\/\/groupevolution.com\/","name":"www.groupevolution.com","description":"Luxury Retreats &amp; Performance Services","publisher":{"@id":"https:\/\/groupevolution.com\/#organization"},"potentialAction":[{"@type":"SearchAction","target":{"@type":"EntryPoint","urlTemplate":"https:\/\/groupevolution.com\/?s={search_term_string}"},"query-input":{"@type":"PropertyValueSpecification","valueRequired":true,"valueName":"search_term_string"}}],"inLanguage":"de"},{"@type":"Organization","@id":"https:\/\/groupevolution.com\/#organization","name":"Entwicklung der Gruppe","url":"https:\/\/groupevolution.com\/","logo":{"@type":"ImageObject","inLanguage":"de","@id":"https:\/\/groupevolution.com\/#\/schema\/logo\/image\/","url":"https:\/\/groupevolution.com\/wp-content\/uploads\/2025\/09\/Group_Evolution_Retreats_Primary_Logo_RGB_GOLD_FA_HR-e1759242659989.png","contentUrl":"https:\/\/groupevolution.com\/wp-content\/uploads\/2025\/09\/Group_Evolution_Retreats_Primary_Logo_RGB_GOLD_FA_HR-e1759242659989.png","width":182,"height":54,"caption":"Group Evolution"},"image":{"@id":"https:\/\/groupevolution.com\/#\/schema\/logo\/image\/"},"sameAs":["https:\/\/www.facebook.com\/groupevolutionretreats","https:\/\/x.com\/groupevolution_","https:\/\/www.instagram.com\/group_evolution\/","https:\/\/www.tiktok.com\/@groupevolutionretreats","https:\/\/www.youtube.com\/channel\/UCDsSBQ_yMhe5zjVp6AbpwzA\/featured?view_as=subscriber"]}]}},"jetpack_sharing_enabled":true,"_links":{"self":[{"href":"https:\/\/groupevolution.com\/de\/wp-json\/wp\/v2\/pages\/21398","targetHints":{"allow":["GET"]}}],"collection":[{"href":"https:\/\/groupevolution.com\/de\/wp-json\/wp\/v2\/pages"}],"about":[{"href":"https:\/\/groupevolution.com\/de\/wp-json\/wp\/v2\/types\/page"}],"author":[{"embeddable":true,"href":"https:\/\/groupevolution.com\/de\/wp-json\/wp\/v2\/users\/3"}],"replies":[{"embeddable":true,"href":"https:\/\/groupevolution.com\/de\/wp-json\/wp\/v2\/comments?post=21398"}],"version-history":[{"count":7,"href":"https:\/\/groupevolution.com\/de\/wp-json\/wp\/v2\/pages\/21398\/revisions"}],"predecessor-version":[{"id":27273,"href":"https:\/\/groupevolution.com\/de\/wp-json\/wp\/v2\/pages\/21398\/revisions\/27273"}],"up":[{"embeddable":true,"href":"https:\/\/groupevolution.com\/de\/wp-json\/wp\/v2\/pages\/26784"}],"wp:featuredmedia":[{"embeddable":true,"href":"https:\/\/groupevolution.com\/de\/wp-json\/wp\/v2\/media\/4494"}],"wp:attachment":[{"href":"https:\/\/groupevolution.com\/de\/wp-json\/wp\/v2\/media?parent=21398"}],"wp:term":[{"taxonomy":"category","embeddable":true,"href":"https:\/\/groupevolution.com\/de\/wp-json\/wp\/v2\/categories?post=21398"},{"taxonomy":"retreat-category","embeddable":true,"href":"https:\/\/groupevolution.com\/de\/wp-json\/wp\/v2\/retreat-category?post=21398"}],"curies":[{"name":"wp","href":"https:\/\/api.w.org\/{rel}","templated":true}]}}